{"id":7436,"date":"2025-09-23T10:11:01","date_gmt":"2025-09-23T08:11:01","guid":{"rendered":"https:\/\/impact.ontwikkeladres.nl\/?page_id=7436"},"modified":"2025-11-05T16:06:22","modified_gmt":"2025-11-05T15:06:22","slug":"nos-collegues-sexpriment","status":"publish","type":"page","link":"https:\/\/impact.ontwikkeladres.nl\/fr\/travailler-chez-impact\/nos-collegues-sexpriment\/","title":{"rendered":"Des coll\u00e8gues s&rsquo;expriment"},"content":{"rendered":"<div class=\"wpb-content-wrapper\"><p>[vc_row css=\u00a0\u00bb.vc_custom_1761315975223{padding-top: 0px !important;padding-bottom: 0px !important;background-color: bg_green !important;}\u00a0\u00bb][vc_column]\r\n            <div class=\"sd-block-testimonial-highlight color-light-gray\">\r\n                <div class=\"content\">\r\n                    \n        <div class=\"sd-block-breadcrumb  align-left color-gray_dark marginbottom-0px\n        \">\n            <ul id=\"breadcrumbs\" class=\"breadcrumbs\"><\/ul>\n        <\/div>\r\n                    \n        <div class=\"sd-block-title \">\n            <h1 class=\"sd-block-title-htag  marginbottom-30px align-left color-gray_dark font-xlarge\n            \">\n\t\t\t\t\n            \tRencontrez Maaike, Branch Manager\n\t\t\t<\/h1>\n        <\/div>\r\n                    \r\n        <div class=\"sd-block-text  marginbottom-30px color-gray_dark\r\n        \">\r\n        \t\r\n            <p>En tant que Branch Manager de l'agence de Louvain, Maaike peut mettre \u00e0 profit l'exp\u00e9rience de ses postes pr\u00e9c\u00e9dents pour guider les candidats et les clients avec son \u00e9quipe.<\/p>\n\r\n        <\/div>\r\n                    \r\n        <div class=\"sd-block-button  marginbottom-0px align-left button-type-background button-size-large background-color-fluent_yellow\">\r\n            <a class=\"inner-button\"\r\n            href=\"https:\/\/impact.ontwikkeladres.nl\/fr\/travail-a-limpact\/testimonials\/maaike-van-reeth\/\" title=\"Lire l\u2019histoire\">\r\n                <div class=\"button-content\">\r\n                    <span>Lire l\u2019histoire<\/span>\r\n\t\t\t\t    <svg height=\"15\" width=\"15\" xmlns=\"http:\/\/www.w3.org\/2000\/svg\" viewBox=\"0 0 15 13.56\"><path fill=\"currentColor\" d=\"M0,5.64h11.64L7.56,0h2.64l4.8,6.84-4.8,6.72h-2.64l4.08-5.64H0v-2.28Z\"\/><\/svg>\r\n                <\/div>\r\n            <\/a>\r\n        <\/div>\r\n                <\/div>\r\n                <div class=\"background-image\">\r\n                    <img decoding=\"async\" src=\"https:\/\/impact.ontwikkeladres.nl\/wp-content\/uploads\/2025\/09\/Maaike.jpg\" alt=\"Maaike Van Reeth\">\r\n                    <svg height=\"15px\" width=\"8px\" xmlns=\"http:\/\/www.w3.org\/2000\/svg\" viewBox=\"0 0 49.62 90\"><polygon fill=\"currentColor\" points=\"0 90 0 0 49.62 0 0 90\"\/><\/svg>\r\n                <\/div>\r\n            <\/div>[\/vc_column][\/vc_row][vc_row][vc_column width=\u00a0\u00bb1\/12&Prime;][\/vc_column][vc_column width=\u00a0\u00bb10\/12&Prime;]\n        <div class=\"sd-block-title \">\n            <h2 class=\"sd-block-title-htag  marginbottom-30px align-left color-dark_gray\n            \">\n\t\t\t\t\n            \tD\u00e9couvre toutes les histoires\n\t\t\t<\/h2>\n        <\/div>\r\n        <div class=\"sd-block-testimonial-overview\r\n        \t\r\n\t\t\" data-atts=\"{&quot;posts_per_page&quot;:&quot;12&quot;,&quot;pagination&quot;:&quot;no&quot;,&quot;exclude_first&quot;:&quot;no&quot;}\" data-page-id=\"1\">\r\n            <div class=\"testimonial-grid\">\r\n                        <a title=\"Maaike Van Reeth\" href=\"https:\/\/impact.ontwikkeladres.nl\/fr\/travail-a-limpact\/testimonials\/maaike-van-reeth\/\" class=\"testimonial-tile\">\r\n                            <div class=\"author\">\r\n                                \n        <div class=\"sd-block-title \">\n            <h2 class=\"sd-block-title-htag  marginbottom-0px align-left color-white font-small\n            \">\n\t\t\t\t\n            \tRencontrez Maaike\n\t\t\t<\/h2>\n        <\/div>\r\n                                <div class=\"job-description\">Branch Manager<\/div>\r\n                            <\/div>\r\n                            <img decoding=\"async\" src=\"https:\/\/impact.ontwikkeladres.nl\/wp-content\/uploads\/2025\/09\/Maaike.jpg\" alt=\"Maaike Van Reeth\">\r\n                            <div class=\"testimonial-button\">\r\n                                <svg height=\"15\" width=\"15\" xmlns=\"http:\/\/www.w3.org\/2000\/svg\" viewBox=\"0 0 15 13.56\"><path fill=\"currentColor\" d=\"M0,5.64h11.64L7.56,0h2.64l4.8,6.84-4.8,6.72h-2.64l4.08-5.64H0v-2.28Z\"\/><\/svg>\r\n                            <\/div>\r\n                        <\/a>\r\n                        <a title=\"Nele Mobouck\" href=\"https:\/\/impact.ontwikkeladres.nl\/fr\/travail-a-limpact\/testimonials\/nele-mobouck\/\" class=\"testimonial-tile\">\r\n                            <div class=\"author\">\r\n                                \n        <div class=\"sd-block-title \">\n            <h2 class=\"sd-block-title-htag  marginbottom-0px align-left color-white font-small\n            \">\n\t\t\t\t\n            \tRencontrez Nele\n\t\t\t<\/h2>\n        <\/div>\r\n                                <div class=\"job-description\">Recruteur<\/div>\r\n                            <\/div>\r\n                            <img decoding=\"async\" src=\"https:\/\/impact.ontwikkeladres.nl\/wp-content\/uploads\/2025\/09\/Nele.jpg\" alt=\"Nele Mobouck\">\r\n                            <div class=\"testimonial-button\">\r\n                                <svg height=\"15\" width=\"15\" xmlns=\"http:\/\/www.w3.org\/2000\/svg\" viewBox=\"0 0 15 13.56\"><path fill=\"currentColor\" d=\"M0,5.64h11.64L7.56,0h2.64l4.8,6.84-4.8,6.72h-2.64l4.08-5.64H0v-2.28Z\"\/><\/svg>\r\n                            <\/div>\r\n                        <\/a>\r\n                        <a title=\"Michela Desimio\" href=\"https:\/\/impact.ontwikkeladres.nl\/fr\/travail-a-limpact\/testimonials\/michela-desimio\/\" class=\"testimonial-tile\">\r\n                            <div class=\"author\">\r\n                                \n        <div class=\"sd-block-title \">\n            <h2 class=\"sd-block-title-htag  marginbottom-0px align-left color-white font-small\n            \">\n\t\t\t\t\n            \tRencontrez Michela\n\t\t\t<\/h2>\n        <\/div>\r\n                                <div class=\"job-description\">Recruteur<\/div>\r\n                            <\/div>\r\n                            <img decoding=\"async\" src=\"https:\/\/impact.ontwikkeladres.nl\/wp-content\/uploads\/2025\/09\/Michela.jpg\" alt=\"Michela Desimio\">\r\n                            <div class=\"testimonial-button\">\r\n                                <svg height=\"15\" width=\"15\" xmlns=\"http:\/\/www.w3.org\/2000\/svg\" viewBox=\"0 0 15 13.56\"><path fill=\"currentColor\" d=\"M0,5.64h11.64L7.56,0h2.64l4.8,6.84-4.8,6.72h-2.64l4.08-5.64H0v-2.28Z\"\/><\/svg>\r\n                            <\/div>\r\n                        <\/a>\r\n                        <a title=\"Lien Vandenbergh\" href=\"https:\/\/impact.ontwikkeladres.nl\/fr\/travail-a-limpact\/testimonials\/lien-vandenbergh\/\" class=\"testimonial-tile\">\r\n                            <div class=\"author\">\r\n                                \n        <div class=\"sd-block-title \">\n            <h2 class=\"sd-block-title-htag  marginbottom-0px align-left color-white font-small\n            \">\n\t\t\t\t\n            \tRencontrez Lien\n\t\t\t<\/h2>\n        <\/div>\r\n                                <div class=\"job-description\">Recruteur<\/div>\r\n                            <\/div>\r\n                            <img decoding=\"async\" src=\"https:\/\/impact.ontwikkeladres.nl\/wp-content\/uploads\/2025\/09\/Lien.jpg\" alt=\"Lien Vandenbergh\">\r\n                            <div class=\"testimonial-button\">\r\n                                <svg height=\"15\" width=\"15\" xmlns=\"http:\/\/www.w3.org\/2000\/svg\" viewBox=\"0 0 15 13.56\"><path fill=\"currentColor\" d=\"M0,5.64h11.64L7.56,0h2.64l4.8,6.84-4.8,6.72h-2.64l4.08-5.64H0v-2.28Z\"\/><\/svg>\r\n                            <\/div>\r\n                        <\/a>\r\n                        <a title=\"Ania Lemmens\" href=\"https:\/\/impact.ontwikkeladres.nl\/fr\/travail-a-limpact\/testimonials\/ania-lemmens\/\" class=\"testimonial-tile\">\r\n                            <div class=\"author\">\r\n                                \n        <div class=\"sd-block-title \">\n            <h2 class=\"sd-block-title-htag  marginbottom-0px align-left color-white font-small\n            \">\n\t\t\t\t\n            \tRencontrez Ania\n\t\t\t<\/h2>\n        <\/div>\r\n                                <div class=\"job-description\">Encadrer la main-d'\u0153uvre internationale<\/div>\r\n                            <\/div>\r\n                            <img decoding=\"async\" src=\"https:\/\/impact.ontwikkeladres.nl\/wp-content\/uploads\/2025\/09\/Ania.jpg\" alt=\"Ania Lemmens\">\r\n                            <div class=\"testimonial-button\">\r\n                                <svg height=\"15\" width=\"15\" xmlns=\"http:\/\/www.w3.org\/2000\/svg\" viewBox=\"0 0 15 13.56\"><path fill=\"currentColor\" d=\"M0,5.64h11.64L7.56,0h2.64l4.8,6.84-4.8,6.72h-2.64l4.08-5.64H0v-2.28Z\"\/><\/svg>\r\n                            <\/div>\r\n                        <\/a><\/div><\/div>[\/vc_column][vc_column width=\u00a0\u00bb1\/12&Prime;][\/vc_column][\/vc_row]<\/p>\n<\/div>","protected":false},"excerpt":{"rendered":"<p>[vc_row css=\u00a0\u00bb.vc_custom_1761315975223{padding-top: 0px !important;padding-bottom: 0px !important;background-color: bg_green !important;}\u00a0\u00bb][vc_column][\/vc_column][\/vc_row][vc_row][vc_column width=\u00a0\u00bb1\/12&Prime;][\/vc_column][vc_column width=\u00a0\u00bb10\/12&Prime;][\/vc_column][vc_column width=\u00a0\u00bb1\/12&Prime;][\/vc_column][\/vc_row]<\/p>\n","protected":false},"author":1,"featured_media":0,"parent":7417,"menu_order":0,"comment_status":"closed","ping_status":"closed","template":"","meta":{"_acf_changed":false,"footnotes":""},"class_list":["post-7436","page","type-page","status-publish","hentry"],"acf":[],"yoast_head":"<!-- This site is optimized with the Yoast SEO plugin v26.8 - https:\/\/yoast.com\/product\/yoast-seo-wordpress\/ -->\n<title>Des coll\u00e8gues s&#039;expriment | IMPACT<\/title>\n<meta name=\"description\" content=\"D\u00e9couvre les histoires inspirantes de nos coll\u00e8gues internes. En quoi consiste exactement leur travail et pourquoi aiment-ils travailler chez IMPACT ?\" \/>\n<meta name=\"robots\" content=\"noindex, follow, max-snippet:-1, max-image-preview:large, max-video-preview:-1\" \/>\n<meta property=\"og:locale\" content=\"fr_FR\" \/>\n<meta property=\"og:type\" content=\"article\" \/>\n<meta property=\"og:title\" content=\"Des coll\u00e8gues s&#039;expriment | IMPACT\" \/>\n<meta property=\"og:description\" content=\"D\u00e9couvre les histoires inspirantes de nos coll\u00e8gues internes. En quoi consiste exactement leur travail et pourquoi aiment-ils travailler chez IMPACT ?\" \/>\n<meta property=\"og:url\" content=\"https:\/\/impact.ontwikkeladres.nl\/fr\/travailler-chez-impact\/nos-collegues-sexpriment\/\" \/>\n<meta property=\"og:site_name\" content=\"IMPACT\" \/>\n<meta property=\"article:publisher\" content=\"https:\/\/www.facebook.com\/jobs.impact\" \/>\n<meta property=\"article:modified_time\" content=\"2025-11-05T15:06:22+00:00\" \/>\n<meta property=\"og:image\" content=\"https:\/\/impact.ontwikkeladres.nl\/wp-content\/uploads\/2025\/11\/Social-share.jpg\" \/>\n\t<meta property=\"og:image:width\" content=\"1200\" \/>\n\t<meta property=\"og:image:height\" content=\"675\" \/>\n\t<meta property=\"og:image:type\" content=\"image\/jpeg\" \/>\n<meta name=\"twitter:card\" content=\"summary_large_image\" \/>\n<meta name=\"twitter:label1\" content=\"Dur\u00e9e de lecture estim\u00e9e\" \/>\n\t<meta name=\"twitter:data1\" content=\"1 minute\" \/>\n<script type=\"application\/ld+json\" class=\"yoast-schema-graph\">{\"@context\":\"https:\/\/schema.org\",\"@graph\":[{\"@type\":\"WebPage\",\"@id\":\"https:\/\/impact.ontwikkeladres.nl\/fr\/travailler-chez-impact\/nos-collegues-sexpriment\/\",\"url\":\"https:\/\/impact.ontwikkeladres.nl\/fr\/travailler-chez-impact\/nos-collegues-sexpriment\/\",\"name\":\"Des coll\u00e8gues s'expriment | IMPACT\",\"isPartOf\":{\"@id\":\"https:\/\/impact.ontwikkeladres.nl\/fr\/#website\"},\"datePublished\":\"2025-09-23T08:11:01+00:00\",\"dateModified\":\"2025-11-05T15:06:22+00:00\",\"description\":\"D\u00e9couvre les histoires inspirantes de nos coll\u00e8gues internes. En quoi consiste exactement leur travail et pourquoi aiment-ils travailler chez IMPACT ?\",\"breadcrumb\":{\"@id\":\"https:\/\/impact.ontwikkeladres.nl\/fr\/travailler-chez-impact\/nos-collegues-sexpriment\/#breadcrumb\"},\"inLanguage\":\"fr-FR\",\"potentialAction\":[{\"@type\":\"ReadAction\",\"target\":[\"https:\/\/impact.ontwikkeladres.nl\/fr\/travailler-chez-impact\/nos-collegues-sexpriment\/\"]}]},{\"@type\":\"BreadcrumbList\",\"@id\":\"https:\/\/impact.ontwikkeladres.nl\/fr\/travailler-chez-impact\/nos-collegues-sexpriment\/#breadcrumb\",\"itemListElement\":[{\"@type\":\"ListItem\",\"position\":1,\"name\":\"Home\",\"item\":\"https:\/\/impact.ontwikkeladres.nl\/fr\/\"},{\"@type\":\"ListItem\",\"position\":2,\"name\":\"Travailler \u00e0 IMPACT\",\"item\":\"https:\/\/impact.ontwikkeladres.nl\/fr\/travailler-chez-impact\/\"},{\"@type\":\"ListItem\",\"position\":3,\"name\":\"Des coll\u00e8gues s&rsquo;expriment\"}]},{\"@type\":\"WebSite\",\"@id\":\"https:\/\/impact.ontwikkeladres.nl\/fr\/#website\",\"url\":\"https:\/\/impact.ontwikkeladres.nl\/fr\/\",\"name\":\"IMPACT\",\"description\":\"Impact website\",\"inLanguage\":\"fr-FR\"}]}<\/script>\n<!-- \/ Yoast SEO plugin. -->","yoast_head_json":{"title":"Des coll\u00e8gues s'expriment | IMPACT","description":"D\u00e9couvre les histoires inspirantes de nos coll\u00e8gues internes. En quoi consiste exactement leur travail et pourquoi aiment-ils travailler chez IMPACT ?","robots":{"index":"noindex","follow":"follow","max-snippet":"max-snippet:-1","max-image-preview":"max-image-preview:large","max-video-preview":"max-video-preview:-1"},"og_locale":"fr_FR","og_type":"article","og_title":"Des coll\u00e8gues s'expriment | IMPACT","og_description":"D\u00e9couvre les histoires inspirantes de nos coll\u00e8gues internes. En quoi consiste exactement leur travail et pourquoi aiment-ils travailler chez IMPACT ?","og_url":"https:\/\/impact.ontwikkeladres.nl\/fr\/travailler-chez-impact\/nos-collegues-sexpriment\/","og_site_name":"IMPACT","article_publisher":"https:\/\/www.facebook.com\/jobs.impact","article_modified_time":"2025-11-05T15:06:22+00:00","og_image":[{"width":1200,"height":675,"url":"https:\/\/impact.ontwikkeladres.nl\/wp-content\/uploads\/2025\/11\/Social-share.jpg","type":"image\/jpeg"}],"twitter_card":"summary_large_image","twitter_misc":{"Dur\u00e9e de lecture estim\u00e9e":"1 minute"},"schema":{"@context":"https:\/\/schema.org","@graph":[{"@type":"WebPage","@id":"https:\/\/impact.ontwikkeladres.nl\/fr\/travailler-chez-impact\/nos-collegues-sexpriment\/","url":"https:\/\/impact.ontwikkeladres.nl\/fr\/travailler-chez-impact\/nos-collegues-sexpriment\/","name":"Des coll\u00e8gues s'expriment | IMPACT","isPartOf":{"@id":"https:\/\/impact.ontwikkeladres.nl\/fr\/#website"},"datePublished":"2025-09-23T08:11:01+00:00","dateModified":"2025-11-05T15:06:22+00:00","description":"D\u00e9couvre les histoires inspirantes de nos coll\u00e8gues internes. En quoi consiste exactement leur travail et pourquoi aiment-ils travailler chez IMPACT ?","breadcrumb":{"@id":"https:\/\/impact.ontwikkeladres.nl\/fr\/travailler-chez-impact\/nos-collegues-sexpriment\/#breadcrumb"},"inLanguage":"fr-FR","potentialAction":[{"@type":"ReadAction","target":["https:\/\/impact.ontwikkeladres.nl\/fr\/travailler-chez-impact\/nos-collegues-sexpriment\/"]}]},{"@type":"BreadcrumbList","@id":"https:\/\/impact.ontwikkeladres.nl\/fr\/travailler-chez-impact\/nos-collegues-sexpriment\/#breadcrumb","itemListElement":[{"@type":"ListItem","position":1,"name":"Home","item":"https:\/\/impact.ontwikkeladres.nl\/fr\/"},{"@type":"ListItem","position":2,"name":"Travailler \u00e0 IMPACT","item":"https:\/\/impact.ontwikkeladres.nl\/fr\/travailler-chez-impact\/"},{"@type":"ListItem","position":3,"name":"Des coll\u00e8gues s&rsquo;expriment"}]},{"@type":"WebSite","@id":"https:\/\/impact.ontwikkeladres.nl\/fr\/#website","url":"https:\/\/impact.ontwikkeladres.nl\/fr\/","name":"IMPACT","description":"Impact website","inLanguage":"fr-FR"}]}},"_links":{"self":[{"href":"https:\/\/impact.ontwikkeladres.nl\/fr\/wp-json\/wp\/v2\/pages\/7436","targetHints":{"allow":["GET"]}}],"collection":[{"href":"https:\/\/impact.ontwikkeladres.nl\/fr\/wp-json\/wp\/v2\/pages"}],"about":[{"href":"https:\/\/impact.ontwikkeladres.nl\/fr\/wp-json\/wp\/v2\/types\/page"}],"author":[{"embeddable":true,"href":"https:\/\/impact.ontwikkeladres.nl\/fr\/wp-json\/wp\/v2\/users\/1"}],"replies":[{"embeddable":true,"href":"https:\/\/impact.ontwikkeladres.nl\/fr\/wp-json\/wp\/v2\/comments?post=7436"}],"version-history":[{"count":4,"href":"https:\/\/impact.ontwikkeladres.nl\/fr\/wp-json\/wp\/v2\/pages\/7436\/revisions"}],"predecessor-version":[{"id":7859,"href":"https:\/\/impact.ontwikkeladres.nl\/fr\/wp-json\/wp\/v2\/pages\/7436\/revisions\/7859"}],"up":[{"embeddable":true,"href":"https:\/\/impact.ontwikkeladres.nl\/fr\/wp-json\/wp\/v2\/pages\/7417"}],"wp:attachment":[{"href":"https:\/\/impact.ontwikkeladres.nl\/fr\/wp-json\/wp\/v2\/media?parent=7436"}],"curies":[{"name":"wp","href":"https:\/\/api.w.org\/{rel}","templated":true}]}}