{"id":7437,"date":"2025-09-23T10:14:19","date_gmt":"2025-09-23T08:14:19","guid":{"rendered":"https:\/\/impact.ontwikkeladres.nl\/?page_id=7437"},"modified":"2025-11-13T21:52:33","modified_gmt":"2025-11-13T20:52:33","slug":"histoire-dimpact","status":"publish","type":"page","link":"https:\/\/impact.ontwikkeladres.nl\/fr\/travailler-chez-impact\/histoire-dimpact\/","title":{"rendered":"Histoire IMPACT"},"content":{"rendered":"<div class=\"wpb-content-wrapper\"><p>[vc_row full_width=\u00a0\u00bbstretch_row\u00a0\u00bb content_placement=\u00a0\u00bbbottom\u00a0\u00bb bg_custom_divider=\u00a0\u00bbdiagonal-60&Prime; bg_custom_style=\u00a0\u00bbimage\u00a0\u00bb row_height=\u00a0\u00bbrow_900px\u00a0\u00bb bg_color=\u00a0\u00bbbg_green\u00a0\u00bb bg_custom_img=\u00a0\u00bb1910&Prime; css=\u00a0\u00bb.vc_custom_1759413306741{background-color: bg_gray !important;}\u00a0\u00bb][vc_column width=\u00a0\u00bb2\/5&Prime;]\n        <div class=\"sd-block-breadcrumb  align-left color-white marginbottom-60px\n        \">\n            <ul id=\"breadcrumbs\" class=\"breadcrumbs\"><\/ul>\n        <\/div>\n        <div class=\"sd-block-title \">\n            <h1 class=\"sd-block-title-htag  marginbottom-30px align-left color-white\n            \">\n\t\t\t\t\n            \tPlonge dans l'histoire d'IMPACT\n\t\t\t<\/h1>\n        <\/div>[\/vc_column][vc_column width=\u00a0\u00bb3\/5&Prime;][\/vc_column][\/vc_row][vc_row][vc_column]<div class=\"sd-timeline marginbottom-30px\r\n\t\t\t\t\t\t\t\">\r\n                        <div id=\"item-0\" class=\"item first-item\">\r\n                            <div class=\"left-side\">\r\n                                <div class=\"label\">1999<\/div>\r\n                            <\/div>\r\n                            <div class=\"right-side\"><div class=\"image\"><img decoding=\"async\" title=\"Le d\u00e9but d'IMPACT.\" alt=\"Le d\u00e9but d'IMPACT.\" src=\"https:\/\/impact.ontwikkeladres.nl\/wp-content\/uploads\/2025\/09\/De_start_van.jpg\"><\/div>\r\n                                \n        <div class=\"sd-block-title \">\n            <h2 class=\"sd-block-title-htag  marginbottom-30px align-left font-middle\n            \">\n\t\t\t\t\n            \tLe d\u00e9but d'IMPACT.\n\t\t\t<\/h2>\n        <\/div>\r\n                                \r\n        <div class=\"sd-block-text  marginbottom-0px color-gray_dark\r\n        \">\r\n        \t\r\n            <p>IMPACT a \u00e9t\u00e9 fond\u00e9e avec un objectif clair : cr\u00e9er des emplois qualitatifs et durables. Depuis ses premiers bureaux de Louvain et de Neerpelt, IMPACT Interim s'est lanc\u00e9 dans la guerre des talents en tant qu'agence d'int\u00e9rim g\u00e9n\u00e9raliste. En 2000, un troisi\u00e8me bureau a \u00e9t\u00e9 ouvert \u00e0 Geel.    <\/p>\n\r\n        <\/div>\r\n                            <\/div>\r\n                        <\/div>\r\n                        <div id=\"item-1\" class=\"item\">\r\n                            <div class=\"left-side\">\r\n                                <div class=\"label\">2006<\/div>\r\n                            <\/div>\r\n                            <div class=\"right-side\"><div class=\"image\"><img decoding=\"async\" title=\"L'innovation avec l'appariement international \u00e0 distance\" alt=\"L'innovation avec l'appariement international \u00e0 distance\" src=\"https:\/\/impact.ontwikkeladres.nl\/wp-content\/uploads\/2025\/09\/Innovatie_met_international.jpg\"><\/div>\r\n                                \n        <div class=\"sd-block-title \">\n            <h2 class=\"sd-block-title-htag  marginbottom-30px align-left font-middle\n            \">\n\t\t\t\t\n            \tL'innovation avec l'appariement international \u00e0 distance\n\t\t\t<\/h2>\n        <\/div>\r\n                                \r\n        <div class=\"sd-block-text  marginbottom-0px color-gray_dark\r\n        \">\r\n        \t\r\n            <p>En juin 2006, IMPACT a \u00e9t\u00e9 le pionnier du concept d'appariement international \u00e0 distance sur le march\u00e9 du travail belge. Il s'agit de recruter du personnel international sp\u00e9cialis\u00e9 pour les professions \u00e0 goulot d'\u00e9tranglement. De cette mani\u00e8re, IMPACT r\u00e9pond de mani\u00e8re pr\u00e9coce \u00e0 un d\u00e9fi structurel toujours d'actualit\u00e9 : pourvoir les postes vacants critiques avec les bons talents, sans tenir compte des fronti\u00e8res.    <\/p>\n\r\n        <\/div>\r\n                            <\/div>\r\n                        <\/div>\r\n                        <div id=\"item-2\" class=\"item\">\r\n                            <div class=\"left-side\">\r\n                                <div class=\"label\">2000 - 2020<\/div>\r\n                            <\/div>\r\n                            <div class=\"right-side\"><div class=\"image\"><img decoding=\"async\" title=\"Croissance et changement\" alt=\"Croissance et changement\" src=\"https:\/\/impact.ontwikkeladres.nl\/wp-content\/uploads\/2025\/09\/Groei_en_verandering.jpg\"><\/div>\r\n                                \n        <div class=\"sd-block-title \">\n            <h2 class=\"sd-block-title-htag  marginbottom-30px align-left font-middle\n            \">\n\t\t\t\t\n            \tCroissance et changement\n\t\t\t<\/h2>\n        <\/div>\r\n                                \r\n        <div class=\"sd-block-text  marginbottom-0px color-gray_dark\r\n        \">\r\n        \t\r\n            <p>Au fil des ann\u00e9es, IMPACT a renforc\u00e9 sa position de partenaire RH fiable pour les profils de main-d'\u0153uvre. Avec de nouvelles branches, des outils innovants et des collaborations solides, nous avons grandi pour devenir une valeur s\u00fbre en Belgique.   <\/p>\n\r\n        <\/div>\r\n                            <\/div>\r\n                        <\/div>\r\n                        <div id=\"item-3\" class=\"item last-item\">\r\n                            <div class=\"left-side\">\r\n                                <div class=\"label\">2023 - aujourd'hui<\/div>\r\n                            <\/div>\r\n                            <div class=\"right-side\"><div class=\"image\"><img decoding=\"async\" title=\"R\u00e9seau d'experts en ressources humaines\" alt=\"R\u00e9seau d'experts en ressources humaines\" src=\"https:\/\/impact.ontwikkeladres.nl\/wp-content\/uploads\/2025\/09\/Netwerk_van_hr.jpg\"><\/div>\r\n                                \n        <div class=\"sd-block-title \">\n            <h2 class=\"sd-block-title-htag  marginbottom-30px align-left font-middle\n            \">\n\t\t\t\t\n            \tR\u00e9seau d'experts en ressources humaines\n\t\t\t<\/h2>\n        <\/div>\r\n                                \r\n        <div class=\"sd-block-text  marginbottom-0px color-gray_dark\r\n        \">\r\n        \t\r\n            <p>Aujourd'hui, nous sommes fiers de travailler avec nos soci\u00e9t\u00e9s s\u0153urs et nos partenaires pour soutenir les entreprises et les candidats \u00e0 partir de nos propres centres d'int\u00e9r\u00eat et de nos forces combin\u00e9es :<\/p>\n<p>- IMPACT - sp\u00e9cialiste de l'emploi des profils de travailleurs.<br \/>\n- Talentus - recrutement et s\u00e9lection ax\u00e9s sur les cols blancs.<br \/>\n- NOVA Engineering - recherche d'ing\u00e9nieurs et de profils techniques pour les projets.<br \/>\n- Talenlink - recrutement et s\u00e9lection de professionnels plus qualifi\u00e9s, principalement par le biais de la recherche directe.<br \/>\n- Essensys - conseils strat\u00e9giques en mati\u00e8re de ressources humaines et d'externalisation.<br \/>\n- Weevo HR - gestion des talents et conseil en ressources humaines : du recrutement \u00e0 l'onboarding en passant par le coaching.<br \/>\n- Haldu Group (NL) - sp\u00e9cialiste du personnel technique pour divers projets aux Pays-Bas.<\/p>\n<p>Ensemble, nous sommes plus forts : un r\u00e9seau d'experts en ressources humaines engag\u00e9s dans la sp\u00e9cialisation, la collaboration et les politiques de ressources humaines ax\u00e9es sur les personnes.<\/p>\n<p>Nous continuons \u00e0 investir dans la croissance, la digitalisation et les talents humains, toujours avec la m\u00eame conviction qu'en 1999 : faire de l'IMPACT, pour les entreprises et les candidats.<\/p>\n\r\n        <\/div>\r\n                            <\/div>\r\n                        <\/div><\/div><\/div>[\/vc_column][\/vc_row][vc_row][vc_column][vc_row_inner][vc_column_inner width=\u00a0\u00bb1\/2&Prime;]\n        <div class=\"sd-block-title \">\n            <h2 class=\"sd-block-title-htag  marginbottom-30px align-left color-dark_gray\n            \">\n\t\t\t\t\n            \tArticles r\u00e9cents\n\t\t\t<\/h2>\n        <\/div>[\/vc_column_inner][vc_column_inner width=\u00a0\u00bb1\/2&Prime;]\r\n        <div class=\"sd-block-button  marginbottom-30px align-right button-type-text text-size-normal\">\r\n            <a class=\"inner-button\"\r\n            href=\"https:\/\/impact.ontwikkeladres.nl\/fr\/candidats\/blog\/\" title=\"Lire tous les articles\">\r\n                <div class=\"button-content\">\r\n                    <span>Lire tous les articles<\/span>\r\n\t\t\t\t    <svg height=\"15\" width=\"15\" xmlns=\"http:\/\/www.w3.org\/2000\/svg\" viewBox=\"0 0 15 13.56\"><path fill=\"currentColor\" d=\"M0,5.64h11.64L7.56,0h2.64l4.8,6.84-4.8,6.72h-2.64l4.08-5.64H0v-2.28Z\"\/><\/svg>\r\n                <\/div>\r\n            <\/a>\r\n        <\/div>[\/vc_column_inner][\/vc_row_inner]\r\n        <div class=\"sd-block-blog-overview\" data-atts=\"{&quot;posts_per_page&quot;:&quot;3&quot;,&quot;pagination&quot;:&quot;no&quot;}\" data-page-id=\"1\"><div class=\"blog-grid\">\r\n                            <a title=\"Pourquoi le savoir-faire devient la nouvelle comp\u00e9tence en or\" href=\"https:\/\/impact.ontwikkeladres.nl\/fr\/candidats\/blog\/astuces-et-conseils\/les-6-questions-les-plus-frequemment-posees-lors-dun-entretien-dembauche-2\/\" class=\"blog-tile\">\r\n                                <div class=\"blog-tile-image\"><img decoding=\"async\" src=\"https:\/\/impact.ontwikkeladres.nl\/wp-content\/uploads\/2021\/09\/De_6_meest.jpg\" alt=\"Pourquoi le savoir-faire devient la nouvelle comp\u00e9tence en or\"><\/div>\r\n                                <div class=\"blog-tile-text\">\r\n                                    <div class=\"blog-category\">Tips &amp; tricks<\/div>\r\n                                    \n        <div class=\"sd-block-title \">\n            <h2 class=\"sd-block-title-htag  marginbottom-30px align-left color-dark_gray font-small\n            \">\n\t\t\t\t\n            \tPourquoi le savoir-faire devient la nouvelle comp\u00e9tence en or\n\t\t\t<\/h2>\n        <\/div>\r\n                                    \r\n        <div class=\"sd-block-button  marginbottom-0px align-left button-type-text text-size-normal text-color-dark_grey\">\r\n            <span class=\"inner-button\"\r\n            href=\"https:\/\/impact.ontwikkeladres.nl\/fr\/candidats\/blog\/astuces-et-conseils\/les-6-questions-les-plus-frequemment-posees-lors-dun-entretien-dembauche-2\/\" title=\"En savoir plus\">\r\n                <div class=\"button-content\">\r\n                    <span>En savoir plus<\/span>\r\n\t\t\t\t    <svg height=\"15\" width=\"15\" xmlns=\"http:\/\/www.w3.org\/2000\/svg\" viewBox=\"0 0 15 13.56\"><path fill=\"currentColor\" d=\"M0,5.64h11.64L7.56,0h2.64l4.8,6.84-4.8,6.72h-2.64l4.08-5.64H0v-2.28Z\"\/><\/svg>\r\n                <\/div>\r\n            <\/span>\r\n        <\/div>\r\n                                <\/div>\r\n                            <\/a>\r\n                            <a title=\"Trouve du travail rapidement ? Choisis une profession \u00e0 goulot d&rsquo;\u00e9tranglement dans la construction ou l&rsquo;ing\u00e9nierie.\" href=\"https:\/\/impact.ontwikkeladres.nl\/fr\/candidats\/blog\/astuces-et-conseils\/trouve-du-travail-rapidement-choisis-une-profession-a-goulot-detranglement-dans-la-construction-ou-lingenierie\/\" class=\"blog-tile\">\r\n                                <div class=\"blog-tile-image\"><img decoding=\"async\" src=\"https:\/\/impact.ontwikkeladres.nl\/wp-content\/uploads\/2025\/09\/Snel_werk_vinden.jpg\" alt=\"Trouve du travail rapidement ? Choisis une profession \u00e0 goulot d&rsquo;\u00e9tranglement dans la construction ou l&rsquo;ing\u00e9nierie.\"><\/div>\r\n                                <div class=\"blog-tile-text\">\r\n                                    <div class=\"blog-category\">Tips &amp; tricks<\/div>\r\n                                    \n        <div class=\"sd-block-title \">\n            <h2 class=\"sd-block-title-htag  marginbottom-30px align-left color-dark_gray font-small\n            \">\n\t\t\t\t\n            \tTrouve du travail rapidement ? Choisis une profession \u00e0 goulot d&rsquo;\u00e9tranglement dans la construction ou l&rsquo;ing\u00e9nierie.\n\t\t\t<\/h2>\n        <\/div>\r\n                                    \r\n        <div class=\"sd-block-button  marginbottom-0px align-left button-type-text text-size-normal text-color-dark_grey\">\r\n            <span class=\"inner-button\"\r\n            href=\"https:\/\/impact.ontwikkeladres.nl\/fr\/candidats\/blog\/astuces-et-conseils\/trouve-du-travail-rapidement-choisis-une-profession-a-goulot-detranglement-dans-la-construction-ou-lingenierie\/\" title=\"En savoir plus\">\r\n                <div class=\"button-content\">\r\n                    <span>En savoir plus<\/span>\r\n\t\t\t\t    <svg height=\"15\" width=\"15\" xmlns=\"http:\/\/www.w3.org\/2000\/svg\" viewBox=\"0 0 15 13.56\"><path fill=\"currentColor\" d=\"M0,5.64h11.64L7.56,0h2.64l4.8,6.84-4.8,6.72h-2.64l4.08-5.64H0v-2.28Z\"\/><\/svg>\r\n                <\/div>\r\n            <\/span>\r\n        <\/div>\r\n                                <\/div>\r\n                            <\/a>\r\n                            <a title=\"Une banderole de gr\u00e8ve s&rsquo;affiche sur l'\u00a0\u00bb\u00e9ternel \u00e9chafaudage\u00a0\u00bb du palais de justice de Bruxelles\" href=\"https:\/\/impact.ontwikkeladres.nl\/fr\/candidats\/blog\/actualites\/une-banderole-de-greve-saffiche-sur-leternel-echafaudage-du-palais-de-justice-de-bruxelles\/\" class=\"blog-tile\">\r\n                                <div class=\"blog-tile-image\"><img decoding=\"async\" src=\"https:\/\/impact.ontwikkeladres.nl\/wp-content\/uploads\/2025\/09\/opvallend-spandoek.jpg\" alt=\"Une banderole de gr\u00e8ve s&rsquo;affiche sur l'\u00a0\u00bb\u00e9ternel \u00e9chafaudage\u00a0\u00bb du palais de justice de Bruxelles\"><\/div>\r\n                                <div class=\"blog-tile-text\">\r\n                                    <div class=\"blog-category\">News<\/div>\r\n                                    \n        <div class=\"sd-block-title \">\n            <h2 class=\"sd-block-title-htag  marginbottom-30px align-left color-dark_gray font-small\n            \">\n\t\t\t\t\n            \tUne banderole de gr\u00e8ve s&rsquo;affiche sur l' \u00bb\u00e9ternel \u00e9chafaudage \u00bb du palais de justice de Bruxelles\n\t\t\t<\/h2>\n        <\/div>\r\n                                    \r\n        <div class=\"sd-block-button  marginbottom-0px align-left button-type-text text-size-normal text-color-dark_grey\">\r\n            <span class=\"inner-button\"\r\n            href=\"https:\/\/impact.ontwikkeladres.nl\/fr\/candidats\/blog\/actualites\/une-banderole-de-greve-saffiche-sur-leternel-echafaudage-du-palais-de-justice-de-bruxelles\/\" title=\"En savoir plus\">\r\n                <div class=\"button-content\">\r\n                    <span>En savoir plus<\/span>\r\n\t\t\t\t    <svg height=\"15\" width=\"15\" xmlns=\"http:\/\/www.w3.org\/2000\/svg\" viewBox=\"0 0 15 13.56\"><path fill=\"currentColor\" d=\"M0,5.64h11.64L7.56,0h2.64l4.8,6.84-4.8,6.72h-2.64l4.08-5.64H0v-2.28Z\"\/><\/svg>\r\n                <\/div>\r\n            <\/span>\r\n        <\/div>\r\n                                <\/div>\r\n                            <\/a>\r\n                            <\/div>\r\n        <\/div>[\/vc_column][\/vc_row]<\/p>\n<\/div>","protected":false},"excerpt":{"rendered":"<p>[vc_row full_width=\u00a0\u00bbstretch_row\u00a0\u00bb content_placement=\u00a0\u00bbbottom\u00a0\u00bb bg_custom_divider=\u00a0\u00bbdiagonal-60&Prime; bg_custom_style=\u00a0\u00bbimage\u00a0\u00bb row_height=\u00a0\u00bbrow_900px\u00a0\u00bb bg_color=\u00a0\u00bbbg_green\u00a0\u00bb bg_custom_img=\u00a0\u00bb1910&Prime; css=\u00a0\u00bb.vc_custom_1759413306741{background-color: bg_gray !important;}\u00a0\u00bb][vc_column width=\u00a0\u00bb2\/5&Prime;][\/vc_column][vc_column width=\u00a0\u00bb3\/5&Prime;][\/vc_column][\/vc_row][vc_row][vc_column][\/vc_column][\/vc_row][vc_row][vc_column][vc_row_inner][vc_column_inner width=\u00a0\u00bb1\/2&Prime;][\/vc_column_inner][vc_column_inner width=\u00a0\u00bb1\/2&Prime;][\/vc_column_inner][\/vc_row_inner][\/vc_column][\/vc_row]<\/p>\n","protected":false},"author":1,"featured_media":0,"parent":7417,"menu_order":0,"comment_status":"closed","ping_status":"closed","template":"","meta":{"_acf_changed":false,"footnotes":""},"class_list":["post-7437","page","type-page","status-publish","hentry"],"acf":[],"yoast_head":"<!-- This site is optimized with the Yoast SEO plugin v26.8 - https:\/\/yoast.com\/product\/yoast-seo-wordpress\/ -->\n<title>Histoire IMPACT | IMPACT<\/title>\n<meta name=\"description\" content=\"D\u00e9couvre comment IMPACT est, depuis sa cr\u00e9ation en 1999, un employeur agr\u00e9able pour les coll\u00e8gues motiv\u00e9s qui veulent se lancer dans le secteur de l&#039;int\u00e9rim.\" \/>\n<meta name=\"robots\" content=\"noindex, follow, max-snippet:-1, max-image-preview:large, max-video-preview:-1\" \/>\n<meta property=\"og:locale\" content=\"fr_FR\" \/>\n<meta property=\"og:type\" content=\"article\" \/>\n<meta property=\"og:title\" content=\"Histoire IMPACT | IMPACT\" \/>\n<meta property=\"og:description\" content=\"D\u00e9couvre comment IMPACT est, depuis sa cr\u00e9ation en 1999, un employeur agr\u00e9able pour les coll\u00e8gues motiv\u00e9s qui veulent se lancer dans le secteur de l&#039;int\u00e9rim.\" \/>\n<meta property=\"og:url\" content=\"https:\/\/impact.ontwikkeladres.nl\/fr\/travailler-chez-impact\/histoire-dimpact\/\" \/>\n<meta property=\"og:site_name\" content=\"IMPACT\" \/>\n<meta property=\"article:publisher\" content=\"https:\/\/www.facebook.com\/jobs.impact\" \/>\n<meta property=\"article:modified_time\" content=\"2025-11-13T20:52:33+00:00\" \/>\n<meta property=\"og:image\" content=\"https:\/\/impact.ontwikkeladres.nl\/wp-content\/uploads\/2025\/11\/Social-share.jpg\" \/>\n\t<meta property=\"og:image:width\" content=\"1200\" \/>\n\t<meta property=\"og:image:height\" content=\"675\" \/>\n\t<meta property=\"og:image:type\" content=\"image\/jpeg\" \/>\n<meta name=\"twitter:card\" content=\"summary_large_image\" \/>\n<meta name=\"twitter:label1\" content=\"Dur\u00e9e de lecture estim\u00e9e\" \/>\n\t<meta name=\"twitter:data1\" content=\"1 minute\" \/>\n<script type=\"application\/ld+json\" class=\"yoast-schema-graph\">{\"@context\":\"https:\/\/schema.org\",\"@graph\":[{\"@type\":\"WebPage\",\"@id\":\"https:\/\/impact.ontwikkeladres.nl\/fr\/travailler-chez-impact\/histoire-dimpact\/\",\"url\":\"https:\/\/impact.ontwikkeladres.nl\/fr\/travailler-chez-impact\/histoire-dimpact\/\",\"name\":\"Histoire IMPACT | IMPACT\",\"isPartOf\":{\"@id\":\"https:\/\/impact.ontwikkeladres.nl\/fr\/#website\"},\"datePublished\":\"2025-09-23T08:14:19+00:00\",\"dateModified\":\"2025-11-13T20:52:33+00:00\",\"description\":\"D\u00e9couvre comment IMPACT est, depuis sa cr\u00e9ation en 1999, un employeur agr\u00e9able pour les coll\u00e8gues motiv\u00e9s qui veulent se lancer dans le secteur de l'int\u00e9rim.\",\"breadcrumb\":{\"@id\":\"https:\/\/impact.ontwikkeladres.nl\/fr\/travailler-chez-impact\/histoire-dimpact\/#breadcrumb\"},\"inLanguage\":\"fr-FR\",\"potentialAction\":[{\"@type\":\"ReadAction\",\"target\":[\"https:\/\/impact.ontwikkeladres.nl\/fr\/travailler-chez-impact\/histoire-dimpact\/\"]}]},{\"@type\":\"BreadcrumbList\",\"@id\":\"https:\/\/impact.ontwikkeladres.nl\/fr\/travailler-chez-impact\/histoire-dimpact\/#breadcrumb\",\"itemListElement\":[{\"@type\":\"ListItem\",\"position\":1,\"name\":\"Home\",\"item\":\"https:\/\/impact.ontwikkeladres.nl\/fr\/\"},{\"@type\":\"ListItem\",\"position\":2,\"name\":\"Travailler \u00e0 IMPACT\",\"item\":\"https:\/\/impact.ontwikkeladres.nl\/fr\/travailler-chez-impact\/\"},{\"@type\":\"ListItem\",\"position\":3,\"name\":\"Histoire IMPACT\"}]},{\"@type\":\"WebSite\",\"@id\":\"https:\/\/impact.ontwikkeladres.nl\/fr\/#website\",\"url\":\"https:\/\/impact.ontwikkeladres.nl\/fr\/\",\"name\":\"IMPACT\",\"description\":\"Impact website\",\"inLanguage\":\"fr-FR\"}]}<\/script>\n<!-- \/ Yoast SEO plugin. -->","yoast_head_json":{"title":"Histoire IMPACT | IMPACT","description":"D\u00e9couvre comment IMPACT est, depuis sa cr\u00e9ation en 1999, un employeur agr\u00e9able pour les coll\u00e8gues motiv\u00e9s qui veulent se lancer dans le secteur de l'int\u00e9rim.","robots":{"index":"noindex","follow":"follow","max-snippet":"max-snippet:-1","max-image-preview":"max-image-preview:large","max-video-preview":"max-video-preview:-1"},"og_locale":"fr_FR","og_type":"article","og_title":"Histoire IMPACT | IMPACT","og_description":"D\u00e9couvre comment IMPACT est, depuis sa cr\u00e9ation en 1999, un employeur agr\u00e9able pour les coll\u00e8gues motiv\u00e9s qui veulent se lancer dans le secteur de l'int\u00e9rim.","og_url":"https:\/\/impact.ontwikkeladres.nl\/fr\/travailler-chez-impact\/histoire-dimpact\/","og_site_name":"IMPACT","article_publisher":"https:\/\/www.facebook.com\/jobs.impact","article_modified_time":"2025-11-13T20:52:33+00:00","og_image":[{"width":1200,"height":675,"url":"https:\/\/impact.ontwikkeladres.nl\/wp-content\/uploads\/2025\/11\/Social-share.jpg","type":"image\/jpeg"}],"twitter_card":"summary_large_image","twitter_misc":{"Dur\u00e9e de lecture estim\u00e9e":"1 minute"},"schema":{"@context":"https:\/\/schema.org","@graph":[{"@type":"WebPage","@id":"https:\/\/impact.ontwikkeladres.nl\/fr\/travailler-chez-impact\/histoire-dimpact\/","url":"https:\/\/impact.ontwikkeladres.nl\/fr\/travailler-chez-impact\/histoire-dimpact\/","name":"Histoire IMPACT | IMPACT","isPartOf":{"@id":"https:\/\/impact.ontwikkeladres.nl\/fr\/#website"},"datePublished":"2025-09-23T08:14:19+00:00","dateModified":"2025-11-13T20:52:33+00:00","description":"D\u00e9couvre comment IMPACT est, depuis sa cr\u00e9ation en 1999, un employeur agr\u00e9able pour les coll\u00e8gues motiv\u00e9s qui veulent se lancer dans le secteur de l'int\u00e9rim.","breadcrumb":{"@id":"https:\/\/impact.ontwikkeladres.nl\/fr\/travailler-chez-impact\/histoire-dimpact\/#breadcrumb"},"inLanguage":"fr-FR","potentialAction":[{"@type":"ReadAction","target":["https:\/\/impact.ontwikkeladres.nl\/fr\/travailler-chez-impact\/histoire-dimpact\/"]}]},{"@type":"BreadcrumbList","@id":"https:\/\/impact.ontwikkeladres.nl\/fr\/travailler-chez-impact\/histoire-dimpact\/#breadcrumb","itemListElement":[{"@type":"ListItem","position":1,"name":"Home","item":"https:\/\/impact.ontwikkeladres.nl\/fr\/"},{"@type":"ListItem","position":2,"name":"Travailler \u00e0 IMPACT","item":"https:\/\/impact.ontwikkeladres.nl\/fr\/travailler-chez-impact\/"},{"@type":"ListItem","position":3,"name":"Histoire IMPACT"}]},{"@type":"WebSite","@id":"https:\/\/impact.ontwikkeladres.nl\/fr\/#website","url":"https:\/\/impact.ontwikkeladres.nl\/fr\/","name":"IMPACT","description":"Impact website","inLanguage":"fr-FR"}]}},"_links":{"self":[{"href":"https:\/\/impact.ontwikkeladres.nl\/fr\/wp-json\/wp\/v2\/pages\/7437","targetHints":{"allow":["GET"]}}],"collection":[{"href":"https:\/\/impact.ontwikkeladres.nl\/fr\/wp-json\/wp\/v2\/pages"}],"about":[{"href":"https:\/\/impact.ontwikkeladres.nl\/fr\/wp-json\/wp\/v2\/types\/page"}],"author":[{"embeddable":true,"href":"https:\/\/impact.ontwikkeladres.nl\/fr\/wp-json\/wp\/v2\/users\/1"}],"replies":[{"embeddable":true,"href":"https:\/\/impact.ontwikkeladres.nl\/fr\/wp-json\/wp\/v2\/comments?post=7437"}],"version-history":[{"count":5,"href":"https:\/\/impact.ontwikkeladres.nl\/fr\/wp-json\/wp\/v2\/pages\/7437\/revisions"}],"predecessor-version":[{"id":12679,"href":"https:\/\/impact.ontwikkeladres.nl\/fr\/wp-json\/wp\/v2\/pages\/7437\/revisions\/12679"}],"up":[{"embeddable":true,"href":"https:\/\/impact.ontwikkeladres.nl\/fr\/wp-json\/wp\/v2\/pages\/7417"}],"wp:attachment":[{"href":"https:\/\/impact.ontwikkeladres.nl\/fr\/wp-json\/wp\/v2\/media?parent=7437"}],"curies":[{"name":"wp","href":"https:\/\/api.w.org\/{rel}","templated":true}]}}