{"id":7889,"date":"2025-10-16T14:41:03","date_gmt":"2025-10-16T12:41:03","guid":{"rendered":"https:\/\/impact.ontwikkeladres.nl\/candidats\/les-candidats-sexpriment\/"},"modified":"2025-11-05T16:32:22","modified_gmt":"2025-11-05T15:32:22","slug":"les-candidats-sexpriment","status":"publish","type":"page","link":"https:\/\/impact.ontwikkeladres.nl\/fr\/candidats\/les-candidats-sexpriment\/","title":{"rendered":"Les candidats s&rsquo;expriment"},"content":{"rendered":"<div class=\"wpb-content-wrapper\"><p>[vc_row css=\u00a0\u00bb.vc_custom_1759475637868{padding-top: 0px !important;background-color: bg_green !important;}\u00a0\u00bb][vc_column]\r\n            <div class=\"sd-block-testimonial-highlight color-light-gray\">\r\n                <div class=\"content\">\r\n                    \n        <div class=\"sd-block-breadcrumb  align-left color-gray_dark marginbottom-0px\n        \">\n            <ul id=\"breadcrumbs\" class=\"breadcrumbs\"><\/ul>\n        <\/div>\r\n                    \n        <div class=\"sd-block-title \">\n            <h1 class=\"sd-block-title-htag  marginbottom-30px align-left color-gray_dark font-xlarge\n            \">\n\t\t\t\t\n            \tRencontrez Marek, peintre en meubles\n\t\t\t<\/h1>\n        <\/div>\r\n                    \r\n        <div class=\"sd-block-text  marginbottom-30px color-gray_dark\r\n        \">\r\n        \t\r\n            <p>D\u00e9couvre comment Marek a opt\u00e9 pour son premier emploi en tant qu'int\u00e9rimaire.<\/p>\n\r\n        <\/div>\r\n                    \r\n        <div class=\"sd-block-button  marginbottom-0px align-left button-type-background button-size-large background-color-fluent_yellow\">\r\n            <a class=\"inner-button\"\r\n            href=\"https:\/\/impact.ontwikkeladres.nl\/fr\/candidats\/testimonials\/marek-trojanowski\/\" title=\"Lire l\u2019histoire\">\r\n                <div class=\"button-content\">\r\n                    <span>Lire l\u2019histoire<\/span>\r\n\t\t\t\t    <svg height=\"15\" width=\"15\" xmlns=\"http:\/\/www.w3.org\/2000\/svg\" viewBox=\"0 0 15 13.56\"><path fill=\"currentColor\" d=\"M0,5.64h11.64L7.56,0h2.64l4.8,6.84-4.8,6.72h-2.64l4.08-5.64H0v-2.28Z\"\/><\/svg>\r\n                <\/div>\r\n            <\/a>\r\n        <\/div>\r\n                <\/div>\r\n                <div class=\"background-image\">\r\n                    <img decoding=\"async\" src=\"https:\/\/impact.ontwikkeladres.nl\/wp-content\/uploads\/2025\/11\/Marek-Trojanowski.jpg\" alt=\"Marek Trojanowski\">\r\n                    <svg height=\"15px\" width=\"8px\" xmlns=\"http:\/\/www.w3.org\/2000\/svg\" viewBox=\"0 0 49.62 90\"><polygon fill=\"currentColor\" points=\"0 90 0 0 49.62 0 0 90\"\/><\/svg>\r\n                <\/div>\r\n            <\/div>[\/vc_column][\/vc_row][vc_row][vc_column width=\u00a0\u00bb1\/12&Prime;][\/vc_column][vc_column width=\u00a0\u00bb10\/12&Prime;]\n        <div class=\"sd-block-title \">\n            <h2 class=\"sd-block-title-htag  marginbottom-30px align-left color-dark_gray\n            \">\n\t\t\t\t\n            \tD\u00e9couvre toutes les histoires\n\t\t\t<\/h2>\n        <\/div>\r\n        <div class=\"sd-block-testimonial-overview\r\n        \t\r\n\t\t\" data-atts=\"{&quot;posts_per_page&quot;:&quot;12&quot;,&quot;pagination&quot;:&quot;no&quot;,&quot;exclude_first&quot;:&quot;no&quot;}\" data-page-id=\"1\">\r\n            <div class=\"testimonial-grid\">\r\n                        <a title=\"Marek Trojanowski\" href=\"https:\/\/impact.ontwikkeladres.nl\/fr\/candidats\/testimonials\/marek-trojanowski\/\" class=\"testimonial-tile\">\r\n                            <div class=\"author\">\r\n                                \n        <div class=\"sd-block-title \">\n            <h2 class=\"sd-block-title-htag  marginbottom-0px align-left color-white font-small\n            \">\n\t\t\t\t\n            \tRencontrez Marek\n\t\t\t<\/h2>\n        <\/div>\r\n                                <div class=\"job-description\">peintre en meubles<\/div>\r\n                            <\/div>\r\n                            <img decoding=\"async\" src=\"https:\/\/impact.ontwikkeladres.nl\/wp-content\/uploads\/2025\/11\/Marek-Trojanowski.jpg\" alt=\"Marek Trojanowski\">\r\n                            <div class=\"testimonial-button\">\r\n                                <svg height=\"15\" width=\"15\" xmlns=\"http:\/\/www.w3.org\/2000\/svg\" viewBox=\"0 0 15 13.56\"><path fill=\"currentColor\" d=\"M0,5.64h11.64L7.56,0h2.64l4.8,6.84-4.8,6.72h-2.64l4.08-5.64H0v-2.28Z\"\/><\/svg>\r\n                            <\/div>\r\n                        <\/a>\r\n                        <a title=\"M\u00e9lan Chaspierre\" href=\"https:\/\/impact.ontwikkeladres.nl\/fr\/candidats\/testimonials\/melan-chaspierre\/\" class=\"testimonial-tile\">\r\n                            <div class=\"author\">\r\n                                \n        <div class=\"sd-block-title \">\n            <h2 class=\"sd-block-title-htag  marginbottom-0px align-left color-white font-small\n            \">\n\t\t\t\t\n            \tRencontrez M\u00e9lan\n\t\t\t<\/h2>\n        <\/div>\r\n                                <div class=\"job-description\">\u00c9lectricien<\/div>\r\n                            <\/div>\r\n                            <img decoding=\"async\" src=\"https:\/\/impact.ontwikkeladres.nl\/wp-content\/uploads\/2025\/09\/Melan.jpg\" alt=\"M\u00e9lan Chaspierre\">\r\n                            <div class=\"testimonial-button\">\r\n                                <svg height=\"15\" width=\"15\" xmlns=\"http:\/\/www.w3.org\/2000\/svg\" viewBox=\"0 0 15 13.56\"><path fill=\"currentColor\" d=\"M0,5.64h11.64L7.56,0h2.64l4.8,6.84-4.8,6.72h-2.64l4.08-5.64H0v-2.28Z\"\/><\/svg>\r\n                            <\/div>\r\n                        <\/a>\r\n                        <a title=\"Emilien Catherine\" href=\"https:\/\/impact.ontwikkeladres.nl\/fr\/candidats\/testimonials\/emilien-catherine\/\" class=\"testimonial-tile\">\r\n                            <div class=\"author\">\r\n                                \n        <div class=\"sd-block-title \">\n            <h2 class=\"sd-block-title-htag  marginbottom-0px align-left color-white font-small\n            \">\n\t\t\t\t\n            \tRencontrez Emilien\n\t\t\t<\/h2>\n        <\/div>\r\n                                <div class=\"job-description\">M\u00e9canicien<\/div>\r\n                            <\/div>\r\n                            <img decoding=\"async\" src=\"https:\/\/impact.ontwikkeladres.nl\/wp-content\/uploads\/2025\/09\/Emilien.jpg\" alt=\"Emilien Catherine\">\r\n                            <div class=\"testimonial-button\">\r\n                                <svg height=\"15\" width=\"15\" xmlns=\"http:\/\/www.w3.org\/2000\/svg\" viewBox=\"0 0 15 13.56\"><path fill=\"currentColor\" d=\"M0,5.64h11.64L7.56,0h2.64l4.8,6.84-4.8,6.72h-2.64l4.08-5.64H0v-2.28Z\"\/><\/svg>\r\n                            <\/div>\r\n                        <\/a>\r\n                        <a title=\"Daan Magnette\" href=\"https:\/\/impact.ontwikkeladres.nl\/fr\/candidats\/testimonials\/daan-magnette\/\" class=\"testimonial-tile\">\r\n                            <div class=\"author\">\r\n                                \n        <div class=\"sd-block-title \">\n            <h2 class=\"sd-block-title-htag  marginbottom-0px align-left color-white font-small\n            \">\n\t\t\t\t\n            \tRencontrez Daan\n\t\t\t<\/h2>\n        <\/div>\r\n                                <div class=\"job-description\">Soudeur<\/div>\r\n                            <\/div>\r\n                            <img decoding=\"async\" src=\"https:\/\/impact.ontwikkeladres.nl\/wp-content\/uploads\/2025\/09\/Daan.jpg\" alt=\"Daan Magnette\">\r\n                            <div class=\"testimonial-button\">\r\n                                <svg height=\"15\" width=\"15\" xmlns=\"http:\/\/www.w3.org\/2000\/svg\" viewBox=\"0 0 15 13.56\"><path fill=\"currentColor\" d=\"M0,5.64h11.64L7.56,0h2.64l4.8,6.84-4.8,6.72h-2.64l4.08-5.64H0v-2.28Z\"\/><\/svg>\r\n                            <\/div>\r\n                        <\/a>\r\n                        <a title=\"Beniamino Traina\" href=\"https:\/\/impact.ontwikkeladres.nl\/fr\/candidats\/testimonials\/beniamino-traina\/\" class=\"testimonial-tile\">\r\n                            <div class=\"author\">\r\n                                \n        <div class=\"sd-block-title \">\n            <h2 class=\"sd-block-title-htag  marginbottom-0px align-left color-white font-small\n            \">\n\t\t\t\t\n            \tRencontrez Beniamino\n\t\t\t<\/h2>\n        <\/div>\r\n                                <div class=\"job-description\">Ouvrier d'entrep\u00f4t<\/div>\r\n                            <\/div>\r\n                            <img decoding=\"async\" src=\"https:\/\/impact.ontwikkeladres.nl\/wp-content\/uploads\/2025\/09\/Beniamino.jpg\" alt=\"Beniamino Traina\">\r\n                            <div class=\"testimonial-button\">\r\n                                <svg height=\"15\" width=\"15\" xmlns=\"http:\/\/www.w3.org\/2000\/svg\" viewBox=\"0 0 15 13.56\"><path fill=\"currentColor\" d=\"M0,5.64h11.64L7.56,0h2.64l4.8,6.84-4.8,6.72h-2.64l4.08-5.64H0v-2.28Z\"\/><\/svg>\r\n                            <\/div>\r\n                        <\/a>\r\n                        <a title=\"Anas Ben Ayad\" href=\"https:\/\/impact.ontwikkeladres.nl\/fr\/candidats\/testimonials\/anas-ben-ayad\/\" class=\"testimonial-tile\">\r\n                            <div class=\"author\">\r\n                                \n        <div class=\"sd-block-title \">\n            <h2 class=\"sd-block-title-htag  marginbottom-0px align-left color-white font-small\n            \">\n\t\t\t\t\n            \tRencontrez Anas\n\t\t\t<\/h2>\n        <\/div>\r\n                                <div class=\"job-description\">Installateur d'\u00e9crans solaires<\/div>\r\n                            <\/div>\r\n                            <img decoding=\"async\" src=\"https:\/\/impact.ontwikkeladres.nl\/wp-content\/uploads\/2025\/09\/Anas.jpg\" alt=\"Anas Ben Ayad\">\r\n                            <div class=\"testimonial-button\">\r\n                                <svg height=\"15\" width=\"15\" xmlns=\"http:\/\/www.w3.org\/2000\/svg\" viewBox=\"0 0 15 13.56\"><path fill=\"currentColor\" d=\"M0,5.64h11.64L7.56,0h2.64l4.8,6.84-4.8,6.72h-2.64l4.08-5.64H0v-2.28Z\"\/><\/svg>\r\n                            <\/div>\r\n                        <\/a>\r\n                        <a title=\"Piotr Pietrzack\" href=\"https:\/\/impact.ontwikkeladres.nl\/fr\/candidats\/testimonials\/piotr-pietrzack\/\" class=\"testimonial-tile\">\r\n                            <div class=\"author\">\r\n                                \n        <div class=\"sd-block-title \">\n            <h2 class=\"sd-block-title-htag  marginbottom-0px align-left color-white font-small\n            \">\n\t\t\t\t\n            \tRencontrez Piotr\n\t\t\t<\/h2>\n        <\/div>\r\n                                <div class=\"job-description\">Fabricant de comptoirs de cuisine<\/div>\r\n                            <\/div>\r\n                            <img decoding=\"async\" src=\"https:\/\/impact.ontwikkeladres.nl\/wp-content\/uploads\/2025\/08\/Piotr-Pietrzack-header.jpg\" alt=\"Piotr Pietrzack\">\r\n                            <div class=\"testimonial-button\">\r\n                                <svg height=\"15\" width=\"15\" xmlns=\"http:\/\/www.w3.org\/2000\/svg\" viewBox=\"0 0 15 13.56\"><path fill=\"currentColor\" d=\"M0,5.64h11.64L7.56,0h2.64l4.8,6.84-4.8,6.72h-2.64l4.08-5.64H0v-2.28Z\"\/><\/svg>\r\n                            <\/div>\r\n                        <\/a><\/div><\/div>[\/vc_column][vc_column width=\u00a0\u00bb1\/12&Prime;][\/vc_column][\/vc_row]<\/p>\n<\/div>","protected":false},"excerpt":{"rendered":"<p>[vc_row css=\u00a0\u00bb.vc_custom_1759475637868{padding-top: 0px !important;background-color: bg_green !important;}\u00a0\u00bb][vc_column][\/vc_column][\/vc_row][vc_row][vc_column width=\u00a0\u00bb1\/12&Prime;][\/vc_column][vc_column width=\u00a0\u00bb10\/12&Prime;][\/vc_column][vc_column width=\u00a0\u00bb1\/12&Prime;][\/vc_column][\/vc_row]<\/p>\n","protected":false},"author":1,"featured_media":0,"parent":5223,"menu_order":0,"comment_status":"closed","ping_status":"closed","template":"","meta":{"_acf_changed":false,"footnotes":""},"class_list":["post-7889","page","type-page","status-publish","hentry"],"acf":[],"yoast_head":"<!-- This site is optimized with the Yoast SEO plugin v26.8 - https:\/\/yoast.com\/product\/yoast-seo-wordpress\/ -->\n<title>Les candidats s&#039;expriment | IMPACT<\/title>\n<meta name=\"description\" content=\"Avec plus de 20 ans d&#039;exp\u00e9rience, IMPACT est le partenaire id\u00e9al pour ton entreprise. Tu cherches des experts en construction et en ing\u00e9nierie ? Nous recherchons les meilleurs candidats.\" \/>\n<meta name=\"robots\" content=\"noindex, follow, max-snippet:-1, max-image-preview:large, max-video-preview:-1\" \/>\n<meta property=\"og:locale\" content=\"fr_FR\" \/>\n<meta property=\"og:type\" content=\"article\" \/>\n<meta property=\"og:title\" content=\"Les candidats s&#039;expriment | IMPACT\" \/>\n<meta property=\"og:description\" content=\"Avec plus de 20 ans d&#039;exp\u00e9rience, IMPACT est le partenaire id\u00e9al pour ton entreprise. Tu cherches des experts en construction et en ing\u00e9nierie ? Nous recherchons les meilleurs candidats.\" \/>\n<meta property=\"og:url\" content=\"https:\/\/impact.ontwikkeladres.nl\/fr\/candidats\/les-candidats-sexpriment\/\" \/>\n<meta property=\"og:site_name\" content=\"IMPACT\" \/>\n<meta property=\"article:publisher\" content=\"https:\/\/www.facebook.com\/jobs.impact\" \/>\n<meta property=\"article:modified_time\" content=\"2025-11-05T15:32:22+00:00\" \/>\n<meta property=\"og:image\" content=\"https:\/\/impact.ontwikkeladres.nl\/wp-content\/uploads\/2025\/11\/Social-share.jpg\" \/>\n\t<meta property=\"og:image:width\" content=\"1200\" \/>\n\t<meta property=\"og:image:height\" content=\"675\" \/>\n\t<meta property=\"og:image:type\" content=\"image\/jpeg\" \/>\n<meta name=\"twitter:card\" content=\"summary_large_image\" \/>\n<script type=\"application\/ld+json\" class=\"yoast-schema-graph\">{\"@context\":\"https:\/\/schema.org\",\"@graph\":[{\"@type\":\"WebPage\",\"@id\":\"https:\/\/impact.ontwikkeladres.nl\/fr\/candidats\/les-candidats-sexpriment\/\",\"url\":\"https:\/\/impact.ontwikkeladres.nl\/fr\/candidats\/les-candidats-sexpriment\/\",\"name\":\"Les candidats s'expriment | IMPACT\",\"isPartOf\":{\"@id\":\"https:\/\/impact.ontwikkeladres.nl\/fr\/#website\"},\"datePublished\":\"2025-10-16T12:41:03+00:00\",\"dateModified\":\"2025-11-05T15:32:22+00:00\",\"description\":\"Avec plus de 20 ans d'exp\u00e9rience, IMPACT est le partenaire id\u00e9al pour ton entreprise. Tu cherches des experts en construction et en ing\u00e9nierie ? Nous recherchons les meilleurs candidats.\",\"breadcrumb\":{\"@id\":\"https:\/\/impact.ontwikkeladres.nl\/fr\/candidats\/les-candidats-sexpriment\/#breadcrumb\"},\"inLanguage\":\"fr-FR\",\"potentialAction\":[{\"@type\":\"ReadAction\",\"target\":[\"https:\/\/impact.ontwikkeladres.nl\/fr\/candidats\/les-candidats-sexpriment\/\"]}]},{\"@type\":\"BreadcrumbList\",\"@id\":\"https:\/\/impact.ontwikkeladres.nl\/fr\/candidats\/les-candidats-sexpriment\/#breadcrumb\",\"itemListElement\":[{\"@type\":\"ListItem\",\"position\":1,\"name\":\"Home\",\"item\":\"https:\/\/impact.ontwikkeladres.nl\/fr\/\"},{\"@type\":\"ListItem\",\"position\":2,\"name\":\"Les candidats\",\"item\":\"https:\/\/impact.ontwikkeladres.nl\/fr\/\"},{\"@type\":\"ListItem\",\"position\":3,\"name\":\"Les candidats s&rsquo;expriment\"}]},{\"@type\":\"WebSite\",\"@id\":\"https:\/\/impact.ontwikkeladres.nl\/fr\/#website\",\"url\":\"https:\/\/impact.ontwikkeladres.nl\/fr\/\",\"name\":\"IMPACT\",\"description\":\"Impact website\",\"inLanguage\":\"fr-FR\"}]}<\/script>\n<!-- \/ Yoast SEO plugin. -->","yoast_head_json":{"title":"Les candidats s'expriment | IMPACT","description":"Avec plus de 20 ans d'exp\u00e9rience, IMPACT est le partenaire id\u00e9al pour ton entreprise. Tu cherches des experts en construction et en ing\u00e9nierie ? Nous recherchons les meilleurs candidats.","robots":{"index":"noindex","follow":"follow","max-snippet":"max-snippet:-1","max-image-preview":"max-image-preview:large","max-video-preview":"max-video-preview:-1"},"og_locale":"fr_FR","og_type":"article","og_title":"Les candidats s'expriment | IMPACT","og_description":"Avec plus de 20 ans d'exp\u00e9rience, IMPACT est le partenaire id\u00e9al pour ton entreprise. Tu cherches des experts en construction et en ing\u00e9nierie ? Nous recherchons les meilleurs candidats.","og_url":"https:\/\/impact.ontwikkeladres.nl\/fr\/candidats\/les-candidats-sexpriment\/","og_site_name":"IMPACT","article_publisher":"https:\/\/www.facebook.com\/jobs.impact","article_modified_time":"2025-11-05T15:32:22+00:00","og_image":[{"width":1200,"height":675,"url":"https:\/\/impact.ontwikkeladres.nl\/wp-content\/uploads\/2025\/11\/Social-share.jpg","type":"image\/jpeg"}],"twitter_card":"summary_large_image","schema":{"@context":"https:\/\/schema.org","@graph":[{"@type":"WebPage","@id":"https:\/\/impact.ontwikkeladres.nl\/fr\/candidats\/les-candidats-sexpriment\/","url":"https:\/\/impact.ontwikkeladres.nl\/fr\/candidats\/les-candidats-sexpriment\/","name":"Les candidats s'expriment | IMPACT","isPartOf":{"@id":"https:\/\/impact.ontwikkeladres.nl\/fr\/#website"},"datePublished":"2025-10-16T12:41:03+00:00","dateModified":"2025-11-05T15:32:22+00:00","description":"Avec plus de 20 ans d'exp\u00e9rience, IMPACT est le partenaire id\u00e9al pour ton entreprise. Tu cherches des experts en construction et en ing\u00e9nierie ? Nous recherchons les meilleurs candidats.","breadcrumb":{"@id":"https:\/\/impact.ontwikkeladres.nl\/fr\/candidats\/les-candidats-sexpriment\/#breadcrumb"},"inLanguage":"fr-FR","potentialAction":[{"@type":"ReadAction","target":["https:\/\/impact.ontwikkeladres.nl\/fr\/candidats\/les-candidats-sexpriment\/"]}]},{"@type":"BreadcrumbList","@id":"https:\/\/impact.ontwikkeladres.nl\/fr\/candidats\/les-candidats-sexpriment\/#breadcrumb","itemListElement":[{"@type":"ListItem","position":1,"name":"Home","item":"https:\/\/impact.ontwikkeladres.nl\/fr\/"},{"@type":"ListItem","position":2,"name":"Les candidats","item":"https:\/\/impact.ontwikkeladres.nl\/fr\/"},{"@type":"ListItem","position":3,"name":"Les candidats s&rsquo;expriment"}]},{"@type":"WebSite","@id":"https:\/\/impact.ontwikkeladres.nl\/fr\/#website","url":"https:\/\/impact.ontwikkeladres.nl\/fr\/","name":"IMPACT","description":"Impact website","inLanguage":"fr-FR"}]}},"_links":{"self":[{"href":"https:\/\/impact.ontwikkeladres.nl\/fr\/wp-json\/wp\/v2\/pages\/7889","targetHints":{"allow":["GET"]}}],"collection":[{"href":"https:\/\/impact.ontwikkeladres.nl\/fr\/wp-json\/wp\/v2\/pages"}],"about":[{"href":"https:\/\/impact.ontwikkeladres.nl\/fr\/wp-json\/wp\/v2\/types\/page"}],"author":[{"embeddable":true,"href":"https:\/\/impact.ontwikkeladres.nl\/fr\/wp-json\/wp\/v2\/users\/1"}],"replies":[{"embeddable":true,"href":"https:\/\/impact.ontwikkeladres.nl\/fr\/wp-json\/wp\/v2\/comments?post=7889"}],"version-history":[{"count":2,"href":"https:\/\/impact.ontwikkeladres.nl\/fr\/wp-json\/wp\/v2\/pages\/7889\/revisions"}],"predecessor-version":[{"id":7891,"href":"https:\/\/impact.ontwikkeladres.nl\/fr\/wp-json\/wp\/v2\/pages\/7889\/revisions\/7891"}],"up":[{"embeddable":true,"href":"https:\/\/impact.ontwikkeladres.nl\/fr\/wp-json\/wp\/v2\/pages\/5223"}],"wp:attachment":[{"href":"https:\/\/impact.ontwikkeladres.nl\/fr\/wp-json\/wp\/v2\/media?parent=7889"}],"curies":[{"name":"wp","href":"https:\/\/api.w.org\/{rel}","templated":true}]}}