{"id":7926,"date":"2025-08-15T14:31:25","date_gmt":"2025-08-15T12:31:25","guid":{"rendered":"https:\/\/impact.ontwikkeladres.nl\/candidats\/blog\/"},"modified":"2026-01-14T17:02:31","modified_gmt":"2026-01-14T16:02:31","slug":"blog","status":"publish","type":"page","link":"https:\/\/impact.ontwikkeladres.nl\/fr\/candidats\/blog\/","title":{"rendered":"Blog"},"content":{"rendered":"<div class=\"wpb-content-wrapper\"><p>[vc_row][vc_column]<div class=\"sd-block-blog-filter  marginbottom-60px\r\n                    \">\r\n                        <span class=\"title\">Cat\u00e9gories<\/span>\r\n                    <a class=\"category active\" href=\"https:\/\/impact.be\/fr\/candidats\/blog\/\">Tous les articles<\/a><a class=\"category\" href=\"https:\/\/impact.be\/fr\/candidats\/blog\/evenements\/\">\u00c9v\u00e9nements<\/a><a class=\"category\" href=\"https:\/\/impact.be\/fr\/candidats\/blog\/trucs-et-astuces\/\">Trucs et astuces<\/a><a class=\"category\" href=\"https:\/\/impact.be\/fr\/candidats\/blog\/nouvelles\/\">Nouvelles<\/a>\r\n                    <\/div>\r\n        \r\n        <div class=\"sd-block-blog-overview\" data-atts=\"{&quot;posts_per_page&quot;:7,&quot;pagination&quot;:&quot;yes&quot;}\" data-page-id=\"1\">\r\n                            <div class=\"highlight vc_row wpb_row vc_row-fluid\" data-vc-full-width=\"true\" data-vc-stretch-content=\"true\">\r\n                                <div class=\"background\"><svg viewBox=\"0 0 49.62 90\" width=\"15px\" height=\"15px\" xmlns=\"http:\/\/www.w3.org\/2000\/svg\" preserveAspectRatio=\"none\"><polygon fill=\"currentColor\" points=\"0 90 0 0 49.62 0 0 90\" \/><\/svg><\/div>\r\n                                <div class=\"wrap\">\r\n                                    <div class=\"blog-tile\">\r\n                                        <a href=\"https:\/\/impact.ontwikkeladres.nl\/fr\/candidats\/blog\/astuces-et-conseils\/les-6-questions-les-plus-frequemment-posees-lors-dun-entretien-dembauche-2\/\" class=\"blog-tile-image\"><img decoding=\"async\" src=\"https:\/\/impact.ontwikkeladres.nl\/wp-content\/uploads\/2021\/09\/De_6_meest.jpg\" alt=\"Pourquoi le savoir-faire devient la nouvelle comp\u00e9tence en or\"><\/a>\r\n                                        <div class=\"blog-tile-text\">\r\n                                            <div class=\"blog-category\">Tips &amp; tricks<\/div>\r\n                                            <a href=\"https:\/\/impact.ontwikkeladres.nl\/fr\/candidats\/blog\/astuces-et-conseils\/les-6-questions-les-plus-frequemment-posees-lors-dun-entretien-dembauche-2\/\">\r\n                                                \n        <div class=\"sd-block-title \">\n            <h2 class=\"sd-block-title-htag  marginbottom-30px align-left color-dark_gray font-small\n            \">\n\t\t\t\t\n            \tPourquoi le savoir-faire devient la nouvelle comp\u00e9tence en or\n\t\t\t<\/h2>\n        <\/div>\r\n                                            <\/a>\r\n                                            \r\n        <div class=\"sd-block-text  marginbottom-30px color-white\r\n        \">\r\n        \t\r\n            <p>Lors d'un entretien d'embauche, tu peux t'attendre \u00e0 ce qu'on te pose des questions typiques. Dans cet article, tu trouveras six questions fr\u00e9quemment pos\u00e9es pour t'aider \u00e0 te pr\u00e9parer correctement.   <\/p>\n\r\n        <\/div>\r\n                                            \r\n        <div class=\"sd-block-button  marginbottom-0px align-left button-type-background button-size-small background-color-fluent_yellow\">\r\n            <a class=\"inner-button\"\r\n            href=\"https:\/\/impact.ontwikkeladres.nl\/fr\/candidats\/blog\/astuces-et-conseils\/les-6-questions-les-plus-frequemment-posees-lors-dun-entretien-dembauche-2\/\" title=\"En savoir plus\">\r\n                <div class=\"button-content\">\r\n                    <span>En savoir plus<\/span>\r\n\t\t\t\t    <svg height=\"15\" width=\"15\" xmlns=\"http:\/\/www.w3.org\/2000\/svg\" viewBox=\"0 0 15 13.56\"><path fill=\"currentColor\" d=\"M0,5.64h11.64L7.56,0h2.64l4.8,6.84-4.8,6.72h-2.64l4.08-5.64H0v-2.28Z\"\/><\/svg>\r\n                <\/div>\r\n            <\/a>\r\n        <\/div>\r\n                                        <\/div>\r\n                                    <\/div>\r\n                                <\/div>\r\n                            <\/div>\r\n                            <div class=\"vc_row-full-width vc_clearfix\"><\/div>\r\n                            <div class=\"blog-grid\">\r\n                            <a title=\"Trouve du travail rapidement ? Choisis une profession \u00e0 goulot d&rsquo;\u00e9tranglement dans la construction ou l&rsquo;ing\u00e9nierie.\" href=\"https:\/\/impact.ontwikkeladres.nl\/fr\/candidats\/blog\/astuces-et-conseils\/trouve-du-travail-rapidement-choisis-une-profession-a-goulot-detranglement-dans-la-construction-ou-lingenierie\/\" class=\"blog-tile\">\r\n                                <div class=\"blog-tile-image\"><img decoding=\"async\" src=\"https:\/\/impact.ontwikkeladres.nl\/wp-content\/uploads\/2025\/09\/Snel_werk_vinden.jpg\" alt=\"Trouve du travail rapidement ? Choisis une profession \u00e0 goulot d&rsquo;\u00e9tranglement dans la construction ou l&rsquo;ing\u00e9nierie.\"><\/div>\r\n                                <div class=\"blog-tile-text\">\r\n                                    <div class=\"blog-category\">Tips &amp; tricks<\/div>\r\n                                    \n        <div class=\"sd-block-title \">\n            <h2 class=\"sd-block-title-htag  marginbottom-30px align-left color-dark_gray font-small\n            \">\n\t\t\t\t\n            \tTrouve du travail rapidement ? Choisis une profession \u00e0 goulot d&rsquo;\u00e9tranglement dans la construction ou l&rsquo;ing\u00e9nierie.\n\t\t\t<\/h2>\n        <\/div>\r\n                                    \r\n        <div class=\"sd-block-button  marginbottom-0px align-left button-type-text text-size-normal text-color-dark_grey\">\r\n            <span class=\"inner-button\"\r\n            href=\"https:\/\/impact.ontwikkeladres.nl\/fr\/candidats\/blog\/astuces-et-conseils\/trouve-du-travail-rapidement-choisis-une-profession-a-goulot-detranglement-dans-la-construction-ou-lingenierie\/\" title=\"En savoir plus\">\r\n                <div class=\"button-content\">\r\n                    <span>En savoir plus<\/span>\r\n\t\t\t\t    <svg height=\"15\" width=\"15\" xmlns=\"http:\/\/www.w3.org\/2000\/svg\" viewBox=\"0 0 15 13.56\"><path fill=\"currentColor\" d=\"M0,5.64h11.64L7.56,0h2.64l4.8,6.84-4.8,6.72h-2.64l4.08-5.64H0v-2.28Z\"\/><\/svg>\r\n                <\/div>\r\n            <\/span>\r\n        <\/div>\r\n                                <\/div>\r\n                            <\/a>\r\n                            <a title=\"Une banderole de gr\u00e8ve s&rsquo;affiche sur l'\u00a0\u00bb\u00e9ternel \u00e9chafaudage\u00a0\u00bb du palais de justice de Bruxelles\" href=\"https:\/\/impact.ontwikkeladres.nl\/fr\/candidats\/blog\/actualites\/une-banderole-de-greve-saffiche-sur-leternel-echafaudage-du-palais-de-justice-de-bruxelles\/\" class=\"blog-tile\">\r\n                                <div class=\"blog-tile-image\"><img decoding=\"async\" src=\"https:\/\/impact.ontwikkeladres.nl\/wp-content\/uploads\/2025\/09\/opvallend-spandoek.jpg\" alt=\"Une banderole de gr\u00e8ve s&rsquo;affiche sur l'\u00a0\u00bb\u00e9ternel \u00e9chafaudage\u00a0\u00bb du palais de justice de Bruxelles\"><\/div>\r\n                                <div class=\"blog-tile-text\">\r\n                                    <div class=\"blog-category\">News<\/div>\r\n                                    \n        <div class=\"sd-block-title \">\n            <h2 class=\"sd-block-title-htag  marginbottom-30px align-left color-dark_gray font-small\n            \">\n\t\t\t\t\n            \tUne banderole de gr\u00e8ve s&rsquo;affiche sur l' \u00bb\u00e9ternel \u00e9chafaudage \u00bb du palais de justice de Bruxelles\n\t\t\t<\/h2>\n        <\/div>\r\n                                    \r\n        <div class=\"sd-block-button  marginbottom-0px align-left button-type-text text-size-normal text-color-dark_grey\">\r\n            <span class=\"inner-button\"\r\n            href=\"https:\/\/impact.ontwikkeladres.nl\/fr\/candidats\/blog\/actualites\/une-banderole-de-greve-saffiche-sur-leternel-echafaudage-du-palais-de-justice-de-bruxelles\/\" title=\"En savoir plus\">\r\n                <div class=\"button-content\">\r\n                    <span>En savoir plus<\/span>\r\n\t\t\t\t    <svg height=\"15\" width=\"15\" xmlns=\"http:\/\/www.w3.org\/2000\/svg\" viewBox=\"0 0 15 13.56\"><path fill=\"currentColor\" d=\"M0,5.64h11.64L7.56,0h2.64l4.8,6.84-4.8,6.72h-2.64l4.08-5.64H0v-2.28Z\"\/><\/svg>\r\n                <\/div>\r\n            <\/span>\r\n        <\/div>\r\n                                <\/div>\r\n                            <\/a>\r\n                            <a title=\"Le panneau d&rsquo;affichage d&rsquo;Anvers fait le tour du monde\" href=\"https:\/\/impact.ontwikkeladres.nl\/fr\/candidats\/blog\/actualites\/le-panneau-daffichage-danvers-fait-le-tour-du-monde\/\" class=\"blog-tile\">\r\n                                <div class=\"blog-tile-image\"><img decoding=\"async\" src=\"https:\/\/impact.ontwikkeladres.nl\/wp-content\/uploads\/2023\/06\/Antwerps_reclamebord.jpg\" alt=\"Le panneau d&rsquo;affichage d&rsquo;Anvers fait le tour du monde\"><\/div>\r\n                                <div class=\"blog-tile-text\">\r\n                                    <div class=\"blog-category\">News<\/div>\r\n                                    \n        <div class=\"sd-block-title \">\n            <h2 class=\"sd-block-title-htag  marginbottom-30px align-left color-dark_gray font-small\n            \">\n\t\t\t\t\n            \tLe panneau d&rsquo;affichage d&rsquo;Anvers fait le tour du monde\n\t\t\t<\/h2>\n        <\/div>\r\n                                    \r\n        <div class=\"sd-block-button  marginbottom-0px align-left button-type-text text-size-normal text-color-dark_grey\">\r\n            <span class=\"inner-button\"\r\n            href=\"https:\/\/impact.ontwikkeladres.nl\/fr\/candidats\/blog\/actualites\/le-panneau-daffichage-danvers-fait-le-tour-du-monde\/\" title=\"En savoir plus\">\r\n                <div class=\"button-content\">\r\n                    <span>En savoir plus<\/span>\r\n\t\t\t\t    <svg height=\"15\" width=\"15\" xmlns=\"http:\/\/www.w3.org\/2000\/svg\" viewBox=\"0 0 15 13.56\"><path fill=\"currentColor\" d=\"M0,5.64h11.64L7.56,0h2.64l4.8,6.84-4.8,6.72h-2.64l4.08-5.64H0v-2.28Z\"\/><\/svg>\r\n                <\/div>\r\n            <\/span>\r\n        <\/div>\r\n                                <\/div>\r\n                            <\/a>\r\n                            <a title=\"Les vrais h\u00e9ros d&rsquo;aujourd&rsquo;hui ? Les artisans !\" href=\"https:\/\/impact.ontwikkeladres.nl\/fr\/candidats\/blog\/astuces-et-conseils\/les-vrais-heros-daujourdhui-les-artisans\/\" class=\"blog-tile\">\r\n                                <div class=\"blog-tile-image\"><img decoding=\"async\" src=\"https:\/\/impact.ontwikkeladres.nl\/wp-content\/uploads\/2022\/08\/De_echte_helden.jpg\" alt=\"Les vrais h\u00e9ros d&rsquo;aujourd&rsquo;hui ? Les artisans !\"><\/div>\r\n                                <div class=\"blog-tile-text\">\r\n                                    <div class=\"blog-category\">Tips &amp; tricks<\/div>\r\n                                    \n        <div class=\"sd-block-title \">\n            <h2 class=\"sd-block-title-htag  marginbottom-30px align-left color-dark_gray font-small\n            \">\n\t\t\t\t\n            \tLes vrais h\u00e9ros d&rsquo;aujourd&rsquo;hui ? Les artisans !\n\t\t\t<\/h2>\n        <\/div>\r\n                                    \r\n        <div class=\"sd-block-button  marginbottom-0px align-left button-type-text text-size-normal text-color-dark_grey\">\r\n            <span class=\"inner-button\"\r\n            href=\"https:\/\/impact.ontwikkeladres.nl\/fr\/candidats\/blog\/astuces-et-conseils\/les-vrais-heros-daujourdhui-les-artisans\/\" title=\"En savoir plus\">\r\n                <div class=\"button-content\">\r\n                    <span>En savoir plus<\/span>\r\n\t\t\t\t    <svg height=\"15\" width=\"15\" xmlns=\"http:\/\/www.w3.org\/2000\/svg\" viewBox=\"0 0 15 13.56\"><path fill=\"currentColor\" d=\"M0,5.64h11.64L7.56,0h2.64l4.8,6.84-4.8,6.72h-2.64l4.08-5.64H0v-2.28Z\"\/><\/svg>\r\n                <\/div>\r\n            <\/span>\r\n        <\/div>\r\n                                <\/div>\r\n                            <\/a>\r\n                            <a title=\"IMPACT met l&rsquo;accent sur l&rsquo;innovation avec son nouveau look\" href=\"https:\/\/impact.ontwikkeladres.nl\/fr\/candidats\/blog\/actualites\/impact-met-laccent-sur-linnovation-avec-son-nouveau-look\/\" class=\"blog-tile\">\r\n                                <div class=\"blog-tile-image\"><img decoding=\"async\" src=\"https:\/\/impact.ontwikkeladres.nl\/wp-content\/uploads\/2022\/04\/Impact_zet_vol_in.jpg\" alt=\"IMPACT met l&rsquo;accent sur l&rsquo;innovation avec son nouveau look\"><\/div>\r\n                                <div class=\"blog-tile-text\">\r\n                                    <div class=\"blog-category\">News<\/div>\r\n                                    \n        <div class=\"sd-block-title \">\n            <h2 class=\"sd-block-title-htag  marginbottom-30px align-left color-dark_gray font-small\n            \">\n\t\t\t\t\n            \tIMPACT met l&rsquo;accent sur l&rsquo;innovation avec son nouveau look\n\t\t\t<\/h2>\n        <\/div>\r\n                                    \r\n        <div class=\"sd-block-button  marginbottom-0px align-left button-type-text text-size-normal text-color-dark_grey\">\r\n            <span class=\"inner-button\"\r\n            href=\"https:\/\/impact.ontwikkeladres.nl\/fr\/candidats\/blog\/actualites\/impact-met-laccent-sur-linnovation-avec-son-nouveau-look\/\" title=\"En savoir plus\">\r\n                <div class=\"button-content\">\r\n                    <span>En savoir plus<\/span>\r\n\t\t\t\t    <svg height=\"15\" width=\"15\" xmlns=\"http:\/\/www.w3.org\/2000\/svg\" viewBox=\"0 0 15 13.56\"><path fill=\"currentColor\" d=\"M0,5.64h11.64L7.56,0h2.64l4.8,6.84-4.8,6.72h-2.64l4.08-5.64H0v-2.28Z\"\/><\/svg>\r\n                <\/div>\r\n            <\/span>\r\n        <\/div>\r\n                                <\/div>\r\n                            <\/a>\r\n                            <a title=\"Pourquoi les techniciens sont des h\u00e9ros\" href=\"https:\/\/impact.ontwikkeladres.nl\/fr\/candidats\/blog\/astuces-et-conseils\/pourquoi-les-techniciens-sont-des-heros\/\" class=\"blog-tile\">\r\n                                <div class=\"blog-tile-image\"><img decoding=\"async\" src=\"https:\/\/impact.ontwikkeladres.nl\/wp-content\/uploads\/2022\/03\/Waarom_techniekers_helden.jpg\" alt=\"Pourquoi les techniciens sont des h\u00e9ros\"><\/div>\r\n                                <div class=\"blog-tile-text\">\r\n                                    <div class=\"blog-category\">Tips &amp; tricks<\/div>\r\n                                    \n        <div class=\"sd-block-title \">\n            <h2 class=\"sd-block-title-htag  marginbottom-30px align-left color-dark_gray font-small\n            \">\n\t\t\t\t\n            \tPourquoi les techniciens sont des h\u00e9ros\n\t\t\t<\/h2>\n        <\/div>\r\n                                    \r\n        <div class=\"sd-block-button  marginbottom-0px align-left button-type-text text-size-normal text-color-dark_grey\">\r\n            <span class=\"inner-button\"\r\n            href=\"https:\/\/impact.ontwikkeladres.nl\/fr\/candidats\/blog\/astuces-et-conseils\/pourquoi-les-techniciens-sont-des-heros\/\" title=\"En savoir plus\">\r\n                <div class=\"button-content\">\r\n                    <span>En savoir plus<\/span>\r\n\t\t\t\t    <svg height=\"15\" width=\"15\" xmlns=\"http:\/\/www.w3.org\/2000\/svg\" viewBox=\"0 0 15 13.56\"><path fill=\"currentColor\" d=\"M0,5.64h11.64L7.56,0h2.64l4.8,6.84-4.8,6.72h-2.64l4.08-5.64H0v-2.28Z\"\/><\/svg>\r\n                <\/div>\r\n            <\/span>\r\n        <\/div>\r\n                                <\/div>\r\n                            <\/a>\r\n                            <\/div>\r\n        <div class=\"sd-pagination\">\r\n            <span aria-current=\"page\" class=\"page-numbers current\">1<\/span>\n<a class=\"page-numbers\" href=\"\/fr\/wp-json\/wp\/v2\/pages\/7926\/page\/2\/?from_pagination=true\">2<\/a>\n<a class=\"next page-numbers\" href=\"\/fr\/wp-json\/wp\/v2\/pages\/7926\/page\/2\/?from_pagination=true\">Suivant<\/a>\r\n        <\/div>\r\n        <\/div>[\/vc_column][\/vc_row]<\/p>\n<\/div>","protected":false},"excerpt":{"rendered":"<p>[vc_row][vc_column][\/vc_column][\/vc_row]<\/p>\n","protected":false},"author":1,"featured_media":0,"parent":5223,"menu_order":0,"comment_status":"closed","ping_status":"closed","template":"","meta":{"_acf_changed":false,"footnotes":""},"class_list":["post-7926","page","type-page","status-publish","hentry"],"acf":[],"yoast_head":"<!-- This site is optimized with the Yoast SEO plugin v26.8 - https:\/\/yoast.com\/product\/yoast-seo-wordpress\/ -->\n<title>Blog | IMPACT<\/title>\n<meta name=\"robots\" content=\"noindex, follow, max-snippet:-1, max-image-preview:large, max-video-preview:-1\" \/>\n<meta property=\"og:locale\" content=\"fr_FR\" \/>\n<meta property=\"og:type\" content=\"article\" \/>\n<meta property=\"og:title\" content=\"Blog | IMPACT\" \/>\n<meta property=\"og:description\" content=\"[vc_row][vc_column][\/vc_column][\/vc_row]\" \/>\n<meta property=\"og:url\" content=\"https:\/\/impact.ontwikkeladres.nl\/fr\/candidats\/blog\/\" \/>\n<meta property=\"og:site_name\" content=\"IMPACT\" \/>\n<meta property=\"article:publisher\" content=\"https:\/\/www.facebook.com\/jobs.impact\" \/>\n<meta property=\"article:modified_time\" content=\"2026-01-14T16:02:31+00:00\" \/>\n<meta property=\"og:image\" content=\"https:\/\/impact.ontwikkeladres.nl\/wp-content\/uploads\/2025\/11\/Social-share.jpg\" \/>\n\t<meta property=\"og:image:width\" content=\"1200\" \/>\n\t<meta property=\"og:image:height\" content=\"675\" \/>\n\t<meta property=\"og:image:type\" content=\"image\/jpeg\" \/>\n<meta name=\"twitter:card\" content=\"summary_large_image\" \/>\n<meta name=\"twitter:label1\" content=\"Dur\u00e9e de lecture estim\u00e9e\" \/>\n\t<meta name=\"twitter:data1\" content=\"1 minute\" \/>\n<script type=\"application\/ld+json\" class=\"yoast-schema-graph\">{\"@context\":\"https:\/\/schema.org\",\"@graph\":[{\"@type\":\"WebPage\",\"@id\":\"https:\/\/impact.ontwikkeladres.nl\/fr\/candidats\/blog\/\",\"url\":\"https:\/\/impact.ontwikkeladres.nl\/fr\/candidats\/blog\/\",\"name\":\"Blog | IMPACT\",\"isPartOf\":{\"@id\":\"https:\/\/impact.ontwikkeladres.nl\/fr\/#website\"},\"datePublished\":\"2025-08-15T12:31:25+00:00\",\"dateModified\":\"2026-01-14T16:02:31+00:00\",\"breadcrumb\":{\"@id\":\"https:\/\/impact.ontwikkeladres.nl\/fr\/candidats\/blog\/#breadcrumb\"},\"inLanguage\":\"fr-FR\",\"potentialAction\":[{\"@type\":\"ReadAction\",\"target\":[\"https:\/\/impact.ontwikkeladres.nl\/fr\/candidats\/blog\/\"]}]},{\"@type\":\"BreadcrumbList\",\"@id\":\"https:\/\/impact.ontwikkeladres.nl\/fr\/candidats\/blog\/#breadcrumb\",\"itemListElement\":[{\"@type\":\"ListItem\",\"position\":1,\"name\":\"Home\",\"item\":\"https:\/\/impact.ontwikkeladres.nl\/fr\/\"},{\"@type\":\"ListItem\",\"position\":2,\"name\":\"Les candidats\",\"item\":\"https:\/\/impact.ontwikkeladres.nl\/fr\/\"},{\"@type\":\"ListItem\",\"position\":3,\"name\":\"Blog\"}]},{\"@type\":\"WebSite\",\"@id\":\"https:\/\/impact.ontwikkeladres.nl\/fr\/#website\",\"url\":\"https:\/\/impact.ontwikkeladres.nl\/fr\/\",\"name\":\"IMPACT\",\"description\":\"Impact website\",\"inLanguage\":\"fr-FR\"}]}<\/script>\n<!-- \/ Yoast SEO plugin. -->","yoast_head_json":{"title":"Blog | IMPACT","robots":{"index":"noindex","follow":"follow","max-snippet":"max-snippet:-1","max-image-preview":"max-image-preview:large","max-video-preview":"max-video-preview:-1"},"og_locale":"fr_FR","og_type":"article","og_title":"Blog | IMPACT","og_description":"[vc_row][vc_column][\/vc_column][\/vc_row]","og_url":"https:\/\/impact.ontwikkeladres.nl\/fr\/candidats\/blog\/","og_site_name":"IMPACT","article_publisher":"https:\/\/www.facebook.com\/jobs.impact","article_modified_time":"2026-01-14T16:02:31+00:00","og_image":[{"width":1200,"height":675,"url":"https:\/\/impact.ontwikkeladres.nl\/wp-content\/uploads\/2025\/11\/Social-share.jpg","type":"image\/jpeg"}],"twitter_card":"summary_large_image","twitter_misc":{"Dur\u00e9e de lecture estim\u00e9e":"1 minute"},"schema":{"@context":"https:\/\/schema.org","@graph":[{"@type":"WebPage","@id":"https:\/\/impact.ontwikkeladres.nl\/fr\/candidats\/blog\/","url":"https:\/\/impact.ontwikkeladres.nl\/fr\/candidats\/blog\/","name":"Blog | IMPACT","isPartOf":{"@id":"https:\/\/impact.ontwikkeladres.nl\/fr\/#website"},"datePublished":"2025-08-15T12:31:25+00:00","dateModified":"2026-01-14T16:02:31+00:00","breadcrumb":{"@id":"https:\/\/impact.ontwikkeladres.nl\/fr\/candidats\/blog\/#breadcrumb"},"inLanguage":"fr-FR","potentialAction":[{"@type":"ReadAction","target":["https:\/\/impact.ontwikkeladres.nl\/fr\/candidats\/blog\/"]}]},{"@type":"BreadcrumbList","@id":"https:\/\/impact.ontwikkeladres.nl\/fr\/candidats\/blog\/#breadcrumb","itemListElement":[{"@type":"ListItem","position":1,"name":"Home","item":"https:\/\/impact.ontwikkeladres.nl\/fr\/"},{"@type":"ListItem","position":2,"name":"Les candidats","item":"https:\/\/impact.ontwikkeladres.nl\/fr\/"},{"@type":"ListItem","position":3,"name":"Blog"}]},{"@type":"WebSite","@id":"https:\/\/impact.ontwikkeladres.nl\/fr\/#website","url":"https:\/\/impact.ontwikkeladres.nl\/fr\/","name":"IMPACT","description":"Impact website","inLanguage":"fr-FR"}]}},"_links":{"self":[{"href":"https:\/\/impact.ontwikkeladres.nl\/fr\/wp-json\/wp\/v2\/pages\/7926","targetHints":{"allow":["GET"]}}],"collection":[{"href":"https:\/\/impact.ontwikkeladres.nl\/fr\/wp-json\/wp\/v2\/pages"}],"about":[{"href":"https:\/\/impact.ontwikkeladres.nl\/fr\/wp-json\/wp\/v2\/types\/page"}],"author":[{"embeddable":true,"href":"https:\/\/impact.ontwikkeladres.nl\/fr\/wp-json\/wp\/v2\/users\/1"}],"replies":[{"embeddable":true,"href":"https:\/\/impact.ontwikkeladres.nl\/fr\/wp-json\/wp\/v2\/comments?post=7926"}],"version-history":[{"count":7,"href":"https:\/\/impact.ontwikkeladres.nl\/fr\/wp-json\/wp\/v2\/pages\/7926\/revisions"}],"predecessor-version":[{"id":13228,"href":"https:\/\/impact.ontwikkeladres.nl\/fr\/wp-json\/wp\/v2\/pages\/7926\/revisions\/13228"}],"up":[{"embeddable":true,"href":"https:\/\/impact.ontwikkeladres.nl\/fr\/wp-json\/wp\/v2\/pages\/5223"}],"wp:attachment":[{"href":"https:\/\/impact.ontwikkeladres.nl\/fr\/wp-json\/wp\/v2\/media?parent=7926"}],"curies":[{"name":"wp","href":"https:\/\/api.w.org\/{rel}","templated":true}]}}