{"id":7999,"date":"2025-09-24T11:27:06","date_gmt":"2025-09-24T09:27:06","guid":{"rendered":"https:\/\/impact.ontwikkeladres.nl\/candidats\/faq\/"},"modified":"2025-11-05T17:00:20","modified_gmt":"2025-11-05T16:00:20","slug":"faq","status":"publish","type":"page","link":"https:\/\/impact.ontwikkeladres.nl\/fr\/candidats\/faq\/","title":{"rendered":"FAQ"},"content":{"rendered":"<div class=\"wpb-content-wrapper\"><p>[vc_row css=\u00a0\u00bb.vc_custom_1759403190432{padding-bottom: 0px !important;}\u00a0\u00bb][vc_column]\n        <div class=\"sd-block-breadcrumb  align-left color-dark-gray marginbottom-30px\n        \">\n            <ul id=\"breadcrumbs\" class=\"breadcrumbs\"><\/ul>\n        <\/div>[\/vc_column][\/vc_row][vc_row css=\u00a0\u00bb.vc_custom_1759403253006{padding-top: 0px !important;padding-bottom: 0px !important;}\u00a0\u00bb][vc_column width=\u00a0\u00bb3\/12&Prime;][\/vc_column][vc_column width=\u00a0\u00bb6\/12&Prime;]\n        <div class=\"sd-block-title \">\n            <h1 class=\"sd-block-title-htag  marginbottom-0px align-center color-dark_gray\n            \">\n\t\t\t\t\n            \tQuestions fr\u00e9quemment pos\u00e9es\n\t\t\t<\/h1>\n        <\/div>[\/vc_column][vc_column width=\u00a0\u00bb3\/12&Prime;][\/vc_column][\/vc_row][vc_row full_height=\u00a0\u00bbyes\u00a0\u00bb equal_height=\u00a0\u00bbyes\u00a0\u00bb content_placement=\u00a0\u00bbmiddle\u00a0\u00bb][vc_column][vc_row_inner row_inner_color=\u00a0\u00bbwhite\u00a0\u00bb row_inner_padding=\u00a0\u00bb45px\u00a0\u00bb row_inner_margin_bottom=\u00a0\u00bb60px\u00a0\u00bb][vc_column_inner width=\u00a0\u00bb1\/2&Prime;]\r\n        <a class=\"sd-block-icon  marginbottom-30px align-left inline\"href=\"https:\/\/impact.ontwikkeladres.nl\/faq\/loon-voorwaarden\/\"\">\r\n                <?xml version=\"1.0\" encoding=\"UTF-8\"?>\n<svg xmlns=\"http:\/\/www.w3.org\/2000\/svg\" viewBox=\"0 0 8.6 10.5\" xml:space=\"preserve\" width=\"15px\" height=\"15px\">\n  <path d=\"M1.3,3.8C2,1.6,4,0,6.4,0h1.5c0.4,0,0.8,0.3,0.8,0.8S8.3,1.5,7.9,1.5H6.4c-1.5,0-2.9,0.9-3.4,2.2H6c0.3,0,0.6,0.3,0.6,0.6 S6.3,4.9,6,4.9H2.6c0,0.1,0,0.2,0,0.4s0,0.3,0,0.4H6c0.3,0,0.6,0.3,0.6,0.6S6.3,6.8,6,6.8H2.9C3.5,8.1,4.8,9,6.4,9h1.5 c0.4,0,0.8,0.3,0.8,0.8s-0.3,0.8-0.8,0.8H6.4c-2.4,0-4.4-1.6-5-3.8H0.6C0.3,6.8,0,6.5,0,6.2s0.3-0.6,0.6-0.6h0.6c0-0.2,0-0.5,0-0.8 H0.6C0.3,4.9,0,4.6,0,4.3s0.3-0.6,0.6-0.6H1.3z\" fill=\"currentColor\"><\/path>\n<\/svg>\n\r\n        <\/a>\n        <div class=\"sd-block-title \">\n            <h2 class=\"sd-block-title-htag  marginbottom-30px align-left color-dark_gray font-middle\n            \">\n\t\t\t\t\n            \tSalaires et conditions\n\t\t\t<\/h2>\n        <\/div>\r\n        <div class=\"sd-block-text  marginbottom-30px color-gray_dark\r\n        \">\r\n        \t\r\n            <p>Questions sur le type de contrat ? Quand ton salaire sera-t-il vers\u00e9 ? Qu&rsquo;en est-il des primes de fin d&rsquo;ann\u00e9e, des frais de transport, des ch\u00e8ques-repas ou des indemnit\u00e9s de maternit\u00e9 ?<\/p>\n\r\n        <\/div>\r\n        <div class=\"sd-block-text  marginbottom-30px color-gray_dark\r\n        \">\r\n        \t\r\n            <p><a href=\"https:\/\/impact.ontwikkeladres.nl\/fr\/candidats\/faq\/salaires-et-conditions\/\">Quel contrat recevrai-je en tant que travailleur temporaire ?<\/a><br \/>\n<a href=\"https:\/\/impact.ontwikkeladres.nl\/fr\/candidats\/faq\/salaires-et-conditions\/\">Puis-je trouver un emploi permanent gr\u00e2ce \u00e0 IMPACT ?<\/a><br \/>\n<a href=\"https:\/\/impact.ontwikkeladres.nl\/fr\/candidats\/faq\/salaires-et-conditions\/\">Quelle est la dur\u00e9e de mon contrat ?<\/a><\/p>\n\r\n        <\/div>\r\n        <div class=\"sd-block-button  marginbottom-0px align-left button-type-background button-size-small background-color-fluent_yellow\">\r\n            <a class=\"inner-button\"\r\n            href=\"https:\/\/impact.ontwikkeladres.nl\/fr\/candidats\/faq\/salaires-et-conditions\/\" title=\"Voir toutes les r\u00e9ponses\">\r\n                <div class=\"button-content\">\r\n                    <span>Voir toutes les r\u00e9ponses<\/span>\r\n\t\t\t\t    <svg height=\"15\" width=\"15\" xmlns=\"http:\/\/www.w3.org\/2000\/svg\" viewBox=\"0 0 15 13.56\"><path fill=\"currentColor\" d=\"M0,5.64h11.64L7.56,0h2.64l4.8,6.84-4.8,6.72h-2.64l4.08-5.64H0v-2.28Z\"\/><\/svg>\r\n                <\/div>\r\n            <\/a>\r\n        <\/div>[\/vc_column_inner][vc_column_inner width=\u00a0\u00bb1\/2&Prime;]\r\n        <a class=\"sd-block-icon  marginbottom-30px align-left inline\"href=\"https:\/\/impact.ontwikkeladres.nl\/faq\/sollicitaties\/\"\">\r\n                <?xml version=\"1.0\" encoding=\"UTF-8\"?>\n<svg xmlns=\"http:\/\/www.w3.org\/2000\/svg\" viewBox=\"0 0 12.5 12.5\" xml:space=\"preserve\" width=\"15px\" height=\"15px\">\n  <path d=\"M6.4,0H4.9v3.3h1.5V0z M11,2.5L8.7,4.9L8.2,4.4H8.2L7.7,3.8l2.3-2.3L10.4,2L11,2.5z M12.5,6.2H9.2v1.5h3.3V6.2z M6.6,5.8 l-2.1,6.3L3,10.5l-2,2L0.5,12L0,11.5l2-2L0.5,7.9L6.6,5.8z\" fill=\"currentColor\"><\/path>\n<\/svg>\n\r\n        <\/a>\n        <div class=\"sd-block-title \">\n            <h2 class=\"sd-block-title-htag  marginbottom-30px align-left color-dark_gray font-middle\n            \">\n\t\t\t\t\n            \tDemandes d&#039;emploi\n\t\t\t<\/h2>\n        <\/div>\r\n        <div class=\"sd-block-text  marginbottom-30px color-gray_dark\r\n        \">\r\n        \t\r\n            <p>Quels sont les emplois propos\u00e9s par IMPACT ? Comment se d\u00e9roule la proc\u00e9dure de candidature ? Puis-je \u00e9galement pr\u00e9senter une candidature spontan\u00e9e ? Qu&rsquo;est-ce que My IMPACT exactement ?<\/p>\n\r\n        <\/div>\r\n        <div class=\"sd-block-text  marginbottom-30px color-gray_dark\r\n        \">\r\n        \t\r\n            <p><a href=\"https:\/\/impact.ontwikkeladres.nl\/fr\/candidats\/faq\/applications\/\">Comment se d\u00e9roule le processus de candidature \u00e0 IMPACT ?<\/a><br \/>\n<a href=\"https:\/\/impact.ontwikkeladres.nl\/fr\/candidats\/faq\/applications\/\">Puis-je faire une demande spontan\u00e9e ?<\/a><br \/>\n<a href=\"https:\/\/impact.ontwikkeladres.nl\/fr\/candidats\/faq\/applications\/\">Qu&rsquo;est-ce que mon IMPACT ?<\/a><\/p>\n\r\n        <\/div>\r\n        <div class=\"sd-block-button  marginbottom-0px align-left button-type-background button-size-small background-color-fluent_yellow\">\r\n            <a class=\"inner-button\"\r\n            href=\"https:\/\/impact.ontwikkeladres.nl\/fr\/candidats\/faq\/applications\/\" title=\"Voir toutes les r\u00e9ponses\">\r\n                <div class=\"button-content\">\r\n                    <span>Voir toutes les r\u00e9ponses<\/span>\r\n\t\t\t\t    <svg height=\"15\" width=\"15\" xmlns=\"http:\/\/www.w3.org\/2000\/svg\" viewBox=\"0 0 15 13.56\"><path fill=\"currentColor\" d=\"M0,5.64h11.64L7.56,0h2.64l4.8,6.84-4.8,6.72h-2.64l4.08-5.64H0v-2.28Z\"\/><\/svg>\r\n                <\/div>\r\n            <\/a>\r\n        <\/div>[\/vc_column_inner][\/vc_row_inner][vc_row_inner equal_height=\u00a0\u00bbyes\u00a0\u00bb content_placement=\u00a0\u00bbbottom\u00a0\u00bb row_inner_color=\u00a0\u00bbwhite\u00a0\u00bb row_inner_padding=\u00a0\u00bb45px\u00a0\u00bb][vc_column_inner width=\u00a0\u00bb1\/2&Prime;]\r\n        <a class=\"sd-block-icon  marginbottom-30px align-left inline\"href=\"https:\/\/impact.ontwikkeladres.nl\/faq\/vakantie-welzijn\/\"\">\r\n                <?xml version=\"1.0\" encoding=\"UTF-8\"?>\n<svg xmlns=\"http:\/\/www.w3.org\/2000\/svg\" width=\"15\" height=\"15\" viewBox=\"0 0 24 24\" fill=\"none\">\n  <path fill=\"currentColor\" d=\"M4.57746 11.958C4.5762 12.9308 4.76749 13.8948 5.14125 14.7933L2.85333 16.1148L3.81984 17.7898L6.11154 16.4684C6.76973 17.3254 7.60786 18.0289 8.56557 18.5298L7.66324 21.0115L9.48047 21.6722L10.3765 19.1905C11.4374 19.4283 12.5373 19.4283 13.5982 19.1905L14.5005 21.6747L16.3178 21.014L15.4129 18.5298H15.4117C16.3694 18.0289 17.205 17.3254 17.8632 16.4684L20.1536 17.7923L21.1201 16.1173L18.8322 14.7959H18.8335C19.2073 13.8973 19.3985 12.932 19.3973 11.958V11.6358L21.9998 11.1777L21.6776 9.27363L19.0776 9.73173H19.0789C18.7504 8.69978 18.2004 7.75215 17.468 6.95426L19.1695 4.9281L17.687 3.68472L15.9855 5.71088C15.0681 5.12569 14.0336 4.75065 12.9538 4.61221V1.97067H11.0208V4.61221C9.94859 4.75316 8.91916 5.1282 8.00799 5.71088L6.30655 3.68472L4.82405 4.9281L6.5255 6.95426H6.52675C5.79307 7.75215 5.2431 8.69978 4.9159 9.73173L2.32217 9.27112L2 11.1752L4.57736 11.6358V11.958H4.57746ZM11.9874 17.4349C10.5351 17.4349 9.14197 16.8572 8.11489 15.8303C7.08781 14.8034 6.51032 13.4103 6.51032 11.9578C6.51032 10.5054 7.08797 9.11242 8.11489 8.08534C9.14181 7.05826 10.5349 6.48077 11.9874 6.48077C13.4398 6.48077 14.8328 7.05842 15.8599 8.08534C16.8869 9.11226 17.4644 10.5054 17.4644 11.9578C17.4644 13.4103 16.8868 14.8032 15.8599 15.8303C14.8329 16.8574 13.4398 17.4349 11.9874 17.4349Z\"><\/path>\n  <path fill=\"currentColor\" d=\"M11.3431 13.4077C11.3431 14.9116 9.08789 14.9116 9.08789 13.4077C9.08789 11.9038 11.3431 11.9038 11.3431 13.4077Z\"><\/path>\n  <path fill=\"currentColor\" d=\"M14.8878 10.5082C14.8878 12.4413 11.9883 12.4413 11.9883 10.5082C11.9883 8.57522 14.8878 8.57522 14.8878 10.5082Z\"><\/path>\n<\/svg>\n\r\n        <\/a>\n        <div class=\"sd-block-title \">\n            <h2 class=\"sd-block-title-htag  marginbottom-30px align-left color-dark_gray font-middle\n            \">\n\t\t\t\t\n            \tVacances et bien-\u00eatre\n\t\t\t<\/h2>\n        <\/div>\r\n        <div class=\"sd-block-text  marginbottom-30px color-gray_dark\r\n        \">\r\n        \t\r\n            <p>Combien de jours de vacances sont r\u00e9ellement inscrits sur ton compteur ? Que se passe-t-il si tu tombes malade ou si tu es victime d&rsquo;un accident ? As-tu droit \u00e0 un cong\u00e9 mineur ?<\/p>\n\r\n        <\/div>\r\n        <div class=\"sd-block-text  marginbottom-30px color-gray_dark\r\n        \">\r\n        \t\r\n            <p><a href=\"https:\/\/impact.ontwikkeladres.nl\/fr\/candidats\/faq\/vacances-et-bien-etre\/\">Ai-je droit \u00e0 des vacances pay\u00e9es ?<\/a><br \/>\n<a href=\"https:\/\/impact.ontwikkeladres.nl\/fr\/candidats\/faq\/vacances-et-bien-etre\/\">\u00c0 combien de jours de vacances ai-je droit en tant que travailleur temporaire ?<\/a><br \/>\n<a href=\"https:\/\/impact.ontwikkeladres.nl\/fr\/candidats\/faq\/vacances-et-bien-etre\/\">Comment demander un certificat de vacances en tant que travailleur temporaire ?<\/a><\/p>\n\r\n        <\/div>\r\n        <div class=\"sd-block-button  marginbottom-0px align-left button-type-background button-size-small background-color-fluent_yellow\">\r\n            <a class=\"inner-button\"\r\n            href=\"https:\/\/impact.ontwikkeladres.nl\/fr\/candidats\/faq\/vacances-et-bien-etre\/\" title=\"Voir toutes les r\u00e9ponses\">\r\n                <div class=\"button-content\">\r\n                    <span>Voir toutes les r\u00e9ponses<\/span>\r\n\t\t\t\t    <svg height=\"15\" width=\"15\" xmlns=\"http:\/\/www.w3.org\/2000\/svg\" viewBox=\"0 0 15 13.56\"><path fill=\"currentColor\" d=\"M0,5.64h11.64L7.56,0h2.64l4.8,6.84-4.8,6.72h-2.64l4.08-5.64H0v-2.28Z\"\/><\/svg>\r\n                <\/div>\r\n            <\/a>\r\n        <\/div>[\/vc_column_inner][vc_column_inner width=\u00a0\u00bb1\/2&Prime;]\r\n        <a class=\"sd-block-icon  marginbottom-30px align-left inline\"href=\"https:\/\/impact.ontwikkeladres.nl\/faq\/studenten\/\"\">\r\n                <?xml version=\"1.0\" encoding=\"UTF-8\"?>\n<svg xmlns=\"http:\/\/www.w3.org\/2000\/svg\" viewBox=\"0 0 15 15\" width=\"15px\" height=\"15px\">\n  <path d=\"M5.4,2.3c0,1.3-1,2.3-2.3,2.3c-1.2,0-2.3-1-2.3-2.3C1,1,1.9,0,3.1,0S5.4,1,5.4,2.3z M5.5,5.9C4.7,6.4,4.1,7.2,3.8,8.3H0V7.6 c0-1.3,1-2.3,2.2-2.3H4C4.7,5.3,5,5.5,5.5,5.9z M14,2.3c0,1.3-1,2.3-2.3,2.3S9.6,3.5,9.6,2.3C9.6,1,10.7,0,11.9,0S14,1,14,2.3z M15,7.6v0.7h-3.7c-0.2-1-0.8-1.9-1.7-2.4c0.4-0.4,0.8-0.5,1.3-0.5h1.8C14,5.3,15,6.4,15,7.6z M9.7,9c0,1.3-1,2.3-2.3,2.3 c-1.2,0-2.2-1.1-2.2-2.3c0-0.2,0.1-0.5,0.1-0.7c0.1-0.5,0.5-0.8,0.8-1.1s0.8-0.4,1.2-0.4c0.5,0,1,0.1,1.2,0.4c0.6,0.2,0.8,0.6,1,1.1 C9.7,8.5,9.7,8.8,9.7,9z M10.7,14.3V15H4.3v-0.7c0-1,0.5-1.7,1.2-2c0.4-0.1,0.7-0.2,1-0.2h1.9c0.4,0,0.7,0.1,1,0.2 C10.2,12.7,10.7,13.4,10.7,14.3z\" fill=\"currentColor\"><\/path>\n<\/svg>\n\r\n        <\/a>\n        <div class=\"sd-block-title \">\n            <h2 class=\"sd-block-title-htag  marginbottom-30px align-left color-dark_gray font-middle\n            \">\n\t\t\t\t\n            \tLes \u00e9l\u00e8ves\n\t\t\t<\/h2>\n        <\/div>\r\n        <div class=\"sd-block-text  marginbottom-30px color-gray_dark\r\n        \">\r\n        \t\r\n            <p>Tu es encore \u00e0 l&rsquo;\u00e9cole, mais tu as envie d&rsquo;acqu\u00e9rir de l&rsquo;exp\u00e9rience et de gagner un peu d&rsquo;argent ? Tu peux aussi venir chez nous pour un agr\u00e9able job d&rsquo;\u00e9tudiant !<\/p>\n\r\n        <\/div>\r\n        <div class=\"sd-block-text  marginbottom-30px color-gray_dark\r\n        \">\r\n        \t\r\n            <p><a href=\"https:\/\/impact.ontwikkeladres.nl\/fr\/candidats\/faq\/les-eleves\/\">IMPACT propose-t-elle des emplois pour les \u00e9tudiants ?<\/a><br \/>\n<a href=\"https:\/\/impact.ontwikkeladres.nl\/fr\/candidats\/faq\/les-eleves\/\">Puis-je travailler en tant qu&rsquo;\u00e9tudiant ?<\/a><br \/>\n<a href=\"https:\/\/impact.ontwikkeladres.nl\/fr\/candidats\/faq\/les-eleves\/\">Combien de jours puis-je travailler en tant qu&rsquo;\u00e9tudiant jobiste ?<\/a><\/p>\n\r\n        <\/div>\r\n        <div class=\"sd-block-button  marginbottom-0px align-left button-type-background button-size-small background-color-fluent_yellow\">\r\n            <a class=\"inner-button\"\r\n            href=\"https:\/\/impact.ontwikkeladres.nl\/fr\/candidats\/faq\/les-eleves\/\" title=\"Voir toutes les r\u00e9ponses\">\r\n                <div class=\"button-content\">\r\n                    <span>Voir toutes les r\u00e9ponses<\/span>\r\n\t\t\t\t    <svg height=\"15\" width=\"15\" xmlns=\"http:\/\/www.w3.org\/2000\/svg\" viewBox=\"0 0 15 13.56\"><path fill=\"currentColor\" d=\"M0,5.64h11.64L7.56,0h2.64l4.8,6.84-4.8,6.72h-2.64l4.08-5.64H0v-2.28Z\"\/><\/svg>\r\n                <\/div>\r\n            <\/a>\r\n        <\/div>[\/vc_column_inner][\/vc_row_inner][\/vc_column][\/vc_row]<\/p>\n<\/div>","protected":false},"excerpt":{"rendered":"<p>[vc_row css=\u00a0\u00bb.vc_custom_1759403190432{padding-bottom: 0px !important;}\u00a0\u00bb][vc_column][\/vc_column][\/vc_row][vc_row css=\u00a0\u00bb.vc_custom_1759403253006{padding-top: 0px !important;padding-bottom: 0px !important;}\u00a0\u00bb][vc_column width=\u00a0\u00bb3\/12&Prime;][\/vc_column][vc_column width=\u00a0\u00bb6\/12&Prime;][\/vc_column][vc_column width=\u00a0\u00bb3\/12&Prime;][\/vc_column][\/vc_row][vc_row full_height=\u00a0\u00bbyes\u00a0\u00bb equal_height=\u00a0\u00bbyes\u00a0\u00bb content_placement=\u00a0\u00bbmiddle\u00a0\u00bb][vc_column][vc_row_inner row_inner_color=\u00a0\u00bbwhite\u00a0\u00bb row_inner_padding=\u00a0\u00bb45px\u00a0\u00bb row_inner_margin_bottom=\u00a0\u00bb60px\u00a0\u00bb][vc_column_inner width=\u00a0\u00bb1\/2&Prime;][\/vc_column_inner][vc_column_inner width=\u00a0\u00bb1\/2&Prime;][\/vc_column_inner][\/vc_row_inner][vc_row_inner equal_height=\u00a0\u00bbyes\u00a0\u00bb content_placement=\u00a0\u00bbbottom\u00a0\u00bb row_inner_color=\u00a0\u00bbwhite\u00a0\u00bb row_inner_padding=\u00a0\u00bb45px\u00a0\u00bb][vc_column_inner width=\u00a0\u00bb1\/2&Prime;][\/vc_column_inner][vc_column_inner width=\u00a0\u00bb1\/2&Prime;][\/vc_column_inner][\/vc_row_inner][\/vc_column][\/vc_row]<\/p>\n","protected":false},"author":1,"featured_media":0,"parent":5223,"menu_order":0,"comment_status":"closed","ping_status":"closed","template":"","meta":{"_acf_changed":false,"footnotes":""},"class_list":["post-7999","page","type-page","status-publish","hentry"],"acf":[],"yoast_head":"<!-- This site is optimized with the Yoast SEO plugin v26.8 - https:\/\/yoast.com\/product\/yoast-seo-wordpress\/ -->\n<title>FAQ | IMPACT<\/title>\n<meta name=\"robots\" content=\"noindex, follow, max-snippet:-1, max-image-preview:large, max-video-preview:-1\" \/>\n<meta property=\"og:locale\" content=\"fr_FR\" \/>\n<meta property=\"og:type\" content=\"article\" \/>\n<meta property=\"og:title\" content=\"FAQ | IMPACT\" \/>\n<meta property=\"og:description\" content=\"[vc_row css=\u00a0\u00bb.vc_custom_1759403190432{padding-bottom: 0px !important;}\u00a0\u00bb][vc_column][\/vc_column][\/vc_row][vc_row css=\u00a0\u00bb.vc_custom_1759403253006{padding-top: 0px !important;padding-bottom: 0px !important;}\u00a0\u00bb][vc_column width=\u00a0\u00bb3\/12&Prime;][\/vc_column][vc_column width=\u00a0\u00bb6\/12&Prime;][\/vc_column][vc_column width=\u00a0\u00bb3\/12&Prime;][\/vc_column][\/vc_row][vc_row full_height=\u00a0\u00bbyes\u00a0\u00bb equal_height=\u00a0\u00bbyes\u00a0\u00bb content_placement=\u00a0\u00bbmiddle\u00a0\u00bb][vc_column][vc_row_inner row_inner_color=\u00a0\u00bbwhite\u00a0\u00bb row_inner_padding=\u00a0\u00bb45px\u00a0\u00bb row_inner_margin_bottom=\u00a0\u00bb60px\u00a0\u00bb][vc_column_inner width=\u00a0\u00bb1\/2&Prime;][\/vc_column_inner][vc_column_inner width=\u00a0\u00bb1\/2&Prime;][\/vc_column_inner][\/vc_row_inner][vc_row_inner equal_height=\u00a0\u00bbyes\u00a0\u00bb content_placement=\u00a0\u00bbbottom\u00a0\u00bb row_inner_color=\u00a0\u00bbwhite\u00a0\u00bb row_inner_padding=\u00a0\u00bb45px\u00a0\u00bb][vc_column_inner width=\u00a0\u00bb1\/2&Prime;][\/vc_column_inner][vc_column_inner width=\u00a0\u00bb1\/2&Prime;][\/vc_column_inner][\/vc_row_inner][\/vc_column][\/vc_row]\" \/>\n<meta property=\"og:url\" content=\"https:\/\/impact.ontwikkeladres.nl\/fr\/candidats\/faq\/\" \/>\n<meta property=\"og:site_name\" content=\"IMPACT\" \/>\n<meta property=\"article:publisher\" content=\"https:\/\/www.facebook.com\/jobs.impact\" \/>\n<meta property=\"article:modified_time\" content=\"2025-11-05T16:00:20+00:00\" \/>\n<meta property=\"og:image\" content=\"https:\/\/impact.ontwikkeladres.nl\/wp-content\/uploads\/2025\/11\/Social-share.jpg\" \/>\n\t<meta property=\"og:image:width\" content=\"1200\" \/>\n\t<meta property=\"og:image:height\" content=\"675\" \/>\n\t<meta property=\"og:image:type\" content=\"image\/jpeg\" \/>\n<meta name=\"twitter:card\" content=\"summary_large_image\" \/>\n<meta name=\"twitter:label1\" content=\"Dur\u00e9e de lecture estim\u00e9e\" \/>\n\t<meta name=\"twitter:data1\" content=\"4 minutes\" \/>\n<script type=\"application\/ld+json\" class=\"yoast-schema-graph\">{\"@context\":\"https:\/\/schema.org\",\"@graph\":[{\"@type\":\"WebPage\",\"@id\":\"https:\/\/impact.ontwikkeladres.nl\/fr\/candidats\/faq\/\",\"url\":\"https:\/\/impact.ontwikkeladres.nl\/fr\/candidats\/faq\/\",\"name\":\"FAQ | IMPACT\",\"isPartOf\":{\"@id\":\"https:\/\/impact.ontwikkeladres.nl\/fr\/#website\"},\"datePublished\":\"2025-09-24T09:27:06+00:00\",\"dateModified\":\"2025-11-05T16:00:20+00:00\",\"breadcrumb\":{\"@id\":\"https:\/\/impact.ontwikkeladres.nl\/fr\/candidats\/faq\/#breadcrumb\"},\"inLanguage\":\"fr-FR\",\"potentialAction\":[{\"@type\":\"ReadAction\",\"target\":[\"https:\/\/impact.ontwikkeladres.nl\/fr\/candidats\/faq\/\"]}]},{\"@type\":\"BreadcrumbList\",\"@id\":\"https:\/\/impact.ontwikkeladres.nl\/fr\/candidats\/faq\/#breadcrumb\",\"itemListElement\":[{\"@type\":\"ListItem\",\"position\":1,\"name\":\"Home\",\"item\":\"https:\/\/impact.ontwikkeladres.nl\/fr\/\"},{\"@type\":\"ListItem\",\"position\":2,\"name\":\"Les candidats\",\"item\":\"https:\/\/impact.ontwikkeladres.nl\/fr\/\"},{\"@type\":\"ListItem\",\"position\":3,\"name\":\"FAQ\"}]},{\"@type\":\"WebSite\",\"@id\":\"https:\/\/impact.ontwikkeladres.nl\/fr\/#website\",\"url\":\"https:\/\/impact.ontwikkeladres.nl\/fr\/\",\"name\":\"IMPACT\",\"description\":\"Impact website\",\"inLanguage\":\"fr-FR\"}]}<\/script>\n<!-- \/ Yoast SEO plugin. -->","yoast_head_json":{"title":"FAQ | IMPACT","robots":{"index":"noindex","follow":"follow","max-snippet":"max-snippet:-1","max-image-preview":"max-image-preview:large","max-video-preview":"max-video-preview:-1"},"og_locale":"fr_FR","og_type":"article","og_title":"FAQ | IMPACT","og_description":"[vc_row css=\u00a0\u00bb.vc_custom_1759403190432{padding-bottom: 0px !important;}\u00a0\u00bb][vc_column][\/vc_column][\/vc_row][vc_row css=\u00a0\u00bb.vc_custom_1759403253006{padding-top: 0px !important;padding-bottom: 0px !important;}\u00a0\u00bb][vc_column width=\u00a0\u00bb3\/12&Prime;][\/vc_column][vc_column width=\u00a0\u00bb6\/12&Prime;][\/vc_column][vc_column width=\u00a0\u00bb3\/12&Prime;][\/vc_column][\/vc_row][vc_row full_height=\u00a0\u00bbyes\u00a0\u00bb equal_height=\u00a0\u00bbyes\u00a0\u00bb content_placement=\u00a0\u00bbmiddle\u00a0\u00bb][vc_column][vc_row_inner row_inner_color=\u00a0\u00bbwhite\u00a0\u00bb row_inner_padding=\u00a0\u00bb45px\u00a0\u00bb row_inner_margin_bottom=\u00a0\u00bb60px\u00a0\u00bb][vc_column_inner width=\u00a0\u00bb1\/2&Prime;][\/vc_column_inner][vc_column_inner width=\u00a0\u00bb1\/2&Prime;][\/vc_column_inner][\/vc_row_inner][vc_row_inner equal_height=\u00a0\u00bbyes\u00a0\u00bb content_placement=\u00a0\u00bbbottom\u00a0\u00bb row_inner_color=\u00a0\u00bbwhite\u00a0\u00bb row_inner_padding=\u00a0\u00bb45px\u00a0\u00bb][vc_column_inner width=\u00a0\u00bb1\/2&Prime;][\/vc_column_inner][vc_column_inner width=\u00a0\u00bb1\/2&Prime;][\/vc_column_inner][\/vc_row_inner][\/vc_column][\/vc_row]","og_url":"https:\/\/impact.ontwikkeladres.nl\/fr\/candidats\/faq\/","og_site_name":"IMPACT","article_publisher":"https:\/\/www.facebook.com\/jobs.impact","article_modified_time":"2025-11-05T16:00:20+00:00","og_image":[{"width":1200,"height":675,"url":"https:\/\/impact.ontwikkeladres.nl\/wp-content\/uploads\/2025\/11\/Social-share.jpg","type":"image\/jpeg"}],"twitter_card":"summary_large_image","twitter_misc":{"Dur\u00e9e de lecture estim\u00e9e":"4 minutes"},"schema":{"@context":"https:\/\/schema.org","@graph":[{"@type":"WebPage","@id":"https:\/\/impact.ontwikkeladres.nl\/fr\/candidats\/faq\/","url":"https:\/\/impact.ontwikkeladres.nl\/fr\/candidats\/faq\/","name":"FAQ | IMPACT","isPartOf":{"@id":"https:\/\/impact.ontwikkeladres.nl\/fr\/#website"},"datePublished":"2025-09-24T09:27:06+00:00","dateModified":"2025-11-05T16:00:20+00:00","breadcrumb":{"@id":"https:\/\/impact.ontwikkeladres.nl\/fr\/candidats\/faq\/#breadcrumb"},"inLanguage":"fr-FR","potentialAction":[{"@type":"ReadAction","target":["https:\/\/impact.ontwikkeladres.nl\/fr\/candidats\/faq\/"]}]},{"@type":"BreadcrumbList","@id":"https:\/\/impact.ontwikkeladres.nl\/fr\/candidats\/faq\/#breadcrumb","itemListElement":[{"@type":"ListItem","position":1,"name":"Home","item":"https:\/\/impact.ontwikkeladres.nl\/fr\/"},{"@type":"ListItem","position":2,"name":"Les candidats","item":"https:\/\/impact.ontwikkeladres.nl\/fr\/"},{"@type":"ListItem","position":3,"name":"FAQ"}]},{"@type":"WebSite","@id":"https:\/\/impact.ontwikkeladres.nl\/fr\/#website","url":"https:\/\/impact.ontwikkeladres.nl\/fr\/","name":"IMPACT","description":"Impact website","inLanguage":"fr-FR"}]}},"_links":{"self":[{"href":"https:\/\/impact.ontwikkeladres.nl\/fr\/wp-json\/wp\/v2\/pages\/7999","targetHints":{"allow":["GET"]}}],"collection":[{"href":"https:\/\/impact.ontwikkeladres.nl\/fr\/wp-json\/wp\/v2\/pages"}],"about":[{"href":"https:\/\/impact.ontwikkeladres.nl\/fr\/wp-json\/wp\/v2\/types\/page"}],"author":[{"embeddable":true,"href":"https:\/\/impact.ontwikkeladres.nl\/fr\/wp-json\/wp\/v2\/users\/1"}],"replies":[{"embeddable":true,"href":"https:\/\/impact.ontwikkeladres.nl\/fr\/wp-json\/wp\/v2\/comments?post=7999"}],"version-history":[{"count":14,"href":"https:\/\/impact.ontwikkeladres.nl\/fr\/wp-json\/wp\/v2\/pages\/7999\/revisions"}],"predecessor-version":[{"id":8038,"href":"https:\/\/impact.ontwikkeladres.nl\/fr\/wp-json\/wp\/v2\/pages\/7999\/revisions\/8038"}],"up":[{"embeddable":true,"href":"https:\/\/impact.ontwikkeladres.nl\/fr\/wp-json\/wp\/v2\/pages\/5223"}],"wp:attachment":[{"href":"https:\/\/impact.ontwikkeladres.nl\/fr\/wp-json\/wp\/v2\/media?parent=7999"}],"curies":[{"name":"wp","href":"https:\/\/api.w.org\/{rel}","templated":true}]}}