{"id":8006,"date":"2025-09-24T12:00:53","date_gmt":"2025-09-24T10:00:53","guid":{"rendered":"https:\/\/impact.ontwikkeladres.nl\/candidats\/faq\/les-eleves\/"},"modified":"2025-11-23T20:22:27","modified_gmt":"2025-11-23T19:22:27","slug":"les-eleves","status":"publish","type":"page","link":"https:\/\/impact.ontwikkeladres.nl\/fr\/candidats\/faq\/les-eleves\/","title":{"rendered":"Les \u00e9l\u00e8ves"},"content":{"rendered":"<div class=\"wpb-content-wrapper\"><p>[vc_row full_width=\u00a0\u00bbstretch_row\u00a0\u00bb content_placement=\u00a0\u00bbbottom\u00a0\u00bb row_height=\u00a0\u00bbrow_400px\u00a0\u00bb bg_color=\u00a0\u00bbbg_green\u00a0\u00bb css=\u00a0\u00bb.vc_custom_1758785714205{background-color: bg_green !important;}\u00a0\u00bb][vc_column]\n        <div class=\"sd-block-breadcrumb  align-left color-white marginbottom-30px\n        \">\n            <ul id=\"breadcrumbs\" class=\"breadcrumbs\"><\/ul>\n        <\/div>\n        <div class=\"sd-block-title \">\n            <h1 class=\"sd-block-title-htag  marginbottom-0px align-left color-white\n            \">\n\t\t\t\t\n            \tLes \u00e9l\u00e8ves\n\t\t\t<\/h1>\n        <\/div>[\/vc_column][\/vc_row][vc_row full_width=\u00a0\u00bbstretch_row\u00a0\u00bb bg_color=\u00a0\u00bbbg_gray\u00a0\u00bb][vc_column]\r\n            <div class=\"sd-tabs vertical\">\r\n                <div class=\"sd-tabs-title-container\">\r\n                    \r\n                            <div class=\"sd-tabs-title active title-0\">\r\n                                \n        <div class=\"sd-block-title \">\n            <h3 class=\"sd-block-title-htag  marginbottom-0px align-left color-mint font-middle\n            \">\n\t\t\t\t\n            \t\u00bbEmplois\n\t\t\t<\/h3>\n        <\/div>\r\n                            <\/div>\r\n                        \r\n                            <div class=\"sd-tabs-title title-1\">\r\n                                \n        <div class=\"sd-block-title \">\n            <h3 class=\"sd-block-title-htag  marginbottom-0px align-left color-mint font-middle\n            \">\n\t\t\t\t\n            \t\u00bbStages\n\t\t\t<\/h3>\n        <\/div>\r\n                            <\/div>\r\n                        \r\n                <\/div>\r\n                <div class=\"sd-tabs-content-container\">\r\n                            <div class=\"sd-tabs-content active content-0\">\r\n                                \n        <div class=\"sd-block-title \">\n            <h2 class=\"sd-block-title-htag  marginbottom-45px align-left color-white font-middle\n            \">\n\t\t\t\t\n            \tEmplois \u00e9tudiants\n\t\t\t<\/h2>\n        <\/div>\r\n        <div class=\"sd-block-faq  marginbottom-30px\">\r\n            <div class=\"faq-inner \">\r\n                <div class=\"faq-title\">\r\n                    \n        <div class=\"sd-block-title \">\n            <h3 class=\"sd-block-title-htag  marginbottom-0px align-left color-black font-mini\n            \">\n\t\t\t\t\n            \tIMPACT propose-t-elle des emplois pour les \u00e9tudiants ?\n\t\t\t<\/h3>\n        <\/div>\r\n                    <div class=\"icon-container\">\r\n                        <svg xmlns=\"http:\/\/www.w3.org\/2000\/svg\" viewBox=\"0 0 14 14\"><path fill=\"currentColor\" d=\"M6,8H0V6h6V0h2v6h6v2H8v6H6V8z\"\/><\/svg>\r\n                    <\/div>\r\n                <\/div>\r\n                <div class=\"faq-content\">\r\n                    \r\n        <div class=\"sd-block-text  marginbottom-0px color-white\r\n        \">\r\n        \t\r\n            <p>Absolument ! Beaucoup d&rsquo;\u00e9tudiants aiment gagner un peu d&rsquo;argent \u00e0 c\u00f4t\u00e9. IMPACT est heureux de t&rsquo;aider \u00e0 faire tes premiers pas sur le march\u00e9 du travail. Contacte nos <a href=\"https:\/\/impact.ontwikkeladres.nl\/fr\/candidats\/nos-bureaux\/\">bureaux<\/a> pour obtenir plus d&rsquo;informations sur le large \u00e9ventail d&#8217;emplois !<\/p>\n\r\n        <\/div>\r\n                <\/div>\r\n            <\/div>\r\n        <\/div>\r\n        <div class=\"sd-block-faq  marginbottom-30px\">\r\n            <div class=\"faq-inner \">\r\n                <div class=\"faq-title\">\r\n                    \n        <div class=\"sd-block-title \">\n            <h3 class=\"sd-block-title-htag  marginbottom-0px align-left color-black font-mini\n            \">\n\t\t\t\t\n            \tPuis-je travailler en tant qu'\u00e9tudiant ?\n\t\t\t<\/h3>\n        <\/div>\r\n                    <div class=\"icon-container\">\r\n                        <svg xmlns=\"http:\/\/www.w3.org\/2000\/svg\" viewBox=\"0 0 14 14\"><path fill=\"currentColor\" d=\"M6,8H0V6h6V0h2v6h6v2H8v6H6V8z\"\/><\/svg>\r\n                    <\/div>\r\n                <\/div>\r\n                <div class=\"faq-content\">\r\n                    \r\n        <div class=\"sd-block-text  marginbottom-0px color-white\r\n        \">\r\n        \t\r\n            <p>Tu as au moins 16 ans ou tu as d\u00e9j\u00e0 termin\u00e9 les deux premi\u00e8res ann\u00e9es de ton enseignement secondaire \u00e0 15 ans ? Alors tu peux te lancer en tant qu&rsquo;\u00e9tudiant jobiste.<\/p>\n<p>Si tu n&rsquo;as plus l&rsquo;\u00e2ge de la scolarit\u00e9 obligatoire (et donc plus de 18 ans), tu ne peux travailler comme jobiste que si tu suis encore des cours. Si tu fr\u00e9quentes l&rsquo;\u00e9cole \u00e0 temps partiel, dans certains cas, tu ne peux plus travailler en tant qu&rsquo;\u00e9tudiant jobiste.<\/p>\n<p><strong>Ne manque pas de consulter <a href=\"https:\/\/www.mysocialsecurity.be\/student\/nl\/index.html\" target=\"_blank\" rel=\"noopener\">student@work<\/a> pour obtenir des conseils utiles.<\/strong><\/p>\n\r\n        <\/div>\r\n                <\/div>\r\n            <\/div>\r\n        <\/div>\r\n        <div class=\"sd-block-faq  marginbottom-30px\">\r\n            <div class=\"faq-inner \">\r\n                <div class=\"faq-title\">\r\n                    \n        <div class=\"sd-block-title \">\n            <h3 class=\"sd-block-title-htag  marginbottom-0px align-left color-black font-mini\n            \">\n\t\t\t\t\n            \tCombien de jours puis-je travailler en tant qu'\u00e9tudiant jobiste ?\n\t\t\t<\/h3>\n        <\/div>\r\n                    <div class=\"icon-container\">\r\n                        <svg xmlns=\"http:\/\/www.w3.org\/2000\/svg\" viewBox=\"0 0 14 14\"><path fill=\"currentColor\" d=\"M6,8H0V6h6V0h2v6h6v2H8v6H6V8z\"\/><\/svg>\r\n                    <\/div>\r\n                <\/div>\r\n                <div class=\"faq-content\">\r\n                    \r\n        <div class=\"sd-block-text  marginbottom-0px color-white\r\n        \">\r\n        \t\r\n            <p>Chaque ann\u00e9e, le gouvernement t&rsquo;autorise \u00e0 travailler 650 heures en tant qu&rsquo;\u00e9tudiant salari\u00e9. Tant que tu ne d\u00e9passes pas ces 650 heures, tu paies moins de cotisations sociales qu&rsquo;un salari\u00e9 normal. Sur <a href=\"https:\/\/www.mysocialsecurity.be\/student\/nl\/index.html\" target=\"_blank\" rel=\"noopener\">student@work<\/a>, tu peux v\u00e9rifier le nombre de jours ou d&rsquo;heures qu&rsquo;il te reste. Tu peux \u00e9galement imprimer un certificat indiquant le nombre d&rsquo;heures restantes. Un employeur potentiel peut demander cette attestation pour s&rsquo;assurer que tu n&rsquo;as pas \u00e9puis\u00e9 tes heures.<\/p>\n\r\n        <\/div>\r\n                <\/div>\r\n            <\/div>\r\n        <\/div>\r\n        <div class=\"sd-block-faq  marginbottom-30px\">\r\n            <div class=\"faq-inner \">\r\n                <div class=\"faq-title\">\r\n                    \n        <div class=\"sd-block-title \">\n            <h3 class=\"sd-block-title-htag  marginbottom-0px align-left color-black font-mini\n            \">\n\t\t\t\t\n            \tPuis-je travailler plus de 650 heures en tant qu'\u00e9tudiant salari\u00e9 ?\n\t\t\t<\/h3>\n        <\/div>\r\n                    <div class=\"icon-container\">\r\n                        <svg xmlns=\"http:\/\/www.w3.org\/2000\/svg\" viewBox=\"0 0 14 14\"><path fill=\"currentColor\" d=\"M6,8H0V6h6V0h2v6h6v2H8v6H6V8z\"\/><\/svg>\r\n                    <\/div>\r\n                <\/div>\r\n                <div class=\"faq-content\">\r\n                    \r\n        <div class=\"sd-block-text  marginbottom-0px color-white\r\n        \">\r\n        \t\r\n            <p>En tant qu&rsquo;\u00e9tudiant jobiste, veux-tu travailler plus que les 650 heures qui te sont accord\u00e9es par le gouvernement ? Tu peux, mais tu perds alors le b\u00e9n\u00e9fice de la r\u00e9duction des cotisations sociales. A partir de la 651e heure, les cotisations sociales normales sont dues. Attention : tu conserves bien ton statut d&rsquo;\u00e9tudiant pendant ces jours suppl\u00e9mentaires, tu dois donc avoir un contrat d&rsquo;\u00e9tudiant.<\/p>\n\r\n        <\/div>\r\n                <\/div>\r\n            <\/div>\r\n        <\/div>\r\n        <div class=\"sd-block-faq  marginbottom-30px\">\r\n            <div class=\"faq-inner \">\r\n                <div class=\"faq-title\">\r\n                    \n        <div class=\"sd-block-title \">\n            <h3 class=\"sd-block-title-htag  marginbottom-0px align-left color-black font-mini\n            \">\n\t\t\t\t\n            \tPuis-je travailler en tant qu'\u00e9tudiant jobiste uniquement pendant les mois d'\u00e9t\u00e9 ?\n\t\t\t<\/h3>\n        <\/div>\r\n                    <div class=\"icon-container\">\r\n                        <svg xmlns=\"http:\/\/www.w3.org\/2000\/svg\" viewBox=\"0 0 14 14\"><path fill=\"currentColor\" d=\"M6,8H0V6h6V0h2v6h6v2H8v6H6V8z\"\/><\/svg>\r\n                    <\/div>\r\n                <\/div>\r\n                <div class=\"faq-content\">\r\n                    \r\n        <div class=\"sd-block-text  marginbottom-0px color-white\r\n        \">\r\n        \t\r\n            <p>Absolument pas ! Tu choisis quand tu travailles et pendant combien de temps. Veux-tu passer 475 heures \u00e0 vendre des friscos dans tous les festivals de l&rsquo;\u00e9t\u00e9 ? Tu peux le faire. Veux-tu garder quelques jours pour faire des petits boulots ailleurs plus tard dans l&rsquo;ann\u00e9e ? Cela ne pose aucun probl\u00e8me. M\u00eame si, bien s\u00fbr, \u00e0 IMPACT, nous pr\u00e9f\u00e9rerions que tu te joignes \u00e0 nous. Quoi que tu fasses, assure-toi de :<\/p>\n<ul class=\"checks\">\n<li>Ne travaille pas plus que ton nombre maximum de 475 heures ;<\/li>\n<li>l\u00e0 pour les cours et les activit\u00e9s scolaires : \u00e0 ces moments-l\u00e0, tu ne peux pas travailler en tant qu&rsquo;\u00e9tudiant.<\/li>\n<\/ul>\n\r\n        <\/div>\r\n                <\/div>\r\n            <\/div>\r\n        <\/div>\r\n        <div class=\"sd-block-faq  marginbottom-30px\">\r\n            <div class=\"faq-inner \">\r\n                <div class=\"faq-title\">\r\n                    \n        <div class=\"sd-block-title \">\n            <h3 class=\"sd-block-title-htag  marginbottom-0px align-left color-black font-mini\n            \">\n\t\t\t\t\n            \t\u00c0 quel salaire ai-je droit en tant qu'\u00e9tudiant en emploi ?\n\t\t\t<\/h3>\n        <\/div>\r\n                    <div class=\"icon-container\">\r\n                        <svg xmlns=\"http:\/\/www.w3.org\/2000\/svg\" viewBox=\"0 0 14 14\"><path fill=\"currentColor\" d=\"M6,8H0V6h6V0h2v6h6v2H8v6H6V8z\"\/><\/svg>\r\n                    <\/div>\r\n                <\/div>\r\n                <div class=\"faq-content\">\r\n                    \r\n        <div class=\"sd-block-text  marginbottom-0px color-white\r\n        \">\r\n        \t\r\n            <p>Dans la plupart des branches, des conventions collectives et donc des salaires (minimaux) sont convenus. S&rsquo;il n&rsquo;y a pas de convention, ton salaire est d\u00e9termin\u00e9 sur base du salaire mensuel minimum moyen. Ce montant change sporadiquement, mais sur le site web du <a href=\"https:\/\/werk.belgie.be\/nl\/themas\/arbeidsovereenkomsten\/bijzondere-arbeidsovereenkomsten\/overeenkomst-voor-tewerkstelling-van#toc_heading_7\" target=\"_blank\" rel=\"noopener\">SPF Emploi, Travail et Concertation sociale<\/a>, tu trouveras toujours les donn\u00e9es les plus r\u00e9centes.<\/p>\n\r\n        <\/div>\r\n                <\/div>\r\n            <\/div>\r\n        <\/div>\r\n                            <\/div>\r\n                        \r\n                            <div class=\"sd-tabs-content content-1\">\r\n                                \n        <div class=\"sd-block-title \">\n            <h2 class=\"sd-block-title-htag  marginbottom-45px align-left color-white font-middle\n            \">\n\t\t\t\t\n            \tStages\n\t\t\t<\/h2>\n        <\/div>\r\n        <div class=\"sd-block-faq  marginbottom-30px\">\r\n            <div class=\"faq-inner \">\r\n                <div class=\"faq-title\">\r\n                    \n        <div class=\"sd-block-title \">\n            <h3 class=\"sd-block-title-htag  marginbottom-0px align-left color-black font-mini\n            \">\n\t\t\t\t\n            \tIMPACT propose-t-elle des stages ?\n\t\t\t<\/h3>\n        <\/div>\r\n                    <div class=\"icon-container\">\r\n                        <svg xmlns=\"http:\/\/www.w3.org\/2000\/svg\" viewBox=\"0 0 14 14\"><path fill=\"currentColor\" d=\"M6,8H0V6h6V0h2v6h6v2H8v6H6V8z\"\/><\/svg>\r\n                    <\/div>\r\n                <\/div>\r\n                <div class=\"faq-content\">\r\n                    \r\n        <div class=\"sd-block-text  marginbottom-0px color-white\r\n        \">\r\n        \t\r\n            <p>Les stagiaires enthousiastes et assidus sont toujours les bienvenus ! Tu peux rejoindre IMPACT pour des stages de quelques semaines \u00e0 quelques mois, selon le type de stage que tu souhaites. Envoie-nous un <a href=\"https:\/\/impact.ontwikkeladres.nl\/en\/work-at-impact\/traineeships\/\">courriel<\/a> en temps voulu et nous te r\u00e9pondrons rapidement !<\/p>\n\r\n        <\/div>\r\n                <\/div>\r\n            <\/div>\r\n        <\/div>\r\n                            <\/div>\r\n                        \r\n                <\/div>\r\n            <\/div>\r\n        [vc_row_inner content_placement=\u00a0\u00bbmiddle\u00a0\u00bb][vc_column_inner width=\u00a0\u00bb1\/12&Prime;][\/vc_column_inner][vc_column_inner width=\u00a0\u00bb10\/12&Prime;]\r\n        <div class=\"sd-block-text  marginbottom-30px color-white\r\n        \">\r\n        \t\r\n            <p style=\"text-align: center;\">N&rsquo;est-ce pas une r\u00e9ponse \u00e0 ta question ? <a class=\"label-16 c-button c-faq-cat__help-link\" href=\"https:\/\/impact.ontwikkeladres.nl\/fr\/candidats\/contact\/\">Contact<\/a><\/p>\n\r\n        <\/div>[\/vc_column_inner][vc_column_inner width=\u00a0\u00bb1\/12&Prime;][\/vc_column_inner][\/vc_row_inner][\/vc_column][\/vc_row]<\/p>\n<\/div>","protected":false},"excerpt":{"rendered":"<p>[vc_row full_width=\u00a0\u00bbstretch_row\u00a0\u00bb content_placement=\u00a0\u00bbbottom\u00a0\u00bb row_height=\u00a0\u00bbrow_400px\u00a0\u00bb bg_color=\u00a0\u00bbbg_green\u00a0\u00bb css=\u00a0\u00bb.vc_custom_1758785714205{background-color: bg_green !important;}\u00a0\u00bb][vc_column][\/vc_column][\/vc_row][vc_row full_width=\u00a0\u00bbstretch_row\u00a0\u00bb bg_color=\u00a0\u00bbbg_gray\u00a0\u00bb][vc_column][vc_row_inner content_placement=\u00a0\u00bbmiddle\u00a0\u00bb][vc_column_inner width=\u00a0\u00bb1\/12&Prime;][\/vc_column_inner][vc_column_inner width=\u00a0\u00bb10\/12&Prime;][\/vc_column_inner][vc_column_inner width=\u00a0\u00bb1\/12&Prime;][\/vc_column_inner][\/vc_row_inner][\/vc_column][\/vc_row]<\/p>\n","protected":false},"author":1,"featured_media":0,"parent":7999,"menu_order":0,"comment_status":"closed","ping_status":"closed","template":"","meta":{"_acf_changed":false,"footnotes":""},"class_list":["post-8006","page","type-page","status-publish","hentry"],"acf":[],"yoast_head":"<!-- This site is optimized with the Yoast SEO plugin v26.8 - https:\/\/yoast.com\/product\/yoast-seo-wordpress\/ -->\n<title>Les \u00e9l\u00e8ves | IMPACT<\/title>\n<meta name=\"robots\" content=\"noindex, follow, max-snippet:-1, max-image-preview:large, max-video-preview:-1\" \/>\n<meta property=\"og:locale\" content=\"fr_FR\" \/>\n<meta property=\"og:type\" content=\"article\" \/>\n<meta property=\"og:title\" content=\"Les \u00e9l\u00e8ves | IMPACT\" \/>\n<meta property=\"og:description\" content=\"[vc_row full_width=\u00a0\u00bbstretch_row\u00a0\u00bb content_placement=\u00a0\u00bbbottom\u00a0\u00bb row_height=\u00a0\u00bbrow_400px\u00a0\u00bb bg_color=\u00a0\u00bbbg_green\u00a0\u00bb css=\u00a0\u00bb.vc_custom_1758785714205{background-color: bg_green !important;}\u00a0\u00bb][vc_column][\/vc_column][\/vc_row][vc_row full_width=\u00a0\u00bbstretch_row\u00a0\u00bb bg_color=\u00a0\u00bbbg_gray\u00a0\u00bb][vc_column][vc_row_inner content_placement=\u00a0\u00bbmiddle\u00a0\u00bb][vc_column_inner width=\u00a0\u00bb1\/12&Prime;][\/vc_column_inner][vc_column_inner width=\u00a0\u00bb10\/12&Prime;][\/vc_column_inner][vc_column_inner width=\u00a0\u00bb1\/12&Prime;][\/vc_column_inner][\/vc_row_inner][\/vc_column][\/vc_row]\" \/>\n<meta property=\"og:url\" content=\"https:\/\/impact.ontwikkeladres.nl\/fr\/candidats\/faq\/les-eleves\/\" \/>\n<meta property=\"og:site_name\" content=\"IMPACT\" \/>\n<meta property=\"article:publisher\" content=\"https:\/\/www.facebook.com\/jobs.impact\" \/>\n<meta property=\"article:modified_time\" content=\"2025-11-23T19:22:27+00:00\" \/>\n<meta property=\"og:image\" content=\"https:\/\/impact.ontwikkeladres.nl\/wp-content\/uploads\/2025\/11\/Social-share.jpg\" \/>\n\t<meta property=\"og:image:width\" content=\"1200\" \/>\n\t<meta property=\"og:image:height\" content=\"675\" \/>\n\t<meta property=\"og:image:type\" content=\"image\/jpeg\" \/>\n<meta name=\"twitter:card\" content=\"summary_large_image\" \/>\n<meta name=\"twitter:label1\" content=\"Dur\u00e9e de lecture estim\u00e9e\" \/>\n\t<meta name=\"twitter:data1\" content=\"3 minutes\" \/>\n<script type=\"application\/ld+json\" class=\"yoast-schema-graph\">{\"@context\":\"https:\/\/schema.org\",\"@graph\":[{\"@type\":\"WebPage\",\"@id\":\"https:\/\/impact.ontwikkeladres.nl\/fr\/candidats\/faq\/les-eleves\/\",\"url\":\"https:\/\/impact.ontwikkeladres.nl\/fr\/candidats\/faq\/les-eleves\/\",\"name\":\"Les \u00e9l\u00e8ves | IMPACT\",\"isPartOf\":{\"@id\":\"https:\/\/impact.ontwikkeladres.nl\/fr\/#website\"},\"datePublished\":\"2025-09-24T10:00:53+00:00\",\"dateModified\":\"2025-11-23T19:22:27+00:00\",\"breadcrumb\":{\"@id\":\"https:\/\/impact.ontwikkeladres.nl\/fr\/candidats\/faq\/les-eleves\/#breadcrumb\"},\"inLanguage\":\"fr-FR\",\"potentialAction\":[{\"@type\":\"ReadAction\",\"target\":[\"https:\/\/impact.ontwikkeladres.nl\/fr\/candidats\/faq\/les-eleves\/\"]}]},{\"@type\":\"BreadcrumbList\",\"@id\":\"https:\/\/impact.ontwikkeladres.nl\/fr\/candidats\/faq\/les-eleves\/#breadcrumb\",\"itemListElement\":[{\"@type\":\"ListItem\",\"position\":1,\"name\":\"Home\",\"item\":\"https:\/\/impact.ontwikkeladres.nl\/fr\/\"},{\"@type\":\"ListItem\",\"position\":2,\"name\":\"Les candidats\",\"item\":\"https:\/\/impact.ontwikkeladres.nl\/fr\/\"},{\"@type\":\"ListItem\",\"position\":3,\"name\":\"FAQ\",\"item\":\"https:\/\/impact.ontwikkeladres.nl\/fr\/candidats\/faq\/\"},{\"@type\":\"ListItem\",\"position\":4,\"name\":\"Les \u00e9l\u00e8ves\"}]},{\"@type\":\"WebSite\",\"@id\":\"https:\/\/impact.ontwikkeladres.nl\/fr\/#website\",\"url\":\"https:\/\/impact.ontwikkeladres.nl\/fr\/\",\"name\":\"IMPACT\",\"description\":\"Impact website\",\"inLanguage\":\"fr-FR\"}]}<\/script>\n<!-- \/ Yoast SEO plugin. -->","yoast_head_json":{"title":"Les \u00e9l\u00e8ves | IMPACT","robots":{"index":"noindex","follow":"follow","max-snippet":"max-snippet:-1","max-image-preview":"max-image-preview:large","max-video-preview":"max-video-preview:-1"},"og_locale":"fr_FR","og_type":"article","og_title":"Les \u00e9l\u00e8ves | IMPACT","og_description":"[vc_row full_width=\u00a0\u00bbstretch_row\u00a0\u00bb content_placement=\u00a0\u00bbbottom\u00a0\u00bb row_height=\u00a0\u00bbrow_400px\u00a0\u00bb bg_color=\u00a0\u00bbbg_green\u00a0\u00bb css=\u00a0\u00bb.vc_custom_1758785714205{background-color: bg_green !important;}\u00a0\u00bb][vc_column][\/vc_column][\/vc_row][vc_row full_width=\u00a0\u00bbstretch_row\u00a0\u00bb bg_color=\u00a0\u00bbbg_gray\u00a0\u00bb][vc_column][vc_row_inner content_placement=\u00a0\u00bbmiddle\u00a0\u00bb][vc_column_inner width=\u00a0\u00bb1\/12&Prime;][\/vc_column_inner][vc_column_inner width=\u00a0\u00bb10\/12&Prime;][\/vc_column_inner][vc_column_inner width=\u00a0\u00bb1\/12&Prime;][\/vc_column_inner][\/vc_row_inner][\/vc_column][\/vc_row]","og_url":"https:\/\/impact.ontwikkeladres.nl\/fr\/candidats\/faq\/les-eleves\/","og_site_name":"IMPACT","article_publisher":"https:\/\/www.facebook.com\/jobs.impact","article_modified_time":"2025-11-23T19:22:27+00:00","og_image":[{"width":1200,"height":675,"url":"https:\/\/impact.ontwikkeladres.nl\/wp-content\/uploads\/2025\/11\/Social-share.jpg","type":"image\/jpeg"}],"twitter_card":"summary_large_image","twitter_misc":{"Dur\u00e9e de lecture estim\u00e9e":"3 minutes"},"schema":{"@context":"https:\/\/schema.org","@graph":[{"@type":"WebPage","@id":"https:\/\/impact.ontwikkeladres.nl\/fr\/candidats\/faq\/les-eleves\/","url":"https:\/\/impact.ontwikkeladres.nl\/fr\/candidats\/faq\/les-eleves\/","name":"Les \u00e9l\u00e8ves | IMPACT","isPartOf":{"@id":"https:\/\/impact.ontwikkeladres.nl\/fr\/#website"},"datePublished":"2025-09-24T10:00:53+00:00","dateModified":"2025-11-23T19:22:27+00:00","breadcrumb":{"@id":"https:\/\/impact.ontwikkeladres.nl\/fr\/candidats\/faq\/les-eleves\/#breadcrumb"},"inLanguage":"fr-FR","potentialAction":[{"@type":"ReadAction","target":["https:\/\/impact.ontwikkeladres.nl\/fr\/candidats\/faq\/les-eleves\/"]}]},{"@type":"BreadcrumbList","@id":"https:\/\/impact.ontwikkeladres.nl\/fr\/candidats\/faq\/les-eleves\/#breadcrumb","itemListElement":[{"@type":"ListItem","position":1,"name":"Home","item":"https:\/\/impact.ontwikkeladres.nl\/fr\/"},{"@type":"ListItem","position":2,"name":"Les candidats","item":"https:\/\/impact.ontwikkeladres.nl\/fr\/"},{"@type":"ListItem","position":3,"name":"FAQ","item":"https:\/\/impact.ontwikkeladres.nl\/fr\/candidats\/faq\/"},{"@type":"ListItem","position":4,"name":"Les \u00e9l\u00e8ves"}]},{"@type":"WebSite","@id":"https:\/\/impact.ontwikkeladres.nl\/fr\/#website","url":"https:\/\/impact.ontwikkeladres.nl\/fr\/","name":"IMPACT","description":"Impact website","inLanguage":"fr-FR"}]}},"_links":{"self":[{"href":"https:\/\/impact.ontwikkeladres.nl\/fr\/wp-json\/wp\/v2\/pages\/8006","targetHints":{"allow":["GET"]}}],"collection":[{"href":"https:\/\/impact.ontwikkeladres.nl\/fr\/wp-json\/wp\/v2\/pages"}],"about":[{"href":"https:\/\/impact.ontwikkeladres.nl\/fr\/wp-json\/wp\/v2\/types\/page"}],"author":[{"embeddable":true,"href":"https:\/\/impact.ontwikkeladres.nl\/fr\/wp-json\/wp\/v2\/users\/1"}],"replies":[{"embeddable":true,"href":"https:\/\/impact.ontwikkeladres.nl\/fr\/wp-json\/wp\/v2\/comments?post=8006"}],"version-history":[{"count":4,"href":"https:\/\/impact.ontwikkeladres.nl\/fr\/wp-json\/wp\/v2\/pages\/8006\/revisions"}],"predecessor-version":[{"id":12954,"href":"https:\/\/impact.ontwikkeladres.nl\/fr\/wp-json\/wp\/v2\/pages\/8006\/revisions\/12954"}],"up":[{"embeddable":true,"href":"https:\/\/impact.ontwikkeladres.nl\/fr\/wp-json\/wp\/v2\/pages\/7999"}],"wp:attachment":[{"href":"https:\/\/impact.ontwikkeladres.nl\/fr\/wp-json\/wp\/v2\/media?parent=8006"}],"curies":[{"name":"wp","href":"https:\/\/api.w.org\/{rel}","templated":true}]}}