{"id":8014,"date":"2025-09-04T17:30:15","date_gmt":"2025-09-04T15:30:15","guid":{"rendered":"https:\/\/impact.ontwikkeladres.nl\/candidats\/les-droits-de-lhomme\/"},"modified":"2025-11-12T12:35:45","modified_gmt":"2025-11-12T11:35:45","slug":"conditions-utilisation","status":"publish","type":"page","link":"https:\/\/impact.ontwikkeladres.nl\/fr\/candidats\/conditions-utilisation\/","title":{"rendered":"Conditions utilisation"},"content":{"rendered":"<div class=\"wpb-content-wrapper\"><p>[vc_row][vc_column width=\u00a0\u00bb1\/6&Prime;][\/vc_column][vc_column width=\u00a0\u00bb4\/6&Prime;]\n        <div class=\"sd-block-title \">\n            <h1 class=\"sd-block-title-htag  marginbottom-30px align-left color-dark_gray\n            \">\n\t\t\t\t\n            \tConditions d'utilisation www.impact.be\/fr\n\t\t\t<\/h1>\n        <\/div>\r\n        <div class=\"sd-block-text  marginbottom-30px color-gray_dark\r\n        \">\r\n        \t\r\n            <p>Ce site web est la propri\u00e9t\u00e9 de IMPACT NV, dont le si\u00e8ge social est situ\u00e9 \u00e0 Genkersteenweg 379a, 3500 Hasselt, et enregistr\u00e9 aupr\u00e8s de la Crossroads Bank for Entreprises sous le num\u00e9ro 0464.633.166. (Ci-apr\u00e8s appel\u00e9 &lsquo;IMPACT&rsquo;, &lsquo;nous&rsquo;, &lsquo;notre&rsquo;)<\/p>\n<p>Veuillez lire attentivement ces conditions d&rsquo;utilisation avant d&rsquo;utiliser ce site web. En utilisant le site, vous acceptez les pr\u00e9sentes conditions d&rsquo;utilisation en tant qu&rsquo;utilisateur et acceptez sans r\u00e9serve de vous y conformer. Si vous n&rsquo;acceptez pas ces conditions, veuillez ne pas continuer \u00e0 utiliser notre site web.<\/p>\n<p>Nous nous r\u00e9servons le droit de modifier ces conditions d&rsquo;utilisation selon notre appr\u00e9ciation. Il est donc recommand\u00e9 de consulter r\u00e9guli\u00e8rement les conditions d&rsquo;utilisation.<\/p>\n\r\n        <\/div>\n        <div class=\"sd-block-title \">\n            <h2 class=\"sd-block-title-htag  marginbottom-30px align-left color-dark_gray\n            \">\n\t\t\t\t\n            \t1. Propri\u00e9t\u00e9 intellectuelle\n\t\t\t<\/h2>\n        <\/div>\r\n        <div class=\"sd-block-text  marginbottom-30px color-gray_dark\r\n        \">\r\n        \t\r\n            <p>Ce site web contient des logos, slogans, photos, illustrations, informations, textes, notices, articles, fonctions et autres \u00e9l\u00e9ments l\u00e9galement prot\u00e9g\u00e9s par le droit des marques, le droit d&rsquo;auteur et\/ou d&rsquo;autres droits de propri\u00e9t\u00e9 (ci-apr\u00e8s d\u00e9nomm\u00e9 \u00ab contenu prot\u00e9g\u00e9 \u00bb).<\/p>\n<p>Sauf indication contraire, pour le contenu prot\u00e9g\u00e9, un droit d&rsquo;acc\u00e8s et d&rsquo;affichage non exclusif et limit\u00e9 est autoris\u00e9 pour votre utilisation personnelle et non commerciale. Toute forme de copie, distribution, reproduction du contenu prot\u00e9g\u00e9 sans l&rsquo;autorisation pr\u00e9alable de IMPACT est interdite. Les demandes d&rsquo;autorisation doivent \u00eatre adress\u00e9es \u00e0 : marketing@impact.be<\/p>\n\r\n        <\/div>\n        <div class=\"sd-block-title \">\n            <h2 class=\"sd-block-title-htag  marginbottom-30px align-left color-dark_gray\n            \">\n\t\t\t\t\n            \t2. Vie priv\u00e9e\n\t\t\t<\/h2>\n        <\/div>\r\n        <div class=\"sd-block-text  marginbottom-30px color-gray_dark\r\n        \">\r\n        \t\r\n            <p>Votre vie priv\u00e9e et la s\u00e9curit\u00e9 de vos donn\u00e9es personnelles sont importantes pour nous. Les donn\u00e9es collect\u00e9es par le biais de l&rsquo;utilisation de ce site web ne seront trait\u00e9es que de la mani\u00e8re d\u00e9crite dans notre politique de confidentialit\u00e9. Vous trouverez plus d&rsquo;informations \u00e0 ce sujet dans le cadre de traitement des donn\u00e9es des candidats ici et des employeurs ici.<\/p>\n\r\n        <\/div>\n        <div class=\"sd-block-title \">\n            <h2 class=\"sd-block-title-htag  marginbottom-30px align-left color-dark_gray\n            \">\n\t\t\t\t\n            \t3. Responsabilit\u00e9s\n\t\t\t<\/h2>\n        <\/div>\r\n        <div class=\"sd-block-text  marginbottom-30px color-gray_dark\r\n        \">\r\n        \t\r\n            <p>Nous prenons le plus grand soin pour nous assurer que le contenu affich\u00e9 sur ce site est \u00e0 jour, complet et correct.<\/p>\n<p>Cependant, IMPACT ne peut en aucun cas \u00eatre tenu responsable de l\u2019exactitude ou de l\u2019exhaustivit\u00e9. Vous acceptez cela en tant qu&rsquo;utilisateur, et acceptez explicitement que nous ne sommes pas tenus responsables de quelque dommage que ce soit qui pourrait r\u00e9sulter de l&rsquo;utilisation du site web.<\/p>\n\r\n        <\/div>\n        <div class=\"sd-block-title \">\n            <h2 class=\"sd-block-title-htag  marginbottom-30px align-left color-dark_gray\n            \">\n\t\t\t\t\n            \t4. Utilisation l\u00e9gitime de ce site web\n\t\t\t<\/h2>\n        <\/div>\r\n        <div class=\"sd-block-text  marginbottom-30px color-gray_dark\r\n        \">\r\n        \t\r\n            <p>En utilisant le site web, l&rsquo;utilisateur s&rsquo;engage \u00e0 utiliser le site web conform\u00e9ment aux pr\u00e9sentes conditions d&rsquo;utilisation et \u00e0 la politique de confidentialit\u00e9. Vous agissez en tant qu&rsquo;utilisateur Internet responsable et attentif. Si vous y \u00eates invit\u00e9, vous fournissez des informations correctes, \u00e0 jour et compl\u00e8tes.<\/p>\n<p>Vous n&rsquo;agissez pas de mani\u00e8re \u00e0 nuire \u00e0 IMPACT. Vous vous assurez que l&rsquo;acc\u00e8s au site web ou son fonctionnement ne sont pas perturb\u00e9s. Vous \u00eates responsable de la protection ad\u00e9quate de vos donn\u00e9es, de l\u2019installation des logiciels n\u00e9cessaires, des programmes contre les virus et autres risques similaires.<\/p>\n<p>Sauf disposition contraire de la l\u00e9gislation en vigueur, nous ne sommes pas responsables des pertes ou des dommages caus\u00e9s \u00e0 vos technologies, programmes informatiques, donn\u00e9es ou tout autre mat\u00e9riel suite \u00e0 l\u2019utilisation de ce site web.<\/p>\n\r\n        <\/div>\n        <div class=\"sd-block-title \">\n            <h2 class=\"sd-block-title-htag  marginbottom-30px align-left color-dark_gray\n            \">\n\t\t\t\t\n            \t5. Hyperliens\n\t\t\t<\/h2>\n        <\/div>\r\n        <div class=\"sd-block-text  marginbottom-30px color-gray_dark\r\n        \">\r\n        \t\r\n            <p>IMPACT peut fournir des hyperliens vers des sites web g\u00e9r\u00e9s par des tiers. Ce lien vers des sites web de tiers est uniquement destin\u00e9 \u00e0 fournir des informations.<\/p>\n<p>IMPACT n&rsquo;examine pas le contenu de ces sites web et ne peut donc pas contr\u00f4ler le contenu ou d&rsquo;autres caract\u00e9ristiques de ces sites. Nous ne pouvons donc offrir aucune garantie quant \u00e0 l&rsquo;exhaustivit\u00e9, la disponibilit\u00e9 et l&rsquo;exactitude du contenu disponible via ces hyperliens. Vous \u00eates pleinement conscient du fait que ces sites peuvent \u00eatre soumis \u00e0 des conditions d&rsquo;utilisation autres que celles applicables \u00e0 ce site Web et votre visite sur ces sites est sous votre propre responsabilit\u00e9.<\/p>\n<p>Sans l&rsquo;autorisation \u00e9crite pr\u00e9alable de IMPACT, la cr\u00e9ation d&rsquo;un lien hypertexte vers ce site n&rsquo;est pas autoris\u00e9e. Les demandes d&rsquo;autorisation doivent \u00eatre adress\u00e9es \u00e0 marketing@impact.be.<\/p>\n\r\n        <\/div>\n        <div class=\"sd-block-title \">\n            <h2 class=\"sd-block-title-htag  marginbottom-30px align-left color-dark_gray\n            \">\n\t\t\t\t\n            \t6. Loi en vigueur et tribunal comp\u00e9tent\n\t\t\t<\/h2>\n        <\/div>\r\n        <div class=\"sd-block-text  marginbottom-30px color-gray_dark\r\n        \">\r\n        \t\r\n            <p>La loi belge s&rsquo;applique \u00e0 ces conditions d&rsquo;utilisation. Vous acceptez que toute r\u00e9clamation relative \u00e0 votre utilisation de ce site web ou aux termes et conditions soit port\u00e9e devant les tribunaux de Hasselt.<\/p>\n\r\n        <\/div>\n        <div class=\"sd-block-title \">\n            <h2 class=\"sd-block-title-htag  marginbottom-30px align-left color-dark_gray\n            \">\n\t\t\t\t\n            \t7. Dispositions diverses\n\t\t\t<\/h2>\n        <\/div>\r\n        <div class=\"sd-block-text  marginbottom-30px color-gray_dark\r\n        \">\r\n        \t\r\n            <p>Si une ou plusieurs dispositions de ces conditions d&rsquo;utilisation sont invalides ou ill\u00e9gales, cela ne doit pas affecter les autres dispositions des conditions d&rsquo;utilisation qui restent en vigueur.<\/p>\n<p>Si vous avez des questions, des pr\u00e9occupations ou des r\u00e9clamations concernant ces conditions d&rsquo;utilisation, vous pouvez nous contacter par courrier \u00e9lectronique \u00e0 marketing@impact.be ou par courrier postal \u00e0 l&rsquo;adresse suivante : Hendrik van Veldekesingel 150 bus 81, 3500 Hasselt.<\/p>\n\r\n        <\/div>[\/vc_column][vc_column width=\u00a0\u00bb1\/6&Prime;][\/vc_column][\/vc_row]<\/p>\n<\/div>","protected":false},"excerpt":{"rendered":"<p>[vc_row][vc_column width=\u00a0\u00bb1\/6&Prime;][\/vc_column][vc_column width=\u00a0\u00bb4\/6&Prime;][\/vc_column][vc_column width=\u00a0\u00bb1\/6&Prime;][\/vc_column][\/vc_row]<\/p>\n","protected":false},"author":1,"featured_media":0,"parent":5223,"menu_order":0,"comment_status":"closed","ping_status":"closed","template":"","meta":{"_acf_changed":false,"footnotes":""},"class_list":["post-8014","page","type-page","status-publish","hentry"],"acf":[],"yoast_head":"<!-- This site is optimized with the Yoast SEO plugin v26.8 - https:\/\/yoast.com\/product\/yoast-seo-wordpress\/ -->\n<title>Conditions utilisation | IMPACT<\/title>\n<meta name=\"robots\" content=\"noindex, follow, max-snippet:-1, max-image-preview:large, max-video-preview:-1\" \/>\n<meta property=\"og:locale\" content=\"fr_FR\" \/>\n<meta property=\"og:type\" content=\"article\" \/>\n<meta property=\"og:title\" content=\"Conditions utilisation | IMPACT\" \/>\n<meta property=\"og:description\" content=\"[vc_row][vc_column width=\u00a0\u00bb1\/6&Prime;][\/vc_column][vc_column width=\u00a0\u00bb4\/6&Prime;][\/vc_column][vc_column width=\u00a0\u00bb1\/6&Prime;][\/vc_column][\/vc_row]\" \/>\n<meta property=\"og:url\" content=\"https:\/\/impact.ontwikkeladres.nl\/fr\/candidats\/conditions-utilisation\/\" \/>\n<meta property=\"og:site_name\" content=\"IMPACT\" \/>\n<meta property=\"article:publisher\" content=\"https:\/\/www.facebook.com\/jobs.impact\" \/>\n<meta property=\"article:modified_time\" content=\"2025-11-12T11:35:45+00:00\" \/>\n<meta property=\"og:image\" content=\"https:\/\/impact.ontwikkeladres.nl\/wp-content\/uploads\/2025\/11\/Social-share.jpg\" \/>\n\t<meta property=\"og:image:width\" content=\"1200\" \/>\n\t<meta property=\"og:image:height\" content=\"675\" \/>\n\t<meta property=\"og:image:type\" content=\"image\/jpeg\" \/>\n<meta name=\"twitter:card\" content=\"summary_large_image\" \/>\n<meta name=\"twitter:label1\" content=\"Dur\u00e9e de lecture estim\u00e9e\" \/>\n\t<meta name=\"twitter:data1\" content=\"4 minutes\" \/>\n<script type=\"application\/ld+json\" class=\"yoast-schema-graph\">{\"@context\":\"https:\/\/schema.org\",\"@graph\":[{\"@type\":\"WebPage\",\"@id\":\"https:\/\/impact.ontwikkeladres.nl\/fr\/candidats\/conditions-utilisation\/\",\"url\":\"https:\/\/impact.ontwikkeladres.nl\/fr\/candidats\/conditions-utilisation\/\",\"name\":\"Conditions utilisation | IMPACT\",\"isPartOf\":{\"@id\":\"https:\/\/impact.ontwikkeladres.nl\/fr\/#website\"},\"datePublished\":\"2025-09-04T15:30:15+00:00\",\"dateModified\":\"2025-11-12T11:35:45+00:00\",\"breadcrumb\":{\"@id\":\"https:\/\/impact.ontwikkeladres.nl\/fr\/candidats\/conditions-utilisation\/#breadcrumb\"},\"inLanguage\":\"fr-FR\",\"potentialAction\":[{\"@type\":\"ReadAction\",\"target\":[\"https:\/\/impact.ontwikkeladres.nl\/fr\/candidats\/conditions-utilisation\/\"]}]},{\"@type\":\"BreadcrumbList\",\"@id\":\"https:\/\/impact.ontwikkeladres.nl\/fr\/candidats\/conditions-utilisation\/#breadcrumb\",\"itemListElement\":[{\"@type\":\"ListItem\",\"position\":1,\"name\":\"Home\",\"item\":\"https:\/\/impact.ontwikkeladres.nl\/fr\/\"},{\"@type\":\"ListItem\",\"position\":2,\"name\":\"Les candidats\",\"item\":\"https:\/\/impact.ontwikkeladres.nl\/fr\/\"},{\"@type\":\"ListItem\",\"position\":3,\"name\":\"Conditions utilisation\"}]},{\"@type\":\"WebSite\",\"@id\":\"https:\/\/impact.ontwikkeladres.nl\/fr\/#website\",\"url\":\"https:\/\/impact.ontwikkeladres.nl\/fr\/\",\"name\":\"IMPACT\",\"description\":\"Impact website\",\"inLanguage\":\"fr-FR\"}]}<\/script>\n<!-- \/ Yoast SEO plugin. -->","yoast_head_json":{"title":"Conditions utilisation | IMPACT","robots":{"index":"noindex","follow":"follow","max-snippet":"max-snippet:-1","max-image-preview":"max-image-preview:large","max-video-preview":"max-video-preview:-1"},"og_locale":"fr_FR","og_type":"article","og_title":"Conditions utilisation | IMPACT","og_description":"[vc_row][vc_column width=\u00a0\u00bb1\/6&Prime;][\/vc_column][vc_column width=\u00a0\u00bb4\/6&Prime;][\/vc_column][vc_column width=\u00a0\u00bb1\/6&Prime;][\/vc_column][\/vc_row]","og_url":"https:\/\/impact.ontwikkeladres.nl\/fr\/candidats\/conditions-utilisation\/","og_site_name":"IMPACT","article_publisher":"https:\/\/www.facebook.com\/jobs.impact","article_modified_time":"2025-11-12T11:35:45+00:00","og_image":[{"width":1200,"height":675,"url":"https:\/\/impact.ontwikkeladres.nl\/wp-content\/uploads\/2025\/11\/Social-share.jpg","type":"image\/jpeg"}],"twitter_card":"summary_large_image","twitter_misc":{"Dur\u00e9e de lecture estim\u00e9e":"4 minutes"},"schema":{"@context":"https:\/\/schema.org","@graph":[{"@type":"WebPage","@id":"https:\/\/impact.ontwikkeladres.nl\/fr\/candidats\/conditions-utilisation\/","url":"https:\/\/impact.ontwikkeladres.nl\/fr\/candidats\/conditions-utilisation\/","name":"Conditions utilisation | IMPACT","isPartOf":{"@id":"https:\/\/impact.ontwikkeladres.nl\/fr\/#website"},"datePublished":"2025-09-04T15:30:15+00:00","dateModified":"2025-11-12T11:35:45+00:00","breadcrumb":{"@id":"https:\/\/impact.ontwikkeladres.nl\/fr\/candidats\/conditions-utilisation\/#breadcrumb"},"inLanguage":"fr-FR","potentialAction":[{"@type":"ReadAction","target":["https:\/\/impact.ontwikkeladres.nl\/fr\/candidats\/conditions-utilisation\/"]}]},{"@type":"BreadcrumbList","@id":"https:\/\/impact.ontwikkeladres.nl\/fr\/candidats\/conditions-utilisation\/#breadcrumb","itemListElement":[{"@type":"ListItem","position":1,"name":"Home","item":"https:\/\/impact.ontwikkeladres.nl\/fr\/"},{"@type":"ListItem","position":2,"name":"Les candidats","item":"https:\/\/impact.ontwikkeladres.nl\/fr\/"},{"@type":"ListItem","position":3,"name":"Conditions utilisation"}]},{"@type":"WebSite","@id":"https:\/\/impact.ontwikkeladres.nl\/fr\/#website","url":"https:\/\/impact.ontwikkeladres.nl\/fr\/","name":"IMPACT","description":"Impact website","inLanguage":"fr-FR"}]}},"_links":{"self":[{"href":"https:\/\/impact.ontwikkeladres.nl\/fr\/wp-json\/wp\/v2\/pages\/8014","targetHints":{"allow":["GET"]}}],"collection":[{"href":"https:\/\/impact.ontwikkeladres.nl\/fr\/wp-json\/wp\/v2\/pages"}],"about":[{"href":"https:\/\/impact.ontwikkeladres.nl\/fr\/wp-json\/wp\/v2\/types\/page"}],"author":[{"embeddable":true,"href":"https:\/\/impact.ontwikkeladres.nl\/fr\/wp-json\/wp\/v2\/users\/1"}],"replies":[{"embeddable":true,"href":"https:\/\/impact.ontwikkeladres.nl\/fr\/wp-json\/wp\/v2\/comments?post=8014"}],"version-history":[{"count":6,"href":"https:\/\/impact.ontwikkeladres.nl\/fr\/wp-json\/wp\/v2\/pages\/8014\/revisions"}],"predecessor-version":[{"id":13106,"href":"https:\/\/impact.ontwikkeladres.nl\/fr\/wp-json\/wp\/v2\/pages\/8014\/revisions\/13106"}],"up":[{"embeddable":true,"href":"https:\/\/impact.ontwikkeladres.nl\/fr\/wp-json\/wp\/v2\/pages\/5223"}],"wp:attachment":[{"href":"https:\/\/impact.ontwikkeladres.nl\/fr\/wp-json\/wp\/v2\/media?parent=8014"}],"curies":[{"name":"wp","href":"https:\/\/api.w.org\/{rel}","templated":true}]}}