{"id":9316,"date":"2025-08-15T14:33:30","date_gmt":"2025-08-15T12:33:30","guid":{"rendered":"https:\/\/impact.ontwikkeladres.nl\/kandydaci\/kim-jestesmy\/"},"modified":"2025-11-14T17:21:34","modified_gmt":"2025-11-14T16:21:34","slug":"kim-jestesmy","status":"publish","type":"page","link":"https:\/\/impact.ontwikkeladres.nl\/pl\/kandydaci\/kim-jestesmy\/","title":{"rendered":"Kim jeste\u015bmy?"},"content":{"rendered":"<div class=\"wpb-content-wrapper\"><p>[vc_row full_width=&#8221;stretch_row&#8221; content_placement=&#8221;bottom&#8221; bg_custom_divider=&#8221;diagonal-50&#8243; bg_custom_style=&#8221;image&#8221; row_height=&#8221;row_900px&#8221; bg_color=&#8221;bg_gray&#8221; bg_custom_img=&#8221;1974&#8243; css=&#8221;.vc_custom_1759406783333{background-color: bg_gray !important;}&#8221;][vc_column width=&#8221;2\/5&#8243;]\n        <div class=\"sd-block-breadcrumb  align-left color-white marginbottom-60px\n        \">\n            <ul id=\"breadcrumbs\" class=\"breadcrumbs\"><\/ul>\n        <\/div>\n        <div class=\"sd-block-title \">\n            <h1 class=\"sd-block-title-htag  marginbottom-30px align-left color-white\n            \">\n\t\t\t\t\n            \tAgencja pracy dla ambitnych profesjonalist\u00f3w\n\t\t\t<\/h1>\n        <\/div>\r\n        <div class=\"sd-block-text  marginbottom-0px color-white\r\n        \">\r\n        \t\r\n            <p>W \u015bwiecie, w kt\u00f3rym wszystko mo\u017cna kontrolowa\u0107 za pomoc\u0105 jednego przycisku, potrzebujesz wykwalifikowanych r\u0105k i bystrych umys\u0142\u00f3w. IMPACT wie, \u017ce odpowiedni talent we w\u0142a\u015bciwym miejscu mo\u017ce zrobi\u0107 r\u00f3\u017cnic\u0119. Dlatego w naszych poszukiwaniach ekspert\u00f3w z bran\u017cy budowlanej, technicznej, logistycznej, produkcyjnej i innych sektor\u00f3w kierujemy si\u0119 indywidualnym podej\u015bciem.<\/p>\n\r\n        <\/div>[\/vc_column][vc_column width=&#8221;3\/5&#8243;][\/vc_column][\/vc_row][vc_row][vc_column][vc_row_inner][vc_column_inner width=&#8221;1\/3&#8243; responsive_marginbottom=&#8221;30px&#8221;]\r\n                <a class=\"sd-block-cta  marginbottom-30px\" title=\"15 biur w ca\u0142ej Belgii i 1 biuro w Polsce\" href=\"https:\/\/impact.ontwikkeladres.nl\/pl\/kandydaci\/nasze-biura\/\"\r\n                >\r\n                    <div class=\"cta-inner\">\r\n                    \t<img decoding=\"async\" src=\"https:\/\/impact.ontwikkeladres.nl\/wp-content\/uploads\/2025\/10\/23_kantoren_verspreid.jpg\" alt=\"\">\r\n                        <div class=\"sd-block-cta-title\">\r\n                            \n        <div class=\"sd-block-title \">\n            <h3 class=\"sd-block-title-htag  marginbottom-30px align-center color-dark_gray\n            \">\n\t\t\t\t\n            \t15 biur w ca\u0142ej Belgii i 1 biuro w Polsce\n\t\t\t<\/h3>\n        <\/div>\r\n                        <\/div>\r\n                        <div class=\"sd-block-cta-text\">\r\n                        \t\r\n        <div class=\"sd-block-text  marginbottom-30px color-dark_gray\r\n        \">\r\n        \t\r\n            \r\n        <\/div>\r\n                        <\/div>\r\n                        <div class=\"sd-block-cta-button\">\r\n                        \t\r\n        <div class=\"sd-block-button  marginbottom-0px align-center button-type-background button-size-normal background-color-green\">\r\n            <span class=\"inner-button\"\r\n            href=\"\" title=\"Znajd\u017a biuro w pobli\u017cu\">\r\n                <div class=\"button-content\">\r\n                    <span>Znajd\u017a biuro w pobli\u017cu<\/span>\r\n\t\t\t\t    <svg height=\"15\" width=\"15\" xmlns=\"http:\/\/www.w3.org\/2000\/svg\" viewBox=\"0 0 15 13.56\"><path fill=\"currentColor\" d=\"M0,5.64h11.64L7.56,0h2.64l4.8,6.84-4.8,6.72h-2.64l4.08-5.64H0v-2.28Z\"\/><\/svg>\r\n                <\/div>\r\n            <\/span>\r\n        <\/div>\r\n                        <\/div>\r\n                    <\/div>\r\n                <\/a>[\/vc_column_inner][vc_column_inner width=&#8221;1\/3&#8243; responsive_marginbottom=&#8221;30px&#8221;]\r\n                <a class=\"sd-block-cta  marginbottom-30px\" title=\"+100 entuzjastycznych i oddanych wsp\u00f3\u0142pracownik\u00f3w\" href=\"https:\/\/impact.ontwikkeladres.nl\/pl\/employeurs\/nos-experts\/\"\r\n                >\r\n                    <div class=\"cta-inner\">\r\n                    \t<img decoding=\"async\" src=\"https:\/\/impact.ontwikkeladres.nl\/wp-content\/uploads\/2025\/10\/IMPACT-website-enthousiaste-collegas.png\" alt=\"\">\r\n                        <div class=\"sd-block-cta-title\">\r\n                            \n        <div class=\"sd-block-title \">\n            <h3 class=\"sd-block-title-htag  marginbottom-30px align-center color-dark_gray\n            \">\n\t\t\t\t\n            \t+100 entuzjastycznych i oddanych wsp\u00f3\u0142pracownik\u00f3w\n\t\t\t<\/h3>\n        <\/div>\r\n                        <\/div>\r\n                        <div class=\"sd-block-cta-text\">\r\n                        \t\r\n        <div class=\"sd-block-text  marginbottom-30px color-dark_gray\r\n        \">\r\n        \t\r\n            \r\n        <\/div>\r\n                        <\/div>\r\n                        <div class=\"sd-block-cta-button\">\r\n                        \t\r\n        <div class=\"sd-block-button  marginbottom-0px align-center button-type-background button-size-normal background-color-green\">\r\n            <span class=\"inner-button\"\r\n            href=\"\" title=\"Poznaj nasz zesp\u00f3\u0142\">\r\n                <div class=\"button-content\">\r\n                    <span>Poznaj nasz zesp\u00f3\u0142<\/span>\r\n\t\t\t\t    <svg height=\"15\" width=\"15\" xmlns=\"http:\/\/www.w3.org\/2000\/svg\" viewBox=\"0 0 15 13.56\"><path fill=\"currentColor\" d=\"M0,5.64h11.64L7.56,0h2.64l4.8,6.84-4.8,6.72h-2.64l4.08-5.64H0v-2.28Z\"\/><\/svg>\r\n                <\/div>\r\n            <\/span>\r\n        <\/div>\r\n                        <\/div>\r\n                    <\/div>\r\n                <\/a>[\/vc_column_inner][vc_column_inner width=&#8221;1\/3&#8243; responsive_marginbottom=&#8221;0px&#8221;]\r\n                <a class=\"sd-block-cta  marginbottom-30px\" title=\"+1000 pracownik\u00f3w tymczasowych wykonuj\u0105cych swoj\u0105 prac\u0119 ka\u017cdego dnia\" href=\"https:\/\/impact.ontwikkeladres.nl\/pl\/kandydaci\/referencje\/\"\r\n                >\r\n                    <div class=\"cta-inner\">\r\n                    \t<img decoding=\"async\" src=\"https:\/\/impact.ontwikkeladres.nl\/wp-content\/uploads\/2025\/10\/1000_uitzendkrachten.jpg\" alt=\"\">\r\n                        <div class=\"sd-block-cta-title\">\r\n                            \n        <div class=\"sd-block-title \">\n            <h3 class=\"sd-block-title-htag  marginbottom-30px align-center color-dark_gray\n            \">\n\t\t\t\t\n            \t+1000 pracownik\u00f3w tymczasowych wykonuj\u0105cych swoj\u0105 prac\u0119 ka\u017cdego dnia\n\t\t\t<\/h3>\n        <\/div>\r\n                        <\/div>\r\n                        <div class=\"sd-block-cta-text\">\r\n                        \t\r\n        <div class=\"sd-block-text  marginbottom-30px color-dark_gray\r\n        \">\r\n        \t\r\n            \r\n        <\/div>\r\n                        <\/div>\r\n                        <div class=\"sd-block-cta-button\">\r\n                        \t\r\n        <div class=\"sd-block-button  marginbottom-0px align-center button-type-background button-size-normal background-color-green\">\r\n            <span class=\"inner-button\"\r\n            href=\"\" title=\"Przeczytaj ich historie\">\r\n                <div class=\"button-content\">\r\n                    <span>Przeczytaj ich historie<\/span>\r\n\t\t\t\t    <svg height=\"15\" width=\"15\" xmlns=\"http:\/\/www.w3.org\/2000\/svg\" viewBox=\"0 0 15 13.56\"><path fill=\"currentColor\" d=\"M0,5.64h11.64L7.56,0h2.64l4.8,6.84-4.8,6.72h-2.64l4.08-5.64H0v-2.28Z\"\/><\/svg>\r\n                <\/div>\r\n            <\/span>\r\n        <\/div>\r\n                        <\/div>\r\n                    <\/div>\r\n                <\/a>[\/vc_column_inner][\/vc_row_inner][\/vc_column][\/vc_row][vc_row full_width=&#8221;stretch_row&#8221; bg_color=&#8221;bg_gray&#8221; css=&#8221;.vc_custom_1758526923701{background-color: bg_green !important;}&#8221;][vc_column][vc_row_inner content_placement=&#8221;middle&#8221;][vc_column_inner width=&#8221;1\/2&#8243;]<div class=\"sd-block-video orientation-landscape mobile_marginbottom-60px marginbottom-0px\" data-video=\"xECQYv5K_Bw\" data-platform=\"youtube\">\r\n                <div class=\"sd-video-container background-enabled\">\r\n                    <div class=\"sd-bg-image-controls controls-desktop\">\r\n\t\t\t        \t<span class=\"play\"><svg width=\"15px\" height=\"15px\" xmlns=\"http:\/\/www.w3.org\/2000\/svg\" viewBox=\"0 0 11 14\"><path fill=\"currentColor\" d=\"M0,14V0l11,7L0,14z\"\/><\/svg><\/span>\r\n\t\t\t        \t<!--<span class=\"pause\"><svg width=\"15px\" height=\"15px\" xmlns=\"http:\/\/www.w3.org\/2000\/svg\" viewBox=\"0 0 12 14\"><path fill=\"currentColor\" d=\"M8,14V0h4v14H8z M0,14V0h4v14H0z\"\/><\/svg><\/span>-->\r\n\t\t\t        \t<span class=\"restart\"><svg width=\"15px\" height=\"15px\" xmlns=\"http:\/\/www.w3.org\/2000\/svg\" viewBox=\"0 0 18 21\"><path fill=\"currentColor\" d=\"M8,21c-0.8-0.1-1.6-0.3-2.4-0.6c-0.8-0.3-1.5-0.8-2.2-1.3l1.4-1.5c0.5,0.4,1,0.6,1.5,0.9s1.1,0.4,1.7,0.4V21z M9.9,21v-2.1c1.7-0.2,3.2-1,4.3-2.3s1.7-2.8,1.7-4.6c0-1.9-0.7-3.6-2-5s-3-2-5-2H8.8l1.6,1.6L8.9,8L5,4l4-4l1.4,1.5L8.8,3h0.1 c1.2,0,2.4,0.2,3.5,0.7s2,1.1,2.8,1.9s1.5,1.8,1.9,2.8C17.7,9.6,18,10.8,18,12c0,2.3-0.8,4.3-2.3,6C14.2,19.7,12.2,20.6,9.9,21z M1.9,17.6c-0.5-0.7-1-1.4-1.3-2.2C0.3,14.6,0.1,13.8,0,13h2c0.1,0.6,0.2,1.1,0.5,1.7c0.2,0.5,0.5,1.1,0.9,1.5L1.9,17.6z M0,11 c0.1-0.8,0.3-1.7,0.6-2.4s0.7-1.5,1.3-2.2l1.5,1.4C3,8.3,2.7,8.8,2.5,9.3C2.3,9.9,2.1,10.4,2,11H0z\"\/><\/svg><\/span>\r\n                    <\/div>\r\n                    <div class=\"sd-bg-image-controls controls-mobile\">\r\n\t\t\t        \t<span class=\"play\"><svg width=\"15px\" height=\"15px\" xmlns=\"http:\/\/www.w3.org\/2000\/svg\" viewBox=\"0 0 11 14\"><path fill=\"currentColor\" d=\"M0,14V0l11,7L0,14z\"\/><\/svg><\/span>\r\n\t\t\t        \t<!--<span class=\"pause\"><svg width=\"15px\" height=\"15px\" xmlns=\"http:\/\/www.w3.org\/2000\/svg\" viewBox=\"0 0 12 14\"><path fill=\"currentColor\" d=\"M8,14V0h4v14H8z M0,14V0h4v14H0z\"\/><\/svg><\/span>-->\r\n\t\t\t        \t<span class=\"restart\"><svg width=\"15px\" height=\"15px\" xmlns=\"http:\/\/www.w3.org\/2000\/svg\" viewBox=\"0 0 18 21\"><path fill=\"currentColor\" d=\"M8,21c-0.8-0.1-1.6-0.3-2.4-0.6c-0.8-0.3-1.5-0.8-2.2-1.3l1.4-1.5c0.5,0.4,1,0.6,1.5,0.9s1.1,0.4,1.7,0.4V21z M9.9,21v-2.1c1.7-0.2,3.2-1,4.3-2.3s1.7-2.8,1.7-4.6c0-1.9-0.7-3.6-2-5s-3-2-5-2H8.8l1.6,1.6L8.9,8L5,4l4-4l1.4,1.5L8.8,3h0.1 c1.2,0,2.4,0.2,3.5,0.7s2,1.1,2.8,1.9s1.5,1.8,1.9,2.8C17.7,9.6,18,10.8,18,12c0,2.3-0.8,4.3-2.3,6C14.2,19.7,12.2,20.6,9.9,21z M1.9,17.6c-0.5-0.7-1-1.4-1.3-2.2C0.3,14.6,0.1,13.8,0,13h2c0.1,0.6,0.2,1.1,0.5,1.7c0.2,0.5,0.5,1.1,0.9,1.5L1.9,17.6z M0,11 c0.1-0.8,0.3-1.7,0.6-2.4s0.7-1.5,1.3-2.2l1.5,1.4C3,8.3,2.7,8.8,2.5,9.3C2.3,9.9,2.1,10.4,2,11H0z\"\/><\/svg><\/span>\r\n                    <\/div>\r\n\t\t\t        <div class=\"sd-bg-image-container\" style=\"background-image: url(https:\/\/i.ytimg.com\/vi_webp\/xECQYv5K_Bw\/maxresdefault.webp)\"><\/div>\r\n                    <div class=\"sd-bg-video-container\" data-desktop-autoplay=\"true\" data-mobile-autoplay=\"true\" data-mobile=\"true\" data-desktop=\"true\" data-url=\"xECQYv5K_Bw\">\r\n                        <div class=\"sd-bg-video\" id=\"video-5f4438133593a\"><\/div>\r\n                    <\/div>\r\n                <\/div>\r\n            <div class=\"sd-block-video-inner\">\r\n                \r\n                <div class=\"sd-block-video-play\">\r\n                    <svg width=\"15px\" height=\"15px\" xmlns=\"http:\/\/www.w3.org\/2000\/svg\" viewBox=\"0 0 11 14\"><path fill=\"currentColor\" d=\"M0,14V0l11,7L0,14z\"\/><\/svg>\r\n                <\/div>\r\n                <div class=\"sd-block-video-cookie-text cookie-accepted\">\r\n                    <h3>Permission required to watch the video<\/h3>\r\n                    <p class=\"change-cookie-preferences\">You need to accept the advertising cookies, before you can watch this video. Click here to change your preferences.<\/p>\r\n                <\/div>\r\n            <\/div>\r\n        <\/div>[\/vc_column_inner][vc_column_inner width=&#8221;1\/12&#8243;][\/vc_column_inner][vc_column_inner width=&#8221;5\/12&#8243;]\n        <div class=\"sd-block-title \">\n            <h2 class=\"sd-block-title-htag  marginbottom-30px align-left color-white\n            \">\n\t\t\t\t\n            \tNasze warto\u015bci\n\t\t\t<\/h2>\n        <\/div>\r\n        <div class=\"sd-block-text  marginbottom-30px color-white\r\n        \">\r\n        \t\r\n            <p>Ka\u017cdy ma wyj\u0105tkowy talent i potencja\u0142, by zmienia\u0107 \u015bwiat. Mo\u017ce brzmi to przesadnie, ale to prawda. Aby zmaksymalizowa\u0107 ten talent i wywrze\u0107 realny wp\u0142yw, zdefiniowali\u015bmy kilka kluczowych filar\u00f3w. Nie tylko m\u00f3wimy, co robimy, ale robimy to, co m\u00f3wimy.<\/p>\n\r\n        <\/div>\r\n        <div class=\"sd-block-button  marginbottom-30px align-left button-type-background button-size-small background-color-green\">\r\n            <a class=\"inner-button\"\r\n            href=\"https:\/\/impact.ontwikkeladres.nl\/pl\/nasza-misja\/\" title=\"Dowiedz si\u0119 wi\u0119cej o naszej misji\">\r\n                <div class=\"button-content\">\r\n                    <span>Dowiedz si\u0119 wi\u0119cej o naszej misji<\/span>\r\n\t\t\t\t    <svg height=\"15\" width=\"15\" xmlns=\"http:\/\/www.w3.org\/2000\/svg\" viewBox=\"0 0 15 13.56\"><path fill=\"currentColor\" d=\"M0,5.64h11.64L7.56,0h2.64l4.8,6.84-4.8,6.72h-2.64l4.08-5.64H0v-2.28Z\"\/><\/svg>\r\n                <\/div>\r\n            <\/a>\r\n        <\/div>[\/vc_column_inner][vc_column_inner][vc_empty_space height=&#8221;60px&#8221;][\/vc_column_inner][\/vc_row_inner][vc_row_inner][vc_column_inner width=&#8221;1\/3&#8243;]\n        <div class=\"sd-block-title \">\n            <h3 class=\"sd-block-title-htag  marginbottom-30px align-left color-white\n            \">\n\t\t\t\t\n            \tPe\u0142en szacunku\n\t\t\t<\/h3>\n        <\/div>\r\n        <div class=\"sd-block-text  marginbottom-60px color-white\r\n        \">\r\n        \t\r\n            <p>Dla nas ka\u017cdy ma tak\u0105 sam\u0105 warto\u015b\u0107. Zwracamy szczeg\u00f3ln\u0105 uwag\u0119 na aktywn\u0105 integracj\u0119 os\u00f3b nieb\u0119d\u0105cych rodzimymi u\u017cytkownikami j\u0119zyka, nowoprzyby\u0142ych, kobiet i os\u00f3b w wieku powy\u017cej 50 lat, aby mogli dobrze wykonywa\u0107 swoj\u0105 prac\u0119 w bezpiecznym i wspieraj\u0105cym \u015brodowisku.<\/p>\n\r\n        <\/div>\n        <div class=\"sd-block-title \">\n            <h3 class=\"sd-block-title-htag  marginbottom-30px align-left color-white\n            \">\n\t\t\t\t\n            \tSuper profesjonalista\n\t\t\t<\/h3>\n        <\/div>\r\n        <div class=\"sd-block-text  marginbottom-0px color-white mobile_marginbottom-60px\r\n        \">\r\n        \t\r\n            <p>Wszyscy nasi pracownicy to do\u015bwiadczeni, zmotywowani i ci\u0119\u017cko pracuj\u0105cy profesjonali\u015bci, kt\u00f3rzy ka\u017cdego dnia z pasj\u0105 podejmuj\u0105 si\u0119 swoich wyzwa\u0144.<\/p>\n\r\n        <\/div>[\/vc_column_inner][vc_column_inner width=&#8221;1\/3&#8243;]\n        <div class=\"sd-block-title \">\n            <h3 class=\"sd-block-title-htag  marginbottom-30px align-left color-white\n            \">\n\t\t\t\t\n            \t\u0141\u0105czenie\n\t\t\t<\/h3>\n        <\/div>\r\n        <div class=\"sd-block-text  marginbottom-60px color-white\r\n        \">\r\n        \t\r\n            <p>Budujemy mosty i \u0142\u0105czymy idealne dopasowania, opieraj\u0105c si\u0119 na rozleg\u0142ym know-how, kt\u00f3re gromadzimy od 1999 roku i naszej determinacji, aby szuka\u0107 tak d\u0142ugo, a\u017c b\u0119dziemy usatysfakcjonowani: odpowiednia osoba do pracy i odpowiednia praca dla osoby.<\/p>\n\r\n        <\/div>\n        <div class=\"sd-block-title \">\n            <h3 class=\"sd-block-title-htag  marginbottom-30px align-left color-white\n            \">\n\t\t\t\t\n            \tAmbitny\n\t\t\t<\/h3>\n        <\/div>\r\n        <div class=\"sd-block-text  marginbottom-0px color-white mobile_marginbottom-60px\r\n        \">\r\n        \t\r\n            <p>Osi\u0105gamy nasze cele i jeste\u015bmy dumni z naszych wynik\u00f3w. Zawsze d\u0105\u017cymy do najwy\u017cszej jako\u015bci.<\/p>\n\r\n        <\/div>[\/vc_column_inner][vc_column_inner width=&#8221;1\/3&#8243;]\n        <div class=\"sd-block-title \">\n            <h3 class=\"sd-block-title-htag  marginbottom-30px align-left color-white\n            \">\n\t\t\t\t\n            \tAlarm\n\t\t\t<\/h3>\n        <\/div>\r\n        <div class=\"sd-block-text  marginbottom-30px color-white\r\n        \">\r\n        \t\r\n            <p>Jeste\u015bmy uwa\u017cnymi s\u0142uchaczami z wyczulonym okiem na szczeg\u00f3\u0142y. Nigdy nie stoimy w miejscu. Wcze\u015bnie dostrzegamy problemy i zawsze szukamy nowych rozwi\u0105za\u0144.<\/p>\n\r\n        <\/div>[\/vc_column_inner][\/vc_row_inner][\/vc_column][\/vc_row]<\/p>\n<\/div>","protected":false},"excerpt":{"rendered":"<p>[vc_row full_width=&#8221;stretch_row&#8221; content_placement=&#8221;bottom&#8221; bg_custom_divider=&#8221;diagonal-50&#8243; bg_custom_style=&#8221;image&#8221; row_height=&#8221;row_900px&#8221; bg_color=&#8221;bg_gray&#8221; bg_custom_img=&#8221;1974&#8243; css=&#8221;.vc_custom_1759406783333{background-color: bg_gray !important;}&#8221;][vc_column width=&#8221;2\/5&#8243;][\/vc_column][vc_column width=&#8221;3\/5&#8243;][\/vc_column][\/vc_row][vc_row][vc_column][vc_row_inner][vc_column_inner width=&#8221;1\/3&#8243; responsive_marginbottom=&#8221;30px&#8221;][\/vc_column_inner][vc_column_inner width=&#8221;1\/3&#8243; responsive_marginbottom=&#8221;30px&#8221;][\/vc_column_inner][vc_column_inner width=&#8221;1\/3&#8243; responsive_marginbottom=&#8221;0px&#8221;][\/vc_column_inner][\/vc_row_inner][\/vc_column][\/vc_row][vc_row full_width=&#8221;stretch_row&#8221; bg_color=&#8221;bg_gray&#8221; css=&#8221;.vc_custom_1758526923701{background-color: bg_green !important;}&#8221;][vc_column][vc_row_inner content_placement=&#8221;middle&#8221;][vc_column_inner width=&#8221;1\/2&#8243;][\/vc_column_inner][vc_column_inner width=&#8221;1\/12&#8243;][\/vc_column_inner][vc_column_inner width=&#8221;5\/12&#8243;][\/vc_column_inner][vc_column_inner][vc_empty_space height=&#8221;60px&#8221;][\/vc_column_inner][\/vc_row_inner][vc_row_inner][vc_column_inner width=&#8221;1\/3&#8243;][\/vc_column_inner][vc_column_inner width=&#8221;1\/3&#8243;][\/vc_column_inner][vc_column_inner width=&#8221;1\/3&#8243;][\/vc_column_inner][\/vc_row_inner][\/vc_column][\/vc_row]<\/p>\n","protected":false},"author":1,"featured_media":0,"parent":5189,"menu_order":0,"comment_status":"closed","ping_status":"closed","template":"","meta":{"_acf_changed":false,"footnotes":""},"class_list":["post-9316","page","type-page","status-publish","hentry"],"acf":[],"yoast_head":"<!-- This site is optimized with the Yoast SEO plugin v26.8 - https:\/\/yoast.com\/product\/yoast-seo-wordpress\/ -->\n<title>Kim jeste\u015bmy? | IMPACT<\/title>\n<meta name=\"description\" content=\"IMPACT to agencja doradztwa personalnego dla karzdego pracownika. Dzi\u0119ki indywidualnemu i jako\u015bciowemu podej\u015bciu znajdujemy odpowiednie miejsce dla Twojego talentu.\" \/>\n<meta name=\"robots\" content=\"noindex, follow, max-snippet:-1, max-image-preview:large, max-video-preview:-1\" \/>\n<meta property=\"og:locale\" content=\"pl_PL\" \/>\n<meta property=\"og:type\" content=\"article\" \/>\n<meta property=\"og:title\" content=\"Kim jeste\u015bmy? | IMPACT\" \/>\n<meta property=\"og:description\" content=\"IMPACT to agencja doradztwa personalnego dla karzdego pracownika. Dzi\u0119ki indywidualnemu i jako\u015bciowemu podej\u015bciu znajdujemy odpowiednie miejsce dla Twojego talentu.\" \/>\n<meta property=\"og:url\" content=\"https:\/\/impact.ontwikkeladres.nl\/pl\/kandydaci\/kim-jestesmy\/\" \/>\n<meta property=\"og:site_name\" content=\"IMPACT\" \/>\n<meta property=\"article:publisher\" content=\"https:\/\/www.facebook.com\/jobs.impact\" \/>\n<meta property=\"article:modified_time\" content=\"2025-11-14T16:21:34+00:00\" \/>\n<meta property=\"og:image\" content=\"https:\/\/impact.ontwikkeladres.nl\/wp-content\/uploads\/2025\/11\/Social-share.jpg\" \/>\n\t<meta property=\"og:image:width\" content=\"1200\" \/>\n\t<meta property=\"og:image:height\" content=\"675\" \/>\n\t<meta property=\"og:image:type\" content=\"image\/jpeg\" \/>\n<meta name=\"twitter:card\" content=\"summary_large_image\" \/>\n<meta name=\"twitter:label1\" content=\"Szacowany czas czytania\" \/>\n\t<meta name=\"twitter:data1\" content=\"3 minuty\" \/>\n<script type=\"application\/ld+json\" class=\"yoast-schema-graph\">{\"@context\":\"https:\/\/schema.org\",\"@graph\":[{\"@type\":\"WebPage\",\"@id\":\"https:\/\/impact.ontwikkeladres.nl\/pl\/kandydaci\/kim-jestesmy\/\",\"url\":\"https:\/\/impact.ontwikkeladres.nl\/pl\/kandydaci\/kim-jestesmy\/\",\"name\":\"Kim jeste\u015bmy? | IMPACT\",\"isPartOf\":{\"@id\":\"https:\/\/impact.ontwikkeladres.nl\/pl\/#website\"},\"datePublished\":\"2025-08-15T12:33:30+00:00\",\"dateModified\":\"2025-11-14T16:21:34+00:00\",\"description\":\"IMPACT to agencja doradztwa personalnego dla karzdego pracownika. Dzi\u0119ki indywidualnemu i jako\u015bciowemu podej\u015bciu znajdujemy odpowiednie miejsce dla Twojego talentu.\",\"breadcrumb\":{\"@id\":\"https:\/\/impact.ontwikkeladres.nl\/pl\/kandydaci\/kim-jestesmy\/#breadcrumb\"},\"inLanguage\":\"pl-PL\",\"potentialAction\":[{\"@type\":\"ReadAction\",\"target\":[\"https:\/\/impact.ontwikkeladres.nl\/pl\/kandydaci\/kim-jestesmy\/\"]}]},{\"@type\":\"BreadcrumbList\",\"@id\":\"https:\/\/impact.ontwikkeladres.nl\/pl\/kandydaci\/kim-jestesmy\/#breadcrumb\",\"itemListElement\":[{\"@type\":\"ListItem\",\"position\":1,\"name\":\"Home\",\"item\":\"https:\/\/impact.ontwikkeladres.nl\/pl\/\"},{\"@type\":\"ListItem\",\"position\":2,\"name\":\"Kandydaci\",\"item\":\"https:\/\/impact.ontwikkeladres.nl\/pl\/\"},{\"@type\":\"ListItem\",\"position\":3,\"name\":\"Kim jeste\u015bmy?\"}]},{\"@type\":\"WebSite\",\"@id\":\"https:\/\/impact.ontwikkeladres.nl\/pl\/#website\",\"url\":\"https:\/\/impact.ontwikkeladres.nl\/pl\/\",\"name\":\"IMPACT\",\"description\":\"Impact website\",\"inLanguage\":\"pl-PL\"}]}<\/script>\n<!-- \/ Yoast SEO plugin. -->","yoast_head_json":{"title":"Kim jeste\u015bmy? | IMPACT","description":"IMPACT to agencja doradztwa personalnego dla karzdego pracownika. Dzi\u0119ki indywidualnemu i jako\u015bciowemu podej\u015bciu znajdujemy odpowiednie miejsce dla Twojego talentu.","robots":{"index":"noindex","follow":"follow","max-snippet":"max-snippet:-1","max-image-preview":"max-image-preview:large","max-video-preview":"max-video-preview:-1"},"og_locale":"pl_PL","og_type":"article","og_title":"Kim jeste\u015bmy? | IMPACT","og_description":"IMPACT to agencja doradztwa personalnego dla karzdego pracownika. Dzi\u0119ki indywidualnemu i jako\u015bciowemu podej\u015bciu znajdujemy odpowiednie miejsce dla Twojego talentu.","og_url":"https:\/\/impact.ontwikkeladres.nl\/pl\/kandydaci\/kim-jestesmy\/","og_site_name":"IMPACT","article_publisher":"https:\/\/www.facebook.com\/jobs.impact","article_modified_time":"2025-11-14T16:21:34+00:00","og_image":[{"width":1200,"height":675,"url":"https:\/\/impact.ontwikkeladres.nl\/wp-content\/uploads\/2025\/11\/Social-share.jpg","type":"image\/jpeg"}],"twitter_card":"summary_large_image","twitter_misc":{"Szacowany czas czytania":"3 minuty"},"schema":{"@context":"https:\/\/schema.org","@graph":[{"@type":"WebPage","@id":"https:\/\/impact.ontwikkeladres.nl\/pl\/kandydaci\/kim-jestesmy\/","url":"https:\/\/impact.ontwikkeladres.nl\/pl\/kandydaci\/kim-jestesmy\/","name":"Kim jeste\u015bmy? | IMPACT","isPartOf":{"@id":"https:\/\/impact.ontwikkeladres.nl\/pl\/#website"},"datePublished":"2025-08-15T12:33:30+00:00","dateModified":"2025-11-14T16:21:34+00:00","description":"IMPACT to agencja doradztwa personalnego dla karzdego pracownika. Dzi\u0119ki indywidualnemu i jako\u015bciowemu podej\u015bciu znajdujemy odpowiednie miejsce dla Twojego talentu.","breadcrumb":{"@id":"https:\/\/impact.ontwikkeladres.nl\/pl\/kandydaci\/kim-jestesmy\/#breadcrumb"},"inLanguage":"pl-PL","potentialAction":[{"@type":"ReadAction","target":["https:\/\/impact.ontwikkeladres.nl\/pl\/kandydaci\/kim-jestesmy\/"]}]},{"@type":"BreadcrumbList","@id":"https:\/\/impact.ontwikkeladres.nl\/pl\/kandydaci\/kim-jestesmy\/#breadcrumb","itemListElement":[{"@type":"ListItem","position":1,"name":"Home","item":"https:\/\/impact.ontwikkeladres.nl\/pl\/"},{"@type":"ListItem","position":2,"name":"Kandydaci","item":"https:\/\/impact.ontwikkeladres.nl\/pl\/"},{"@type":"ListItem","position":3,"name":"Kim jeste\u015bmy?"}]},{"@type":"WebSite","@id":"https:\/\/impact.ontwikkeladres.nl\/pl\/#website","url":"https:\/\/impact.ontwikkeladres.nl\/pl\/","name":"IMPACT","description":"Impact website","inLanguage":"pl-PL"}]}},"_links":{"self":[{"href":"https:\/\/impact.ontwikkeladres.nl\/pl\/wp-json\/wp\/v2\/pages\/9316","targetHints":{"allow":["GET"]}}],"collection":[{"href":"https:\/\/impact.ontwikkeladres.nl\/pl\/wp-json\/wp\/v2\/pages"}],"about":[{"href":"https:\/\/impact.ontwikkeladres.nl\/pl\/wp-json\/wp\/v2\/types\/page"}],"author":[{"embeddable":true,"href":"https:\/\/impact.ontwikkeladres.nl\/pl\/wp-json\/wp\/v2\/users\/1"}],"replies":[{"embeddable":true,"href":"https:\/\/impact.ontwikkeladres.nl\/pl\/wp-json\/wp\/v2\/comments?post=9316"}],"version-history":[{"count":15,"href":"https:\/\/impact.ontwikkeladres.nl\/pl\/wp-json\/wp\/v2\/pages\/9316\/revisions"}],"predecessor-version":[{"id":12767,"href":"https:\/\/impact.ontwikkeladres.nl\/pl\/wp-json\/wp\/v2\/pages\/9316\/revisions\/12767"}],"up":[{"embeddable":true,"href":"https:\/\/impact.ontwikkeladres.nl\/pl\/wp-json\/wp\/v2\/pages\/5189"}],"wp:attachment":[{"href":"https:\/\/impact.ontwikkeladres.nl\/pl\/wp-json\/wp\/v2\/media?parent=9316"}],"curies":[{"name":"wp","href":"https:\/\/api.w.org\/{rel}","templated":true}]}}