{"id":9347,"date":"2025-08-15T14:33:57","date_gmt":"2025-08-15T12:33:57","guid":{"rendered":"https:\/\/impact.ontwikkeladres.nl\/kandydaci\/historia-impact\/"},"modified":"2025-11-07T16:51:46","modified_gmt":"2025-11-07T15:51:46","slug":"historia-impact","status":"publish","type":"page","link":"https:\/\/impact.ontwikkeladres.nl\/pl\/kandydaci\/historia-impact\/","title":{"rendered":"Historia IMPACT"},"content":{"rendered":"<div class=\"wpb-content-wrapper\"><p>[vc_row full_width=&#8221;stretch_row&#8221; content_placement=&#8221;bottom&#8221; bg_custom_divider=&#8221;diagonal-60&#8243; bg_custom_style=&#8221;image&#8221; row_height=&#8221;row_900px&#8221; bg_color=&#8221;bg_green&#8221; bg_custom_img=&#8221;1910&#8243; css=&#8221;.vc_custom_1761315449324{background-color: bg_gray !important;}&#8221;][vc_column width=&#8221;2\/5&#8243;]\n        <div class=\"sd-block-breadcrumb  align-left color-white marginbottom-60px\n        \">\n            <ul id=\"breadcrumbs\" class=\"breadcrumbs\"><\/ul>\n        <\/div>\n        <div class=\"sd-block-title \">\n            <h1 class=\"sd-block-title-htag  marginbottom-0px align-left color-white\n            \">\n\t\t\t\t\n            \tZanurz si\u0119 w historii IMPACT\n\t\t\t<\/h1>\n        <\/div>[\/vc_column][vc_column width=&#8221;3\/5&#8243;][\/vc_column][\/vc_row][vc_row css=&#8221;.vc_custom_1761314728030{padding-bottom: 0px !important;}&#8221;][vc_column]<div class=\"sd-timeline marginbottom-30px\r\n\t\t\t\t\t\t\t\">\r\n                        <div id=\"item-0\" class=\"item first-item\">\r\n                            <div class=\"left-side\">\r\n                                <div class=\"label\">1999<\/div>\r\n                            <\/div>\r\n                            <div class=\"right-side\"><div class=\"image\"><img decoding=\"async\" title=\"Pocz\u0105tek IMPACT.\" alt=\"Pocz\u0105tek IMPACT.\" src=\"https:\/\/impact.ontwikkeladres.nl\/wp-content\/uploads\/2025\/09\/De_start_van.jpg\"><\/div>\r\n                                \n        <div class=\"sd-block-title \">\n            <h2 class=\"sd-block-title-htag  marginbottom-30px align-left font-middle\n            \">\n\t\t\t\t\n            \tPocz\u0105tek IMPACT.\n\t\t\t<\/h2>\n        <\/div>\r\n                                \r\n        <div class=\"sd-block-text  marginbottom-0px color-gray_dark\r\n        \">\r\n        \t\r\n            <p>Firma IMPACT zosta\u0142a za\u0142o\u017cona z my\u015bl\u0105 o jednym jasnym celu - tworzeniu jako\u015bciowego i zr\u00f3wnowa\u017conego zatrudnienia. Ze swoich pierwszych biur w Leuven i Neerpelt, IMPACT Interim rozpocz\u0105\u0142 wojn\u0119 o talenty jako agencja pracy tymczasowej o profilu og\u00f3lnym. W 2000 roku otwarto trzecie biuro w Geel.    <\/p>\n\r\n        <\/div>\r\n                            <\/div>\r\n                        <\/div>\r\n                        <div id=\"item-1\" class=\"item\">\r\n                            <div class=\"left-side\">\r\n                                <div class=\"label\">2006<\/div>\r\n                            <\/div>\r\n                            <div class=\"right-side\"><div class=\"image\"><img decoding=\"async\" title=\"Innowacje z mi\u0119dzynarodowym dopasowaniem na odleg\u0142o\u015b\u0107\" alt=\"Innowacje z mi\u0119dzynarodowym dopasowaniem na odleg\u0142o\u015b\u0107\" src=\"https:\/\/impact.ontwikkeladres.nl\/wp-content\/uploads\/2025\/09\/Innovatie_met_international.jpg\"><\/div>\r\n                                \n        <div class=\"sd-block-title \">\n            <h2 class=\"sd-block-title-htag  marginbottom-30px align-left font-middle\n            \">\n\t\t\t\t\n            \tInnowacje z mi\u0119dzynarodowym dopasowaniem na odleg\u0142o\u015b\u0107\n\t\t\t<\/h2>\n        <\/div>\r\n                                \r\n        <div class=\"sd-block-text  marginbottom-0px color-gray_dark\r\n        \">\r\n        \t\r\n            <p>W czerwcu 2006 r. IMPACT by\u0142 pionierem koncepcji International Distance Matching na belgijskim rynku pracy. Wi\u0105\u017ce si\u0119 to z rekrutacj\u0105 wyspecjalizowanego mi\u0119dzynarodowego personelu do zawod\u00f3w stanowi\u0105cych w\u0105skie gard\u0142o. W ten spos\u00f3b IMPACT wcze\u015bnie zareagowa\u0142 na strukturalne wyzwanie, kt\u00f3re jest nadal aktualne: obsadzenie krytycznych wakat\u00f3w odpowiednimi talentami, niezale\u017cnie od granic.    <\/p>\n\r\n        <\/div>\r\n                            <\/div>\r\n                        <\/div>\r\n                        <div id=\"item-2\" class=\"item\">\r\n                            <div class=\"left-side\">\r\n                                <div class=\"label\">2000 - 2020<\/div>\r\n                            <\/div>\r\n                            <div class=\"right-side\"><div class=\"image\"><img decoding=\"async\" title=\"Wzrost i zmiana\" alt=\"Wzrost i zmiana\" src=\"https:\/\/impact.ontwikkeladres.nl\/wp-content\/uploads\/2025\/09\/Groei_en_verandering.jpg\"><\/div>\r\n                                \n        <div class=\"sd-block-title \">\n            <h2 class=\"sd-block-title-htag  marginbottom-30px align-left font-middle\n            \">\n\t\t\t\t\n            \tWzrost i zmiana\n\t\t\t<\/h2>\n        <\/div>\r\n                                \r\n        <div class=\"sd-block-text  marginbottom-0px color-gray_dark\r\n        \">\r\n        \t\r\n            <p>Przez lata IMPACT umacnia\u0142 swoj\u0105 pozycj\u0119 jako niezawodny partner HR w zakresie profili pracowniczych. Dzi\u0119ki nowym oddzia\u0142om, innowacyjnym narz\u0119dziom i silnej wsp\u00f3\u0142pracy stali\u015bmy si\u0119 uznan\u0105 warto\u015bci\u0105 w Belgii.   <\/p>\n\r\n        <\/div>\r\n                            <\/div>\r\n                        <\/div>\r\n                        <div id=\"item-3\" class=\"item last-item\">\r\n                            <div class=\"left-side\">\r\n                                <div class=\"label\">2023 - obecnie<\/div>\r\n                            <\/div>\r\n                            <div class=\"right-side\"><div class=\"image\"><img decoding=\"async\" title=\"Sie\u0107 ekspert\u00f3w HR\" alt=\"Sie\u0107 ekspert\u00f3w HR\" src=\"https:\/\/impact.ontwikkeladres.nl\/wp-content\/uploads\/2025\/09\/Netwerk_van_hr.jpg\"><\/div>\r\n                                \n        <div class=\"sd-block-title \">\n            <h2 class=\"sd-block-title-htag  marginbottom-30px align-left font-middle\n            \">\n\t\t\t\t\n            \tSie\u0107 ekspert\u00f3w HR\n\t\t\t<\/h2>\n        <\/div>\r\n                                \r\n        <div class=\"sd-block-text  marginbottom-0px color-gray_dark\r\n        \">\r\n        \t\r\n            <p>Dzi\u015b z dum\u0105 wsp\u00f3\u0142pracujemy z naszymi siostrzanymi firmami i partnerami, aby wspiera\u0107 firmy i kandydat\u00f3w, koncentruj\u0105c si\u0119 na naszych w\u0142asnych i po\u0142\u0105czonych mocnych stronach:<\/p>\n<ul>\n<li>IMPACT - specjalista w zakresie zatrudniania profili pracownik\u00f3w.<\/li>\n<li>Talentus - rekrutacja i selekcja z naciskiem na pracownik\u00f3w umys\u0142owych.<\/li>\n<li>NOVA Engineering - project sourcing in\u017cynier\u00f3w i profili technicznych.  <\/li>\n<li>Talenlink - rekrutacja i selekcja specjalist\u00f3w o wy\u017cszych kwalifikacjach, g\u0142\u00f3wnie poprzez wyszukiwanie bezpo\u015brednie.<\/li>\n<li>Essensys - doradztwo strategiczne w zakresie HR i outsourcingu.<\/li>\n<li>Weevo HR - zarz\u0105dzanie talentami i doradztwo HR: od rekrutacji i onboardingu po coaching.<\/li>\n<li>Haldu Group (NL) - specjalista w zakresie personelu technicznego dla r\u00f3\u017cnych projekt\u00f3w w Holandii.<\/li>\n<\/ul>\n<p>Razem jeste\u015bmy silniejsi: sie\u0107 ekspert\u00f3w HR zaanga\u017cowanych w specjalizacj\u0119, wsp\u00f3\u0142prac\u0119 i polityk\u0119 HR zorientowan\u0105 na ludzi.<\/p>\n<p>Nadal inwestujemy w rozw\u00f3j, cyfryzacj\u0119 i talenty ludzkie, zawsze z tym samym przekonaniem, co w 1999 roku: aby stworzy\u0107 IMPACT, dla firm i kandydat\u00f3w.<\/p>\n\r\n        <\/div>\r\n                            <\/div>\r\n                        <\/div><\/div><\/div>[\/vc_column][\/vc_row][vc_row][vc_column][vc_row_inner][vc_column_inner width=&#8221;1\/2&#8243;]\n        <div class=\"sd-block-title \">\n            <h2 class=\"sd-block-title-htag  marginbottom-30px align-left color-dark_gray\n            \">\n\t\t\t\t\n            \tNajnowsze artyku\u0142y\n\t\t\t<\/h2>\n        <\/div>[\/vc_column_inner][vc_column_inner width=&#8221;1\/2&#8243;]\r\n        <div class=\"sd-block-button  marginbottom-0px align-right button-type-text text-size-normal text-color-dark_grey\">\r\n            <a class=\"inner-button\"\r\n            href=\"https:\/\/impact.ontwikkeladres.nl\/pl\/kandydaci\/blog\/\" title=\"Przeczytaj wszystkie artyku\u0142y\">\r\n                <div class=\"button-content\">\r\n                    <span>Przeczytaj wszystkie artyku\u0142y<\/span>\r\n\t\t\t\t    <svg height=\"15\" width=\"15\" xmlns=\"http:\/\/www.w3.org\/2000\/svg\" viewBox=\"0 0 15 13.56\"><path fill=\"currentColor\" d=\"M0,5.64h11.64L7.56,0h2.64l4.8,6.84-4.8,6.72h-2.64l4.08-5.64H0v-2.28Z\"\/><\/svg>\r\n                <\/div>\r\n            <\/a>\r\n        <\/div>[\/vc_column_inner][\/vc_row_inner]\r\n        <div class=\"sd-block-blog-overview\" data-atts=\"{&quot;posts_per_page&quot;:&quot;3&quot;,&quot;pagination&quot;:&quot;no&quot;}\" data-page-id=\"1\"><div class=\"blog-grid\">\r\n                            <a title=\"6 najcz\u0119\u015bciej zadawanych pyta\u0144 na rozmowie kwalifikacyjnej\" href=\"https:\/\/impact.ontwikkeladres.nl\/pl\/kandydaci\/blog\/porady-i-tricki\/6-najczesciej-zadawanych-pytan-na-rozmowie-kwalifikacyjnej-2\/\" class=\"blog-tile\">\r\n                                <div class=\"blog-tile-image\"><img decoding=\"async\" src=\"https:\/\/impact.ontwikkeladres.nl\/wp-content\/uploads\/2021\/09\/De_6_meest.jpg\" alt=\"6 najcz\u0119\u015bciej zadawanych pyta\u0144 na rozmowie kwalifikacyjnej\"><\/div>\r\n                                <div class=\"blog-tile-text\">\r\n                                    <div class=\"blog-category\">Tips &amp; tricks<\/div>\r\n                                    \n        <div class=\"sd-block-title \">\n            <h2 class=\"sd-block-title-htag  marginbottom-30px align-left color-dark_gray font-small\n            \">\n\t\t\t\t\n            \t6 najcz\u0119\u015bciej zadawanych pyta\u0144 na rozmowie kwalifikacyjnej\n\t\t\t<\/h2>\n        <\/div>\r\n                                    \r\n        <div class=\"sd-block-button  marginbottom-0px align-left button-type-text text-size-normal text-color-dark_grey\">\r\n            <span class=\"inner-button\"\r\n            href=\"https:\/\/impact.ontwikkeladres.nl\/pl\/kandydaci\/blog\/porady-i-tricki\/6-najczesciej-zadawanych-pytan-na-rozmowie-kwalifikacyjnej-2\/\" title=\"Czytaj wi\u0119cej\">\r\n                <div class=\"button-content\">\r\n                    <span>Czytaj wi\u0119cej<\/span>\r\n\t\t\t\t    <svg height=\"15\" width=\"15\" xmlns=\"http:\/\/www.w3.org\/2000\/svg\" viewBox=\"0 0 15 13.56\"><path fill=\"currentColor\" d=\"M0,5.64h11.64L7.56,0h2.64l4.8,6.84-4.8,6.72h-2.64l4.08-5.64H0v-2.28Z\"\/><\/svg>\r\n                <\/div>\r\n            <\/span>\r\n        <\/div>\r\n                                <\/div>\r\n                            <\/a>\r\n                            <a title=\"Szybko znajdujesz prac\u0119? Wybierz zaw\u00f3d z w\u0105skim gard\u0142em w budownictwie lub in\u017cynierii\" href=\"https:\/\/impact.ontwikkeladres.nl\/pl\/kandydaci\/blog\/porady-i-tricki\/szybko-znajdujesz-prace-wybierz-zawod-z-waskim-gardlem-w-budownictwie-lub-inzynierii\/\" class=\"blog-tile\">\r\n                                <div class=\"blog-tile-image\"><img decoding=\"async\" src=\"https:\/\/impact.ontwikkeladres.nl\/wp-content\/uploads\/2025\/09\/Snel_werk_vinden.jpg\" alt=\"Szybko znajdujesz prac\u0119? Wybierz zaw\u00f3d z w\u0105skim gard\u0142em w budownictwie lub in\u017cynierii\"><\/div>\r\n                                <div class=\"blog-tile-text\">\r\n                                    <div class=\"blog-category\">Tips &amp; tricks<\/div>\r\n                                    \n        <div class=\"sd-block-title \">\n            <h2 class=\"sd-block-title-htag  marginbottom-30px align-left color-dark_gray font-small\n            \">\n\t\t\t\t\n            \tSzybko znajdujesz prac\u0119? Wybierz zaw\u00f3d z w\u0105skim gard\u0142em w budownictwie lub in\u017cynierii\n\t\t\t<\/h2>\n        <\/div>\r\n                                    \r\n        <div class=\"sd-block-button  marginbottom-0px align-left button-type-text text-size-normal text-color-dark_grey\">\r\n            <span class=\"inner-button\"\r\n            href=\"https:\/\/impact.ontwikkeladres.nl\/pl\/kandydaci\/blog\/porady-i-tricki\/szybko-znajdujesz-prace-wybierz-zawod-z-waskim-gardlem-w-budownictwie-lub-inzynierii\/\" title=\"Czytaj wi\u0119cej\">\r\n                <div class=\"button-content\">\r\n                    <span>Czytaj wi\u0119cej<\/span>\r\n\t\t\t\t    <svg height=\"15\" width=\"15\" xmlns=\"http:\/\/www.w3.org\/2000\/svg\" viewBox=\"0 0 15 13.56\"><path fill=\"currentColor\" d=\"M0,5.64h11.64L7.56,0h2.64l4.8,6.84-4.8,6.72h-2.64l4.08-5.64H0v-2.28Z\"\/><\/svg>\r\n                <\/div>\r\n            <\/span>\r\n        <\/div>\r\n                                <\/div>\r\n                            <\/a>\r\n                            <a title=\"Uderzaj\u0105cy transparent pojawia si\u0119 na &#8222;wiecznym rusztowaniu&#8221; brukselskiego s\u0105du\" href=\"https:\/\/impact.ontwikkeladres.nl\/pl\/kandydaci\/blog\/aktualnosci\/uderzajacy-transparent-pojawia-sie-na-wiecznym-rusztowaniu-brukselskiego-sadu\/\" class=\"blog-tile\">\r\n                                <div class=\"blog-tile-image\"><img decoding=\"async\" src=\"https:\/\/impact.ontwikkeladres.nl\/wp-content\/uploads\/2025\/09\/opvallend-spandoek.jpg\" alt=\"Uderzaj\u0105cy transparent pojawia si\u0119 na &#8222;wiecznym rusztowaniu&#8221; brukselskiego s\u0105du\"><\/div>\r\n                                <div class=\"blog-tile-text\">\r\n                                    <div class=\"blog-category\">News<\/div>\r\n                                    \n        <div class=\"sd-block-title \">\n            <h2 class=\"sd-block-title-htag  marginbottom-30px align-left color-dark_gray font-small\n            \">\n\t\t\t\t\n            \tUderzaj\u0105cy transparent pojawia si\u0119 na &#8222;wiecznym rusztowaniu&#8221; brukselskiego s\u0105du\n\t\t\t<\/h2>\n        <\/div>\r\n                                    \r\n        <div class=\"sd-block-button  marginbottom-0px align-left button-type-text text-size-normal text-color-dark_grey\">\r\n            <span class=\"inner-button\"\r\n            href=\"https:\/\/impact.ontwikkeladres.nl\/pl\/kandydaci\/blog\/aktualnosci\/uderzajacy-transparent-pojawia-sie-na-wiecznym-rusztowaniu-brukselskiego-sadu\/\" title=\"Czytaj wi\u0119cej\">\r\n                <div class=\"button-content\">\r\n                    <span>Czytaj wi\u0119cej<\/span>\r\n\t\t\t\t    <svg height=\"15\" width=\"15\" xmlns=\"http:\/\/www.w3.org\/2000\/svg\" viewBox=\"0 0 15 13.56\"><path fill=\"currentColor\" d=\"M0,5.64h11.64L7.56,0h2.64l4.8,6.84-4.8,6.72h-2.64l4.08-5.64H0v-2.28Z\"\/><\/svg>\r\n                <\/div>\r\n            <\/span>\r\n        <\/div>\r\n                                <\/div>\r\n                            <\/a>\r\n                            <\/div>\r\n        <\/div>[\/vc_column][\/vc_row]<\/p>\n<\/div>","protected":false},"excerpt":{"rendered":"<p>[vc_row full_width=&#8221;stretch_row&#8221; content_placement=&#8221;bottom&#8221; bg_custom_divider=&#8221;diagonal-60&#8243; bg_custom_style=&#8221;image&#8221; row_height=&#8221;row_900px&#8221; bg_color=&#8221;bg_green&#8221; bg_custom_img=&#8221;1910&#8243; css=&#8221;.vc_custom_1761315449324{background-color: bg_gray !important;}&#8221;][vc_column width=&#8221;2\/5&#8243;][\/vc_column][vc_column width=&#8221;3\/5&#8243;][\/vc_column][\/vc_row][vc_row css=&#8221;.vc_custom_1761314728030{padding-bottom: 0px !important;}&#8221;][vc_column][\/vc_column][\/vc_row][vc_row][vc_column][vc_row_inner][vc_column_inner width=&#8221;1\/2&#8243;][\/vc_column_inner][vc_column_inner width=&#8221;1\/2&#8243;][\/vc_column_inner][\/vc_row_inner][\/vc_column][\/vc_row]<\/p>\n","protected":false},"author":1,"featured_media":0,"parent":5189,"menu_order":0,"comment_status":"closed","ping_status":"closed","template":"","meta":{"_acf_changed":false,"footnotes":""},"class_list":["post-9347","page","type-page","status-publish","hentry"],"acf":[],"yoast_head":"<!-- This site is optimized with the Yoast SEO plugin v26.8 - https:\/\/yoast.com\/product\/yoast-seo-wordpress\/ -->\n<title>Historia IMPACT | IMPACT<\/title>\n<meta name=\"description\" content=\"Dowiedz si\u0119, w jaki spos\u00f3b, od momentu powstania, IMPACT sta\u0142 si\u0119 uznanym liderem w dopasowywaniu pracownik\u00f3w tymczasowych i firm z bran\u017cy budowlanej i in\u017cynieryjnej.\" \/>\n<meta name=\"robots\" content=\"noindex, follow, max-snippet:-1, max-image-preview:large, max-video-preview:-1\" \/>\n<meta property=\"og:locale\" content=\"pl_PL\" \/>\n<meta property=\"og:type\" content=\"article\" \/>\n<meta property=\"og:title\" content=\"Historia IMPACT | IMPACT\" \/>\n<meta property=\"og:description\" content=\"Dowiedz si\u0119, w jaki spos\u00f3b, od momentu powstania, IMPACT sta\u0142 si\u0119 uznanym liderem w dopasowywaniu pracownik\u00f3w tymczasowych i firm z bran\u017cy budowlanej i in\u017cynieryjnej.\" \/>\n<meta property=\"og:url\" content=\"https:\/\/impact.ontwikkeladres.nl\/pl\/kandydaci\/historia-impact\/\" \/>\n<meta property=\"og:site_name\" content=\"IMPACT\" \/>\n<meta property=\"article:publisher\" content=\"https:\/\/www.facebook.com\/jobs.impact\" \/>\n<meta property=\"article:modified_time\" content=\"2025-11-07T15:51:46+00:00\" \/>\n<meta property=\"og:image\" content=\"https:\/\/impact.ontwikkeladres.nl\/wp-content\/uploads\/2025\/11\/Social-share.jpg\" \/>\n\t<meta property=\"og:image:width\" content=\"1200\" \/>\n\t<meta property=\"og:image:height\" content=\"675\" \/>\n\t<meta property=\"og:image:type\" content=\"image\/jpeg\" \/>\n<meta name=\"twitter:card\" content=\"summary_large_image\" \/>\n<meta name=\"twitter:label1\" content=\"Szacowany czas czytania\" \/>\n\t<meta name=\"twitter:data1\" content=\"4 minuty\" \/>\n<script type=\"application\/ld+json\" class=\"yoast-schema-graph\">{\"@context\":\"https:\/\/schema.org\",\"@graph\":[{\"@type\":\"WebPage\",\"@id\":\"https:\/\/impact.ontwikkeladres.nl\/pl\/kandydaci\/historia-impact\/\",\"url\":\"https:\/\/impact.ontwikkeladres.nl\/pl\/kandydaci\/historia-impact\/\",\"name\":\"Historia IMPACT | IMPACT\",\"isPartOf\":{\"@id\":\"https:\/\/impact.ontwikkeladres.nl\/pl\/#website\"},\"datePublished\":\"2025-08-15T12:33:57+00:00\",\"dateModified\":\"2025-11-07T15:51:46+00:00\",\"description\":\"Dowiedz si\u0119, w jaki spos\u00f3b, od momentu powstania, IMPACT sta\u0142 si\u0119 uznanym liderem w dopasowywaniu pracownik\u00f3w tymczasowych i firm z bran\u017cy budowlanej i in\u017cynieryjnej.\",\"breadcrumb\":{\"@id\":\"https:\/\/impact.ontwikkeladres.nl\/pl\/kandydaci\/historia-impact\/#breadcrumb\"},\"inLanguage\":\"pl-PL\",\"potentialAction\":[{\"@type\":\"ReadAction\",\"target\":[\"https:\/\/impact.ontwikkeladres.nl\/pl\/kandydaci\/historia-impact\/\"]}]},{\"@type\":\"BreadcrumbList\",\"@id\":\"https:\/\/impact.ontwikkeladres.nl\/pl\/kandydaci\/historia-impact\/#breadcrumb\",\"itemListElement\":[{\"@type\":\"ListItem\",\"position\":1,\"name\":\"Home\",\"item\":\"https:\/\/impact.ontwikkeladres.nl\/pl\/\"},{\"@type\":\"ListItem\",\"position\":2,\"name\":\"Kandydaci\",\"item\":\"https:\/\/impact.ontwikkeladres.nl\/pl\/\"},{\"@type\":\"ListItem\",\"position\":3,\"name\":\"Historia IMPACT\"}]},{\"@type\":\"WebSite\",\"@id\":\"https:\/\/impact.ontwikkeladres.nl\/pl\/#website\",\"url\":\"https:\/\/impact.ontwikkeladres.nl\/pl\/\",\"name\":\"IMPACT\",\"description\":\"Impact website\",\"inLanguage\":\"pl-PL\"}]}<\/script>\n<!-- \/ Yoast SEO plugin. -->","yoast_head_json":{"title":"Historia IMPACT | IMPACT","description":"Dowiedz si\u0119, w jaki spos\u00f3b, od momentu powstania, IMPACT sta\u0142 si\u0119 uznanym liderem w dopasowywaniu pracownik\u00f3w tymczasowych i firm z bran\u017cy budowlanej i in\u017cynieryjnej.","robots":{"index":"noindex","follow":"follow","max-snippet":"max-snippet:-1","max-image-preview":"max-image-preview:large","max-video-preview":"max-video-preview:-1"},"og_locale":"pl_PL","og_type":"article","og_title":"Historia IMPACT | IMPACT","og_description":"Dowiedz si\u0119, w jaki spos\u00f3b, od momentu powstania, IMPACT sta\u0142 si\u0119 uznanym liderem w dopasowywaniu pracownik\u00f3w tymczasowych i firm z bran\u017cy budowlanej i in\u017cynieryjnej.","og_url":"https:\/\/impact.ontwikkeladres.nl\/pl\/kandydaci\/historia-impact\/","og_site_name":"IMPACT","article_publisher":"https:\/\/www.facebook.com\/jobs.impact","article_modified_time":"2025-11-07T15:51:46+00:00","og_image":[{"width":1200,"height":675,"url":"https:\/\/impact.ontwikkeladres.nl\/wp-content\/uploads\/2025\/11\/Social-share.jpg","type":"image\/jpeg"}],"twitter_card":"summary_large_image","twitter_misc":{"Szacowany czas czytania":"4 minuty"},"schema":{"@context":"https:\/\/schema.org","@graph":[{"@type":"WebPage","@id":"https:\/\/impact.ontwikkeladres.nl\/pl\/kandydaci\/historia-impact\/","url":"https:\/\/impact.ontwikkeladres.nl\/pl\/kandydaci\/historia-impact\/","name":"Historia IMPACT | IMPACT","isPartOf":{"@id":"https:\/\/impact.ontwikkeladres.nl\/pl\/#website"},"datePublished":"2025-08-15T12:33:57+00:00","dateModified":"2025-11-07T15:51:46+00:00","description":"Dowiedz si\u0119, w jaki spos\u00f3b, od momentu powstania, IMPACT sta\u0142 si\u0119 uznanym liderem w dopasowywaniu pracownik\u00f3w tymczasowych i firm z bran\u017cy budowlanej i in\u017cynieryjnej.","breadcrumb":{"@id":"https:\/\/impact.ontwikkeladres.nl\/pl\/kandydaci\/historia-impact\/#breadcrumb"},"inLanguage":"pl-PL","potentialAction":[{"@type":"ReadAction","target":["https:\/\/impact.ontwikkeladres.nl\/pl\/kandydaci\/historia-impact\/"]}]},{"@type":"BreadcrumbList","@id":"https:\/\/impact.ontwikkeladres.nl\/pl\/kandydaci\/historia-impact\/#breadcrumb","itemListElement":[{"@type":"ListItem","position":1,"name":"Home","item":"https:\/\/impact.ontwikkeladres.nl\/pl\/"},{"@type":"ListItem","position":2,"name":"Kandydaci","item":"https:\/\/impact.ontwikkeladres.nl\/pl\/"},{"@type":"ListItem","position":3,"name":"Historia IMPACT"}]},{"@type":"WebSite","@id":"https:\/\/impact.ontwikkeladres.nl\/pl\/#website","url":"https:\/\/impact.ontwikkeladres.nl\/pl\/","name":"IMPACT","description":"Impact website","inLanguage":"pl-PL"}]}},"_links":{"self":[{"href":"https:\/\/impact.ontwikkeladres.nl\/pl\/wp-json\/wp\/v2\/pages\/9347","targetHints":{"allow":["GET"]}}],"collection":[{"href":"https:\/\/impact.ontwikkeladres.nl\/pl\/wp-json\/wp\/v2\/pages"}],"about":[{"href":"https:\/\/impact.ontwikkeladres.nl\/pl\/wp-json\/wp\/v2\/types\/page"}],"author":[{"embeddable":true,"href":"https:\/\/impact.ontwikkeladres.nl\/pl\/wp-json\/wp\/v2\/users\/1"}],"replies":[{"embeddable":true,"href":"https:\/\/impact.ontwikkeladres.nl\/pl\/wp-json\/wp\/v2\/comments?post=9347"}],"version-history":[{"count":7,"href":"https:\/\/impact.ontwikkeladres.nl\/pl\/wp-json\/wp\/v2\/pages\/9347\/revisions"}],"predecessor-version":[{"id":9926,"href":"https:\/\/impact.ontwikkeladres.nl\/pl\/wp-json\/wp\/v2\/pages\/9347\/revisions\/9926"}],"up":[{"embeddable":true,"href":"https:\/\/impact.ontwikkeladres.nl\/pl\/wp-json\/wp\/v2\/pages\/5189"}],"wp:attachment":[{"href":"https:\/\/impact.ontwikkeladres.nl\/pl\/wp-json\/wp\/v2\/media?parent=9347"}],"curies":[{"name":"wp","href":"https:\/\/api.w.org\/{rel}","templated":true}]}}