{"id":9407,"date":"2025-09-18T11:27:04","date_gmt":"2025-09-18T09:27:04","guid":{"rendered":"https:\/\/impact.ontwikkeladres.nl\/porady-i-wskazowki\/"},"modified":"2025-11-12T09:30:08","modified_gmt":"2025-11-12T08:30:08","slug":"porady-i-wskazowki","status":"publish","type":"page","link":"https:\/\/impact.ontwikkeladres.nl\/pl\/kandydaci\/blog\/porady-i-wskazowki\/","title":{"rendered":"Porady i wskaz\u00f3wki"},"content":{"rendered":"<div class=\"wpb-content-wrapper\"><p>[vc_row][vc_column]<div class=\"sd-block-blog-filter  marginbottom-60px\r\n                    \">\r\n                        <span class=\"title\">Kategorie<\/span>\r\n                    <a class=\"category\" href=\"https:\/\/impact.be\/pl\/kandydaci\/blog\/\">Wszystkie artyku\u0142y<\/a><a class=\"category\" href=\"https:\/\/impact.be\/pl\/kandydaci\/blog\/wydarzenia\/\">Wydarzenia<\/a><a class=\"category active\" href=\"https:\/\/impact.be\/pl\/kandydaci\/blog\/porady-i-wskazowki\/\">Porady i wskaz\u00f3wki<\/a><a class=\"category\" href=\"https:\/\/impact.be\/pl\/kandydaci\/blog\/aktualnosci\/\">Aktualno\u015bci<\/a>\r\n                    <\/div>\r\n        \r\n        <div class=\"sd-block-blog-overview\" data-atts=\"{&quot;posts_per_page&quot;:&quot;9&quot;,&quot;pagination&quot;:&quot;yes&quot;}\" data-page-id=\"1\"><div class=\"blog-grid\">\r\n                            <a title=\"6 najcz\u0119\u015bciej zadawanych pyta\u0144 na rozmowie kwalifikacyjnej\" href=\"https:\/\/impact.ontwikkeladres.nl\/pl\/kandydaci\/blog\/porady-i-tricki\/6-najczesciej-zadawanych-pytan-na-rozmowie-kwalifikacyjnej-2\/\" class=\"blog-tile\">\r\n                                <div class=\"blog-tile-image\"><img decoding=\"async\" src=\"https:\/\/impact.ontwikkeladres.nl\/wp-content\/uploads\/2021\/09\/De_6_meest.jpg\" alt=\"6 najcz\u0119\u015bciej zadawanych pyta\u0144 na rozmowie kwalifikacyjnej\"><\/div>\r\n                                <div class=\"blog-tile-text\">\r\n                                    <div class=\"blog-category\">Tips &amp; tricks<\/div>\r\n                                    \n        <div class=\"sd-block-title \">\n            <h2 class=\"sd-block-title-htag  marginbottom-30px align-left color-dark_gray font-small\n            \">\n\t\t\t\t\n            \t6 najcz\u0119\u015bciej zadawanych pyta\u0144 na rozmowie kwalifikacyjnej\n\t\t\t<\/h2>\n        <\/div>\r\n                                    \r\n        <div class=\"sd-block-button  marginbottom-0px align-left button-type-text text-size-normal text-color-dark_grey\">\r\n            <span class=\"inner-button\"\r\n            href=\"https:\/\/impact.ontwikkeladres.nl\/pl\/kandydaci\/blog\/porady-i-tricki\/6-najczesciej-zadawanych-pytan-na-rozmowie-kwalifikacyjnej-2\/\" title=\"Czytaj wi\u0119cej\">\r\n                <div class=\"button-content\">\r\n                    <span>Czytaj wi\u0119cej<\/span>\r\n\t\t\t\t    <svg height=\"15\" width=\"15\" xmlns=\"http:\/\/www.w3.org\/2000\/svg\" viewBox=\"0 0 15 13.56\"><path fill=\"currentColor\" d=\"M0,5.64h11.64L7.56,0h2.64l4.8,6.84-4.8,6.72h-2.64l4.08-5.64H0v-2.28Z\"\/><\/svg>\r\n                <\/div>\r\n            <\/span>\r\n        <\/div>\r\n                                <\/div>\r\n                            <\/a>\r\n                            <a title=\"Szybko znajdujesz prac\u0119? Wybierz zaw\u00f3d z w\u0105skim gard\u0142em w budownictwie lub in\u017cynierii\" href=\"https:\/\/impact.ontwikkeladres.nl\/pl\/kandydaci\/blog\/porady-i-tricki\/szybko-znajdujesz-prace-wybierz-zawod-z-waskim-gardlem-w-budownictwie-lub-inzynierii\/\" class=\"blog-tile\">\r\n                                <div class=\"blog-tile-image\"><img decoding=\"async\" src=\"https:\/\/impact.ontwikkeladres.nl\/wp-content\/uploads\/2025\/09\/Snel_werk_vinden.jpg\" alt=\"Szybko znajdujesz prac\u0119? Wybierz zaw\u00f3d z w\u0105skim gard\u0142em w budownictwie lub in\u017cynierii\"><\/div>\r\n                                <div class=\"blog-tile-text\">\r\n                                    <div class=\"blog-category\">Tips &amp; tricks<\/div>\r\n                                    \n        <div class=\"sd-block-title \">\n            <h2 class=\"sd-block-title-htag  marginbottom-30px align-left color-dark_gray font-small\n            \">\n\t\t\t\t\n            \tSzybko znajdujesz prac\u0119? Wybierz zaw\u00f3d z w\u0105skim gard\u0142em w budownictwie lub in\u017cynierii\n\t\t\t<\/h2>\n        <\/div>\r\n                                    \r\n        <div class=\"sd-block-button  marginbottom-0px align-left button-type-text text-size-normal text-color-dark_grey\">\r\n            <span class=\"inner-button\"\r\n            href=\"https:\/\/impact.ontwikkeladres.nl\/pl\/kandydaci\/blog\/porady-i-tricki\/szybko-znajdujesz-prace-wybierz-zawod-z-waskim-gardlem-w-budownictwie-lub-inzynierii\/\" title=\"Czytaj wi\u0119cej\">\r\n                <div class=\"button-content\">\r\n                    <span>Czytaj wi\u0119cej<\/span>\r\n\t\t\t\t    <svg height=\"15\" width=\"15\" xmlns=\"http:\/\/www.w3.org\/2000\/svg\" viewBox=\"0 0 15 13.56\"><path fill=\"currentColor\" d=\"M0,5.64h11.64L7.56,0h2.64l4.8,6.84-4.8,6.72h-2.64l4.08-5.64H0v-2.28Z\"\/><\/svg>\r\n                <\/div>\r\n            <\/span>\r\n        <\/div>\r\n                                <\/div>\r\n                            <\/a>\r\n                            <a title=\"Dzisiejsi prawdziwi bohaterowie? Rzemie\u015blnicy!\" href=\"https:\/\/impact.ontwikkeladres.nl\/pl\/kandydaci\/blog\/porady-i-tricki\/dzisiejsi-prawdziwi-bohaterowie-rzemieslnicy\/\" class=\"blog-tile\">\r\n                                <div class=\"blog-tile-image\"><img decoding=\"async\" src=\"https:\/\/impact.ontwikkeladres.nl\/wp-content\/uploads\/2022\/08\/De_echte_helden.jpg\" alt=\"Dzisiejsi prawdziwi bohaterowie? Rzemie\u015blnicy!\"><\/div>\r\n                                <div class=\"blog-tile-text\">\r\n                                    <div class=\"blog-category\">Tips &amp; tricks<\/div>\r\n                                    \n        <div class=\"sd-block-title \">\n            <h2 class=\"sd-block-title-htag  marginbottom-30px align-left color-dark_gray font-small\n            \">\n\t\t\t\t\n            \tDzisiejsi prawdziwi bohaterowie? Rzemie\u015blnicy!\n\t\t\t<\/h2>\n        <\/div>\r\n                                    \r\n        <div class=\"sd-block-button  marginbottom-0px align-left button-type-text text-size-normal text-color-dark_grey\">\r\n            <span class=\"inner-button\"\r\n            href=\"https:\/\/impact.ontwikkeladres.nl\/pl\/kandydaci\/blog\/porady-i-tricki\/dzisiejsi-prawdziwi-bohaterowie-rzemieslnicy\/\" title=\"Czytaj wi\u0119cej\">\r\n                <div class=\"button-content\">\r\n                    <span>Czytaj wi\u0119cej<\/span>\r\n\t\t\t\t    <svg height=\"15\" width=\"15\" xmlns=\"http:\/\/www.w3.org\/2000\/svg\" viewBox=\"0 0 15 13.56\"><path fill=\"currentColor\" d=\"M0,5.64h11.64L7.56,0h2.64l4.8,6.84-4.8,6.72h-2.64l4.08-5.64H0v-2.28Z\"\/><\/svg>\r\n                <\/div>\r\n            <\/span>\r\n        <\/div>\r\n                                <\/div>\r\n                            <\/a>\r\n                            <a title=\"Dlaczego technicy s\u0105 bohaterami\" href=\"https:\/\/impact.ontwikkeladres.nl\/pl\/kandydaci\/blog\/porady-i-tricki\/dlaczego-technicy-sa-bohaterami\/\" class=\"blog-tile\">\r\n                                <div class=\"blog-tile-image\"><img decoding=\"async\" src=\"https:\/\/impact.ontwikkeladres.nl\/wp-content\/uploads\/2022\/03\/Waarom_techniekers_helden.jpg\" alt=\"Dlaczego technicy s\u0105 bohaterami\"><\/div>\r\n                                <div class=\"blog-tile-text\">\r\n                                    <div class=\"blog-category\">Tips &amp; tricks<\/div>\r\n                                    \n        <div class=\"sd-block-title \">\n            <h2 class=\"sd-block-title-htag  marginbottom-30px align-left color-dark_gray font-small\n            \">\n\t\t\t\t\n            \tDlaczego technicy s\u0105 bohaterami\n\t\t\t<\/h2>\n        <\/div>\r\n                                    \r\n        <div class=\"sd-block-button  marginbottom-0px align-left button-type-text text-size-normal text-color-dark_grey\">\r\n            <span class=\"inner-button\"\r\n            href=\"https:\/\/impact.ontwikkeladres.nl\/pl\/kandydaci\/blog\/porady-i-tricki\/dlaczego-technicy-sa-bohaterami\/\" title=\"Czytaj wi\u0119cej\">\r\n                <div class=\"button-content\">\r\n                    <span>Czytaj wi\u0119cej<\/span>\r\n\t\t\t\t    <svg height=\"15\" width=\"15\" xmlns=\"http:\/\/www.w3.org\/2000\/svg\" viewBox=\"0 0 15 13.56\"><path fill=\"currentColor\" d=\"M0,5.64h11.64L7.56,0h2.64l4.8,6.84-4.8,6.72h-2.64l4.08-5.64H0v-2.28Z\"\/><\/svg>\r\n                <\/div>\r\n            <\/span>\r\n        <\/div>\r\n                                <\/div>\r\n                            <\/a>\r\n                            <a title=\"6 wskaz\u00f3wek, jak stworzy\u0107 mocne CV\" href=\"https:\/\/impact.ontwikkeladres.nl\/pl\/kandydaci\/blog\/porady-i-tricki\/6-wskazowek-jak-stworzyc-mocne-cv\/\" class=\"blog-tile\">\r\n                                <div class=\"blog-tile-image\"><img decoding=\"async\" src=\"https:\/\/impact.ontwikkeladres.nl\/wp-content\/uploads\/2021\/09\/6_tips_voor.jpg\" alt=\"6 wskaz\u00f3wek, jak stworzy\u0107 mocne CV\"><\/div>\r\n                                <div class=\"blog-tile-text\">\r\n                                    <div class=\"blog-category\">Tips &amp; tricks<\/div>\r\n                                    \n        <div class=\"sd-block-title \">\n            <h2 class=\"sd-block-title-htag  marginbottom-30px align-left color-dark_gray font-small\n            \">\n\t\t\t\t\n            \t6 wskaz\u00f3wek, jak stworzy\u0107 mocne CV\n\t\t\t<\/h2>\n        <\/div>\r\n                                    \r\n        <div class=\"sd-block-button  marginbottom-0px align-left button-type-text text-size-normal text-color-dark_grey\">\r\n            <span class=\"inner-button\"\r\n            href=\"https:\/\/impact.ontwikkeladres.nl\/pl\/kandydaci\/blog\/porady-i-tricki\/6-wskazowek-jak-stworzyc-mocne-cv\/\" title=\"Czytaj wi\u0119cej\">\r\n                <div class=\"button-content\">\r\n                    <span>Czytaj wi\u0119cej<\/span>\r\n\t\t\t\t    <svg height=\"15\" width=\"15\" xmlns=\"http:\/\/www.w3.org\/2000\/svg\" viewBox=\"0 0 15 13.56\"><path fill=\"currentColor\" d=\"M0,5.64h11.64L7.56,0h2.64l4.8,6.84-4.8,6.72h-2.64l4.08-5.64H0v-2.28Z\"\/><\/svg>\r\n                <\/div>\r\n            <\/span>\r\n        <\/div>\r\n                                <\/div>\r\n                            <\/a>\r\n                            <a title=\"8 najcz\u0119stszych b\u0142\u0119d\u00f3w w podaniach o prac\u0119\" href=\"https:\/\/impact.ontwikkeladres.nl\/pl\/kandydaci\/blog\/porady-i-tricki\/8-najczestszych-bledow-w-podaniach-o-prace\/\" class=\"blog-tile\">\r\n                                <div class=\"blog-tile-image\"><img decoding=\"async\" src=\"https:\/\/impact.ontwikkeladres.nl\/wp-content\/uploads\/2021\/09\/De_8_meest.jpg\" alt=\"8 najcz\u0119stszych b\u0142\u0119d\u00f3w w podaniach o prac\u0119\"><\/div>\r\n                                <div class=\"blog-tile-text\">\r\n                                    <div class=\"blog-category\">Tips &amp; tricks<\/div>\r\n                                    \n        <div class=\"sd-block-title \">\n            <h2 class=\"sd-block-title-htag  marginbottom-30px align-left color-dark_gray font-small\n            \">\n\t\t\t\t\n            \t8 najcz\u0119stszych b\u0142\u0119d\u00f3w w podaniach o prac\u0119\n\t\t\t<\/h2>\n        <\/div>\r\n                                    \r\n        <div class=\"sd-block-button  marginbottom-0px align-left button-type-text text-size-normal text-color-dark_grey\">\r\n            <span class=\"inner-button\"\r\n            href=\"https:\/\/impact.ontwikkeladres.nl\/pl\/kandydaci\/blog\/porady-i-tricki\/8-najczestszych-bledow-w-podaniach-o-prace\/\" title=\"Czytaj wi\u0119cej\">\r\n                <div class=\"button-content\">\r\n                    <span>Czytaj wi\u0119cej<\/span>\r\n\t\t\t\t    <svg height=\"15\" width=\"15\" xmlns=\"http:\/\/www.w3.org\/2000\/svg\" viewBox=\"0 0 15 13.56\"><path fill=\"currentColor\" d=\"M0,5.64h11.64L7.56,0h2.64l4.8,6.84-4.8,6.72h-2.64l4.08-5.64H0v-2.28Z\"\/><\/svg>\r\n                <\/div>\r\n            <\/span>\r\n        <\/div>\r\n                                <\/div>\r\n                            <\/a>\r\n                            <a title=\"6 najcz\u0119\u015bciej zadawanych pyta\u0144 na rozmowie kwalifikacyjnej\" href=\"https:\/\/impact.ontwikkeladres.nl\/pl\/kandydaci\/blog\/porady-i-tricki\/6-najczesciej-zadawanych-pytan-na-rozmowie-kwalifikacyjnej\/\" class=\"blog-tile\">\r\n                                <div class=\"blog-tile-image\"><img decoding=\"async\" src=\"https:\/\/impact.ontwikkeladres.nl\/wp-content\/uploads\/2021\/09\/De_6_meest.jpg\" alt=\"6 najcz\u0119\u015bciej zadawanych pyta\u0144 na rozmowie kwalifikacyjnej\"><\/div>\r\n                                <div class=\"blog-tile-text\">\r\n                                    <div class=\"blog-category\">Tips &amp; tricks<\/div>\r\n                                    \n        <div class=\"sd-block-title \">\n            <h2 class=\"sd-block-title-htag  marginbottom-30px align-left color-dark_gray font-small\n            \">\n\t\t\t\t\n            \t6 najcz\u0119\u015bciej zadawanych pyta\u0144 na rozmowie kwalifikacyjnej\n\t\t\t<\/h2>\n        <\/div>\r\n                                    \r\n        <div class=\"sd-block-button  marginbottom-0px align-left button-type-text text-size-normal text-color-dark_grey\">\r\n            <span class=\"inner-button\"\r\n            href=\"https:\/\/impact.ontwikkeladres.nl\/pl\/kandydaci\/blog\/porady-i-tricki\/6-najczesciej-zadawanych-pytan-na-rozmowie-kwalifikacyjnej\/\" title=\"Czytaj wi\u0119cej\">\r\n                <div class=\"button-content\">\r\n                    <span>Czytaj wi\u0119cej<\/span>\r\n\t\t\t\t    <svg height=\"15\" width=\"15\" xmlns=\"http:\/\/www.w3.org\/2000\/svg\" viewBox=\"0 0 15 13.56\"><path fill=\"currentColor\" d=\"M0,5.64h11.64L7.56,0h2.64l4.8,6.84-4.8,6.72h-2.64l4.08-5.64H0v-2.28Z\"\/><\/svg>\r\n                <\/div>\r\n            <\/span>\r\n        <\/div>\r\n                                <\/div>\r\n                            <\/a>\r\n                            <\/div>\r\n        <div class=\"sd-pagination\">\r\n            \r\n        <\/div>\r\n        <\/div>[\/vc_column][\/vc_row]<\/p>\n<\/div>","protected":false},"excerpt":{"rendered":"<p>[vc_row][vc_column][\/vc_column][\/vc_row]<\/p>\n","protected":false},"author":1,"featured_media":0,"parent":9416,"menu_order":0,"comment_status":"closed","ping_status":"closed","template":"","meta":{"_acf_changed":false,"footnotes":""},"class_list":["post-9407","page","type-page","status-publish","hentry"],"acf":[],"yoast_head":"<!-- This site is optimized with the Yoast SEO plugin v26.8 - https:\/\/yoast.com\/product\/yoast-seo-wordpress\/ -->\n<title>Porady i wskaz\u00f3wki | IMPACT<\/title>\n<meta name=\"robots\" content=\"noindex, follow, max-snippet:-1, max-image-preview:large, max-video-preview:-1\" \/>\n<meta property=\"og:locale\" content=\"pl_PL\" \/>\n<meta property=\"og:type\" content=\"article\" \/>\n<meta property=\"og:title\" content=\"Porady i wskaz\u00f3wki | IMPACT\" \/>\n<meta property=\"og:description\" content=\"[vc_row][vc_column][\/vc_column][\/vc_row]\" \/>\n<meta property=\"og:url\" content=\"https:\/\/impact.ontwikkeladres.nl\/pl\/kandydaci\/blog\/porady-i-wskazowki\/\" \/>\n<meta property=\"og:site_name\" content=\"IMPACT\" \/>\n<meta property=\"article:publisher\" content=\"https:\/\/www.facebook.com\/jobs.impact\" \/>\n<meta property=\"article:modified_time\" content=\"2025-11-12T08:30:08+00:00\" \/>\n<meta property=\"og:image\" content=\"https:\/\/impact.ontwikkeladres.nl\/wp-content\/uploads\/2025\/11\/Social-share.jpg\" \/>\n\t<meta property=\"og:image:width\" content=\"1200\" \/>\n\t<meta property=\"og:image:height\" content=\"675\" \/>\n\t<meta property=\"og:image:type\" content=\"image\/jpeg\" \/>\n<meta name=\"twitter:card\" content=\"summary_large_image\" \/>\n<meta name=\"twitter:label1\" content=\"Szacowany czas czytania\" \/>\n\t<meta name=\"twitter:data1\" content=\"1 minuta\" \/>\n<script type=\"application\/ld+json\" class=\"yoast-schema-graph\">{\"@context\":\"https:\/\/schema.org\",\"@graph\":[{\"@type\":\"WebPage\",\"@id\":\"https:\/\/impact.ontwikkeladres.nl\/pl\/kandydaci\/blog\/porady-i-wskazowki\/\",\"url\":\"https:\/\/impact.ontwikkeladres.nl\/pl\/kandydaci\/blog\/porady-i-wskazowki\/\",\"name\":\"Porady i wskaz\u00f3wki | IMPACT\",\"isPartOf\":{\"@id\":\"https:\/\/impact.ontwikkeladres.nl\/pl\/#website\"},\"datePublished\":\"2025-09-18T09:27:04+00:00\",\"dateModified\":\"2025-11-12T08:30:08+00:00\",\"breadcrumb\":{\"@id\":\"https:\/\/impact.ontwikkeladres.nl\/pl\/kandydaci\/blog\/porady-i-wskazowki\/#breadcrumb\"},\"inLanguage\":\"pl-PL\",\"potentialAction\":[{\"@type\":\"ReadAction\",\"target\":[\"https:\/\/impact.ontwikkeladres.nl\/pl\/kandydaci\/blog\/porady-i-wskazowki\/\"]}]},{\"@type\":\"BreadcrumbList\",\"@id\":\"https:\/\/impact.ontwikkeladres.nl\/pl\/kandydaci\/blog\/porady-i-wskazowki\/#breadcrumb\",\"itemListElement\":[{\"@type\":\"ListItem\",\"position\":1,\"name\":\"Home\",\"item\":\"https:\/\/impact.ontwikkeladres.nl\/pl\/\"},{\"@type\":\"ListItem\",\"position\":2,\"name\":\"Kandydaci\",\"item\":\"https:\/\/impact.ontwikkeladres.nl\/pl\/\"},{\"@type\":\"ListItem\",\"position\":3,\"name\":\"Blog\",\"item\":\"https:\/\/impact.ontwikkeladres.nl\/pl\/kandydaci\/blog\/\"},{\"@type\":\"ListItem\",\"position\":4,\"name\":\"Porady i wskaz\u00f3wki\"}]},{\"@type\":\"WebSite\",\"@id\":\"https:\/\/impact.ontwikkeladres.nl\/pl\/#website\",\"url\":\"https:\/\/impact.ontwikkeladres.nl\/pl\/\",\"name\":\"IMPACT\",\"description\":\"Impact website\",\"inLanguage\":\"pl-PL\"}]}<\/script>\n<!-- \/ Yoast SEO plugin. -->","yoast_head_json":{"title":"Porady i wskaz\u00f3wki | IMPACT","robots":{"index":"noindex","follow":"follow","max-snippet":"max-snippet:-1","max-image-preview":"max-image-preview:large","max-video-preview":"max-video-preview:-1"},"og_locale":"pl_PL","og_type":"article","og_title":"Porady i wskaz\u00f3wki | IMPACT","og_description":"[vc_row][vc_column][\/vc_column][\/vc_row]","og_url":"https:\/\/impact.ontwikkeladres.nl\/pl\/kandydaci\/blog\/porady-i-wskazowki\/","og_site_name":"IMPACT","article_publisher":"https:\/\/www.facebook.com\/jobs.impact","article_modified_time":"2025-11-12T08:30:08+00:00","og_image":[{"width":1200,"height":675,"url":"https:\/\/impact.ontwikkeladres.nl\/wp-content\/uploads\/2025\/11\/Social-share.jpg","type":"image\/jpeg"}],"twitter_card":"summary_large_image","twitter_misc":{"Szacowany czas czytania":"1 minuta"},"schema":{"@context":"https:\/\/schema.org","@graph":[{"@type":"WebPage","@id":"https:\/\/impact.ontwikkeladres.nl\/pl\/kandydaci\/blog\/porady-i-wskazowki\/","url":"https:\/\/impact.ontwikkeladres.nl\/pl\/kandydaci\/blog\/porady-i-wskazowki\/","name":"Porady i wskaz\u00f3wki | IMPACT","isPartOf":{"@id":"https:\/\/impact.ontwikkeladres.nl\/pl\/#website"},"datePublished":"2025-09-18T09:27:04+00:00","dateModified":"2025-11-12T08:30:08+00:00","breadcrumb":{"@id":"https:\/\/impact.ontwikkeladres.nl\/pl\/kandydaci\/blog\/porady-i-wskazowki\/#breadcrumb"},"inLanguage":"pl-PL","potentialAction":[{"@type":"ReadAction","target":["https:\/\/impact.ontwikkeladres.nl\/pl\/kandydaci\/blog\/porady-i-wskazowki\/"]}]},{"@type":"BreadcrumbList","@id":"https:\/\/impact.ontwikkeladres.nl\/pl\/kandydaci\/blog\/porady-i-wskazowki\/#breadcrumb","itemListElement":[{"@type":"ListItem","position":1,"name":"Home","item":"https:\/\/impact.ontwikkeladres.nl\/pl\/"},{"@type":"ListItem","position":2,"name":"Kandydaci","item":"https:\/\/impact.ontwikkeladres.nl\/pl\/"},{"@type":"ListItem","position":3,"name":"Blog","item":"https:\/\/impact.ontwikkeladres.nl\/pl\/kandydaci\/blog\/"},{"@type":"ListItem","position":4,"name":"Porady i wskaz\u00f3wki"}]},{"@type":"WebSite","@id":"https:\/\/impact.ontwikkeladres.nl\/pl\/#website","url":"https:\/\/impact.ontwikkeladres.nl\/pl\/","name":"IMPACT","description":"Impact website","inLanguage":"pl-PL"}]}},"_links":{"self":[{"href":"https:\/\/impact.ontwikkeladres.nl\/pl\/wp-json\/wp\/v2\/pages\/9407","targetHints":{"allow":["GET"]}}],"collection":[{"href":"https:\/\/impact.ontwikkeladres.nl\/pl\/wp-json\/wp\/v2\/pages"}],"about":[{"href":"https:\/\/impact.ontwikkeladres.nl\/pl\/wp-json\/wp\/v2\/types\/page"}],"author":[{"embeddable":true,"href":"https:\/\/impact.ontwikkeladres.nl\/pl\/wp-json\/wp\/v2\/users\/1"}],"replies":[{"embeddable":true,"href":"https:\/\/impact.ontwikkeladres.nl\/pl\/wp-json\/wp\/v2\/comments?post=9407"}],"version-history":[{"count":3,"href":"https:\/\/impact.ontwikkeladres.nl\/pl\/wp-json\/wp\/v2\/pages\/9407\/revisions"}],"predecessor-version":[{"id":12284,"href":"https:\/\/impact.ontwikkeladres.nl\/pl\/wp-json\/wp\/v2\/pages\/9407\/revisions\/12284"}],"up":[{"embeddable":true,"href":"https:\/\/impact.ontwikkeladres.nl\/pl\/wp-json\/wp\/v2\/pages\/9416"}],"wp:attachment":[{"href":"https:\/\/impact.ontwikkeladres.nl\/pl\/wp-json\/wp\/v2\/media?parent=9407"}],"curies":[{"name":"wp","href":"https:\/\/api.w.org\/{rel}","templated":true}]}}