{"id":9409,"date":"2025-09-18T13:11:10","date_gmt":"2025-09-18T11:11:10","guid":{"rendered":"https:\/\/impact.ontwikkeladres.nl\/aktualnosci\/"},"modified":"2025-11-12T09:30:31","modified_gmt":"2025-11-12T08:30:31","slug":"aktualnosci","status":"publish","type":"page","link":"https:\/\/impact.ontwikkeladres.nl\/pl\/kandydaci\/blog\/aktualnosci\/","title":{"rendered":"Aktualno\u015bci"},"content":{"rendered":"<div class=\"wpb-content-wrapper\"><p>[vc_row][vc_column]<div class=\"sd-block-blog-filter  marginbottom-60px\r\n                    \">\r\n                        <span class=\"title\">Kategorie<\/span>\r\n                    <a class=\"category\" href=\"https:\/\/impact.be\/pl\/kandydaci\/blog\/\">Wszystkie artyku\u0142y<\/a><a class=\"category\" href=\"https:\/\/impact.be\/pl\/kandydaci\/blog\/wydarzenia\/\">Wydarzenia<\/a><a class=\"category\" href=\"https:\/\/impact.be\/pl\/kandydaci\/blog\/porady-i-wskazowki\/\">Porady i wskaz\u00f3wki<\/a><a class=\"category active\" href=\"https:\/\/impact.be\/pl\/kandydaci\/blog\/aktualnosci\/\">Aktualno\u015bci<\/a>\r\n                    <\/div>\r\n        \r\n        <div class=\"sd-block-blog-overview\" data-atts=\"{&quot;posts_per_page&quot;:&quot;9&quot;,&quot;pagination&quot;:&quot;yes&quot;}\" data-page-id=\"1\"><div class=\"blog-grid\">\r\n                            <a title=\"Uderzaj\u0105cy transparent pojawia si\u0119 na &#8222;wiecznym rusztowaniu&#8221; brukselskiego s\u0105du\" href=\"https:\/\/impact.ontwikkeladres.nl\/pl\/kandydaci\/blog\/aktualnosci\/uderzajacy-transparent-pojawia-sie-na-wiecznym-rusztowaniu-brukselskiego-sadu\/\" class=\"blog-tile\">\r\n                                <div class=\"blog-tile-image\"><img decoding=\"async\" src=\"https:\/\/impact.ontwikkeladres.nl\/wp-content\/uploads\/2025\/09\/opvallend-spandoek.jpg\" alt=\"Uderzaj\u0105cy transparent pojawia si\u0119 na &#8222;wiecznym rusztowaniu&#8221; brukselskiego s\u0105du\"><\/div>\r\n                                <div class=\"blog-tile-text\">\r\n                                    <div class=\"blog-category\">News<\/div>\r\n                                    \n        <div class=\"sd-block-title \">\n            <h2 class=\"sd-block-title-htag  marginbottom-30px align-left color-dark_gray font-small\n            \">\n\t\t\t\t\n            \tUderzaj\u0105cy transparent pojawia si\u0119 na &#8222;wiecznym rusztowaniu&#8221; brukselskiego s\u0105du\n\t\t\t<\/h2>\n        <\/div>\r\n                                    \r\n        <div class=\"sd-block-button  marginbottom-0px align-left button-type-text text-size-normal text-color-dark_grey\">\r\n            <span class=\"inner-button\"\r\n            href=\"https:\/\/impact.ontwikkeladres.nl\/pl\/kandydaci\/blog\/aktualnosci\/uderzajacy-transparent-pojawia-sie-na-wiecznym-rusztowaniu-brukselskiego-sadu\/\" title=\"Czytaj wi\u0119cej\">\r\n                <div class=\"button-content\">\r\n                    <span>Czytaj wi\u0119cej<\/span>\r\n\t\t\t\t    <svg height=\"15\" width=\"15\" xmlns=\"http:\/\/www.w3.org\/2000\/svg\" viewBox=\"0 0 15 13.56\"><path fill=\"currentColor\" d=\"M0,5.64h11.64L7.56,0h2.64l4.8,6.84-4.8,6.72h-2.64l4.08-5.64H0v-2.28Z\"\/><\/svg>\r\n                <\/div>\r\n            <\/span>\r\n        <\/div>\r\n                                <\/div>\r\n                            <\/a>\r\n                            <a title=\"Billboard w Antwerpii obiega ca\u0142y \u015bwiat\" href=\"https:\/\/impact.ontwikkeladres.nl\/pl\/kandydaci\/blog\/aktualnosci\/billboard-w-antwerpii-obiega-caly-swiat\/\" class=\"blog-tile\">\r\n                                <div class=\"blog-tile-image\"><img decoding=\"async\" src=\"https:\/\/impact.ontwikkeladres.nl\/wp-content\/uploads\/2023\/06\/Antwerps_reclamebord.jpg\" alt=\"Billboard w Antwerpii obiega ca\u0142y \u015bwiat\"><\/div>\r\n                                <div class=\"blog-tile-text\">\r\n                                    <div class=\"blog-category\">News<\/div>\r\n                                    \n        <div class=\"sd-block-title \">\n            <h2 class=\"sd-block-title-htag  marginbottom-30px align-left color-dark_gray font-small\n            \">\n\t\t\t\t\n            \tBillboard w Antwerpii obiega ca\u0142y \u015bwiat\n\t\t\t<\/h2>\n        <\/div>\r\n                                    \r\n        <div class=\"sd-block-button  marginbottom-0px align-left button-type-text text-size-normal text-color-dark_grey\">\r\n            <span class=\"inner-button\"\r\n            href=\"https:\/\/impact.ontwikkeladres.nl\/pl\/kandydaci\/blog\/aktualnosci\/billboard-w-antwerpii-obiega-caly-swiat\/\" title=\"Czytaj wi\u0119cej\">\r\n                <div class=\"button-content\">\r\n                    <span>Czytaj wi\u0119cej<\/span>\r\n\t\t\t\t    <svg height=\"15\" width=\"15\" xmlns=\"http:\/\/www.w3.org\/2000\/svg\" viewBox=\"0 0 15 13.56\"><path fill=\"currentColor\" d=\"M0,5.64h11.64L7.56,0h2.64l4.8,6.84-4.8,6.72h-2.64l4.08-5.64H0v-2.28Z\"\/><\/svg>\r\n                <\/div>\r\n            <\/span>\r\n        <\/div>\r\n                                <\/div>\r\n                            <\/a>\r\n                            <a title=\"IMPACT k\u0142adzie pe\u0142ny nacisk na innowacje dzi\u0119ki nowemu wygl\u0105dowi\" href=\"https:\/\/impact.ontwikkeladres.nl\/pl\/kandydaci\/blog\/aktualnosci\/impact-kladzie-pelny-nacisk-na-innowacje-dzieki-nowemu-wygladowi\/\" class=\"blog-tile\">\r\n                                <div class=\"blog-tile-image\"><img decoding=\"async\" src=\"https:\/\/impact.ontwikkeladres.nl\/wp-content\/uploads\/2022\/04\/Impact_zet_vol_in.jpg\" alt=\"IMPACT k\u0142adzie pe\u0142ny nacisk na innowacje dzi\u0119ki nowemu wygl\u0105dowi\"><\/div>\r\n                                <div class=\"blog-tile-text\">\r\n                                    <div class=\"blog-category\">News<\/div>\r\n                                    \n        <div class=\"sd-block-title \">\n            <h2 class=\"sd-block-title-htag  marginbottom-30px align-left color-dark_gray font-small\n            \">\n\t\t\t\t\n            \tIMPACT k\u0142adzie pe\u0142ny nacisk na innowacje dzi\u0119ki nowemu wygl\u0105dowi\n\t\t\t<\/h2>\n        <\/div>\r\n                                    \r\n        <div class=\"sd-block-button  marginbottom-0px align-left button-type-text text-size-normal text-color-dark_grey\">\r\n            <span class=\"inner-button\"\r\n            href=\"https:\/\/impact.ontwikkeladres.nl\/pl\/kandydaci\/blog\/aktualnosci\/impact-kladzie-pelny-nacisk-na-innowacje-dzieki-nowemu-wygladowi\/\" title=\"Czytaj wi\u0119cej\">\r\n                <div class=\"button-content\">\r\n                    <span>Czytaj wi\u0119cej<\/span>\r\n\t\t\t\t    <svg height=\"15\" width=\"15\" xmlns=\"http:\/\/www.w3.org\/2000\/svg\" viewBox=\"0 0 15 13.56\"><path fill=\"currentColor\" d=\"M0,5.64h11.64L7.56,0h2.64l4.8,6.84-4.8,6.72h-2.64l4.08-5.64H0v-2.28Z\"\/><\/svg>\r\n                <\/div>\r\n            <\/span>\r\n        <\/div>\r\n                                <\/div>\r\n                            <\/a>\r\n                            <\/div>\r\n        <div class=\"sd-pagination\">\r\n            \r\n        <\/div>\r\n        <\/div>[\/vc_column][\/vc_row]<\/p>\n<\/div>","protected":false},"excerpt":{"rendered":"<p>[vc_row][vc_column][\/vc_column][\/vc_row]<\/p>\n","protected":false},"author":1,"featured_media":0,"parent":9416,"menu_order":0,"comment_status":"closed","ping_status":"closed","template":"","meta":{"_acf_changed":false,"footnotes":""},"class_list":["post-9409","page","type-page","status-publish","hentry"],"acf":[],"yoast_head":"<!-- This site is optimized with the Yoast SEO plugin v26.8 - https:\/\/yoast.com\/product\/yoast-seo-wordpress\/ -->\n<title>Aktualno\u015bci | IMPACT<\/title>\n<meta name=\"robots\" content=\"noindex, follow, max-snippet:-1, max-image-preview:large, max-video-preview:-1\" \/>\n<meta property=\"og:locale\" content=\"pl_PL\" \/>\n<meta property=\"og:type\" content=\"article\" \/>\n<meta property=\"og:title\" content=\"Aktualno\u015bci | IMPACT\" \/>\n<meta property=\"og:description\" content=\"[vc_row][vc_column][\/vc_column][\/vc_row]\" \/>\n<meta property=\"og:url\" content=\"https:\/\/impact.ontwikkeladres.nl\/pl\/kandydaci\/blog\/aktualnosci\/\" \/>\n<meta property=\"og:site_name\" content=\"IMPACT\" \/>\n<meta property=\"article:publisher\" content=\"https:\/\/www.facebook.com\/jobs.impact\" \/>\n<meta property=\"article:modified_time\" content=\"2025-11-12T08:30:31+00:00\" \/>\n<meta property=\"og:image\" content=\"https:\/\/impact.ontwikkeladres.nl\/wp-content\/uploads\/2025\/11\/Social-share.jpg\" \/>\n\t<meta property=\"og:image:width\" content=\"1200\" \/>\n\t<meta property=\"og:image:height\" content=\"675\" \/>\n\t<meta property=\"og:image:type\" content=\"image\/jpeg\" \/>\n<meta name=\"twitter:card\" content=\"summary_large_image\" \/>\n<meta name=\"twitter:label1\" content=\"Szacowany czas czytania\" \/>\n\t<meta name=\"twitter:data1\" content=\"1 minuta\" \/>\n<script type=\"application\/ld+json\" class=\"yoast-schema-graph\">{\"@context\":\"https:\/\/schema.org\",\"@graph\":[{\"@type\":\"WebPage\",\"@id\":\"https:\/\/impact.ontwikkeladres.nl\/pl\/kandydaci\/blog\/aktualnosci\/\",\"url\":\"https:\/\/impact.ontwikkeladres.nl\/pl\/kandydaci\/blog\/aktualnosci\/\",\"name\":\"Aktualno\u015bci | IMPACT\",\"isPartOf\":{\"@id\":\"https:\/\/impact.ontwikkeladres.nl\/pl\/#website\"},\"datePublished\":\"2025-09-18T11:11:10+00:00\",\"dateModified\":\"2025-11-12T08:30:31+00:00\",\"breadcrumb\":{\"@id\":\"https:\/\/impact.ontwikkeladres.nl\/pl\/kandydaci\/blog\/aktualnosci\/#breadcrumb\"},\"inLanguage\":\"pl-PL\",\"potentialAction\":[{\"@type\":\"ReadAction\",\"target\":[\"https:\/\/impact.ontwikkeladres.nl\/pl\/kandydaci\/blog\/aktualnosci\/\"]}]},{\"@type\":\"BreadcrumbList\",\"@id\":\"https:\/\/impact.ontwikkeladres.nl\/pl\/kandydaci\/blog\/aktualnosci\/#breadcrumb\",\"itemListElement\":[{\"@type\":\"ListItem\",\"position\":1,\"name\":\"Home\",\"item\":\"https:\/\/impact.ontwikkeladres.nl\/pl\/\"},{\"@type\":\"ListItem\",\"position\":2,\"name\":\"Kandydaci\",\"item\":\"https:\/\/impact.ontwikkeladres.nl\/pl\/\"},{\"@type\":\"ListItem\",\"position\":3,\"name\":\"Blog\",\"item\":\"https:\/\/impact.ontwikkeladres.nl\/pl\/kandydaci\/blog\/\"},{\"@type\":\"ListItem\",\"position\":4,\"name\":\"Aktualno\u015bci\"}]},{\"@type\":\"WebSite\",\"@id\":\"https:\/\/impact.ontwikkeladres.nl\/pl\/#website\",\"url\":\"https:\/\/impact.ontwikkeladres.nl\/pl\/\",\"name\":\"IMPACT\",\"description\":\"Impact website\",\"inLanguage\":\"pl-PL\"}]}<\/script>\n<!-- \/ Yoast SEO plugin. -->","yoast_head_json":{"title":"Aktualno\u015bci | IMPACT","robots":{"index":"noindex","follow":"follow","max-snippet":"max-snippet:-1","max-image-preview":"max-image-preview:large","max-video-preview":"max-video-preview:-1"},"og_locale":"pl_PL","og_type":"article","og_title":"Aktualno\u015bci | IMPACT","og_description":"[vc_row][vc_column][\/vc_column][\/vc_row]","og_url":"https:\/\/impact.ontwikkeladres.nl\/pl\/kandydaci\/blog\/aktualnosci\/","og_site_name":"IMPACT","article_publisher":"https:\/\/www.facebook.com\/jobs.impact","article_modified_time":"2025-11-12T08:30:31+00:00","og_image":[{"width":1200,"height":675,"url":"https:\/\/impact.ontwikkeladres.nl\/wp-content\/uploads\/2025\/11\/Social-share.jpg","type":"image\/jpeg"}],"twitter_card":"summary_large_image","twitter_misc":{"Szacowany czas czytania":"1 minuta"},"schema":{"@context":"https:\/\/schema.org","@graph":[{"@type":"WebPage","@id":"https:\/\/impact.ontwikkeladres.nl\/pl\/kandydaci\/blog\/aktualnosci\/","url":"https:\/\/impact.ontwikkeladres.nl\/pl\/kandydaci\/blog\/aktualnosci\/","name":"Aktualno\u015bci | IMPACT","isPartOf":{"@id":"https:\/\/impact.ontwikkeladres.nl\/pl\/#website"},"datePublished":"2025-09-18T11:11:10+00:00","dateModified":"2025-11-12T08:30:31+00:00","breadcrumb":{"@id":"https:\/\/impact.ontwikkeladres.nl\/pl\/kandydaci\/blog\/aktualnosci\/#breadcrumb"},"inLanguage":"pl-PL","potentialAction":[{"@type":"ReadAction","target":["https:\/\/impact.ontwikkeladres.nl\/pl\/kandydaci\/blog\/aktualnosci\/"]}]},{"@type":"BreadcrumbList","@id":"https:\/\/impact.ontwikkeladres.nl\/pl\/kandydaci\/blog\/aktualnosci\/#breadcrumb","itemListElement":[{"@type":"ListItem","position":1,"name":"Home","item":"https:\/\/impact.ontwikkeladres.nl\/pl\/"},{"@type":"ListItem","position":2,"name":"Kandydaci","item":"https:\/\/impact.ontwikkeladres.nl\/pl\/"},{"@type":"ListItem","position":3,"name":"Blog","item":"https:\/\/impact.ontwikkeladres.nl\/pl\/kandydaci\/blog\/"},{"@type":"ListItem","position":4,"name":"Aktualno\u015bci"}]},{"@type":"WebSite","@id":"https:\/\/impact.ontwikkeladres.nl\/pl\/#website","url":"https:\/\/impact.ontwikkeladres.nl\/pl\/","name":"IMPACT","description":"Impact website","inLanguage":"pl-PL"}]}},"_links":{"self":[{"href":"https:\/\/impact.ontwikkeladres.nl\/pl\/wp-json\/wp\/v2\/pages\/9409","targetHints":{"allow":["GET"]}}],"collection":[{"href":"https:\/\/impact.ontwikkeladres.nl\/pl\/wp-json\/wp\/v2\/pages"}],"about":[{"href":"https:\/\/impact.ontwikkeladres.nl\/pl\/wp-json\/wp\/v2\/types\/page"}],"author":[{"embeddable":true,"href":"https:\/\/impact.ontwikkeladres.nl\/pl\/wp-json\/wp\/v2\/users\/1"}],"replies":[{"embeddable":true,"href":"https:\/\/impact.ontwikkeladres.nl\/pl\/wp-json\/wp\/v2\/comments?post=9409"}],"version-history":[{"count":3,"href":"https:\/\/impact.ontwikkeladres.nl\/pl\/wp-json\/wp\/v2\/pages\/9409\/revisions"}],"predecessor-version":[{"id":12285,"href":"https:\/\/impact.ontwikkeladres.nl\/pl\/wp-json\/wp\/v2\/pages\/9409\/revisions\/12285"}],"up":[{"embeddable":true,"href":"https:\/\/impact.ontwikkeladres.nl\/pl\/wp-json\/wp\/v2\/pages\/9416"}],"wp:attachment":[{"href":"https:\/\/impact.ontwikkeladres.nl\/pl\/wp-json\/wp\/v2\/media?parent=9409"}],"curies":[{"name":"wp","href":"https:\/\/api.w.org\/{rel}","templated":true}]}}