{"id":9436,"date":"2025-09-24T11:51:26","date_gmt":"2025-09-24T09:51:26","guid":{"rendered":"https:\/\/impact.ontwikkeladres.nl\/kandydaci\/faq\/aplikacje\/"},"modified":"2025-11-07T13:39:52","modified_gmt":"2025-11-07T12:39:52","slug":"aplikacje","status":"publish","type":"page","link":"https:\/\/impact.ontwikkeladres.nl\/pl\/kandydaci\/faq\/aplikacje\/","title":{"rendered":"Aplikacje"},"content":{"rendered":"<div class=\"wpb-content-wrapper\"><p>[vc_row full_width=&#8221;stretch_row&#8221; content_placement=&#8221;bottom&#8221; row_height=&#8221;row_400px&#8221; bg_color=&#8221;bg_green&#8221; css=&#8221;.vc_custom_1758785714205{background-color: bg_green !important;}&#8221;][vc_column]\n        <div class=\"sd-block-breadcrumb  align-left color-white marginbottom-30px\n        \">\n            <ul id=\"breadcrumbs\" class=\"breadcrumbs\"><\/ul>\n        <\/div>\n        <div class=\"sd-block-title \">\n            <h1 class=\"sd-block-title-htag  marginbottom-0px align-left color-white\n            \">\n\t\t\t\t\n            \tAplikacje\n\t\t\t<\/h1>\n        <\/div>[\/vc_column][\/vc_row][vc_row full_width=&#8221;stretch_row&#8221; bg_color=&#8221;bg_gray&#8221;][vc_column]\r\n            <div class=\"sd-tabs vertical\">\r\n                <div class=\"sd-tabs-title-container\">\r\n                    \r\n                            <div class=\"sd-tabs-title active title-0\">\r\n                                \n        <div class=\"sd-block-title \">\n            <h3 class=\"sd-block-title-htag  marginbottom-0px align-left color-mint font-middle\n            \">\n\t\t\t\t\n            \t&#8221;Oferty\n\t\t\t<\/h3>\n        <\/div>\r\n                            <\/div>\r\n                        \r\n                            <div class=\"sd-tabs-title title-1\">\r\n                                \n        <div class=\"sd-block-title \">\n            <h3 class=\"sd-block-title-htag  marginbottom-0px align-left color-mint font-middle\n            \">\n\t\t\t\t\n            \t&#8221;Narz\u0119dzia&#8221;\n\t\t\t<\/h3>\n        <\/div>\r\n                            <\/div>\r\n                        \r\n                <\/div>\r\n                <div class=\"sd-tabs-content-container\">\r\n                            <div class=\"sd-tabs-content active content-0\">\r\n                                \n        <div class=\"sd-block-title \">\n            <h2 class=\"sd-block-title-htag  marginbottom-45px align-left color-white font-middle\n            \">\n\t\t\t\t\n            \tOferty pracy i podania o prac\u0119\n\t\t\t<\/h2>\n        <\/div>\r\n        <div class=\"sd-block-faq  marginbottom-30px\">\r\n            <div class=\"faq-inner \">\r\n                <div class=\"faq-title\">\r\n                    \n        <div class=\"sd-block-title \">\n            <h3 class=\"sd-block-title-htag  marginbottom-0px align-left color-black font-mini\n            \">\n\t\t\t\t\n            \tJak wygl\u0105da proces aplikacyjny w IMPACT?\n\t\t\t<\/h3>\n        <\/div>\r\n                    <div class=\"icon-container\">\r\n                        <svg xmlns=\"http:\/\/www.w3.org\/2000\/svg\" viewBox=\"0 0 14 14\"><path fill=\"currentColor\" d=\"M6,8H0V6h6V0h2v6h6v2H8v6H6V8z\"\/><\/svg>\r\n                    <\/div>\r\n                <\/div>\r\n                <div class=\"faq-content\">\r\n                    \r\n        <div class=\"sd-block-text  marginbottom-0px color-white\r\n        \">\r\n        \t\r\n            <p>Kiedy <a href=\"https:\/\/impact.ontwikkeladres.nl\/pl\/kandydaci\/kontakt\/\" target=\"_blank\" rel=\"noopener\">wchodzisz do naszego biura<\/a> spontanicznie lub trafiasz do nas poprzez <a href=\"https:\/\/impact.ontwikkeladres.nl\/pl\/kandydaci\/alle-vacatures\/\" target=\"_blank\" rel=\"noopener\">og\u0142oszenie o prac\u0119 <\/a>, dok\u0142adnie analizujemy Twoje CV, umiej\u0119tno\u015bci i do\u015bwiadczenie. Nasi rekruterzy po\u015bwi\u0119caj\u0105 czas na rozmow\u0119 wst\u0119pn\u0105 z Tob\u0105. W ten spos\u00f3b wiemy ju\u017c, kim jeste\u015b i czego szukasz: jasna komunikacja jest pocz\u0105tkiem doskona\u0142ej wsp\u00f3\u0142pracy. Nast\u0119pnie dopasowujemy Twoje \u017cyczenia do najbardziej odpowiednich ofert pracy i firm.     <\/p>\n<p>Interesuje Ci\u0119 5 krok\u00f3w do nowej pracy? Dowiedz si\u0119, jak wygl\u0105da pe\u0142ny <a href=\"https:\/\/impact.ontwikkeladres.nl\/pl\/kandydaci\/proces-skladania-wnioskow\/\">proces aplikacji<\/a> tutaj!<\/p>\n\r\n        <\/div>\r\n                <\/div>\r\n            <\/div>\r\n        <\/div>\r\n        <div class=\"sd-block-faq  marginbottom-30px\">\r\n            <div class=\"faq-inner \">\r\n                <div class=\"faq-title\">\r\n                    \n        <div class=\"sd-block-title \">\n            <h3 class=\"sd-block-title-htag  marginbottom-0px align-left color-black font-mini\n            \">\n\t\t\t\t\n            \tCzy mog\u0119 z\u0142o\u017cy\u0107 wniosek spontanicznie?\n\t\t\t<\/h3>\n        <\/div>\r\n                    <div class=\"icon-container\">\r\n                        <svg xmlns=\"http:\/\/www.w3.org\/2000\/svg\" viewBox=\"0 0 14 14\"><path fill=\"currentColor\" d=\"M6,8H0V6h6V0h2v6h6v2H8v6H6V8z\"\/><\/svg>\r\n                    <\/div>\r\n                <\/div>\r\n                <div class=\"faq-content\">\r\n                    \r\n        <div class=\"sd-block-text  marginbottom-0px color-white\r\n        \">\r\n        \t\r\n            <p>Oczywi\u015bcie. Nie znajdujesz od razu odpowiedniego wyzwania w\u015br\u00f3d naszych ofert pracy? Wy\u015blij nam swoje CV spontanicznie i podaj jak najwi\u0119cej informacji na temat stanowiska, kt\u00f3re Ci\u0119 interesuje, obszaru specjalizacji i regionu, w kt\u00f3rym chcesz pracowa\u0107. W ten spos\u00f3b wsp\u00f3lnie znajdziemy prac\u0119 dostosowan\u0105 do Twoich potrzeb.<\/p>\n\r\n        <\/div>\r\n                <\/div>\r\n            <\/div>\r\n        <\/div>\r\n                            <\/div>\r\n                        \r\n                            <div class=\"sd-tabs-content content-1\">\r\n                                \n        <div class=\"sd-block-title \">\n            <h2 class=\"sd-block-title-htag  marginbottom-45px align-left color-white font-middle\n            \">\n\t\t\t\t\n            \tNarz\u0119dzia\n\t\t\t<\/h2>\n        <\/div>\r\n        <div class=\"sd-block-faq  marginbottom-30px\">\r\n            <div class=\"faq-inner \">\r\n                <div class=\"faq-title\">\r\n                    \n        <div class=\"sd-block-title \">\n            <h3 class=\"sd-block-title-htag  marginbottom-0px align-left color-black font-mini\n            \">\n\t\t\t\t\n            \tJaki jest m\u00f3j IMPACT?\n\t\t\t<\/h3>\n        <\/div>\r\n                    <div class=\"icon-container\">\r\n                        <svg xmlns=\"http:\/\/www.w3.org\/2000\/svg\" viewBox=\"0 0 14 14\"><path fill=\"currentColor\" d=\"M6,8H0V6h6V0h2v6h6v2H8v6H6V8z\"\/><\/svg>\r\n                    <\/div>\r\n                <\/div>\r\n                <div class=\"faq-content\">\r\n                    \r\n        <div class=\"sd-block-text  marginbottom-0px color-white\r\n        \">\r\n        \t\r\n            <p><a class=\"use-ajax js-c-popup-trigger\" href=\"https:\/\/portal.impact.be\/kandidatenportal\/registreer?lang=nl\" target=\"_blank\" rel=\"noopener\" data-popup=\"login\" data-once=\"ajax\">My IMPACT<\/a> to nasze narz\u0119dzie online, kt\u00f3re pozwala Ci stworzy\u0107 osobisty profil. W ten spos\u00f3b nie musisz za ka\u017cdym razem wype\u0142nia\u0107 swoich danych, mo\u017cesz ubiega\u0107 si\u0119 o prac\u0119 jednym klikni\u0119ciem i mo\u017cesz \u0142atwo zapisywa\u0107 ulubione oferty pracy lub podania o prac\u0119. Chcesz zmieni\u0107 niekt\u00f3re informacje? Mo\u017cesz z \u0142atwo\u015bci\u0105 samodzielnie zarz\u0105dza\u0107 swoim profilem.<\/p>\n\r\n        <\/div>\r\n                <\/div>\r\n            <\/div>\r\n        <\/div>\r\n        <div class=\"sd-block-faq  marginbottom-30px\">\r\n            <div class=\"faq-inner \">\r\n                <div class=\"faq-title\">\r\n                    \n        <div class=\"sd-block-title \">\n            <h3 class=\"sd-block-title-htag  marginbottom-0px align-left color-black font-mini\n            \">\n\t\t\t\t\n            \tCzym jest narz\u0119dzie CV IMPACT?\n\t\t\t<\/h3>\n        <\/div>\r\n                    <div class=\"icon-container\">\r\n                        <svg xmlns=\"http:\/\/www.w3.org\/2000\/svg\" viewBox=\"0 0 14 14\"><path fill=\"currentColor\" d=\"M6,8H0V6h6V0h2v6h6v2H8v6H6V8z\"\/><\/svg>\r\n                    <\/div>\r\n                <\/div>\r\n                <div class=\"faq-content\">\r\n                    \r\n        <div class=\"sd-block-text  marginbottom-0px color-white\r\n        \">\r\n        \t\r\n            <p>Twoje CV jest Twoj\u0105 wizyt\u00f3wk\u0105, gdy aplikujesz do firmy. Narz\u0119dzie <a href=\"#\">CV IMPACT<\/a> pomo\u017ce Ci przygotowa\u0107 w\u0142asne CV: nie tylko od razu otrzymasz odpowiednie pytania, ale r\u00f3wnie\u017c Twoje odpowiedzi zostan\u0105 przedstawione w atrakcyjnej szacie graficznej, kt\u00f3ra wyr\u00f3\u017cni Ci\u0119 spo\u015br\u00f3d innych kandydat\u00f3w.<\/p>\n\r\n        <\/div>\r\n                <\/div>\r\n            <\/div>\r\n        <\/div>\r\n                            <\/div>\r\n                        \r\n                <\/div>\r\n            <\/div>\r\n        [vc_row_inner content_placement=&#8221;middle&#8221;][vc_column_inner width=&#8221;1\/12&#8243;][\/vc_column_inner][vc_column_inner width=&#8221;10\/12&#8243;]\r\n        <div class=\"sd-block-text  marginbottom-30px color-white\r\n        \">\r\n        \t\r\n            <p style=\"text-align: center\">Czy to nie jest odpowied\u017a na twoje pytanie?  <a class=\"label-16 c-button c-faq-cat__help-link\" href=\"https:\/\/impact.ontwikkeladres.nl\/pl\/kandydaci\/kontakt\/\">Skontaktuj si\u0119 z nami<\/a><\/p>\n\r\n        <\/div>[\/vc_column_inner][vc_column_inner width=&#8221;1\/12&#8243;][\/vc_column_inner][\/vc_row_inner][\/vc_column][\/vc_row]<\/p>\n<\/div>","protected":false},"excerpt":{"rendered":"<p>[vc_row full_width=&#8221;stretch_row&#8221; content_placement=&#8221;bottom&#8221; row_height=&#8221;row_400px&#8221; bg_color=&#8221;bg_green&#8221; css=&#8221;.vc_custom_1758785714205{background-color: bg_green !important;}&#8221;][vc_column][\/vc_column][\/vc_row][vc_row full_width=&#8221;stretch_row&#8221; bg_color=&#8221;bg_gray&#8221;][vc_column][vc_row_inner content_placement=&#8221;middle&#8221;][vc_column_inner width=&#8221;1\/12&#8243;][\/vc_column_inner][vc_column_inner width=&#8221;10\/12&#8243;][\/vc_column_inner][vc_column_inner width=&#8221;1\/12&#8243;][\/vc_column_inner][\/vc_row_inner][\/vc_column][\/vc_row]<\/p>\n","protected":false},"author":1,"featured_media":0,"parent":9359,"menu_order":0,"comment_status":"closed","ping_status":"closed","template":"","meta":{"_acf_changed":false,"footnotes":""},"class_list":["post-9436","page","type-page","status-publish","hentry"],"acf":[],"yoast_head":"<!-- This site is optimized with the Yoast SEO plugin v26.8 - https:\/\/yoast.com\/product\/yoast-seo-wordpress\/ -->\n<title>Aplikacje | IMPACT<\/title>\n<meta name=\"robots\" content=\"noindex, follow, max-snippet:-1, max-image-preview:large, max-video-preview:-1\" \/>\n<meta property=\"og:locale\" content=\"pl_PL\" \/>\n<meta property=\"og:type\" content=\"article\" \/>\n<meta property=\"og:title\" content=\"Aplikacje | IMPACT\" \/>\n<meta property=\"og:description\" content=\"[vc_row full_width=&#8221;stretch_row&#8221; content_placement=&#8221;bottom&#8221; row_height=&#8221;row_400px&#8221; bg_color=&#8221;bg_green&#8221; css=&#8221;.vc_custom_1758785714205{background-color: bg_green !important;}&#8221;][vc_column][\/vc_column][\/vc_row][vc_row full_width=&#8221;stretch_row&#8221; bg_color=&#8221;bg_gray&#8221;][vc_column][vc_row_inner content_placement=&#8221;middle&#8221;][vc_column_inner width=&#8221;1\/12&#8243;][\/vc_column_inner][vc_column_inner width=&#8221;10\/12&#8243;][\/vc_column_inner][vc_column_inner width=&#8221;1\/12&#8243;][\/vc_column_inner][\/vc_row_inner][\/vc_column][\/vc_row]\" \/>\n<meta property=\"og:url\" content=\"https:\/\/impact.ontwikkeladres.nl\/pl\/kandydaci\/faq\/aplikacje\/\" \/>\n<meta property=\"og:site_name\" content=\"IMPACT\" \/>\n<meta property=\"article:publisher\" content=\"https:\/\/www.facebook.com\/jobs.impact\" \/>\n<meta property=\"article:modified_time\" content=\"2025-11-07T12:39:52+00:00\" \/>\n<meta property=\"og:image\" content=\"https:\/\/impact.ontwikkeladres.nl\/wp-content\/uploads\/2025\/11\/Social-share.jpg\" \/>\n\t<meta property=\"og:image:width\" content=\"1200\" \/>\n\t<meta property=\"og:image:height\" content=\"675\" \/>\n\t<meta property=\"og:image:type\" content=\"image\/jpeg\" \/>\n<meta name=\"twitter:card\" content=\"summary_large_image\" \/>\n<meta name=\"twitter:label1\" content=\"Szacowany czas czytania\" \/>\n\t<meta name=\"twitter:data1\" content=\"3 minuty\" \/>\n<script type=\"application\/ld+json\" class=\"yoast-schema-graph\">{\"@context\":\"https:\/\/schema.org\",\"@graph\":[{\"@type\":\"WebPage\",\"@id\":\"https:\/\/impact.ontwikkeladres.nl\/pl\/kandydaci\/faq\/aplikacje\/\",\"url\":\"https:\/\/impact.ontwikkeladres.nl\/pl\/kandydaci\/faq\/aplikacje\/\",\"name\":\"Aplikacje | IMPACT\",\"isPartOf\":{\"@id\":\"https:\/\/impact.ontwikkeladres.nl\/pl\/#website\"},\"datePublished\":\"2025-09-24T09:51:26+00:00\",\"dateModified\":\"2025-11-07T12:39:52+00:00\",\"breadcrumb\":{\"@id\":\"https:\/\/impact.ontwikkeladres.nl\/pl\/kandydaci\/faq\/aplikacje\/#breadcrumb\"},\"inLanguage\":\"pl-PL\",\"potentialAction\":[{\"@type\":\"ReadAction\",\"target\":[\"https:\/\/impact.ontwikkeladres.nl\/pl\/kandydaci\/faq\/aplikacje\/\"]}]},{\"@type\":\"BreadcrumbList\",\"@id\":\"https:\/\/impact.ontwikkeladres.nl\/pl\/kandydaci\/faq\/aplikacje\/#breadcrumb\",\"itemListElement\":[{\"@type\":\"ListItem\",\"position\":1,\"name\":\"Home\",\"item\":\"https:\/\/impact.ontwikkeladres.nl\/pl\/\"},{\"@type\":\"ListItem\",\"position\":2,\"name\":\"Kandydaci\",\"item\":\"https:\/\/impact.ontwikkeladres.nl\/pl\/\"},{\"@type\":\"ListItem\",\"position\":3,\"name\":\"FAQ\",\"item\":\"https:\/\/impact.ontwikkeladres.nl\/pl\/kandydaci\/faq\/\"},{\"@type\":\"ListItem\",\"position\":4,\"name\":\"Aplikacje\"}]},{\"@type\":\"WebSite\",\"@id\":\"https:\/\/impact.ontwikkeladres.nl\/pl\/#website\",\"url\":\"https:\/\/impact.ontwikkeladres.nl\/pl\/\",\"name\":\"IMPACT\",\"description\":\"Impact website\",\"inLanguage\":\"pl-PL\"}]}<\/script>\n<!-- \/ Yoast SEO plugin. -->","yoast_head_json":{"title":"Aplikacje | IMPACT","robots":{"index":"noindex","follow":"follow","max-snippet":"max-snippet:-1","max-image-preview":"max-image-preview:large","max-video-preview":"max-video-preview:-1"},"og_locale":"pl_PL","og_type":"article","og_title":"Aplikacje | IMPACT","og_description":"[vc_row full_width=&#8221;stretch_row&#8221; content_placement=&#8221;bottom&#8221; row_height=&#8221;row_400px&#8221; bg_color=&#8221;bg_green&#8221; css=&#8221;.vc_custom_1758785714205{background-color: bg_green !important;}&#8221;][vc_column][\/vc_column][\/vc_row][vc_row full_width=&#8221;stretch_row&#8221; bg_color=&#8221;bg_gray&#8221;][vc_column][vc_row_inner content_placement=&#8221;middle&#8221;][vc_column_inner width=&#8221;1\/12&#8243;][\/vc_column_inner][vc_column_inner width=&#8221;10\/12&#8243;][\/vc_column_inner][vc_column_inner width=&#8221;1\/12&#8243;][\/vc_column_inner][\/vc_row_inner][\/vc_column][\/vc_row]","og_url":"https:\/\/impact.ontwikkeladres.nl\/pl\/kandydaci\/faq\/aplikacje\/","og_site_name":"IMPACT","article_publisher":"https:\/\/www.facebook.com\/jobs.impact","article_modified_time":"2025-11-07T12:39:52+00:00","og_image":[{"width":1200,"height":675,"url":"https:\/\/impact.ontwikkeladres.nl\/wp-content\/uploads\/2025\/11\/Social-share.jpg","type":"image\/jpeg"}],"twitter_card":"summary_large_image","twitter_misc":{"Szacowany czas czytania":"3 minuty"},"schema":{"@context":"https:\/\/schema.org","@graph":[{"@type":"WebPage","@id":"https:\/\/impact.ontwikkeladres.nl\/pl\/kandydaci\/faq\/aplikacje\/","url":"https:\/\/impact.ontwikkeladres.nl\/pl\/kandydaci\/faq\/aplikacje\/","name":"Aplikacje | IMPACT","isPartOf":{"@id":"https:\/\/impact.ontwikkeladres.nl\/pl\/#website"},"datePublished":"2025-09-24T09:51:26+00:00","dateModified":"2025-11-07T12:39:52+00:00","breadcrumb":{"@id":"https:\/\/impact.ontwikkeladres.nl\/pl\/kandydaci\/faq\/aplikacje\/#breadcrumb"},"inLanguage":"pl-PL","potentialAction":[{"@type":"ReadAction","target":["https:\/\/impact.ontwikkeladres.nl\/pl\/kandydaci\/faq\/aplikacje\/"]}]},{"@type":"BreadcrumbList","@id":"https:\/\/impact.ontwikkeladres.nl\/pl\/kandydaci\/faq\/aplikacje\/#breadcrumb","itemListElement":[{"@type":"ListItem","position":1,"name":"Home","item":"https:\/\/impact.ontwikkeladres.nl\/pl\/"},{"@type":"ListItem","position":2,"name":"Kandydaci","item":"https:\/\/impact.ontwikkeladres.nl\/pl\/"},{"@type":"ListItem","position":3,"name":"FAQ","item":"https:\/\/impact.ontwikkeladres.nl\/pl\/kandydaci\/faq\/"},{"@type":"ListItem","position":4,"name":"Aplikacje"}]},{"@type":"WebSite","@id":"https:\/\/impact.ontwikkeladres.nl\/pl\/#website","url":"https:\/\/impact.ontwikkeladres.nl\/pl\/","name":"IMPACT","description":"Impact website","inLanguage":"pl-PL"}]}},"_links":{"self":[{"href":"https:\/\/impact.ontwikkeladres.nl\/pl\/wp-json\/wp\/v2\/pages\/9436","targetHints":{"allow":["GET"]}}],"collection":[{"href":"https:\/\/impact.ontwikkeladres.nl\/pl\/wp-json\/wp\/v2\/pages"}],"about":[{"href":"https:\/\/impact.ontwikkeladres.nl\/pl\/wp-json\/wp\/v2\/types\/page"}],"author":[{"embeddable":true,"href":"https:\/\/impact.ontwikkeladres.nl\/pl\/wp-json\/wp\/v2\/users\/1"}],"replies":[{"embeddable":true,"href":"https:\/\/impact.ontwikkeladres.nl\/pl\/wp-json\/wp\/v2\/comments?post=9436"}],"version-history":[{"count":2,"href":"https:\/\/impact.ontwikkeladres.nl\/pl\/wp-json\/wp\/v2\/pages\/9436\/revisions"}],"predecessor-version":[{"id":9450,"href":"https:\/\/impact.ontwikkeladres.nl\/pl\/wp-json\/wp\/v2\/pages\/9436\/revisions\/9450"}],"up":[{"embeddable":true,"href":"https:\/\/impact.ontwikkeladres.nl\/pl\/wp-json\/wp\/v2\/pages\/9359"}],"wp:attachment":[{"href":"https:\/\/impact.ontwikkeladres.nl\/pl\/wp-json\/wp\/v2\/media?parent=9436"}],"curies":[{"name":"wp","href":"https:\/\/api.w.org\/{rel}","templated":true}]}}