{"id":9499,"date":"2025-09-22T14:23:45","date_gmt":"2025-09-22T12:23:45","guid":{"rendered":"https:\/\/impact.ontwikkeladres.nl\/kandydaci\/referencje\/"},"modified":"2025-11-11T11:12:52","modified_gmt":"2025-11-11T10:12:52","slug":"referencje","status":"publish","type":"page","link":"https:\/\/impact.ontwikkeladres.nl\/pl\/kandydaci\/referencje\/","title":{"rendered":"Referencje"},"content":{"rendered":"<div class=\"wpb-content-wrapper\"><p>[vc_row full_width=&#8221;stretch_row&#8221; content_placement=&#8221;bottom&#8221; row_height=&#8221;row_800px&#8221; bg_color=&#8221;bg_green&#8221; css=&#8221;.vc_custom_1759838311028{padding-top: 0px !important;padding-bottom: 0px !important;background-color: bg_gray !important;}&#8221;][vc_column]\r\n            <div class=\"sd-block-testimonial-highlight color-green\">\r\n                <div class=\"content\">\r\n                    \n        <div class=\"sd-block-breadcrumb  align-left color-white marginbottom-0px\n        \">\n            <ul id=\"breadcrumbs\" class=\"breadcrumbs\"><\/ul>\n        <\/div>\r\n                    \n        <div class=\"sd-block-title \">\n            <h1 class=\"sd-block-title-htag  marginbottom-30px align-left color-white font-xlarge\n            \">\n\t\t\t\t\n            \tPoznaj Marek, malarz mebli\n\t\t\t<\/h1>\n        <\/div>\r\n                    \r\n        <div class=\"sd-block-text  marginbottom-30px color-white\r\n        \">\r\n        \t\r\n            <p>Dowiedz si\u0119, jak Marek wybra\u0142 swoj\u0105 pierwsz\u0105 prac\u0119 tymczasow\u0105.<\/p>\n\r\n        <\/div>\r\n                    \r\n        <div class=\"sd-block-button  marginbottom-0px align-left button-type-background button-size-large background-color-fluent_yellow\">\r\n            <a class=\"inner-button\"\r\n            href=\"https:\/\/impact.ontwikkeladres.nl\/pl\/kandydaci\/testimonials\/marek-trojanowski\/\" title=\"Przeczytaj histori\u0119\">\r\n                <div class=\"button-content\">\r\n                    <span>Przeczytaj histori\u0119<\/span>\r\n\t\t\t\t    <svg height=\"15\" width=\"15\" xmlns=\"http:\/\/www.w3.org\/2000\/svg\" viewBox=\"0 0 15 13.56\"><path fill=\"currentColor\" d=\"M0,5.64h11.64L7.56,0h2.64l4.8,6.84-4.8,6.72h-2.64l4.08-5.64H0v-2.28Z\"\/><\/svg>\r\n                <\/div>\r\n            <\/a>\r\n        <\/div>\r\n                <\/div>\r\n                <div class=\"background-image\">\r\n                    <img decoding=\"async\" src=\"https:\/\/impact.ontwikkeladres.nl\/wp-content\/uploads\/2025\/11\/Marek-Trojanowski.jpg\" alt=\"Marek Trojanowski\">\r\n                    <svg height=\"15px\" width=\"8px\" xmlns=\"http:\/\/www.w3.org\/2000\/svg\" viewBox=\"0 0 49.62 90\"><polygon fill=\"currentColor\" points=\"0 90 0 0 49.62 0 0 90\"\/><\/svg>\r\n                <\/div>\r\n            <\/div>[\/vc_column][\/vc_row][vc_row][vc_column]\n        <div class=\"sd-block-title \">\n            <h2 class=\"sd-block-title-htag  marginbottom-30px align-left color-dark_gray\n            \">\n\t\t\t\t\n            \tOdkryj wszystkie historie\n\t\t\t<\/h2>\n        <\/div>\r\n        <div class=\"sd-block-testimonial-overview\r\n        \t\r\n\t\t\" data-atts=\"{&quot;posts_per_page&quot;:&quot;6&quot;,&quot;pagination&quot;:&quot;no&quot;,&quot;exclude_first&quot;:&quot;no&quot;}\" data-page-id=\"1\">\r\n            <div class=\"testimonial-grid\">\r\n                        <a title=\"Marek Trojanowski\" href=\"https:\/\/impact.ontwikkeladres.nl\/pl\/kandydaci\/testimonials\/marek-trojanowski\/\" class=\"testimonial-tile\">\r\n                            <div class=\"author\">\r\n                                \n        <div class=\"sd-block-title \">\n            <h2 class=\"sd-block-title-htag  marginbottom-0px align-left color-white font-small\n            \">\n\t\t\t\t\n            \tPoznaj Marek\n\t\t\t<\/h2>\n        <\/div>\r\n                                <div class=\"job-description\">malarz mebli<\/div>\r\n                            <\/div>\r\n                            <img decoding=\"async\" src=\"https:\/\/impact.ontwikkeladres.nl\/wp-content\/uploads\/2025\/11\/Marek-Trojanowski.jpg\" alt=\"Marek Trojanowski\">\r\n                            <div class=\"testimonial-button\">\r\n                                <svg height=\"15\" width=\"15\" xmlns=\"http:\/\/www.w3.org\/2000\/svg\" viewBox=\"0 0 15 13.56\"><path fill=\"currentColor\" d=\"M0,5.64h11.64L7.56,0h2.64l4.8,6.84-4.8,6.72h-2.64l4.08-5.64H0v-2.28Z\"\/><\/svg>\r\n                            <\/div>\r\n                        <\/a>\r\n                        <a title=\"M\u00e9lan Chaspierre\" href=\"https:\/\/impact.ontwikkeladres.nl\/pl\/kandydaci\/testimonials\/melan-chaspierre\/\" class=\"testimonial-tile\">\r\n                            <div class=\"author\">\r\n                                \n        <div class=\"sd-block-title \">\n            <h2 class=\"sd-block-title-htag  marginbottom-0px align-left color-white font-small\n            \">\n\t\t\t\t\n            \tPoznaj M\u00e9lan\n\t\t\t<\/h2>\n        <\/div>\r\n                                <div class=\"job-description\">Elektryk<\/div>\r\n                            <\/div>\r\n                            <img decoding=\"async\" src=\"https:\/\/impact.ontwikkeladres.nl\/wp-content\/uploads\/2025\/09\/Melan.jpg\" alt=\"M\u00e9lan Chaspierre\">\r\n                            <div class=\"testimonial-button\">\r\n                                <svg height=\"15\" width=\"15\" xmlns=\"http:\/\/www.w3.org\/2000\/svg\" viewBox=\"0 0 15 13.56\"><path fill=\"currentColor\" d=\"M0,5.64h11.64L7.56,0h2.64l4.8,6.84-4.8,6.72h-2.64l4.08-5.64H0v-2.28Z\"\/><\/svg>\r\n                            <\/div>\r\n                        <\/a>\r\n                        <a title=\"Emilien Catherine\" href=\"https:\/\/impact.ontwikkeladres.nl\/pl\/kandydaci\/testimonials\/emilien-catherine\/\" class=\"testimonial-tile\">\r\n                            <div class=\"author\">\r\n                                \n        <div class=\"sd-block-title \">\n            <h2 class=\"sd-block-title-htag  marginbottom-0px align-left color-white font-small\n            \">\n\t\t\t\t\n            \tPoznaj Emilien\n\t\t\t<\/h2>\n        <\/div>\r\n                                <div class=\"job-description\">Mechanik<\/div>\r\n                            <\/div>\r\n                            <img decoding=\"async\" src=\"https:\/\/impact.ontwikkeladres.nl\/wp-content\/uploads\/2025\/09\/Emilien.jpg\" alt=\"Emilien Catherine\">\r\n                            <div class=\"testimonial-button\">\r\n                                <svg height=\"15\" width=\"15\" xmlns=\"http:\/\/www.w3.org\/2000\/svg\" viewBox=\"0 0 15 13.56\"><path fill=\"currentColor\" d=\"M0,5.64h11.64L7.56,0h2.64l4.8,6.84-4.8,6.72h-2.64l4.08-5.64H0v-2.28Z\"\/><\/svg>\r\n                            <\/div>\r\n                        <\/a>\r\n                        <a title=\"Daan Magnette\" href=\"https:\/\/impact.ontwikkeladres.nl\/pl\/kandydaci\/testimonials\/daan-magnette\/\" class=\"testimonial-tile\">\r\n                            <div class=\"author\">\r\n                                \n        <div class=\"sd-block-title \">\n            <h2 class=\"sd-block-title-htag  marginbottom-0px align-left color-white font-small\n            \">\n\t\t\t\t\n            \tPoznaj Daan\n\t\t\t<\/h2>\n        <\/div>\r\n                                <div class=\"job-description\">Spawacz<\/div>\r\n                            <\/div>\r\n                            <img decoding=\"async\" src=\"https:\/\/impact.ontwikkeladres.nl\/wp-content\/uploads\/2025\/09\/Daan.jpg\" alt=\"Daan Magnette\">\r\n                            <div class=\"testimonial-button\">\r\n                                <svg height=\"15\" width=\"15\" xmlns=\"http:\/\/www.w3.org\/2000\/svg\" viewBox=\"0 0 15 13.56\"><path fill=\"currentColor\" d=\"M0,5.64h11.64L7.56,0h2.64l4.8,6.84-4.8,6.72h-2.64l4.08-5.64H0v-2.28Z\"\/><\/svg>\r\n                            <\/div>\r\n                        <\/a>\r\n                        <a title=\"Beniamino Traina\" href=\"https:\/\/impact.ontwikkeladres.nl\/pl\/kandydaci\/testimonials\/beniamino-traina\/\" class=\"testimonial-tile\">\r\n                            <div class=\"author\">\r\n                                \n        <div class=\"sd-block-title \">\n            <h2 class=\"sd-block-title-htag  marginbottom-0px align-left color-white font-small\n            \">\n\t\t\t\t\n            \tPoznaj Beniamino\n\t\t\t<\/h2>\n        <\/div>\r\n                                <div class=\"job-description\">Pracownik magazynu<\/div>\r\n                            <\/div>\r\n                            <img decoding=\"async\" src=\"https:\/\/impact.ontwikkeladres.nl\/wp-content\/uploads\/2025\/09\/Beniamino.jpg\" alt=\"Beniamino Traina\">\r\n                            <div class=\"testimonial-button\">\r\n                                <svg height=\"15\" width=\"15\" xmlns=\"http:\/\/www.w3.org\/2000\/svg\" viewBox=\"0 0 15 13.56\"><path fill=\"currentColor\" d=\"M0,5.64h11.64L7.56,0h2.64l4.8,6.84-4.8,6.72h-2.64l4.08-5.64H0v-2.28Z\"\/><\/svg>\r\n                            <\/div>\r\n                        <\/a>\r\n                        <a title=\"Anas Ben Ayad\" href=\"https:\/\/impact.ontwikkeladres.nl\/pl\/kandydaci\/testimonials\/anas-ben-ayad\/\" class=\"testimonial-tile\">\r\n                            <div class=\"author\">\r\n                                \n        <div class=\"sd-block-title \">\n            <h2 class=\"sd-block-title-htag  marginbottom-0px align-left color-white font-small\n            \">\n\t\t\t\t\n            \tPoznaj Anas\n\t\t\t<\/h2>\n        <\/div>\r\n                                <div class=\"job-description\">Instalator ekran\u00f3w s\u0142onecznych<\/div>\r\n                            <\/div>\r\n                            <img decoding=\"async\" src=\"https:\/\/impact.ontwikkeladres.nl\/wp-content\/uploads\/2025\/09\/Anas.jpg\" alt=\"Anas Ben Ayad\">\r\n                            <div class=\"testimonial-button\">\r\n                                <svg height=\"15\" width=\"15\" xmlns=\"http:\/\/www.w3.org\/2000\/svg\" viewBox=\"0 0 15 13.56\"><path fill=\"currentColor\" d=\"M0,5.64h11.64L7.56,0h2.64l4.8,6.84-4.8,6.72h-2.64l4.08-5.64H0v-2.28Z\"\/><\/svg>\r\n                            <\/div>\r\n                        <\/a><\/div><\/div>[\/vc_column][\/vc_row][vc_row full_width=&#8221;stretch_row&#8221; content_placement=&#8221;middle&#8221; bg_color=&#8221;bg_gray&#8221; css=&#8221;.vc_custom_1759404161127{background-color: bg_gray !important;}&#8221;][vc_column width=&#8221;1\/2&#8243;]\r\n        <div class=\"sd-block-image image-count-1  align-Left marginbottom-30px\r\n        \"><img decoding=\"async\" title=\"\" alt=\"\" src=\"https:\/\/impact.ontwikkeladres.nl\/wp-content\/uploads\/2025\/10\/Stefanie.jpg\">\r\n        <\/div>[\/vc_column][vc_column width=&#8221;1\/12&#8243;][\/vc_column][vc_column width=&#8221;5\/12&#8243;]\n        <div class=\"sd-block-title \">\n            <h2 class=\"sd-block-title-htag  marginbottom-30px align-left color-white\n            \">\n\t\t\t\t\n            \tIMPACT, agencja pracy, kt\u00f3ra naprawd\u0119 Ci\u0119 zna\n\t\t\t<\/h2>\n        <\/div>\r\n        <div class=\"sd-block-text  marginbottom-30px color-white\r\n        \">\r\n        \t\r\n            <p>Tw\u00f3j talent jest we w\u0142a\u015bciwym miejscu? Staje si\u0119 on prawdziwym hitem tylko wtedy, gdy po\u015bwi\u0119cimy czas, aby dobrze Ci\u0119 pozna\u0107. W ten spos\u00f3b mo\u017cemy dopasowa\u0107 Twoj\u0105 osobowo\u015b\u0107, oczekiwania i ambicje do odpowiedniej pracy i pracodawcy.<\/p>\n\r\n        <\/div>[vc_row_inner][vc_column_inner width=&#8221;1\/2&#8243;]\r\n        <div class=\"sd-block-button  marginbottom-30px align-left button-type-text text-size-normal text-color-white\">\r\n            <a class=\"inner-button\"\r\n            href=\"https:\/\/impact.ontwikkeladres.nl\/pl\/kandydaci\/praca-w-budownictwie\/\" title=\"Praca w budownictwie\">\r\n                <div class=\"button-content\">\r\n                    <span>Praca w budownictwie<\/span>\r\n\t\t\t\t    <svg height=\"15\" width=\"15\" xmlns=\"http:\/\/www.w3.org\/2000\/svg\" viewBox=\"0 0 15 13.56\"><path fill=\"currentColor\" d=\"M0,5.64h11.64L7.56,0h2.64l4.8,6.84-4.8,6.72h-2.64l4.08-5.64H0v-2.28Z\"\/><\/svg>\r\n                <\/div>\r\n            <\/a>\r\n        <\/div>\r\n        <div class=\"sd-block-button  marginbottom-30px align-left button-type-text text-size-normal text-color-white\">\r\n            <a class=\"inner-button\"\r\n            href=\"https:\/\/impact.ontwikkeladres.nl\/pl\/kandydaci\/praca-w-produkcji\/\" title=\"Praca w bran\u017cy produkcyjnej\">\r\n                <div class=\"button-content\">\r\n                    <span>Praca w bran\u017cy produkcyjnej<\/span>\r\n\t\t\t\t    <svg height=\"15\" width=\"15\" xmlns=\"http:\/\/www.w3.org\/2000\/svg\" viewBox=\"0 0 15 13.56\"><path fill=\"currentColor\" d=\"M0,5.64h11.64L7.56,0h2.64l4.8,6.84-4.8,6.72h-2.64l4.08-5.64H0v-2.28Z\"\/><\/svg>\r\n                <\/div>\r\n            <\/a>\r\n        <\/div>[\/vc_column_inner][vc_column_inner width=&#8221;1\/2&#8243;]\r\n        <div class=\"sd-block-button  marginbottom-30px align-left button-type-text text-size-normal text-color-white\">\r\n            <a class=\"inner-button\"\r\n            href=\"https:\/\/impact.ontwikkeladres.nl\/pl\/kandydaci\/praca-w-branzy-inzynieryjnej\/\" title=\"Praca w bran\u017cy in\u017cynieryjnej\">\r\n                <div class=\"button-content\">\r\n                    <span>Praca w bran\u017cy in\u017cynieryjnej<\/span>\r\n\t\t\t\t    <svg height=\"15\" width=\"15\" xmlns=\"http:\/\/www.w3.org\/2000\/svg\" viewBox=\"0 0 15 13.56\"><path fill=\"currentColor\" d=\"M0,5.64h11.64L7.56,0h2.64l4.8,6.84-4.8,6.72h-2.64l4.08-5.64H0v-2.28Z\"\/><\/svg>\r\n                <\/div>\r\n            <\/a>\r\n        <\/div>\r\n        <div class=\"sd-block-button  marginbottom-30px align-left button-type-text text-size-normal text-color-white\">\r\n            <a class=\"inner-button\"\r\n            href=\"https:\/\/impact.ontwikkeladres.nl\/pl\/kandydaci\/praca-w-logistyce-i-transporcie\/\" title=\"Oferty pracy w logistyce i transporcie\">\r\n                <div class=\"button-content\">\r\n                    <span>Oferty pracy w logistyce i transporcie<\/span>\r\n\t\t\t\t    <svg height=\"15\" width=\"15\" xmlns=\"http:\/\/www.w3.org\/2000\/svg\" viewBox=\"0 0 15 13.56\"><path fill=\"currentColor\" d=\"M0,5.64h11.64L7.56,0h2.64l4.8,6.84-4.8,6.72h-2.64l4.08-5.64H0v-2.28Z\"\/><\/svg>\r\n                <\/div>\r\n            <\/a>\r\n        <\/div>[\/vc_column_inner][\/vc_row_inner][\/vc_column][\/vc_row]<\/p>\n<\/div>","protected":false},"excerpt":{"rendered":"<p>[vc_row full_width=&#8221;stretch_row&#8221; content_placement=&#8221;bottom&#8221; row_height=&#8221;row_800px&#8221; bg_color=&#8221;bg_green&#8221; css=&#8221;.vc_custom_1759838311028{padding-top: 0px !important;padding-bottom: 0px !important;background-color: bg_gray !important;}&#8221;][vc_column][\/vc_column][\/vc_row][vc_row][vc_column][\/vc_column][\/vc_row][vc_row full_width=&#8221;stretch_row&#8221; content_placement=&#8221;middle&#8221; bg_color=&#8221;bg_gray&#8221; css=&#8221;.vc_custom_1759404161127{background-color: bg_gray !important;}&#8221;][vc_column width=&#8221;1\/2&#8243;][\/vc_column][vc_column width=&#8221;1\/12&#8243;][\/vc_column][vc_column width=&#8221;5\/12&#8243;][vc_row_inner][vc_column_inner width=&#8221;1\/2&#8243;][\/vc_column_inner][vc_column_inner width=&#8221;1\/2&#8243;][\/vc_column_inner][\/vc_row_inner][\/vc_column][\/vc_row]<\/p>\n","protected":false},"author":1,"featured_media":0,"parent":5189,"menu_order":0,"comment_status":"closed","ping_status":"closed","template":"","meta":{"_acf_changed":false,"footnotes":""},"class_list":["post-9499","page","type-page","status-publish","hentry"],"acf":[],"yoast_head":"<!-- This site is optimized with the Yoast SEO plugin v26.8 - https:\/\/yoast.com\/product\/yoast-seo-wordpress\/ -->\n<title>Referencje | IMPACT<\/title>\n<meta name=\"description\" content=\"Zainspiruj si\u0119 referencjami zadowolonych pracownik\u00f3w tymczasowych, kt\u00f3rzy dzi\u0119ki IMPACT znale\u017ali prac\u0119 dostosowan\u0105 do ich potrzeb w sektorze technicznym lub budowlanym.\" \/>\n<meta name=\"robots\" content=\"noindex, follow, max-snippet:-1, max-image-preview:large, max-video-preview:-1\" \/>\n<meta property=\"og:locale\" content=\"pl_PL\" \/>\n<meta property=\"og:type\" content=\"article\" \/>\n<meta property=\"og:title\" content=\"Referencje | IMPACT\" \/>\n<meta property=\"og:description\" content=\"Zainspiruj si\u0119 referencjami zadowolonych pracownik\u00f3w tymczasowych, kt\u00f3rzy dzi\u0119ki IMPACT znale\u017ali prac\u0119 dostosowan\u0105 do ich potrzeb w sektorze technicznym lub budowlanym.\" \/>\n<meta property=\"og:url\" content=\"https:\/\/impact.ontwikkeladres.nl\/pl\/kandydaci\/referencje\/\" \/>\n<meta property=\"og:site_name\" content=\"IMPACT\" \/>\n<meta property=\"article:publisher\" content=\"https:\/\/www.facebook.com\/jobs.impact\" \/>\n<meta property=\"article:modified_time\" content=\"2025-11-11T10:12:52+00:00\" \/>\n<meta property=\"og:image\" content=\"https:\/\/impact.ontwikkeladres.nl\/wp-content\/uploads\/2025\/11\/Social-share.jpg\" \/>\n\t<meta property=\"og:image:width\" content=\"1200\" \/>\n\t<meta property=\"og:image:height\" content=\"675\" \/>\n\t<meta property=\"og:image:type\" content=\"image\/jpeg\" \/>\n<meta name=\"twitter:card\" content=\"summary_large_image\" \/>\n<meta name=\"twitter:label1\" content=\"Szacowany czas czytania\" \/>\n\t<meta name=\"twitter:data1\" content=\"2 minuty\" \/>\n<script type=\"application\/ld+json\" class=\"yoast-schema-graph\">{\"@context\":\"https:\/\/schema.org\",\"@graph\":[{\"@type\":\"WebPage\",\"@id\":\"https:\/\/impact.ontwikkeladres.nl\/pl\/kandydaci\/referencje\/\",\"url\":\"https:\/\/impact.ontwikkeladres.nl\/pl\/kandydaci\/referencje\/\",\"name\":\"Referencje | IMPACT\",\"isPartOf\":{\"@id\":\"https:\/\/impact.ontwikkeladres.nl\/pl\/#website\"},\"datePublished\":\"2025-09-22T12:23:45+00:00\",\"dateModified\":\"2025-11-11T10:12:52+00:00\",\"description\":\"Zainspiruj si\u0119 referencjami zadowolonych pracownik\u00f3w tymczasowych, kt\u00f3rzy dzi\u0119ki IMPACT znale\u017ali prac\u0119 dostosowan\u0105 do ich potrzeb w sektorze technicznym lub budowlanym.\",\"breadcrumb\":{\"@id\":\"https:\/\/impact.ontwikkeladres.nl\/pl\/kandydaci\/referencje\/#breadcrumb\"},\"inLanguage\":\"pl-PL\",\"potentialAction\":[{\"@type\":\"ReadAction\",\"target\":[\"https:\/\/impact.ontwikkeladres.nl\/pl\/kandydaci\/referencje\/\"]}]},{\"@type\":\"BreadcrumbList\",\"@id\":\"https:\/\/impact.ontwikkeladres.nl\/pl\/kandydaci\/referencje\/#breadcrumb\",\"itemListElement\":[{\"@type\":\"ListItem\",\"position\":1,\"name\":\"Home\",\"item\":\"https:\/\/impact.ontwikkeladres.nl\/pl\/\"},{\"@type\":\"ListItem\",\"position\":2,\"name\":\"Kandydaci\",\"item\":\"https:\/\/impact.ontwikkeladres.nl\/pl\/\"},{\"@type\":\"ListItem\",\"position\":3,\"name\":\"Referencje\"}]},{\"@type\":\"WebSite\",\"@id\":\"https:\/\/impact.ontwikkeladres.nl\/pl\/#website\",\"url\":\"https:\/\/impact.ontwikkeladres.nl\/pl\/\",\"name\":\"IMPACT\",\"description\":\"Impact website\",\"inLanguage\":\"pl-PL\"}]}<\/script>\n<!-- \/ Yoast SEO plugin. -->","yoast_head_json":{"title":"Referencje | IMPACT","description":"Zainspiruj si\u0119 referencjami zadowolonych pracownik\u00f3w tymczasowych, kt\u00f3rzy dzi\u0119ki IMPACT znale\u017ali prac\u0119 dostosowan\u0105 do ich potrzeb w sektorze technicznym lub budowlanym.","robots":{"index":"noindex","follow":"follow","max-snippet":"max-snippet:-1","max-image-preview":"max-image-preview:large","max-video-preview":"max-video-preview:-1"},"og_locale":"pl_PL","og_type":"article","og_title":"Referencje | IMPACT","og_description":"Zainspiruj si\u0119 referencjami zadowolonych pracownik\u00f3w tymczasowych, kt\u00f3rzy dzi\u0119ki IMPACT znale\u017ali prac\u0119 dostosowan\u0105 do ich potrzeb w sektorze technicznym lub budowlanym.","og_url":"https:\/\/impact.ontwikkeladres.nl\/pl\/kandydaci\/referencje\/","og_site_name":"IMPACT","article_publisher":"https:\/\/www.facebook.com\/jobs.impact","article_modified_time":"2025-11-11T10:12:52+00:00","og_image":[{"width":1200,"height":675,"url":"https:\/\/impact.ontwikkeladres.nl\/wp-content\/uploads\/2025\/11\/Social-share.jpg","type":"image\/jpeg"}],"twitter_card":"summary_large_image","twitter_misc":{"Szacowany czas czytania":"2 minuty"},"schema":{"@context":"https:\/\/schema.org","@graph":[{"@type":"WebPage","@id":"https:\/\/impact.ontwikkeladres.nl\/pl\/kandydaci\/referencje\/","url":"https:\/\/impact.ontwikkeladres.nl\/pl\/kandydaci\/referencje\/","name":"Referencje | IMPACT","isPartOf":{"@id":"https:\/\/impact.ontwikkeladres.nl\/pl\/#website"},"datePublished":"2025-09-22T12:23:45+00:00","dateModified":"2025-11-11T10:12:52+00:00","description":"Zainspiruj si\u0119 referencjami zadowolonych pracownik\u00f3w tymczasowych, kt\u00f3rzy dzi\u0119ki IMPACT znale\u017ali prac\u0119 dostosowan\u0105 do ich potrzeb w sektorze technicznym lub budowlanym.","breadcrumb":{"@id":"https:\/\/impact.ontwikkeladres.nl\/pl\/kandydaci\/referencje\/#breadcrumb"},"inLanguage":"pl-PL","potentialAction":[{"@type":"ReadAction","target":["https:\/\/impact.ontwikkeladres.nl\/pl\/kandydaci\/referencje\/"]}]},{"@type":"BreadcrumbList","@id":"https:\/\/impact.ontwikkeladres.nl\/pl\/kandydaci\/referencje\/#breadcrumb","itemListElement":[{"@type":"ListItem","position":1,"name":"Home","item":"https:\/\/impact.ontwikkeladres.nl\/pl\/"},{"@type":"ListItem","position":2,"name":"Kandydaci","item":"https:\/\/impact.ontwikkeladres.nl\/pl\/"},{"@type":"ListItem","position":3,"name":"Referencje"}]},{"@type":"WebSite","@id":"https:\/\/impact.ontwikkeladres.nl\/pl\/#website","url":"https:\/\/impact.ontwikkeladres.nl\/pl\/","name":"IMPACT","description":"Impact website","inLanguage":"pl-PL"}]}},"_links":{"self":[{"href":"https:\/\/impact.ontwikkeladres.nl\/pl\/wp-json\/wp\/v2\/pages\/9499","targetHints":{"allow":["GET"]}}],"collection":[{"href":"https:\/\/impact.ontwikkeladres.nl\/pl\/wp-json\/wp\/v2\/pages"}],"about":[{"href":"https:\/\/impact.ontwikkeladres.nl\/pl\/wp-json\/wp\/v2\/types\/page"}],"author":[{"embeddable":true,"href":"https:\/\/impact.ontwikkeladres.nl\/pl\/wp-json\/wp\/v2\/users\/1"}],"replies":[{"embeddable":true,"href":"https:\/\/impact.ontwikkeladres.nl\/pl\/wp-json\/wp\/v2\/comments?post=9499"}],"version-history":[{"count":10,"href":"https:\/\/impact.ontwikkeladres.nl\/pl\/wp-json\/wp\/v2\/pages\/9499\/revisions"}],"predecessor-version":[{"id":12120,"href":"https:\/\/impact.ontwikkeladres.nl\/pl\/wp-json\/wp\/v2\/pages\/9499\/revisions\/12120"}],"up":[{"embeddable":true,"href":"https:\/\/impact.ontwikkeladres.nl\/pl\/wp-json\/wp\/v2\/pages\/5189"}],"wp:attachment":[{"href":"https:\/\/impact.ontwikkeladres.nl\/pl\/wp-json\/wp\/v2\/media?parent=9499"}],"curies":[{"name":"wp","href":"https:\/\/api.w.org\/{rel}","templated":true}]}}