{"id":9524,"date":"2025-09-24T11:48:42","date_gmt":"2025-09-24T09:48:42","guid":{"rendered":"https:\/\/impact.ontwikkeladres.nl\/kandydaci\/faq\/wakacje-i-wellness\/"},"modified":"2025-11-07T13:40:43","modified_gmt":"2025-11-07T12:40:43","slug":"wakacje-i-wellness","status":"publish","type":"page","link":"https:\/\/impact.ontwikkeladres.nl\/pl\/kandydaci\/faq\/wakacje-i-wellness\/","title":{"rendered":"Wakacje i wellness"},"content":{"rendered":"<div class=\"wpb-content-wrapper\"><p>[vc_row full_width=&#8221;stretch_row&#8221; content_placement=&#8221;bottom&#8221; row_height=&#8221;row_400px&#8221; bg_color=&#8221;bg_green&#8221; css=&#8221;.vc_custom_1758785714205{background-color: bg_green !important;}&#8221;][vc_column]\n        <div class=\"sd-block-breadcrumb  align-left color-white marginbottom-30px\n        \">\n            <ul id=\"breadcrumbs\" class=\"breadcrumbs\"><\/ul>\n        <\/div>\n        <div class=\"sd-block-title \">\n            <h1 class=\"sd-block-title-htag  marginbottom-0px align-left color-white\n            \">\n\t\t\t\t\n            \tWakacje i wellness\n\t\t\t<\/h1>\n        <\/div>[\/vc_column][\/vc_row][vc_row full_width=&#8221;stretch_row&#8221; bg_color=&#8221;bg_gray&#8221;][vc_column]\r\n            <div class=\"sd-tabs vertical\">\r\n                <div class=\"sd-tabs-title-container\">\r\n                    \r\n                            <div class=\"sd-tabs-title active title-0\">\r\n                                \n        <div class=\"sd-block-title \">\n            <h3 class=\"sd-block-title-htag  marginbottom-0px align-left color-mint font-middle\n            \">\n\t\t\t\t\n            \t&#8221;Wakacje&#8221;\n\t\t\t<\/h3>\n        <\/div>\r\n                            <\/div>\r\n                        \r\n                            <div class=\"sd-tabs-title title-1\">\r\n                                \n        <div class=\"sd-block-title \">\n            <h3 class=\"sd-block-title-htag  marginbottom-0px align-left color-mint font-middle\n            \">\n\t\t\t\t\n            \t&#8221;Dobrobyt&#8221;\n\t\t\t<\/h3>\n        <\/div>\r\n                            <\/div>\r\n                        \r\n                <\/div>\r\n                <div class=\"sd-tabs-content-container\">\r\n                            <div class=\"sd-tabs-content active content-0\">\r\n                                \n        <div class=\"sd-block-title \">\n            <h2 class=\"sd-block-title-htag  marginbottom-45px align-left color-white font-middle\n            \">\n\t\t\t\t\n            \tWakacje\n\t\t\t<\/h2>\n        <\/div>\r\n        <div class=\"sd-block-faq  marginbottom-30px\">\r\n            <div class=\"faq-inner \">\r\n                <div class=\"faq-title\">\r\n                    \n        <div class=\"sd-block-title \">\n            <h3 class=\"sd-block-title-htag  marginbottom-0px align-left color-black font-mini\n            \">\n\t\t\t\t\n            \tCzy mam prawo do p\u0142atnego urlopu?\n\t\t\t<\/h3>\n        <\/div>\r\n                    <div class=\"icon-container\">\r\n                        <svg xmlns=\"http:\/\/www.w3.org\/2000\/svg\" viewBox=\"0 0 14 14\"><path fill=\"currentColor\" d=\"M6,8H0V6h6V0h2v6h6v2H8v6H6V8z\"\/><\/svg>\r\n                    <\/div>\r\n                <\/div>\r\n                <div class=\"faq-content\">\r\n                    \r\n        <div class=\"sd-block-text  marginbottom-0px color-white\r\n        \">\r\n        \t\r\n            <p>Tak! Niezale\u017cnie od tego, czy pracujesz w pe\u0142nym wymiarze godzin, w niepe\u0142nym wymiarze godzin, na podstawie umowy o prac\u0119 tymczasow\u0105 czy na czas nieokre\u015blony: ka\u017cdy ma prawo, pod pewnymi warunkami, do szeregu ustawowych (p\u0142atnych) dni wolnych od pracy i wszelkich dni zast\u0119puj\u0105cych te dni.<\/p>\n\r\n        <\/div>\r\n                <\/div>\r\n            <\/div>\r\n        <\/div>\r\n        <div class=\"sd-block-faq  marginbottom-30px\">\r\n            <div class=\"faq-inner \">\r\n                <div class=\"faq-title\">\r\n                    \n        <div class=\"sd-block-title \">\n            <h3 class=\"sd-block-title-htag  marginbottom-0px align-left color-black font-mini\n            \">\n\t\t\t\t\n            \tIle dni urlopu przys\u0142uguje mi jako pracownikowi tymczasowemu?\n\t\t\t<\/h3>\n        <\/div>\r\n                    <div class=\"icon-container\">\r\n                        <svg xmlns=\"http:\/\/www.w3.org\/2000\/svg\" viewBox=\"0 0 14 14\"><path fill=\"currentColor\" d=\"M6,8H0V6h6V0h2v6h6v2H8v6H6V8z\"\/><\/svg>\r\n                    <\/div>\r\n                <\/div>\r\n                <div class=\"faq-content\">\r\n                    \r\n        <div class=\"sd-block-text  marginbottom-0px color-white\r\n        \">\r\n        \t\r\n            <p>Jako pracownik tymczasowy masz prawo do p\u0142atnych dni urlopu. Ich liczba zale\u017cy od liczby dni, kt\u00f3re przepracowa\u0142e\u015b w poprzednim roku: im wi\u0119cej przepracowanych dni, tym wi\u0119cej dni urlopu w kolejnym roku!   <\/p>\n<p>Przepracowa\u0142e\u015b <strong>ca\u0142y rok w systemie 5-dniowym<\/strong>?<\/p>\n<ul class=\"checks\">\n<li>Masz prawo do co najmniej 20 p\u0142atnych urlop\u00f3w w nast\u0119pnym roku.<\/li>\n<\/ul>\n<p>Przepracowa\u0142e\u015b <strong>ca\u0142y rok w systemie 6-dniowym<\/strong>?<\/p>\n<ul class=\"checks\">\n<li>Masz prawo do co najmniej 24 p\u0142atnych urlop\u00f3w w nast\u0119pnym roku.<\/li>\n<\/ul>\n<p>By\u0142e\u015b <strong>przez jaki\u015b czas bezrobotny <\/strong>lub pracowa\u0142e\u015b <strong>na p\u00f3\u0142 etatu<\/strong>?<\/p>\n<ul class=\"checks\">\n<li>Niestety masz mniej p\u0142atnych dni urlopu. W szczeg\u00f3lno\u015bci liczba ta jest obliczana na podstawie liczby dni przepracowanych w ci\u0105gu ostatniego roku. IMPACT ch\u0119tnie Ci w tym pomo\u017ce.    <\/li>\n<\/ul>\n\r\n        <\/div>\r\n                <\/div>\r\n            <\/div>\r\n        <\/div>\r\n        <div class=\"sd-block-faq  marginbottom-30px\">\r\n            <div class=\"faq-inner \">\r\n                <div class=\"faq-title\">\r\n                    \n        <div class=\"sd-block-title \">\n            <h3 class=\"sd-block-title-htag  marginbottom-0px align-left color-black font-mini\n            \">\n\t\t\t\t\n            \tJak mog\u0119 ubiega\u0107 si\u0119 o \u015bwiadectwo urlopowe jako pracownik tymczasowy?\n\t\t\t<\/h3>\n        <\/div>\r\n                    <div class=\"icon-container\">\r\n                        <svg xmlns=\"http:\/\/www.w3.org\/2000\/svg\" viewBox=\"0 0 14 14\"><path fill=\"currentColor\" d=\"M6,8H0V6h6V0h2v6h6v2H8v6H6V8z\"\/><\/svg>\r\n                    <\/div>\r\n                <\/div>\r\n                <div class=\"faq-content\">\r\n                    \r\n        <div class=\"sd-block-text  marginbottom-0px color-white\r\n        \">\r\n        \t\r\n            <ul>\n<li><strong>Pracownik<\/strong>? <a href=\"https:\/\/www.rjv.fgov.be\/nl\/vakantiegeld\" target=\"_blank\" rel=\"noopener\">RJV<\/a> zapewnia Ci niezb\u0119dne certyfikaty urlopowe.   <\/li>\n<li><strong>Urz\u0119dnik<\/strong>? Odbierz swoje certyfikaty od IMPACT.   <\/li>\n<\/ul>\n\r\n        <\/div>\r\n                <\/div>\r\n            <\/div>\r\n        <\/div>\r\n        <div class=\"sd-block-faq  marginbottom-30px\">\r\n            <div class=\"faq-inner \">\r\n                <div class=\"faq-title\">\r\n                    \n        <div class=\"sd-block-title \">\n            <h3 class=\"sd-block-title-htag  marginbottom-0px align-left color-black font-mini\n            \">\n\t\t\t\t\n            \tCzy mog\u0119 wzi\u0105\u0107 urlop jako pracownik tymczasowy?\n\t\t\t<\/h3>\n        <\/div>\r\n                    <div class=\"icon-container\">\r\n                        <svg xmlns=\"http:\/\/www.w3.org\/2000\/svg\" viewBox=\"0 0 14 14\"><path fill=\"currentColor\" d=\"M6,8H0V6h6V0h2v6h6v2H8v6H6V8z\"\/><\/svg>\r\n                    <\/div>\r\n                <\/div>\r\n                <div class=\"faq-content\">\r\n                    \r\n        <div class=\"sd-block-text  marginbottom-0px color-white\r\n        \">\r\n        \t\r\n            <p>Je\u015bli pasuje to do harmonogramu Twojego klienta, jako pracownik tymczasowy mo\u017cesz poprosi\u0107 o dzie\u0144 urlopu w dowolnym momencie. Zalecamy jednak, aby najpierw om\u00f3wi\u0107 to za obop\u00f3ln\u0105 zgod\u0105.   <\/p>\n<p>Uwaga: czy otrzymujesz \u015bwiadczenia z tytu\u0142u bezrobocia, ubezpieczenia wzajemnego lub inne? Pami\u0119taj, aby poinformowa\u0107 odpowiedni organ, je\u015bli chcesz wzi\u0105\u0107 urlop w dni nieobj\u0119te umow\u0105.<\/p>\n\r\n        <\/div>\r\n                <\/div>\r\n            <\/div>\r\n        <\/div>\r\n        <div class=\"sd-block-faq  marginbottom-30px\">\r\n            <div class=\"faq-inner \">\r\n                <div class=\"faq-title\">\r\n                    \n        <div class=\"sd-block-title \">\n            <h3 class=\"sd-block-title-htag  marginbottom-0px align-left color-black font-mini\n            \">\n\t\t\t\t\n            \tCzy mam prawo do urlopu macierzy\u0144skiego jako pracownik tymczasowy?\n\t\t\t<\/h3>\n        <\/div>\r\n                    <div class=\"icon-container\">\r\n                        <svg xmlns=\"http:\/\/www.w3.org\/2000\/svg\" viewBox=\"0 0 14 14\"><path fill=\"currentColor\" d=\"M6,8H0V6h6V0h2v6h6v2H8v6H6V8z\"\/><\/svg>\r\n                    <\/div>\r\n                <\/div>\r\n                <div class=\"faq-content\">\r\n                    \r\n        <div class=\"sd-block-text  marginbottom-0px color-white\r\n        \">\r\n        \t\r\n            <p>Jako matka masz prawo do pi\u0119tnastu tygodni urlopu macierzy\u0144skiego. Jeste\u015b zobowi\u0105zana do wzi\u0119cia jednego tygodnia urlopu przed terminem porodu i dziewi\u0119ciu tygodni urlopu po porodzie. Pozosta\u0142e pi\u0119\u0107 tygodni wybierasz sama. Podczas urlopu macierzy\u0144skiego otrzymasz zasi\u0142ek macierzy\u0144ski od swojej firmy ubezpieczeniowej. Jak najszybciej poinformuj o tym IMPACT i swoj\u0105 kas\u0119 chorych.<\/p>\n\r\n        <\/div>\r\n                <\/div>\r\n            <\/div>\r\n        <\/div>\r\n        <div class=\"sd-block-faq  marginbottom-30px\">\r\n            <div class=\"faq-inner \">\r\n                <div class=\"faq-title\">\r\n                    \n        <div class=\"sd-block-title \">\n            <h3 class=\"sd-block-title-htag  marginbottom-0px align-left color-black font-mini\n            \">\n\t\t\t\t\n            \tCzy mam prawo do urlopu ojcowskiego jako pracownik tymczasowy?\n\t\t\t<\/h3>\n        <\/div>\r\n                    <div class=\"icon-container\">\r\n                        <svg xmlns=\"http:\/\/www.w3.org\/2000\/svg\" viewBox=\"0 0 14 14\"><path fill=\"currentColor\" d=\"M6,8H0V6h6V0h2v6h6v2H8v6H6V8z\"\/><\/svg>\r\n                    <\/div>\r\n                <\/div>\r\n                <div class=\"faq-content\">\r\n                    \r\n        <div class=\"sd-block-text  marginbottom-0px color-white\r\n        \">\r\n        \t\r\n            <p>Jako dumny tata masz r\u00f3wnie\u017c prawo do kilku dni urlopu! Obecne belgijskie przepisy przewiduj\u0105 15 dni urlopu ojcowskiego. Mo\u017cesz je wykorzysta\u0107 za jednym razem lub w kilku etapach w ci\u0105gu 4 miesi\u0119cy od narodzin dziecka.    <\/p>\n<p>Za pierwsze 3 dni urlopu ojcowskiego odpowiada wy\u0142\u0105cznie pracodawca: otrzymujesz pe\u0142ne wynagrodzenie. Przez pozosta\u0142e 12 dni towarzystwo ubezpiecze\u0144 wzajemnych wyp\u0142aca zasi\u0142ek w wysoko\u015bci 82% ograniczonego wynagrodzenia brutto. Wniosek o zasi\u0142ek ojcowski sk\u0142adasz zar\u00f3wno u pracodawcy, jak i w towarzystwie ubezpiecze\u0144 wzajemnych, do\u0142\u0105czaj\u0105c wyci\u0105g z aktu urodzenia.<\/p>\n\r\n        <\/div>\r\n                <\/div>\r\n            <\/div>\r\n        <\/div>\r\n                            <\/div>\r\n                        \r\n                            <div class=\"sd-tabs-content content-1\">\r\n                                \n        <div class=\"sd-block-title \">\n            <h2 class=\"sd-block-title-htag  marginbottom-45px align-left color-white font-middle\n            \">\n\t\t\t\t\n            \tDobrobyt\n\t\t\t<\/h2>\n        <\/div>\r\n        <div class=\"sd-block-faq  marginbottom-30px\">\r\n            <div class=\"faq-inner \">\r\n                <div class=\"faq-title\">\r\n                    \n        <div class=\"sd-block-title \">\n            <h3 class=\"sd-block-title-htag  marginbottom-0px align-left color-black font-mini\n            \">\n\t\t\t\t\n            \tCo powinienem zrobi\u0107 jako pracownik tymczasowy, je\u015bli jestem chory?\n\t\t\t<\/h3>\n        <\/div>\r\n                    <div class=\"icon-container\">\r\n                        <svg xmlns=\"http:\/\/www.w3.org\/2000\/svg\" viewBox=\"0 0 14 14\"><path fill=\"currentColor\" d=\"M6,8H0V6h6V0h2v6h6v2H8v6H6V8z\"\/><\/svg>\r\n                    <\/div>\r\n                <\/div>\r\n                <div class=\"faq-content\">\r\n                    \r\n        <div class=\"sd-block-text  marginbottom-0px color-white\r\n        \">\r\n        \t\r\n            <p>Wtedy jeste\u015b zobowi\u0105zany do wykonania pewnych czynno\u015bci, w przeciwnym razie nie masz prawa do gwarantowanego wynagrodzenia.<\/p>\n<ul class=\"checks\">\n<li>Powiadamiasz IMPACT przed rozpocz\u0119ciem pracy. Natychmiast powiadamiamy naszego klienta &#8211; Twojego zleceniodawc\u0119.   <\/li>\n<li>W ci\u0105gu 48 godzin przesy\u0142asz za\u015bwiadczenie lekarskie \/ rachunek za chorob\u0119 do IMPACT.<\/li>\n<li>Masz co najmniej jeden miesi\u0105c kalendarzowy sta\u017cu pracy w IMPACT. Tw\u00f3j prawny sta\u017c pracy znika, je\u015bli nie pracujesz dla nas d\u0142u\u017cej ni\u017c 7 dni.   <\/li>\n<\/ul>\n\r\n        <\/div>\r\n                <\/div>\r\n            <\/div>\r\n        <\/div>\r\n        <div class=\"sd-block-faq  marginbottom-30px\">\r\n            <div class=\"faq-inner \">\r\n                <div class=\"faq-title\">\r\n                    \n        <div class=\"sd-block-title \">\n            <h3 class=\"sd-block-title-htag  marginbottom-0px align-left color-black font-mini\n            \">\n\t\t\t\t\n            \tCo zrobi\u0107, je\u015bli jako pracownik tymczasowy ulegniesz wypadkowi przy pracy lub wypadkowi drogowemu?\n\t\t\t<\/h3>\n        <\/div>\r\n                    <div class=\"icon-container\">\r\n                        <svg xmlns=\"http:\/\/www.w3.org\/2000\/svg\" viewBox=\"0 0 14 14\"><path fill=\"currentColor\" d=\"M6,8H0V6h6V0h2v6h6v2H8v6H6V8z\"\/><\/svg>\r\n                    <\/div>\r\n                <\/div>\r\n                <div class=\"faq-content\">\r\n                    \r\n        <div class=\"sd-block-text  marginbottom-0px color-white\r\n        \">\r\n        \t\r\n            <p>Masz<strong> wypadek w miejscu pracy<\/strong>:<\/p>\n<ul>\n<li>Niezw\u0142ocznie powiadom swojego bezpo\u015bredniego prze\u0142o\u017conego i IMPACT.<\/li>\n<li>Skorzystaj z pomocy dzia\u0142u medycznego firmy, lekarza rodzinnego lub szpitala.<\/li>\n<\/ul>\n<p>Masz <strong>wypadek drogowy w drodze do lub z pracy<\/strong>:<\/p>\n<ul>\n<li>Uzyskaj raport policyjny i wype\u0142nij raport z wypadku.<\/li>\n<li>Pomocne mo\u017ce by\u0107 r\u00f3wnie\u017c wspomnienie i zaanga\u017cowanie \u015bwiadk\u00f3w wypadku.<\/li>\n<\/ul>\n<p>IMPACT jest Twoim pracodawc\u0105: masz obowi\u0105zek niezw\u0142ocznie powiadomi\u0107 nas o wypadku. Aby zg\u0142osi\u0107 wypadek firmie ubezpieczeniowej, jak najszybciej przeka\u017c IMPACT za\u015bwiadczenie lekarskie i wype\u0142nij &#8222;protok\u00f3\u0142 powypadkowy&#8221;. Najlepiej jest r\u00f3wnie\u017c powiadomi\u0107 swoj\u0105 firm\u0119 ubezpieczeniow\u0105.<\/p>\n\r\n        <\/div>\r\n                <\/div>\r\n            <\/div>\r\n        <\/div>\r\n                            <\/div>\r\n                        \r\n                <\/div>\r\n            <\/div>\r\n        [vc_row_inner content_placement=&#8221;middle&#8221;][vc_column_inner width=&#8221;1\/12&#8243;][\/vc_column_inner][vc_column_inner width=&#8221;10\/12&#8243;]\r\n        <div class=\"sd-block-text  marginbottom-30px color-white\r\n        \">\r\n        \t\r\n            <p style=\"text-align: center\">Czy to nie jest odpowied\u017a na twoje pytanie?  <a class=\"label-16 c-button c-faq-cat__help-link\" href=\"https:\/\/impact.ontwikkeladres.nl\/pl\/kandydaci\/kontakt\/\">Skontaktuj si\u0119 z nami<\/a><\/p>\n\r\n        <\/div>[\/vc_column_inner][vc_column_inner width=&#8221;1\/12&#8243;][\/vc_column_inner][\/vc_row_inner][\/vc_column][\/vc_row]<\/p>\n<\/div>","protected":false},"excerpt":{"rendered":"<p>[vc_row full_width=&#8221;stretch_row&#8221; content_placement=&#8221;bottom&#8221; row_height=&#8221;row_400px&#8221; bg_color=&#8221;bg_green&#8221; css=&#8221;.vc_custom_1758785714205{background-color: bg_green !important;}&#8221;][vc_column][\/vc_column][\/vc_row][vc_row full_width=&#8221;stretch_row&#8221; bg_color=&#8221;bg_gray&#8221;][vc_column][vc_row_inner content_placement=&#8221;middle&#8221;][vc_column_inner width=&#8221;1\/12&#8243;][\/vc_column_inner][vc_column_inner width=&#8221;10\/12&#8243;][\/vc_column_inner][vc_column_inner width=&#8221;1\/12&#8243;][\/vc_column_inner][\/vc_row_inner][\/vc_column][\/vc_row]<\/p>\n","protected":false},"author":1,"featured_media":0,"parent":9359,"menu_order":0,"comment_status":"closed","ping_status":"closed","template":"","meta":{"_acf_changed":false,"footnotes":""},"class_list":["post-9524","page","type-page","status-publish","hentry"],"acf":[],"yoast_head":"<!-- This site is optimized with the Yoast SEO plugin v26.8 - https:\/\/yoast.com\/product\/yoast-seo-wordpress\/ -->\n<title>Wakacje i wellness | IMPACT<\/title>\n<meta name=\"robots\" content=\"noindex, follow, max-snippet:-1, max-image-preview:large, max-video-preview:-1\" \/>\n<meta property=\"og:locale\" content=\"pl_PL\" \/>\n<meta property=\"og:type\" content=\"article\" \/>\n<meta property=\"og:title\" content=\"Wakacje i wellness | IMPACT\" \/>\n<meta property=\"og:description\" content=\"[vc_row full_width=&#8221;stretch_row&#8221; content_placement=&#8221;bottom&#8221; row_height=&#8221;row_400px&#8221; bg_color=&#8221;bg_green&#8221; css=&#8221;.vc_custom_1758785714205{background-color: bg_green !important;}&#8221;][vc_column][\/vc_column][\/vc_row][vc_row full_width=&#8221;stretch_row&#8221; bg_color=&#8221;bg_gray&#8221;][vc_column][vc_row_inner content_placement=&#8221;middle&#8221;][vc_column_inner width=&#8221;1\/12&#8243;][\/vc_column_inner][vc_column_inner width=&#8221;10\/12&#8243;][\/vc_column_inner][vc_column_inner width=&#8221;1\/12&#8243;][\/vc_column_inner][\/vc_row_inner][\/vc_column][\/vc_row]\" \/>\n<meta property=\"og:url\" content=\"https:\/\/impact.ontwikkeladres.nl\/pl\/kandydaci\/faq\/wakacje-i-wellness\/\" \/>\n<meta property=\"og:site_name\" content=\"IMPACT\" \/>\n<meta property=\"article:publisher\" content=\"https:\/\/www.facebook.com\/jobs.impact\" \/>\n<meta property=\"article:modified_time\" content=\"2025-11-07T12:40:43+00:00\" \/>\n<meta property=\"og:image\" content=\"https:\/\/impact.ontwikkeladres.nl\/wp-content\/uploads\/2025\/11\/Social-share.jpg\" \/>\n\t<meta property=\"og:image:width\" content=\"1200\" \/>\n\t<meta property=\"og:image:height\" content=\"675\" \/>\n\t<meta property=\"og:image:type\" content=\"image\/jpeg\" \/>\n<meta name=\"twitter:card\" content=\"summary_large_image\" \/>\n<meta name=\"twitter:label1\" content=\"Szacowany czas czytania\" \/>\n\t<meta name=\"twitter:data1\" content=\"5 minut\" \/>\n<script type=\"application\/ld+json\" class=\"yoast-schema-graph\">{\"@context\":\"https:\/\/schema.org\",\"@graph\":[{\"@type\":\"WebPage\",\"@id\":\"https:\/\/impact.ontwikkeladres.nl\/pl\/kandydaci\/faq\/wakacje-i-wellness\/\",\"url\":\"https:\/\/impact.ontwikkeladres.nl\/pl\/kandydaci\/faq\/wakacje-i-wellness\/\",\"name\":\"Wakacje i wellness | IMPACT\",\"isPartOf\":{\"@id\":\"https:\/\/impact.ontwikkeladres.nl\/pl\/#website\"},\"datePublished\":\"2025-09-24T09:48:42+00:00\",\"dateModified\":\"2025-11-07T12:40:43+00:00\",\"breadcrumb\":{\"@id\":\"https:\/\/impact.ontwikkeladres.nl\/pl\/kandydaci\/faq\/wakacje-i-wellness\/#breadcrumb\"},\"inLanguage\":\"pl-PL\",\"potentialAction\":[{\"@type\":\"ReadAction\",\"target\":[\"https:\/\/impact.ontwikkeladres.nl\/pl\/kandydaci\/faq\/wakacje-i-wellness\/\"]}]},{\"@type\":\"BreadcrumbList\",\"@id\":\"https:\/\/impact.ontwikkeladres.nl\/pl\/kandydaci\/faq\/wakacje-i-wellness\/#breadcrumb\",\"itemListElement\":[{\"@type\":\"ListItem\",\"position\":1,\"name\":\"Home\",\"item\":\"https:\/\/impact.ontwikkeladres.nl\/pl\/\"},{\"@type\":\"ListItem\",\"position\":2,\"name\":\"Kandydaci\",\"item\":\"https:\/\/impact.ontwikkeladres.nl\/pl\/\"},{\"@type\":\"ListItem\",\"position\":3,\"name\":\"FAQ\",\"item\":\"https:\/\/impact.ontwikkeladres.nl\/pl\/kandydaci\/faq\/\"},{\"@type\":\"ListItem\",\"position\":4,\"name\":\"Wakacje i wellness\"}]},{\"@type\":\"WebSite\",\"@id\":\"https:\/\/impact.ontwikkeladres.nl\/pl\/#website\",\"url\":\"https:\/\/impact.ontwikkeladres.nl\/pl\/\",\"name\":\"IMPACT\",\"description\":\"Impact website\",\"inLanguage\":\"pl-PL\"}]}<\/script>\n<!-- \/ Yoast SEO plugin. -->","yoast_head_json":{"title":"Wakacje i wellness | IMPACT","robots":{"index":"noindex","follow":"follow","max-snippet":"max-snippet:-1","max-image-preview":"max-image-preview:large","max-video-preview":"max-video-preview:-1"},"og_locale":"pl_PL","og_type":"article","og_title":"Wakacje i wellness | IMPACT","og_description":"[vc_row full_width=&#8221;stretch_row&#8221; content_placement=&#8221;bottom&#8221; row_height=&#8221;row_400px&#8221; bg_color=&#8221;bg_green&#8221; css=&#8221;.vc_custom_1758785714205{background-color: bg_green !important;}&#8221;][vc_column][\/vc_column][\/vc_row][vc_row full_width=&#8221;stretch_row&#8221; bg_color=&#8221;bg_gray&#8221;][vc_column][vc_row_inner content_placement=&#8221;middle&#8221;][vc_column_inner width=&#8221;1\/12&#8243;][\/vc_column_inner][vc_column_inner width=&#8221;10\/12&#8243;][\/vc_column_inner][vc_column_inner width=&#8221;1\/12&#8243;][\/vc_column_inner][\/vc_row_inner][\/vc_column][\/vc_row]","og_url":"https:\/\/impact.ontwikkeladres.nl\/pl\/kandydaci\/faq\/wakacje-i-wellness\/","og_site_name":"IMPACT","article_publisher":"https:\/\/www.facebook.com\/jobs.impact","article_modified_time":"2025-11-07T12:40:43+00:00","og_image":[{"width":1200,"height":675,"url":"https:\/\/impact.ontwikkeladres.nl\/wp-content\/uploads\/2025\/11\/Social-share.jpg","type":"image\/jpeg"}],"twitter_card":"summary_large_image","twitter_misc":{"Szacowany czas czytania":"5 minut"},"schema":{"@context":"https:\/\/schema.org","@graph":[{"@type":"WebPage","@id":"https:\/\/impact.ontwikkeladres.nl\/pl\/kandydaci\/faq\/wakacje-i-wellness\/","url":"https:\/\/impact.ontwikkeladres.nl\/pl\/kandydaci\/faq\/wakacje-i-wellness\/","name":"Wakacje i wellness | IMPACT","isPartOf":{"@id":"https:\/\/impact.ontwikkeladres.nl\/pl\/#website"},"datePublished":"2025-09-24T09:48:42+00:00","dateModified":"2025-11-07T12:40:43+00:00","breadcrumb":{"@id":"https:\/\/impact.ontwikkeladres.nl\/pl\/kandydaci\/faq\/wakacje-i-wellness\/#breadcrumb"},"inLanguage":"pl-PL","potentialAction":[{"@type":"ReadAction","target":["https:\/\/impact.ontwikkeladres.nl\/pl\/kandydaci\/faq\/wakacje-i-wellness\/"]}]},{"@type":"BreadcrumbList","@id":"https:\/\/impact.ontwikkeladres.nl\/pl\/kandydaci\/faq\/wakacje-i-wellness\/#breadcrumb","itemListElement":[{"@type":"ListItem","position":1,"name":"Home","item":"https:\/\/impact.ontwikkeladres.nl\/pl\/"},{"@type":"ListItem","position":2,"name":"Kandydaci","item":"https:\/\/impact.ontwikkeladres.nl\/pl\/"},{"@type":"ListItem","position":3,"name":"FAQ","item":"https:\/\/impact.ontwikkeladres.nl\/pl\/kandydaci\/faq\/"},{"@type":"ListItem","position":4,"name":"Wakacje i wellness"}]},{"@type":"WebSite","@id":"https:\/\/impact.ontwikkeladres.nl\/pl\/#website","url":"https:\/\/impact.ontwikkeladres.nl\/pl\/","name":"IMPACT","description":"Impact website","inLanguage":"pl-PL"}]}},"_links":{"self":[{"href":"https:\/\/impact.ontwikkeladres.nl\/pl\/wp-json\/wp\/v2\/pages\/9524","targetHints":{"allow":["GET"]}}],"collection":[{"href":"https:\/\/impact.ontwikkeladres.nl\/pl\/wp-json\/wp\/v2\/pages"}],"about":[{"href":"https:\/\/impact.ontwikkeladres.nl\/pl\/wp-json\/wp\/v2\/types\/page"}],"author":[{"embeddable":true,"href":"https:\/\/impact.ontwikkeladres.nl\/pl\/wp-json\/wp\/v2\/users\/1"}],"replies":[{"embeddable":true,"href":"https:\/\/impact.ontwikkeladres.nl\/pl\/wp-json\/wp\/v2\/comments?post=9524"}],"version-history":[{"count":2,"href":"https:\/\/impact.ontwikkeladres.nl\/pl\/wp-json\/wp\/v2\/pages\/9524\/revisions"}],"predecessor-version":[{"id":9527,"href":"https:\/\/impact.ontwikkeladres.nl\/pl\/wp-json\/wp\/v2\/pages\/9524\/revisions\/9527"}],"up":[{"embeddable":true,"href":"https:\/\/impact.ontwikkeladres.nl\/pl\/wp-json\/wp\/v2\/pages\/9359"}],"wp:attachment":[{"href":"https:\/\/impact.ontwikkeladres.nl\/pl\/wp-json\/wp\/v2\/media?parent=9524"}],"curies":[{"name":"wp","href":"https:\/\/api.w.org\/{rel}","templated":true}]}}