{"id":9691,"date":"2025-09-18T11:27:04","date_gmt":"2025-09-18T09:27:04","guid":{"rendered":"https:\/\/impact.ontwikkeladres.nl\/sfaturi-si-trucuri\/"},"modified":"2025-11-12T09:36:58","modified_gmt":"2025-11-12T08:36:58","slug":"sfaturi-si-trucuri","status":"publish","type":"page","link":"https:\/\/impact.ontwikkeladres.nl\/ro\/candidati\/blog\/sfaturi-si-trucuri\/","title":{"rendered":"Sfaturi \u0219i trucuri"},"content":{"rendered":"<div class=\"wpb-content-wrapper\"><p>[vc_row][vc_column]<div class=\"sd-block-blog-filter  marginbottom-60px\r\n                    \">\r\n                        <span class=\"title\">Categorii<\/span>\r\n                    <a class=\"category\" href=\"https:\/\/impact.be\/ro\/candidati\/blog\/\">Toate articolele<\/a><a class=\"category\" href=\"https:\/\/impact.be\/ro\/candidati\/blog\/evenimente\/\">Evenimente<\/a><a class=\"category active\" href=\"https:\/\/impact.be\/ro\/candidati\/blog\/sfaturi-si-trucuri\/\">Sfaturi \u0219i trucuri<\/a><a class=\"category\" href=\"https:\/\/impact.be\/ro\/candidati\/blog\/noutati\/\">Nout\u0103\u021bi<\/a>\r\n                    <\/div>\r\n        \r\n        <div class=\"sd-block-blog-overview\" data-atts=\"{&quot;posts_per_page&quot;:&quot;9&quot;,&quot;pagination&quot;:&quot;yes&quot;}\" data-page-id=\"1\"><div class=\"blog-grid\">\r\n                            <a title=\"Cele mai frecvente 6 \u00eentreb\u0103ri la un interviu de angajare\" href=\"https:\/\/impact.ontwikkeladres.nl\/ro\/candida\u021bi\/blog\/sfaturi-si-trucuri\"\/cele-mai-frecvente-6-intrebari-la-un-interviu-de-angajare-2\/\" class=\"blog-tile\">\r\n                                <div class=\"blog-tile-image\"><img decoding=\"async\" src=\"https:\/\/impact.ontwikkeladres.nl\/wp-content\/uploads\/2021\/09\/De_6_meest.jpg\" alt=\"Cele mai frecvente 6 \u00eentreb\u0103ri la un interviu de angajare\"><\/div>\r\n                                <div class=\"blog-tile-text\">\r\n                                    <div class=\"blog-category\">Tips &amp; tricks<\/div>\r\n                                    \n        <div class=\"sd-block-title \">\n            <h2 class=\"sd-block-title-htag  marginbottom-30px align-left color-dark_gray font-small\n            \">\n\t\t\t\t\n            \tCele mai frecvente 6 \u00eentreb\u0103ri la un interviu de angajare\n\t\t\t<\/h2>\n        <\/div>\r\n                                    \r\n        <div class=\"sd-block-button  marginbottom-0px align-left button-type-text text-size-normal text-color-dark_grey\">\r\n            <span class=\"inner-button\"\r\n            href=\"https:\/\/impact.ontwikkeladres.nl\/ro\/candida\u021bi\/blog\/sfaturi-si-trucuri\"\/cele-mai-frecvente-6-intrebari-la-un-interviu-de-angajare-2\/\" title=\"Cite\u0219te mai mult\">\r\n                <div class=\"button-content\">\r\n                    <span>Cite\u0219te mai mult<\/span>\r\n\t\t\t\t    <svg height=\"15\" width=\"15\" xmlns=\"http:\/\/www.w3.org\/2000\/svg\" viewBox=\"0 0 15 13.56\"><path fill=\"currentColor\" d=\"M0,5.64h11.64L7.56,0h2.64l4.8,6.84-4.8,6.72h-2.64l4.08-5.64H0v-2.28Z\"\/><\/svg>\r\n                <\/div>\r\n            <\/span>\r\n        <\/div>\r\n                                <\/div>\r\n                            <\/a>\r\n                            <a title=\"G\u0103si\u021bi rapid de lucru? Alege\u021bi o profesie cu blocaje \u00een construc\u021bii sau inginerie\" href=\"https:\/\/impact.ontwikkeladres.nl\/ro\/candida\u021bi\/blog\/sfaturi-si-trucuri\"\/gasiti-rapid-de-lucru-alegeti-o-profesie-cu-blocaje-in-constructii-sau-inginerie\/\" class=\"blog-tile\">\r\n                                <div class=\"blog-tile-image\"><img decoding=\"async\" src=\"https:\/\/impact.ontwikkeladres.nl\/wp-content\/uploads\/2025\/09\/Snel_werk_vinden.jpg\" alt=\"G\u0103si\u021bi rapid de lucru? Alege\u021bi o profesie cu blocaje \u00een construc\u021bii sau inginerie\"><\/div>\r\n                                <div class=\"blog-tile-text\">\r\n                                    <div class=\"blog-category\">Tips &amp; tricks<\/div>\r\n                                    \n        <div class=\"sd-block-title \">\n            <h2 class=\"sd-block-title-htag  marginbottom-30px align-left color-dark_gray font-small\n            \">\n\t\t\t\t\n            \tG\u0103si\u021bi rapid de lucru? Alege\u021bi o profesie cu blocaje \u00een construc\u021bii sau inginerie\n\t\t\t<\/h2>\n        <\/div>\r\n                                    \r\n        <div class=\"sd-block-button  marginbottom-0px align-left button-type-text text-size-normal text-color-dark_grey\">\r\n            <span class=\"inner-button\"\r\n            href=\"https:\/\/impact.ontwikkeladres.nl\/ro\/candida\u021bi\/blog\/sfaturi-si-trucuri\"\/gasiti-rapid-de-lucru-alegeti-o-profesie-cu-blocaje-in-constructii-sau-inginerie\/\" title=\"Cite\u0219te mai mult\">\r\n                <div class=\"button-content\">\r\n                    <span>Cite\u0219te mai mult<\/span>\r\n\t\t\t\t    <svg height=\"15\" width=\"15\" xmlns=\"http:\/\/www.w3.org\/2000\/svg\" viewBox=\"0 0 15 13.56\"><path fill=\"currentColor\" d=\"M0,5.64h11.64L7.56,0h2.64l4.8,6.84-4.8,6.72h-2.64l4.08-5.64H0v-2.28Z\"\/><\/svg>\r\n                <\/div>\r\n            <\/span>\r\n        <\/div>\r\n                                <\/div>\r\n                            <\/a>\r\n                            <a title=\"Adev\u0103ra\u021bii eroi ai zilelor noastre? Artizanii!\" href=\"https:\/\/impact.ontwikkeladres.nl\/ro\/candida\u021bi\/blog\/sfaturi-si-trucuri\"\/adevaratii-eroi-ai-zilelor-noastre-artizanii\/\" class=\"blog-tile\">\r\n                                <div class=\"blog-tile-image\"><img decoding=\"async\" src=\"https:\/\/impact.ontwikkeladres.nl\/wp-content\/uploads\/2022\/08\/De_echte_helden.jpg\" alt=\"Adev\u0103ra\u021bii eroi ai zilelor noastre? Artizanii!\"><\/div>\r\n                                <div class=\"blog-tile-text\">\r\n                                    <div class=\"blog-category\">Tips &amp; tricks<\/div>\r\n                                    \n        <div class=\"sd-block-title \">\n            <h2 class=\"sd-block-title-htag  marginbottom-30px align-left color-dark_gray font-small\n            \">\n\t\t\t\t\n            \tAdev\u0103ra\u021bii eroi ai zilelor noastre? Artizanii!\n\t\t\t<\/h2>\n        <\/div>\r\n                                    \r\n        <div class=\"sd-block-button  marginbottom-0px align-left button-type-text text-size-normal text-color-dark_grey\">\r\n            <span class=\"inner-button\"\r\n            href=\"https:\/\/impact.ontwikkeladres.nl\/ro\/candida\u021bi\/blog\/sfaturi-si-trucuri\"\/adevaratii-eroi-ai-zilelor-noastre-artizanii\/\" title=\"Cite\u0219te mai mult\">\r\n                <div class=\"button-content\">\r\n                    <span>Cite\u0219te mai mult<\/span>\r\n\t\t\t\t    <svg height=\"15\" width=\"15\" xmlns=\"http:\/\/www.w3.org\/2000\/svg\" viewBox=\"0 0 15 13.56\"><path fill=\"currentColor\" d=\"M0,5.64h11.64L7.56,0h2.64l4.8,6.84-4.8,6.72h-2.64l4.08-5.64H0v-2.28Z\"\/><\/svg>\r\n                <\/div>\r\n            <\/span>\r\n        <\/div>\r\n                                <\/div>\r\n                            <\/a>\r\n                            <a title=\"De ce tehnicienii sunt eroi\" href=\"https:\/\/impact.ontwikkeladres.nl\/ro\/candida\u021bi\/blog\/sfaturi-si-trucuri\"\/de-ce-tehnicienii-sunt-eroi\/\" class=\"blog-tile\">\r\n                                <div class=\"blog-tile-image\"><img decoding=\"async\" src=\"https:\/\/impact.ontwikkeladres.nl\/wp-content\/uploads\/2022\/03\/Waarom_techniekers_helden.jpg\" alt=\"De ce tehnicienii sunt eroi\"><\/div>\r\n                                <div class=\"blog-tile-text\">\r\n                                    <div class=\"blog-category\">Tips &amp; tricks<\/div>\r\n                                    \n        <div class=\"sd-block-title \">\n            <h2 class=\"sd-block-title-htag  marginbottom-30px align-left color-dark_gray font-small\n            \">\n\t\t\t\t\n            \tDe ce tehnicienii sunt eroi\n\t\t\t<\/h2>\n        <\/div>\r\n                                    \r\n        <div class=\"sd-block-button  marginbottom-0px align-left button-type-text text-size-normal text-color-dark_grey\">\r\n            <span class=\"inner-button\"\r\n            href=\"https:\/\/impact.ontwikkeladres.nl\/ro\/candida\u021bi\/blog\/sfaturi-si-trucuri\"\/de-ce-tehnicienii-sunt-eroi\/\" title=\"Cite\u0219te mai mult\">\r\n                <div class=\"button-content\">\r\n                    <span>Cite\u0219te mai mult<\/span>\r\n\t\t\t\t    <svg height=\"15\" width=\"15\" xmlns=\"http:\/\/www.w3.org\/2000\/svg\" viewBox=\"0 0 15 13.56\"><path fill=\"currentColor\" d=\"M0,5.64h11.64L7.56,0h2.64l4.8,6.84-4.8,6.72h-2.64l4.08-5.64H0v-2.28Z\"\/><\/svg>\r\n                <\/div>\r\n            <\/span>\r\n        <\/div>\r\n                                <\/div>\r\n                            <\/a>\r\n                            <a title=\"6 sfaturi pentru un CV puternic\" href=\"https:\/\/impact.ontwikkeladres.nl\/ro\/candida\u021bi\/blog\/sfaturi-si-trucuri\"\/6-sfaturi-pentru-un-cv-puternic\/\" class=\"blog-tile\">\r\n                                <div class=\"blog-tile-image\"><img decoding=\"async\" src=\"https:\/\/impact.ontwikkeladres.nl\/wp-content\/uploads\/2021\/09\/6_tips_voor.jpg\" alt=\"6 sfaturi pentru un CV puternic\"><\/div>\r\n                                <div class=\"blog-tile-text\">\r\n                                    <div class=\"blog-category\">Tips &amp; tricks<\/div>\r\n                                    \n        <div class=\"sd-block-title \">\n            <h2 class=\"sd-block-title-htag  marginbottom-30px align-left color-dark_gray font-small\n            \">\n\t\t\t\t\n            \t6 sfaturi pentru un CV puternic\n\t\t\t<\/h2>\n        <\/div>\r\n                                    \r\n        <div class=\"sd-block-button  marginbottom-0px align-left button-type-text text-size-normal text-color-dark_grey\">\r\n            <span class=\"inner-button\"\r\n            href=\"https:\/\/impact.ontwikkeladres.nl\/ro\/candida\u021bi\/blog\/sfaturi-si-trucuri\"\/6-sfaturi-pentru-un-cv-puternic\/\" title=\"Cite\u0219te mai mult\">\r\n                <div class=\"button-content\">\r\n                    <span>Cite\u0219te mai mult<\/span>\r\n\t\t\t\t    <svg height=\"15\" width=\"15\" xmlns=\"http:\/\/www.w3.org\/2000\/svg\" viewBox=\"0 0 15 13.56\"><path fill=\"currentColor\" d=\"M0,5.64h11.64L7.56,0h2.64l4.8,6.84-4.8,6.72h-2.64l4.08-5.64H0v-2.28Z\"\/><\/svg>\r\n                <\/div>\r\n            <\/span>\r\n        <\/div>\r\n                                <\/div>\r\n                            <\/a>\r\n                            <a title=\"Cele mai frecvente 8 gre\u0219eli \u00een timpul solicit\u0103rii unui loc de munc\u0103\" href=\"https:\/\/impact.ontwikkeladres.nl\/ro\/candida\u021bi\/blog\/sfaturi-si-trucuri\"\/cele-mai-frecvente-8-greseli-in-timpul-solicitarii-unui-loc-de-munca\/\" class=\"blog-tile\">\r\n                                <div class=\"blog-tile-image\"><img decoding=\"async\" src=\"https:\/\/impact.ontwikkeladres.nl\/wp-content\/uploads\/2021\/09\/De_8_meest.jpg\" alt=\"Cele mai frecvente 8 gre\u0219eli \u00een timpul solicit\u0103rii unui loc de munc\u0103\"><\/div>\r\n                                <div class=\"blog-tile-text\">\r\n                                    <div class=\"blog-category\">Tips &amp; tricks<\/div>\r\n                                    \n        <div class=\"sd-block-title \">\n            <h2 class=\"sd-block-title-htag  marginbottom-30px align-left color-dark_gray font-small\n            \">\n\t\t\t\t\n            \tCele mai frecvente 8 gre\u0219eli \u00een timpul solicit\u0103rii unui loc de munc\u0103\n\t\t\t<\/h2>\n        <\/div>\r\n                                    \r\n        <div class=\"sd-block-button  marginbottom-0px align-left button-type-text text-size-normal text-color-dark_grey\">\r\n            <span class=\"inner-button\"\r\n            href=\"https:\/\/impact.ontwikkeladres.nl\/ro\/candida\u021bi\/blog\/sfaturi-si-trucuri\"\/cele-mai-frecvente-8-greseli-in-timpul-solicitarii-unui-loc-de-munca\/\" title=\"Cite\u0219te mai mult\">\r\n                <div class=\"button-content\">\r\n                    <span>Cite\u0219te mai mult<\/span>\r\n\t\t\t\t    <svg height=\"15\" width=\"15\" xmlns=\"http:\/\/www.w3.org\/2000\/svg\" viewBox=\"0 0 15 13.56\"><path fill=\"currentColor\" d=\"M0,5.64h11.64L7.56,0h2.64l4.8,6.84-4.8,6.72h-2.64l4.08-5.64H0v-2.28Z\"\/><\/svg>\r\n                <\/div>\r\n            <\/span>\r\n        <\/div>\r\n                                <\/div>\r\n                            <\/a>\r\n                            <a title=\"Cele mai frecvente 6 \u00eentreb\u0103ri la un interviu de angajare\" href=\"https:\/\/impact.ontwikkeladres.nl\/ro\/candida\u021bi\/blog\/sfaturi-si-trucuri\"\/cele-mai-frecvente-6-intrebari-la-un-interviu-de-angajare\/\" class=\"blog-tile\">\r\n                                <div class=\"blog-tile-image\"><img decoding=\"async\" src=\"https:\/\/impact.ontwikkeladres.nl\/wp-content\/uploads\/2021\/09\/De_6_meest.jpg\" alt=\"Cele mai frecvente 6 \u00eentreb\u0103ri la un interviu de angajare\"><\/div>\r\n                                <div class=\"blog-tile-text\">\r\n                                    <div class=\"blog-category\">Tips &amp; tricks<\/div>\r\n                                    \n        <div class=\"sd-block-title \">\n            <h2 class=\"sd-block-title-htag  marginbottom-30px align-left color-dark_gray font-small\n            \">\n\t\t\t\t\n            \tCele mai frecvente 6 \u00eentreb\u0103ri la un interviu de angajare\n\t\t\t<\/h2>\n        <\/div>\r\n                                    \r\n        <div class=\"sd-block-button  marginbottom-0px align-left button-type-text text-size-normal text-color-dark_grey\">\r\n            <span class=\"inner-button\"\r\n            href=\"https:\/\/impact.ontwikkeladres.nl\/ro\/candida\u021bi\/blog\/sfaturi-si-trucuri\"\/cele-mai-frecvente-6-intrebari-la-un-interviu-de-angajare\/\" title=\"Cite\u0219te mai mult\">\r\n                <div class=\"button-content\">\r\n                    <span>Cite\u0219te mai mult<\/span>\r\n\t\t\t\t    <svg height=\"15\" width=\"15\" xmlns=\"http:\/\/www.w3.org\/2000\/svg\" viewBox=\"0 0 15 13.56\"><path fill=\"currentColor\" d=\"M0,5.64h11.64L7.56,0h2.64l4.8,6.84-4.8,6.72h-2.64l4.08-5.64H0v-2.28Z\"\/><\/svg>\r\n                <\/div>\r\n            <\/span>\r\n        <\/div>\r\n                                <\/div>\r\n                            <\/a>\r\n                            <\/div>\r\n        <div class=\"sd-pagination\">\r\n            \r\n        <\/div>\r\n        <\/div>[\/vc_column][\/vc_row]<\/p>\n<\/div>","protected":false},"excerpt":{"rendered":"<p>[vc_row][vc_column][\/vc_column][\/vc_row]<\/p>\n","protected":false},"author":1,"featured_media":0,"parent":9734,"menu_order":0,"comment_status":"closed","ping_status":"closed","template":"","meta":{"_acf_changed":false,"footnotes":""},"class_list":["post-9691","page","type-page","status-publish","hentry"],"acf":[],"yoast_head":"<!-- This site is optimized with the Yoast SEO plugin v26.8 - https:\/\/yoast.com\/product\/yoast-seo-wordpress\/ -->\n<title>Sfaturi \u0219i trucuri | IMPACT<\/title>\n<meta name=\"robots\" content=\"noindex, follow, max-snippet:-1, max-image-preview:large, max-video-preview:-1\" \/>\n<meta property=\"og:locale\" content=\"ro_RO\" \/>\n<meta property=\"og:type\" content=\"article\" \/>\n<meta property=\"og:title\" content=\"Sfaturi \u0219i trucuri | IMPACT\" \/>\n<meta property=\"og:description\" content=\"[vc_row][vc_column][\/vc_column][\/vc_row]\" \/>\n<meta property=\"og:url\" content=\"https:\/\/impact.ontwikkeladres.nl\/ro\/candidati\/blog\/sfaturi-si-trucuri\/\" \/>\n<meta property=\"og:site_name\" content=\"IMPACT\" \/>\n<meta property=\"article:publisher\" content=\"https:\/\/www.facebook.com\/jobs.impact\" \/>\n<meta property=\"article:modified_time\" content=\"2025-11-12T08:36:58+00:00\" \/>\n<meta property=\"og:image\" content=\"https:\/\/impact.ontwikkeladres.nl\/wp-content\/uploads\/2025\/11\/Social-share.jpg\" \/>\n\t<meta property=\"og:image:width\" content=\"1200\" \/>\n\t<meta property=\"og:image:height\" content=\"675\" \/>\n\t<meta property=\"og:image:type\" content=\"image\/jpeg\" \/>\n<meta name=\"twitter:card\" content=\"summary_large_image\" \/>\n<meta name=\"twitter:label1\" content=\"Timp estimat pentru citire\" \/>\n\t<meta name=\"twitter:data1\" content=\"1 minut\" \/>\n<script type=\"application\/ld+json\" class=\"yoast-schema-graph\">{\"@context\":\"https:\/\/schema.org\",\"@graph\":[{\"@type\":\"WebPage\",\"@id\":\"https:\/\/impact.ontwikkeladres.nl\/ro\/candidati\/blog\/sfaturi-si-trucuri\/\",\"url\":\"https:\/\/impact.ontwikkeladres.nl\/ro\/candidati\/blog\/sfaturi-si-trucuri\/\",\"name\":\"Sfaturi \u0219i trucuri | IMPACT\",\"isPartOf\":{\"@id\":\"https:\/\/impact.ontwikkeladres.nl\/ro\/#website\"},\"datePublished\":\"2025-09-18T09:27:04+00:00\",\"dateModified\":\"2025-11-12T08:36:58+00:00\",\"breadcrumb\":{\"@id\":\"https:\/\/impact.ontwikkeladres.nl\/ro\/candidati\/blog\/sfaturi-si-trucuri\/#breadcrumb\"},\"inLanguage\":\"ro-RO\",\"potentialAction\":[{\"@type\":\"ReadAction\",\"target\":[\"https:\/\/impact.ontwikkeladres.nl\/ro\/candidati\/blog\/sfaturi-si-trucuri\/\"]}]},{\"@type\":\"BreadcrumbList\",\"@id\":\"https:\/\/impact.ontwikkeladres.nl\/ro\/candidati\/blog\/sfaturi-si-trucuri\/#breadcrumb\",\"itemListElement\":[{\"@type\":\"ListItem\",\"position\":1,\"name\":\"Home\",\"item\":\"https:\/\/impact.ontwikkeladres.nl\/ro\/\"},{\"@type\":\"ListItem\",\"position\":2,\"name\":\"Candida\u021bi\",\"item\":\"https:\/\/impact.ontwikkeladres.nl\/ro\/\"},{\"@type\":\"ListItem\",\"position\":3,\"name\":\"Blog\",\"item\":\"https:\/\/impact.ontwikkeladres.nl\/ro\/candidati\/blog\/\"},{\"@type\":\"ListItem\",\"position\":4,\"name\":\"Sfaturi \u0219i trucuri\"}]},{\"@type\":\"WebSite\",\"@id\":\"https:\/\/impact.ontwikkeladres.nl\/ro\/#website\",\"url\":\"https:\/\/impact.ontwikkeladres.nl\/ro\/\",\"name\":\"IMPACT\",\"description\":\"Impact website\",\"inLanguage\":\"ro-RO\"}]}<\/script>\n<!-- \/ Yoast SEO plugin. -->","yoast_head_json":{"title":"Sfaturi \u0219i trucuri | IMPACT","robots":{"index":"noindex","follow":"follow","max-snippet":"max-snippet:-1","max-image-preview":"max-image-preview:large","max-video-preview":"max-video-preview:-1"},"og_locale":"ro_RO","og_type":"article","og_title":"Sfaturi \u0219i trucuri | IMPACT","og_description":"[vc_row][vc_column][\/vc_column][\/vc_row]","og_url":"https:\/\/impact.ontwikkeladres.nl\/ro\/candidati\/blog\/sfaturi-si-trucuri\/","og_site_name":"IMPACT","article_publisher":"https:\/\/www.facebook.com\/jobs.impact","article_modified_time":"2025-11-12T08:36:58+00:00","og_image":[{"width":1200,"height":675,"url":"https:\/\/impact.ontwikkeladres.nl\/wp-content\/uploads\/2025\/11\/Social-share.jpg","type":"image\/jpeg"}],"twitter_card":"summary_large_image","twitter_misc":{"Timp estimat pentru citire":"1 minut"},"schema":{"@context":"https:\/\/schema.org","@graph":[{"@type":"WebPage","@id":"https:\/\/impact.ontwikkeladres.nl\/ro\/candidati\/blog\/sfaturi-si-trucuri\/","url":"https:\/\/impact.ontwikkeladres.nl\/ro\/candidati\/blog\/sfaturi-si-trucuri\/","name":"Sfaturi \u0219i trucuri | IMPACT","isPartOf":{"@id":"https:\/\/impact.ontwikkeladres.nl\/ro\/#website"},"datePublished":"2025-09-18T09:27:04+00:00","dateModified":"2025-11-12T08:36:58+00:00","breadcrumb":{"@id":"https:\/\/impact.ontwikkeladres.nl\/ro\/candidati\/blog\/sfaturi-si-trucuri\/#breadcrumb"},"inLanguage":"ro-RO","potentialAction":[{"@type":"ReadAction","target":["https:\/\/impact.ontwikkeladres.nl\/ro\/candidati\/blog\/sfaturi-si-trucuri\/"]}]},{"@type":"BreadcrumbList","@id":"https:\/\/impact.ontwikkeladres.nl\/ro\/candidati\/blog\/sfaturi-si-trucuri\/#breadcrumb","itemListElement":[{"@type":"ListItem","position":1,"name":"Home","item":"https:\/\/impact.ontwikkeladres.nl\/ro\/"},{"@type":"ListItem","position":2,"name":"Candida\u021bi","item":"https:\/\/impact.ontwikkeladres.nl\/ro\/"},{"@type":"ListItem","position":3,"name":"Blog","item":"https:\/\/impact.ontwikkeladres.nl\/ro\/candidati\/blog\/"},{"@type":"ListItem","position":4,"name":"Sfaturi \u0219i trucuri"}]},{"@type":"WebSite","@id":"https:\/\/impact.ontwikkeladres.nl\/ro\/#website","url":"https:\/\/impact.ontwikkeladres.nl\/ro\/","name":"IMPACT","description":"Impact website","inLanguage":"ro-RO"}]}},"_links":{"self":[{"href":"https:\/\/impact.ontwikkeladres.nl\/ro\/wp-json\/wp\/v2\/pages\/9691","targetHints":{"allow":["GET"]}}],"collection":[{"href":"https:\/\/impact.ontwikkeladres.nl\/ro\/wp-json\/wp\/v2\/pages"}],"about":[{"href":"https:\/\/impact.ontwikkeladres.nl\/ro\/wp-json\/wp\/v2\/types\/page"}],"author":[{"embeddable":true,"href":"https:\/\/impact.ontwikkeladres.nl\/ro\/wp-json\/wp\/v2\/users\/1"}],"replies":[{"embeddable":true,"href":"https:\/\/impact.ontwikkeladres.nl\/ro\/wp-json\/wp\/v2\/comments?post=9691"}],"version-history":[{"count":11,"href":"https:\/\/impact.ontwikkeladres.nl\/ro\/wp-json\/wp\/v2\/pages\/9691\/revisions"}],"predecessor-version":[{"id":12293,"href":"https:\/\/impact.ontwikkeladres.nl\/ro\/wp-json\/wp\/v2\/pages\/9691\/revisions\/12293"}],"up":[{"embeddable":true,"href":"https:\/\/impact.ontwikkeladres.nl\/ro\/wp-json\/wp\/v2\/pages\/9734"}],"wp:attachment":[{"href":"https:\/\/impact.ontwikkeladres.nl\/ro\/wp-json\/wp\/v2\/media?parent=9691"}],"curies":[{"name":"wp","href":"https:\/\/api.w.org\/{rel}","templated":true}]}}