{"id":9702,"date":"2025-10-23T10:58:17","date_gmt":"2025-10-23T08:58:17","guid":{"rendered":"https:\/\/impact.ontwikkeladres.nl\/expertii-nostri\/"},"modified":"2025-11-07T15:38:03","modified_gmt":"2025-11-07T14:38:03","slug":"expertii-nostri","status":"publish","type":"page","link":"https:\/\/impact.ontwikkeladres.nl\/ro\/candidati\/recrutare-internationala\/expertii-nostri\/","title":{"rendered":"Exper\u021bii no\u0219tri"},"content":{"rendered":"<div class=\"wpb-content-wrapper\"><p>[vc_row full_width=&#8221;stretch_row&#8221; bg_custom_style=&#8221;color&#8221; bg_custom_color=&#8221;dark-gray&#8221; bg_color=&#8221;bg_gray&#8221; css=&#8221;.vc_custom_1761669467162{padding-top: 0px !important;padding-bottom: 0px !important;background-color: bg_gray !important;}&#8221;][vc_column]\r\n            <div class=\"sd-block-testimonial-highlight color-dark-gray\">\r\n                <div class=\"content\">\r\n                    \n        <div class=\"sd-block-breadcrumb  align-left color-white marginbottom-0px\n        \">\n            <ul id=\"breadcrumbs\" class=\"breadcrumbs\"><\/ul>\n        <\/div>\r\n                    \n        <div class=\"sd-block-title \">\n            <h1 class=\"sd-block-title-htag  marginbottom-30px align-left color-white font-xlarge\n            \">\n\t\t\t\t\n            \tFace\u021bi cuno\u0219tin\u021b\u0103 cu Joanna, Recrutor for\u021b\u0103 de munc\u0103 interna\u021bional\u0103\n\t\t\t<\/h1>\n        <\/div>\r\n                    \r\n        <div class=\"sd-block-text  marginbottom-30px color-white\r\n        \">\r\n        \t\r\n            <p>Vorbe\u0219te olandez\u0103, englez\u0103 \u0219i polonez\u0103<\/p>\n\r\n        <\/div>\r\n                    \r\n        <div class=\"sd-block-button  marginbottom-0px align-left button-type-background button-size-large background-color-fluent_yellow\">\r\n            <a class=\"inner-button\"\r\n            href=\"https:\/\/impact.ontwikkeladres.nl\/ro\/antrenori\/testimonials\/joanna-gorska\/\" title=\"Cite\u0219te povestea\">\r\n                <div class=\"button-content\">\r\n                    <span>Cite\u0219te povestea<\/span>\r\n\t\t\t\t    <svg height=\"15\" width=\"15\" xmlns=\"http:\/\/www.w3.org\/2000\/svg\" viewBox=\"0 0 15 13.56\"><path fill=\"currentColor\" d=\"M0,5.64h11.64L7.56,0h2.64l4.8,6.84-4.8,6.72h-2.64l4.08-5.64H0v-2.28Z\"\/><\/svg>\r\n                <\/div>\r\n            <\/a>\r\n        <\/div>\r\n                <\/div>\r\n                <div class=\"background-image\">\r\n                    <img decoding=\"async\" src=\"https:\/\/impact.ontwikkeladres.nl\/wp-content\/uploads\/2025\/09\/Joanna.jpg\" alt=\"Joanna Gorska\">\r\n                    <svg height=\"15px\" width=\"8px\" xmlns=\"http:\/\/www.w3.org\/2000\/svg\" viewBox=\"0 0 49.62 90\"><polygon fill=\"currentColor\" points=\"0 90 0 0 49.62 0 0 90\"\/><\/svg>\r\n                <\/div>\r\n            <\/div>[\/vc_column][\/vc_row][vc_row][vc_column]\r\n        <div class=\"sd-block-testimonial-overview\r\n        \t\r\n\t\t\" data-atts=\"{&quot;posts_per_page&quot;:&quot;6&quot;,&quot;pagination&quot;:&quot;no&quot;,&quot;exclude_first&quot;:&quot;yes&quot;}\" data-page-id=\"1\">\r\n            <div class=\"testimonial-grid\">\r\n        <div class=\"sd-custom-post-type-filters-no-results\">\r\n            <div class=\"vc_col-md-12 vc_column_container\">\r\n                <div class=\"vc_column-inner\">\r\n                    <div class=\"wpb_wrapper\">\r\n                        <p>Exist\u0103 un singur rezultat, care se afl\u0103 \u00een blocul eviden\u021biat de mai sus. <\/p>\r\n                    <\/div>\r\n                <\/div>\r\n            <\/div>\r\n            <div style=\"clear: both;\"><\/div>\r\n        <\/div><\/div><\/div>[\/vc_column][\/vc_row]<\/p>\n<\/div>","protected":false},"excerpt":{"rendered":"<p>[vc_row full_width=&#8221;stretch_row&#8221; bg_custom_style=&#8221;color&#8221; bg_custom_color=&#8221;dark-gray&#8221; bg_color=&#8221;bg_gray&#8221; css=&#8221;.vc_custom_1761669467162{padding-top: 0px !important;padding-bottom: 0px !important;background-color: bg_gray !important;}&#8221;][vc_column][\/vc_column][\/vc_row][vc_row][vc_column][\/vc_column][\/vc_row]<\/p>\n","protected":false},"author":1,"featured_media":0,"parent":9794,"menu_order":0,"comment_status":"closed","ping_status":"closed","template":"","meta":{"_acf_changed":false,"footnotes":""},"class_list":["post-9702","page","type-page","status-publish","hentry"],"acf":[],"yoast_head":"<!-- This site is optimized with the Yoast SEO plugin v26.8 - https:\/\/yoast.com\/product\/yoast-seo-wordpress\/ -->\n<title>Exper\u021bii no\u0219tri | IMPACT<\/title>\n<meta name=\"robots\" content=\"noindex, follow, max-snippet:-1, max-image-preview:large, max-video-preview:-1\" \/>\n<meta property=\"og:locale\" content=\"ro_RO\" \/>\n<meta property=\"og:type\" content=\"article\" \/>\n<meta property=\"og:title\" content=\"Exper\u021bii no\u0219tri | IMPACT\" \/>\n<meta property=\"og:description\" content=\"[vc_row full_width=&#8221;stretch_row&#8221; bg_custom_style=&#8221;color&#8221; bg_custom_color=&#8221;dark-gray&#8221; bg_color=&#8221;bg_gray&#8221; css=&#8221;.vc_custom_1761669467162{padding-top: 0px !important;padding-bottom: 0px !important;background-color: bg_gray !important;}&#8221;][vc_column][\/vc_column][\/vc_row][vc_row][vc_column][\/vc_column][\/vc_row]\" \/>\n<meta property=\"og:url\" content=\"https:\/\/impact.ontwikkeladres.nl\/ro\/candidati\/recrutare-internationala\/expertii-nostri\/\" \/>\n<meta property=\"og:site_name\" content=\"IMPACT\" \/>\n<meta property=\"article:publisher\" content=\"https:\/\/www.facebook.com\/jobs.impact\" \/>\n<meta property=\"article:modified_time\" content=\"2025-11-07T14:38:03+00:00\" \/>\n<meta property=\"og:image\" content=\"https:\/\/impact.ontwikkeladres.nl\/wp-content\/uploads\/2025\/11\/Social-share.jpg\" \/>\n\t<meta property=\"og:image:width\" content=\"1200\" \/>\n\t<meta property=\"og:image:height\" content=\"675\" \/>\n\t<meta property=\"og:image:type\" content=\"image\/jpeg\" \/>\n<meta name=\"twitter:card\" content=\"summary_large_image\" \/>\n<script type=\"application\/ld+json\" class=\"yoast-schema-graph\">{\"@context\":\"https:\/\/schema.org\",\"@graph\":[{\"@type\":\"WebPage\",\"@id\":\"https:\/\/impact.ontwikkeladres.nl\/ro\/candidati\/recrutare-internationala\/expertii-nostri\/\",\"url\":\"https:\/\/impact.ontwikkeladres.nl\/ro\/candidati\/recrutare-internationala\/expertii-nostri\/\",\"name\":\"Exper\u021bii no\u0219tri | IMPACT\",\"isPartOf\":{\"@id\":\"https:\/\/impact.ontwikkeladres.nl\/ro\/#website\"},\"datePublished\":\"2025-10-23T08:58:17+00:00\",\"dateModified\":\"2025-11-07T14:38:03+00:00\",\"breadcrumb\":{\"@id\":\"https:\/\/impact.ontwikkeladres.nl\/ro\/candidati\/recrutare-internationala\/expertii-nostri\/#breadcrumb\"},\"inLanguage\":\"ro-RO\",\"potentialAction\":[{\"@type\":\"ReadAction\",\"target\":[\"https:\/\/impact.ontwikkeladres.nl\/ro\/candidati\/recrutare-internationala\/expertii-nostri\/\"]}]},{\"@type\":\"BreadcrumbList\",\"@id\":\"https:\/\/impact.ontwikkeladres.nl\/ro\/candidati\/recrutare-internationala\/expertii-nostri\/#breadcrumb\",\"itemListElement\":[{\"@type\":\"ListItem\",\"position\":1,\"name\":\"Home\",\"item\":\"https:\/\/impact.ontwikkeladres.nl\/ro\/\"},{\"@type\":\"ListItem\",\"position\":2,\"name\":\"Candida\u021bi\",\"item\":\"https:\/\/impact.ontwikkeladres.nl\/ro\/\"},{\"@type\":\"ListItem\",\"position\":3,\"name\":\"Recrutare interna\u021bional\u0103\",\"item\":\"https:\/\/impact.ontwikkeladres.nl\/ro\/candidati\/recrutare-internationala\/\"},{\"@type\":\"ListItem\",\"position\":4,\"name\":\"Exper\u021bii no\u0219tri\"}]},{\"@type\":\"WebSite\",\"@id\":\"https:\/\/impact.ontwikkeladres.nl\/ro\/#website\",\"url\":\"https:\/\/impact.ontwikkeladres.nl\/ro\/\",\"name\":\"IMPACT\",\"description\":\"Impact website\",\"inLanguage\":\"ro-RO\"}]}<\/script>\n<!-- \/ Yoast SEO plugin. -->","yoast_head_json":{"title":"Exper\u021bii no\u0219tri | IMPACT","robots":{"index":"noindex","follow":"follow","max-snippet":"max-snippet:-1","max-image-preview":"max-image-preview:large","max-video-preview":"max-video-preview:-1"},"og_locale":"ro_RO","og_type":"article","og_title":"Exper\u021bii no\u0219tri | IMPACT","og_description":"[vc_row full_width=&#8221;stretch_row&#8221; bg_custom_style=&#8221;color&#8221; bg_custom_color=&#8221;dark-gray&#8221; bg_color=&#8221;bg_gray&#8221; css=&#8221;.vc_custom_1761669467162{padding-top: 0px !important;padding-bottom: 0px !important;background-color: bg_gray !important;}&#8221;][vc_column][\/vc_column][\/vc_row][vc_row][vc_column][\/vc_column][\/vc_row]","og_url":"https:\/\/impact.ontwikkeladres.nl\/ro\/candidati\/recrutare-internationala\/expertii-nostri\/","og_site_name":"IMPACT","article_publisher":"https:\/\/www.facebook.com\/jobs.impact","article_modified_time":"2025-11-07T14:38:03+00:00","og_image":[{"width":1200,"height":675,"url":"https:\/\/impact.ontwikkeladres.nl\/wp-content\/uploads\/2025\/11\/Social-share.jpg","type":"image\/jpeg"}],"twitter_card":"summary_large_image","schema":{"@context":"https:\/\/schema.org","@graph":[{"@type":"WebPage","@id":"https:\/\/impact.ontwikkeladres.nl\/ro\/candidati\/recrutare-internationala\/expertii-nostri\/","url":"https:\/\/impact.ontwikkeladres.nl\/ro\/candidati\/recrutare-internationala\/expertii-nostri\/","name":"Exper\u021bii no\u0219tri | IMPACT","isPartOf":{"@id":"https:\/\/impact.ontwikkeladres.nl\/ro\/#website"},"datePublished":"2025-10-23T08:58:17+00:00","dateModified":"2025-11-07T14:38:03+00:00","breadcrumb":{"@id":"https:\/\/impact.ontwikkeladres.nl\/ro\/candidati\/recrutare-internationala\/expertii-nostri\/#breadcrumb"},"inLanguage":"ro-RO","potentialAction":[{"@type":"ReadAction","target":["https:\/\/impact.ontwikkeladres.nl\/ro\/candidati\/recrutare-internationala\/expertii-nostri\/"]}]},{"@type":"BreadcrumbList","@id":"https:\/\/impact.ontwikkeladres.nl\/ro\/candidati\/recrutare-internationala\/expertii-nostri\/#breadcrumb","itemListElement":[{"@type":"ListItem","position":1,"name":"Home","item":"https:\/\/impact.ontwikkeladres.nl\/ro\/"},{"@type":"ListItem","position":2,"name":"Candida\u021bi","item":"https:\/\/impact.ontwikkeladres.nl\/ro\/"},{"@type":"ListItem","position":3,"name":"Recrutare interna\u021bional\u0103","item":"https:\/\/impact.ontwikkeladres.nl\/ro\/candidati\/recrutare-internationala\/"},{"@type":"ListItem","position":4,"name":"Exper\u021bii no\u0219tri"}]},{"@type":"WebSite","@id":"https:\/\/impact.ontwikkeladres.nl\/ro\/#website","url":"https:\/\/impact.ontwikkeladres.nl\/ro\/","name":"IMPACT","description":"Impact website","inLanguage":"ro-RO"}]}},"_links":{"self":[{"href":"https:\/\/impact.ontwikkeladres.nl\/ro\/wp-json\/wp\/v2\/pages\/9702","targetHints":{"allow":["GET"]}}],"collection":[{"href":"https:\/\/impact.ontwikkeladres.nl\/ro\/wp-json\/wp\/v2\/pages"}],"about":[{"href":"https:\/\/impact.ontwikkeladres.nl\/ro\/wp-json\/wp\/v2\/types\/page"}],"author":[{"embeddable":true,"href":"https:\/\/impact.ontwikkeladres.nl\/ro\/wp-json\/wp\/v2\/users\/1"}],"replies":[{"embeddable":true,"href":"https:\/\/impact.ontwikkeladres.nl\/ro\/wp-json\/wp\/v2\/comments?post=9702"}],"version-history":[{"count":1,"href":"https:\/\/impact.ontwikkeladres.nl\/ro\/wp-json\/wp\/v2\/pages\/9702\/revisions"}],"predecessor-version":[{"id":9705,"href":"https:\/\/impact.ontwikkeladres.nl\/ro\/wp-json\/wp\/v2\/pages\/9702\/revisions\/9705"}],"up":[{"embeddable":true,"href":"https:\/\/impact.ontwikkeladres.nl\/ro\/wp-json\/wp\/v2\/pages\/9794"}],"wp:attachment":[{"href":"https:\/\/impact.ontwikkeladres.nl\/ro\/wp-json\/wp\/v2\/media?parent=9702"}],"curies":[{"name":"wp","href":"https:\/\/api.w.org\/{rel}","templated":true}]}}