{"id":9730,"date":"2025-09-04T17:30:15","date_gmt":"2025-09-04T15:30:15","guid":{"rendered":"https:\/\/impact.ontwikkeladres.nl\/candidati\/termeni-de-valabilitate\/"},"modified":"2025-11-12T14:48:04","modified_gmt":"2025-11-12T13:48:04","slug":"termeni-de-utilizare","status":"publish","type":"page","link":"https:\/\/impact.ontwikkeladres.nl\/ro\/candidati\/termeni-de-utilizare\/","title":{"rendered":"Termeni de utilizare"},"content":{"rendered":"<div class=\"wpb-content-wrapper\"><p>[vc_row][vc_column width=&#8221;1\/6&#8243;][\/vc_column][vc_column width=&#8221;4\/6&#8243;]\n        <div class=\"sd-block-title \">\n            <h1 class=\"sd-block-title-htag  marginbottom-30px align-left color-dark_gray\n            \">\n\t\t\t\t\n            \tTermeni de utilizare www.impactmunca.ro\n\t\t\t<\/h1>\n        <\/div>\r\n        <div class=\"sd-block-text  marginbottom-30px color-gray_dark\r\n        \">\r\n        \t\r\n            <p>Acest site Web este proprietatea IMPACT NV, cu sediul social \u00een Genkersteenweg 379a, 3500 Hasselt \u0219i \u00eenregistrat la Registrul Belgian al \u00eentreprinderilor sub num\u0103rul 0464.633.166. (Denumit \u00een continuare \u201e IMPACT \u201e iar noi \u201e noi \u201d)<\/p>\n<p>Cite\u015fte cu aten\u021bie ace\u0219ti \u201cTermeni de utilizare\u201d \u00eenainte de a utiliza acest site web. Prin utilizarea site-ului web, accep\u021bi aceste condi\u021bii ca \u201cUtilizator\u201d, \u0219i e\u015fti de acord f\u0103r\u0103 rezerve s\u0103 le respec\u021bi a\u0219a cum sunt specificate. Dac\u0103 nu accep\u021bi aceste condi\u021bii, te rug\u0103m s\u0103 nu continui s\u0103 utilizezi site-ul nostru web.<\/p>\n<p>Ne rezerv\u0103m dreptul de a schimba ace\u0219ti \u201cTermeni de utilizare\u201d la discre\u021bia noastr\u0103. Prin urmare, este recomandat s\u0103 consul\u021bi periodic \u201cTermenii de utilizare\u201d.<\/p>\n\r\n        <\/div>\n        <div class=\"sd-block-title \">\n            <h2 class=\"sd-block-title-htag  marginbottom-30px align-left color-dark_gray\n            \">\n\t\t\t\t\n            \t1. Proprietate intelectual\u0103\n\t\t\t<\/h2>\n        <\/div>\r\n        <div class=\"sd-block-text  marginbottom-30px color-gray_dark\r\n        \">\r\n        \t\r\n            <p>Acest site web con\u021bine logo-uri, sloganuri, fotografii, ilustra\u021bii, informa\u021bii, texte, \u00eenscrisuri, articole, func\u021bii \u0219i alte materiale care sunt protejate \u00een mod legitim de legea privind m\u0103rcile comerciale, drepturile de autor \u0219i\/ sau alte drepturi de proprietate (denumite \u00een continuare \u201eCon\u021binut protejat\u201d).<\/p>\n<p>Este permis, cu excep\u021bia cazului \u00een care se prevede altfel, dreptul de acces \u0219i reprezentare neexclusiv, limitat asupra \u201cCon\u021binutului protejat\u201d pentru uz personal \u015fi non-comercial. Orice form\u0103 de copiere, distribuire, reproducere a \u201cCon\u021binutului protejat\u201d f\u0103r\u0103 permisiunea prealabil\u0103 de la IMPACT NV este interzis\u0103. Cererile de permisiune trebuie adresate la: marketing@impact.be<\/p>\n\r\n        <\/div>\n        <div class=\"sd-block-title \">\n            <h2 class=\"sd-block-title-htag  marginbottom-30px align-left color-dark_gray\n            \">\n\t\t\t\t\n            \t2. Responsabilitate\n\t\t\t<\/h2>\n        <\/div>\r\n        <div class=\"sd-block-text  marginbottom-30px color-gray_dark\r\n        \">\r\n        \t\r\n            <p>Acord\u0103m cea mai mare aten\u0163ie acestui site web asigur\u00e2ndu-ne c\u0103 acest con\u021binut afi\u0219at este actualizat, complet \u0219i corect.<\/p>\n<p>Cu toate acestea, IMPACT nu este responsabil\u0103 sau r\u0103spunz\u0103toare pentru exactitatea sau integralitatea acestuia. Ca \u201cUtilizator\u201d, \u00een\u021belegi \u0219i e\u015fti de acord \u00een mod explicit cu faptul c\u0103 noi nu vom fi r\u0103spunz\u0103tori pentru nicio pagub\u0103 suferit\u0103 care ar rezulta din utilizarea site-ului.<\/p>\n\r\n        <\/div>\n        <div class=\"sd-block-title \">\n            <h2 class=\"sd-block-title-htag  marginbottom-30px align-left color-dark_gray\n            \">\n\t\t\t\t\n            \t3. Utilizarea legal\u0103 a site-ului web\n\t\t\t<\/h2>\n        <\/div>\r\n        <div class=\"sd-block-text  marginbottom-30px color-gray_dark\r\n        \">\r\n        \t\r\n            <p>Utilizatorul site-ului web se angajeaz\u0103 s\u0103 ac\u0163ioneze \u00een conformitate cu ace\u0219ti \u201cTermeni de utilizare\u201d \u0219i cu politicile de confiden\u021bialitate. \u00cen calitate de utilizator de internet ac\u0163ionezi responsabil \u0219i atent furniz\u00e2nd, dac\u0103 este necesar, informa\u021bii corecte, actuale \u0219i complete.<\/p>\n<p>Nu ac\u021biona \u00eentr-un mod care ar putea d\u0103una IMPACT NV. Te asiguri c\u0103 accesul sau operarea site-ului web nu este perturbat. E\u015fti responsabil pentru protec\u021bia adecvat\u0103 a datelor tale personale, pentru instalarea software-ului necesar, ale programelor \u00eempotriva viru\u0219ilor sau altor riscuri similare.<\/p>\n<p>Cu excep\u021bia cazului \u00een care se prevede altfel prin legea aplicabil\u0103, nu suntem r\u0103spunz\u0103tori pentru pierderea sau deteriorarea tehnologiei informa\u021biei, ale programelor de calculator, datelor sau altor materiale prin utilizarea acestui site.<\/p>\n\r\n        <\/div>\n        <div class=\"sd-block-title \">\n            <h2 class=\"sd-block-title-htag  marginbottom-30px align-left color-dark_gray\n            \">\n\t\t\t\t\n            \t4. Hyperlink-uri\n\t\t\t<\/h2>\n        <\/div>\r\n        <div class=\"sd-block-text  marginbottom-30px color-gray_dark\r\n        \">\r\n        \t\r\n            <p>IMPACT NV poate furniza hyperlinkuri c\u0103tre site-uri web gestionate de ter\u021bi, destinate doar pentru furnizarea de informa\u021bii<\/p>\n<p>IMPACT NV nu investigheaz\u0103 con\u021binutul acestor site-uri web \u0219i, prin urmare, nu poate controla con\u021binutul sau alte caracteristici ale acestor site-uri web. Prin urmare, nu putem oferi nicio garan\u021bie cu privire la exhaustivitatea, disponibilitatea \u0219i corectitudinea con\u021binutului care este disponibil prin astfel de hyperlink-uri. E\u015fti pe deplin con\u0219tient de faptul c\u0103 aceste site-uri pot fi supuse \u201cTermenilor de utilizare\u201d, altele dec\u00e2t cele aplicabile acestui site web, iar accesul t\u0103u pe aceste site-uri, este pe propria r\u0103spundere.<\/p>\n<p>Crearea unui hyperlink c\u0103tre acest site web nu se poate efectua f\u0103r\u0103 permisiunea scris\u0103 prealabil\u0103 din partea IMPACT NV. Cererile de permisiune trebuie adresate la marketing@impact.be.<\/p>\n\r\n        <\/div>\n        <div class=\"sd-block-title \">\n            <h2 class=\"sd-block-title-htag  marginbottom-30px align-left color-dark_gray\n            \">\n\t\t\t\t\n            \t5. Legea aplicabil\u0103 \u0219i instan\u021ba competent\u0103\n\t\t\t<\/h2>\n        <\/div>\r\n        <div class=\"sd-block-text  marginbottom-30px color-gray_dark\r\n        \">\r\n        \t\r\n            <p>Legea belgian\u0103 se va aplica acestor \u201cTermeni de utilizare\u201d. E\u015fti de acord c\u0103 orice reclama\u021bie cu privire la utilizarea acestui site web sau cu privire la ace\u0219ti \u201cTermeni de utilizare\u201d va fi depus\u0103 la instan\u021ba judec\u0103toreasc\u0103 din Hasselt.<\/p>\n\r\n        <\/div>\n        <div class=\"sd-block-title \">\n            <h2 class=\"sd-block-title-htag  marginbottom-30px align-left color-dark_gray\n            \">\n\t\t\t\t\n            \t6. Dispozi\u021bii diverse\n\t\t\t<\/h2>\n        <\/div>\r\n        <div class=\"sd-block-text  marginbottom-30px color-gray_dark\r\n        \">\r\n        \t\r\n            <p>IDac\u0103 una sau mai multe dispozi\u021bii din ace\u0219ti \u201cTermeni de utilizare\u201d ar fi nule sau ilegale, acest fapt nu ar afecta celelalte dispozi\u021bii care r\u0103m\u00e2n pe deplin aplicabile. Pentru orice \u00eentrebare, \u00eengrijorare sau reclama\u021bie cu privire la ace\u0219ti \u201cTermeni de utilizare\u201d, ne po\u0163i contacta prin e-mail marketing@impact.be sau prin coresponden\u0163\u0103 la adresa Luikersteenweg 167, 3500 Hasselt.<\/p>\n\r\n        <\/div>[\/vc_column][vc_column width=&#8221;1\/6&#8243;][\/vc_column][\/vc_row]<\/p>\n<\/div>","protected":false},"excerpt":{"rendered":"<p>[vc_row][vc_column width=&#8221;1\/6&#8243;][\/vc_column][vc_column width=&#8221;4\/6&#8243;][\/vc_column][vc_column width=&#8221;1\/6&#8243;][\/vc_column][\/vc_row]<\/p>\n","protected":false},"author":1,"featured_media":0,"parent":5190,"menu_order":0,"comment_status":"closed","ping_status":"closed","template":"","meta":{"_acf_changed":false,"footnotes":""},"class_list":["post-9730","page","type-page","status-publish","hentry"],"acf":[],"yoast_head":"<!-- This site is optimized with the Yoast SEO plugin v26.8 - https:\/\/yoast.com\/product\/yoast-seo-wordpress\/ -->\n<title>Termeni de utilizare | IMPACT<\/title>\n<meta name=\"robots\" content=\"noindex, follow, max-snippet:-1, max-image-preview:large, max-video-preview:-1\" \/>\n<meta property=\"og:locale\" content=\"ro_RO\" \/>\n<meta property=\"og:type\" content=\"article\" \/>\n<meta property=\"og:title\" content=\"Termeni de utilizare | IMPACT\" \/>\n<meta property=\"og:description\" content=\"[vc_row][vc_column width=&#8221;1\/6&#8243;][\/vc_column][vc_column width=&#8221;4\/6&#8243;][\/vc_column][vc_column width=&#8221;1\/6&#8243;][\/vc_column][\/vc_row]\" \/>\n<meta property=\"og:url\" content=\"https:\/\/impact.ontwikkeladres.nl\/ro\/candidati\/termeni-de-utilizare\/\" \/>\n<meta property=\"og:site_name\" content=\"IMPACT\" \/>\n<meta property=\"article:publisher\" content=\"https:\/\/www.facebook.com\/jobs.impact\" \/>\n<meta property=\"article:modified_time\" content=\"2025-11-12T13:48:04+00:00\" \/>\n<meta property=\"og:image\" content=\"https:\/\/impact.ontwikkeladres.nl\/wp-content\/uploads\/2025\/11\/Social-share.jpg\" \/>\n\t<meta property=\"og:image:width\" content=\"1200\" \/>\n\t<meta property=\"og:image:height\" content=\"675\" \/>\n\t<meta property=\"og:image:type\" content=\"image\/jpeg\" \/>\n<meta name=\"twitter:card\" content=\"summary_large_image\" \/>\n<meta name=\"twitter:label1\" content=\"Timp estimat pentru citire\" \/>\n\t<meta name=\"twitter:data1\" content=\"4 minute\" \/>\n<script type=\"application\/ld+json\" class=\"yoast-schema-graph\">{\"@context\":\"https:\/\/schema.org\",\"@graph\":[{\"@type\":\"WebPage\",\"@id\":\"https:\/\/impact.ontwikkeladres.nl\/ro\/candidati\/termeni-de-utilizare\/\",\"url\":\"https:\/\/impact.ontwikkeladres.nl\/ro\/candidati\/termeni-de-utilizare\/\",\"name\":\"Termeni de utilizare | IMPACT\",\"isPartOf\":{\"@id\":\"https:\/\/impact.ontwikkeladres.nl\/ro\/#website\"},\"datePublished\":\"2025-09-04T15:30:15+00:00\",\"dateModified\":\"2025-11-12T13:48:04+00:00\",\"breadcrumb\":{\"@id\":\"https:\/\/impact.ontwikkeladres.nl\/ro\/candidati\/termeni-de-utilizare\/#breadcrumb\"},\"inLanguage\":\"ro-RO\",\"potentialAction\":[{\"@type\":\"ReadAction\",\"target\":[\"https:\/\/impact.ontwikkeladres.nl\/ro\/candidati\/termeni-de-utilizare\/\"]}]},{\"@type\":\"BreadcrumbList\",\"@id\":\"https:\/\/impact.ontwikkeladres.nl\/ro\/candidati\/termeni-de-utilizare\/#breadcrumb\",\"itemListElement\":[{\"@type\":\"ListItem\",\"position\":1,\"name\":\"Home\",\"item\":\"https:\/\/impact.ontwikkeladres.nl\/ro\/\"},{\"@type\":\"ListItem\",\"position\":2,\"name\":\"Candida\u021bi\",\"item\":\"https:\/\/impact.ontwikkeladres.nl\/ro\/\"},{\"@type\":\"ListItem\",\"position\":3,\"name\":\"Termeni de utilizare\"}]},{\"@type\":\"WebSite\",\"@id\":\"https:\/\/impact.ontwikkeladres.nl\/ro\/#website\",\"url\":\"https:\/\/impact.ontwikkeladres.nl\/ro\/\",\"name\":\"IMPACT\",\"description\":\"Impact website\",\"inLanguage\":\"ro-RO\"}]}<\/script>\n<!-- \/ Yoast SEO plugin. -->","yoast_head_json":{"title":"Termeni de utilizare | IMPACT","robots":{"index":"noindex","follow":"follow","max-snippet":"max-snippet:-1","max-image-preview":"max-image-preview:large","max-video-preview":"max-video-preview:-1"},"og_locale":"ro_RO","og_type":"article","og_title":"Termeni de utilizare | IMPACT","og_description":"[vc_row][vc_column width=&#8221;1\/6&#8243;][\/vc_column][vc_column width=&#8221;4\/6&#8243;][\/vc_column][vc_column width=&#8221;1\/6&#8243;][\/vc_column][\/vc_row]","og_url":"https:\/\/impact.ontwikkeladres.nl\/ro\/candidati\/termeni-de-utilizare\/","og_site_name":"IMPACT","article_publisher":"https:\/\/www.facebook.com\/jobs.impact","article_modified_time":"2025-11-12T13:48:04+00:00","og_image":[{"width":1200,"height":675,"url":"https:\/\/impact.ontwikkeladres.nl\/wp-content\/uploads\/2025\/11\/Social-share.jpg","type":"image\/jpeg"}],"twitter_card":"summary_large_image","twitter_misc":{"Timp estimat pentru citire":"4 minute"},"schema":{"@context":"https:\/\/schema.org","@graph":[{"@type":"WebPage","@id":"https:\/\/impact.ontwikkeladres.nl\/ro\/candidati\/termeni-de-utilizare\/","url":"https:\/\/impact.ontwikkeladres.nl\/ro\/candidati\/termeni-de-utilizare\/","name":"Termeni de utilizare | IMPACT","isPartOf":{"@id":"https:\/\/impact.ontwikkeladres.nl\/ro\/#website"},"datePublished":"2025-09-04T15:30:15+00:00","dateModified":"2025-11-12T13:48:04+00:00","breadcrumb":{"@id":"https:\/\/impact.ontwikkeladres.nl\/ro\/candidati\/termeni-de-utilizare\/#breadcrumb"},"inLanguage":"ro-RO","potentialAction":[{"@type":"ReadAction","target":["https:\/\/impact.ontwikkeladres.nl\/ro\/candidati\/termeni-de-utilizare\/"]}]},{"@type":"BreadcrumbList","@id":"https:\/\/impact.ontwikkeladres.nl\/ro\/candidati\/termeni-de-utilizare\/#breadcrumb","itemListElement":[{"@type":"ListItem","position":1,"name":"Home","item":"https:\/\/impact.ontwikkeladres.nl\/ro\/"},{"@type":"ListItem","position":2,"name":"Candida\u021bi","item":"https:\/\/impact.ontwikkeladres.nl\/ro\/"},{"@type":"ListItem","position":3,"name":"Termeni de utilizare"}]},{"@type":"WebSite","@id":"https:\/\/impact.ontwikkeladres.nl\/ro\/#website","url":"https:\/\/impact.ontwikkeladres.nl\/ro\/","name":"IMPACT","description":"Impact website","inLanguage":"ro-RO"}]}},"_links":{"self":[{"href":"https:\/\/impact.ontwikkeladres.nl\/ro\/wp-json\/wp\/v2\/pages\/9730","targetHints":{"allow":["GET"]}}],"collection":[{"href":"https:\/\/impact.ontwikkeladres.nl\/ro\/wp-json\/wp\/v2\/pages"}],"about":[{"href":"https:\/\/impact.ontwikkeladres.nl\/ro\/wp-json\/wp\/v2\/types\/page"}],"author":[{"embeddable":true,"href":"https:\/\/impact.ontwikkeladres.nl\/ro\/wp-json\/wp\/v2\/users\/1"}],"replies":[{"embeddable":true,"href":"https:\/\/impact.ontwikkeladres.nl\/ro\/wp-json\/wp\/v2\/comments?post=9730"}],"version-history":[{"count":5,"href":"https:\/\/impact.ontwikkeladres.nl\/ro\/wp-json\/wp\/v2\/pages\/9730\/revisions"}],"predecessor-version":[{"id":12557,"href":"https:\/\/impact.ontwikkeladres.nl\/ro\/wp-json\/wp\/v2\/pages\/9730\/revisions\/12557"}],"up":[{"embeddable":true,"href":"https:\/\/impact.ontwikkeladres.nl\/ro\/wp-json\/wp\/v2\/pages\/5190"}],"wp:attachment":[{"href":"https:\/\/impact.ontwikkeladres.nl\/ro\/wp-json\/wp\/v2\/media?parent=9730"}],"curies":[{"name":"wp","href":"https:\/\/api.w.org\/{rel}","templated":true}]}}