{"id":9734,"date":"2025-08-15T14:31:25","date_gmt":"2025-08-15T12:31:25","guid":{"rendered":"https:\/\/impact.ontwikkeladres.nl\/candidati\/blog\/"},"modified":"2026-01-14T17:03:20","modified_gmt":"2026-01-14T16:03:20","slug":"blog","status":"publish","type":"page","link":"https:\/\/impact.ontwikkeladres.nl\/ro\/candidati\/blog\/","title":{"rendered":"Blog"},"content":{"rendered":"<div class=\"wpb-content-wrapper\"><p>[vc_row][vc_column]<div class=\"sd-block-blog-filter  marginbottom-60px\r\n                    \">\r\n                        <span class=\"title\">Categorii<\/span>\r\n                    <a class=\"category active\" href=\"https:\/\/impact.be\/ro\/candidati\/blog\/\">Toate articolele<\/a><a class=\"category\" href=\"https:\/\/impact.be\/ro\/candidati\/blog\/evenimente\/\">Evenimente<\/a><a class=\"category\" href=\"https:\/\/impact.be\/ro\/candidati\/blog\/sfaturi-si-trucuri\/\">Sfaturi \u0219i trucuri<\/a><a class=\"category\" href=\"https:\/\/impact.be\/ro\/candidati\/blog\/noutati\/\">Nout\u0103\u021bi<\/a>\r\n                    <\/div>\r\n        \r\n        <div class=\"sd-block-blog-overview\" data-atts=\"{&quot;posts_per_page&quot;:7,&quot;pagination&quot;:&quot;yes&quot;}\" data-page-id=\"1\">\r\n                            <div class=\"highlight vc_row wpb_row vc_row-fluid\" data-vc-full-width=\"true\" data-vc-stretch-content=\"true\">\r\n                                <div class=\"background\"><svg viewBox=\"0 0 49.62 90\" width=\"15px\" height=\"15px\" xmlns=\"http:\/\/www.w3.org\/2000\/svg\" preserveAspectRatio=\"none\"><polygon fill=\"currentColor\" points=\"0 90 0 0 49.62 0 0 90\" \/><\/svg><\/div>\r\n                                <div class=\"wrap\">\r\n                                    <div class=\"blog-tile\">\r\n                                        <a href=\"https:\/\/impact.ontwikkeladres.nl\/ro\/candida\u021bi\/blog\/sfaturi-si-trucuri\"\/cele-mai-frecvente-6-intrebari-la-un-interviu-de-angajare-2\/\" class=\"blog-tile-image\"><img decoding=\"async\" src=\"https:\/\/impact.ontwikkeladres.nl\/wp-content\/uploads\/2021\/09\/De_6_meest.jpg\" alt=\"Cele mai frecvente 6 \u00eentreb\u0103ri la un interviu de angajare\"><\/a>\r\n                                        <div class=\"blog-tile-text\">\r\n                                            <div class=\"blog-category\">Tips &amp; tricks<\/div>\r\n                                            <a href=\"https:\/\/impact.ontwikkeladres.nl\/ro\/candida\u021bi\/blog\/sfaturi-si-trucuri\"\/cele-mai-frecvente-6-intrebari-la-un-interviu-de-angajare-2\/\">\r\n                                                \n        <div class=\"sd-block-title \">\n            <h2 class=\"sd-block-title-htag  marginbottom-30px align-left color-dark_gray font-small\n            \">\n\t\t\t\t\n            \tCele mai frecvente 6 \u00eentreb\u0103ri la un interviu de angajare\n\t\t\t<\/h2>\n        <\/div>\r\n                                            <\/a>\r\n                                            \r\n        <div class=\"sd-block-text  marginbottom-30px color-white\r\n        \">\r\n        \t\r\n            <p>\u00cen timpul unui interviu de angajare, v\u0103 pute\u021bi a\u0219tepta s\u0103 vi se pun\u0103 c\u00e2teva \u00eentreb\u0103ri tipice. \u00cen acest articol, ve\u021bi g\u0103si \u0219ase \u00eentreb\u0103ri frecvente pentru a v\u0103 ajuta s\u0103 v\u0103 preg\u0103ti\u021bi corespunz\u0103tor.   <\/p>\n\r\n        <\/div>\r\n                                            \r\n        <div class=\"sd-block-button  marginbottom-0px align-left button-type-background button-size-small background-color-fluent_yellow\">\r\n            <a class=\"inner-button\"\r\n            href=\"https:\/\/impact.ontwikkeladres.nl\/ro\/candida\u021bi\/blog\/sfaturi-si-trucuri\"\/cele-mai-frecvente-6-intrebari-la-un-interviu-de-angajare-2\/\" title=\"Cite\u0219te mai mult\">\r\n                <div class=\"button-content\">\r\n                    <span>Cite\u0219te mai mult<\/span>\r\n\t\t\t\t    <svg height=\"15\" width=\"15\" xmlns=\"http:\/\/www.w3.org\/2000\/svg\" viewBox=\"0 0 15 13.56\"><path fill=\"currentColor\" d=\"M0,5.64h11.64L7.56,0h2.64l4.8,6.84-4.8,6.72h-2.64l4.08-5.64H0v-2.28Z\"\/><\/svg>\r\n                <\/div>\r\n            <\/a>\r\n        <\/div>\r\n                                        <\/div>\r\n                                    <\/div>\r\n                                <\/div>\r\n                            <\/div>\r\n                            <div class=\"vc_row-full-width vc_clearfix\"><\/div>\r\n                            <div class=\"blog-grid\">\r\n                            <a title=\"G\u0103si\u021bi rapid de lucru? Alege\u021bi o profesie cu blocaje \u00een construc\u021bii sau inginerie\" href=\"https:\/\/impact.ontwikkeladres.nl\/ro\/candida\u021bi\/blog\/sfaturi-si-trucuri\"\/gasiti-rapid-de-lucru-alegeti-o-profesie-cu-blocaje-in-constructii-sau-inginerie\/\" class=\"blog-tile\">\r\n                                <div class=\"blog-tile-image\"><img decoding=\"async\" src=\"https:\/\/impact.ontwikkeladres.nl\/wp-content\/uploads\/2025\/09\/Snel_werk_vinden.jpg\" alt=\"G\u0103si\u021bi rapid de lucru? Alege\u021bi o profesie cu blocaje \u00een construc\u021bii sau inginerie\"><\/div>\r\n                                <div class=\"blog-tile-text\">\r\n                                    <div class=\"blog-category\">Tips &amp; tricks<\/div>\r\n                                    \n        <div class=\"sd-block-title \">\n            <h2 class=\"sd-block-title-htag  marginbottom-30px align-left color-dark_gray font-small\n            \">\n\t\t\t\t\n            \tG\u0103si\u021bi rapid de lucru? Alege\u021bi o profesie cu blocaje \u00een construc\u021bii sau inginerie\n\t\t\t<\/h2>\n        <\/div>\r\n                                    \r\n        <div class=\"sd-block-button  marginbottom-0px align-left button-type-text text-size-normal text-color-dark_grey\">\r\n            <span class=\"inner-button\"\r\n            href=\"https:\/\/impact.ontwikkeladres.nl\/ro\/candida\u021bi\/blog\/sfaturi-si-trucuri\"\/gasiti-rapid-de-lucru-alegeti-o-profesie-cu-blocaje-in-constructii-sau-inginerie\/\" title=\"Cite\u0219te mai mult\">\r\n                <div class=\"button-content\">\r\n                    <span>Cite\u0219te mai mult<\/span>\r\n\t\t\t\t    <svg height=\"15\" width=\"15\" xmlns=\"http:\/\/www.w3.org\/2000\/svg\" viewBox=\"0 0 15 13.56\"><path fill=\"currentColor\" d=\"M0,5.64h11.64L7.56,0h2.64l4.8,6.84-4.8,6.72h-2.64l4.08-5.64H0v-2.28Z\"\/><\/svg>\r\n                <\/div>\r\n            <\/span>\r\n        <\/div>\r\n                                <\/div>\r\n                            <\/a>\r\n                            <a title=\"Un banner de protest apare la &#8222;schela etern\u0103&#8221; a tribunalului din Bruxelles\" href=\"https:\/\/impact.ontwikkeladres.nl\/ro\/candida\u021bi\/blog\/noutati\/un-banner-de-protest-apare-la-schela-eterna-a-tribunalului-din-bruxelles\/\" class=\"blog-tile\">\r\n                                <div class=\"blog-tile-image\"><img decoding=\"async\" src=\"https:\/\/impact.ontwikkeladres.nl\/wp-content\/uploads\/2025\/09\/opvallend-spandoek.jpg\" alt=\"Un banner de protest apare la &#8222;schela etern\u0103&#8221; a tribunalului din Bruxelles\"><\/div>\r\n                                <div class=\"blog-tile-text\">\r\n                                    <div class=\"blog-category\">News<\/div>\r\n                                    \n        <div class=\"sd-block-title \">\n            <h2 class=\"sd-block-title-htag  marginbottom-30px align-left color-dark_gray font-small\n            \">\n\t\t\t\t\n            \tUn banner de protest apare la &#8222;schela etern\u0103&#8221; a tribunalului din Bruxelles\n\t\t\t<\/h2>\n        <\/div>\r\n                                    \r\n        <div class=\"sd-block-button  marginbottom-0px align-left button-type-text text-size-normal text-color-dark_grey\">\r\n            <span class=\"inner-button\"\r\n            href=\"https:\/\/impact.ontwikkeladres.nl\/ro\/candida\u021bi\/blog\/noutati\/un-banner-de-protest-apare-la-schela-eterna-a-tribunalului-din-bruxelles\/\" title=\"Cite\u0219te mai mult\">\r\n                <div class=\"button-content\">\r\n                    <span>Cite\u0219te mai mult<\/span>\r\n\t\t\t\t    <svg height=\"15\" width=\"15\" xmlns=\"http:\/\/www.w3.org\/2000\/svg\" viewBox=\"0 0 15 13.56\"><path fill=\"currentColor\" d=\"M0,5.64h11.64L7.56,0h2.64l4.8,6.84-4.8,6.72h-2.64l4.08-5.64H0v-2.28Z\"\/><\/svg>\r\n                <\/div>\r\n            <\/span>\r\n        <\/div>\r\n                                <\/div>\r\n                            <\/a>\r\n                            <a title=\"Un panou publicitar din Anvers face \u00eenconjurul lumii\" href=\"https:\/\/impact.ontwikkeladres.nl\/ro\/candida\u021bi\/blog\/noutati\/un-panou-publicitar-din-anvers-face-inconjurul-lumii\/\" class=\"blog-tile\">\r\n                                <div class=\"blog-tile-image\"><img decoding=\"async\" src=\"https:\/\/impact.ontwikkeladres.nl\/wp-content\/uploads\/2023\/06\/Antwerps_reclamebord.jpg\" alt=\"Un panou publicitar din Anvers face \u00eenconjurul lumii\"><\/div>\r\n                                <div class=\"blog-tile-text\">\r\n                                    <div class=\"blog-category\">News<\/div>\r\n                                    \n        <div class=\"sd-block-title \">\n            <h2 class=\"sd-block-title-htag  marginbottom-30px align-left color-dark_gray font-small\n            \">\n\t\t\t\t\n            \tUn panou publicitar din Anvers face \u00eenconjurul lumii\n\t\t\t<\/h2>\n        <\/div>\r\n                                    \r\n        <div class=\"sd-block-button  marginbottom-0px align-left button-type-text text-size-normal text-color-dark_grey\">\r\n            <span class=\"inner-button\"\r\n            href=\"https:\/\/impact.ontwikkeladres.nl\/ro\/candida\u021bi\/blog\/noutati\/un-panou-publicitar-din-anvers-face-inconjurul-lumii\/\" title=\"Cite\u0219te mai mult\">\r\n                <div class=\"button-content\">\r\n                    <span>Cite\u0219te mai mult<\/span>\r\n\t\t\t\t    <svg height=\"15\" width=\"15\" xmlns=\"http:\/\/www.w3.org\/2000\/svg\" viewBox=\"0 0 15 13.56\"><path fill=\"currentColor\" d=\"M0,5.64h11.64L7.56,0h2.64l4.8,6.84-4.8,6.72h-2.64l4.08-5.64H0v-2.28Z\"\/><\/svg>\r\n                <\/div>\r\n            <\/span>\r\n        <\/div>\r\n                                <\/div>\r\n                            <\/a>\r\n                            <a title=\"Adev\u0103ra\u021bii eroi ai zilelor noastre? Artizanii!\" href=\"https:\/\/impact.ontwikkeladres.nl\/ro\/candida\u021bi\/blog\/sfaturi-si-trucuri\"\/adevaratii-eroi-ai-zilelor-noastre-artizanii\/\" class=\"blog-tile\">\r\n                                <div class=\"blog-tile-image\"><img decoding=\"async\" src=\"https:\/\/impact.ontwikkeladres.nl\/wp-content\/uploads\/2022\/08\/De_echte_helden.jpg\" alt=\"Adev\u0103ra\u021bii eroi ai zilelor noastre? Artizanii!\"><\/div>\r\n                                <div class=\"blog-tile-text\">\r\n                                    <div class=\"blog-category\">Tips &amp; tricks<\/div>\r\n                                    \n        <div class=\"sd-block-title \">\n            <h2 class=\"sd-block-title-htag  marginbottom-30px align-left color-dark_gray font-small\n            \">\n\t\t\t\t\n            \tAdev\u0103ra\u021bii eroi ai zilelor noastre? Artizanii!\n\t\t\t<\/h2>\n        <\/div>\r\n                                    \r\n        <div class=\"sd-block-button  marginbottom-0px align-left button-type-text text-size-normal text-color-dark_grey\">\r\n            <span class=\"inner-button\"\r\n            href=\"https:\/\/impact.ontwikkeladres.nl\/ro\/candida\u021bi\/blog\/sfaturi-si-trucuri\"\/adevaratii-eroi-ai-zilelor-noastre-artizanii\/\" title=\"Cite\u0219te mai mult\">\r\n                <div class=\"button-content\">\r\n                    <span>Cite\u0219te mai mult<\/span>\r\n\t\t\t\t    <svg height=\"15\" width=\"15\" xmlns=\"http:\/\/www.w3.org\/2000\/svg\" viewBox=\"0 0 15 13.56\"><path fill=\"currentColor\" d=\"M0,5.64h11.64L7.56,0h2.64l4.8,6.84-4.8,6.72h-2.64l4.08-5.64H0v-2.28Z\"\/><\/svg>\r\n                <\/div>\r\n            <\/span>\r\n        <\/div>\r\n                                <\/div>\r\n                            <\/a>\r\n                            <a title=\"IMPACT pune accentul pe inovare cu noul s\u0103u aspect\" href=\"https:\/\/impact.ontwikkeladres.nl\/ro\/candida\u021bi\/blog\/noutati\/impact-pune-accentul-pe-inovare-cu-noul-sau-aspect\/\" class=\"blog-tile\">\r\n                                <div class=\"blog-tile-image\"><img decoding=\"async\" src=\"https:\/\/impact.ontwikkeladres.nl\/wp-content\/uploads\/2022\/04\/Impact_zet_vol_in.jpg\" alt=\"IMPACT pune accentul pe inovare cu noul s\u0103u aspect\"><\/div>\r\n                                <div class=\"blog-tile-text\">\r\n                                    <div class=\"blog-category\">News<\/div>\r\n                                    \n        <div class=\"sd-block-title \">\n            <h2 class=\"sd-block-title-htag  marginbottom-30px align-left color-dark_gray font-small\n            \">\n\t\t\t\t\n            \tIMPACT pune accentul pe inovare cu noul s\u0103u aspect\n\t\t\t<\/h2>\n        <\/div>\r\n                                    \r\n        <div class=\"sd-block-button  marginbottom-0px align-left button-type-text text-size-normal text-color-dark_grey\">\r\n            <span class=\"inner-button\"\r\n            href=\"https:\/\/impact.ontwikkeladres.nl\/ro\/candida\u021bi\/blog\/noutati\/impact-pune-accentul-pe-inovare-cu-noul-sau-aspect\/\" title=\"Cite\u0219te mai mult\">\r\n                <div class=\"button-content\">\r\n                    <span>Cite\u0219te mai mult<\/span>\r\n\t\t\t\t    <svg height=\"15\" width=\"15\" xmlns=\"http:\/\/www.w3.org\/2000\/svg\" viewBox=\"0 0 15 13.56\"><path fill=\"currentColor\" d=\"M0,5.64h11.64L7.56,0h2.64l4.8,6.84-4.8,6.72h-2.64l4.08-5.64H0v-2.28Z\"\/><\/svg>\r\n                <\/div>\r\n            <\/span>\r\n        <\/div>\r\n                                <\/div>\r\n                            <\/a>\r\n                            <a title=\"De ce tehnicienii sunt eroi\" href=\"https:\/\/impact.ontwikkeladres.nl\/ro\/candida\u021bi\/blog\/sfaturi-si-trucuri\"\/de-ce-tehnicienii-sunt-eroi\/\" class=\"blog-tile\">\r\n                                <div class=\"blog-tile-image\"><img decoding=\"async\" src=\"https:\/\/impact.ontwikkeladres.nl\/wp-content\/uploads\/2022\/03\/Waarom_techniekers_helden.jpg\" alt=\"De ce tehnicienii sunt eroi\"><\/div>\r\n                                <div class=\"blog-tile-text\">\r\n                                    <div class=\"blog-category\">Tips &amp; tricks<\/div>\r\n                                    \n        <div class=\"sd-block-title \">\n            <h2 class=\"sd-block-title-htag  marginbottom-30px align-left color-dark_gray font-small\n            \">\n\t\t\t\t\n            \tDe ce tehnicienii sunt eroi\n\t\t\t<\/h2>\n        <\/div>\r\n                                    \r\n        <div class=\"sd-block-button  marginbottom-0px align-left button-type-text text-size-normal text-color-dark_grey\">\r\n            <span class=\"inner-button\"\r\n            href=\"https:\/\/impact.ontwikkeladres.nl\/ro\/candida\u021bi\/blog\/sfaturi-si-trucuri\"\/de-ce-tehnicienii-sunt-eroi\/\" title=\"Cite\u0219te mai mult\">\r\n                <div class=\"button-content\">\r\n                    <span>Cite\u0219te mai mult<\/span>\r\n\t\t\t\t    <svg height=\"15\" width=\"15\" xmlns=\"http:\/\/www.w3.org\/2000\/svg\" viewBox=\"0 0 15 13.56\"><path fill=\"currentColor\" d=\"M0,5.64h11.64L7.56,0h2.64l4.8,6.84-4.8,6.72h-2.64l4.08-5.64H0v-2.28Z\"\/><\/svg>\r\n                <\/div>\r\n            <\/span>\r\n        <\/div>\r\n                                <\/div>\r\n                            <\/a>\r\n                            <\/div>\r\n        <div class=\"sd-pagination\">\r\n            <span aria-current=\"page\" class=\"page-numbers current\">1<\/span>\n<a class=\"page-numbers\" href=\"\/ro\/wp-json\/wp\/v2\/pages\/9734\/page\/2\/?from_pagination=true\">2<\/a>\n<a class=\"next page-numbers\" href=\"\/ro\/wp-json\/wp\/v2\/pages\/9734\/page\/2\/?from_pagination=true\">\u00cenainte<\/a>\r\n        <\/div>\r\n        <\/div>[\/vc_column][\/vc_row]<\/p>\n<\/div>","protected":false},"excerpt":{"rendered":"<p>[vc_row][vc_column][\/vc_column][\/vc_row]<\/p>\n","protected":false},"author":1,"featured_media":0,"parent":5190,"menu_order":0,"comment_status":"closed","ping_status":"closed","template":"","meta":{"_acf_changed":false,"footnotes":""},"class_list":["post-9734","page","type-page","status-publish","hentry"],"acf":[],"yoast_head":"<!-- This site is optimized with the Yoast SEO plugin v26.8 - https:\/\/yoast.com\/product\/yoast-seo-wordpress\/ -->\n<title>Blog | IMPACT<\/title>\n<meta name=\"robots\" content=\"noindex, follow, max-snippet:-1, max-image-preview:large, max-video-preview:-1\" \/>\n<meta property=\"og:locale\" content=\"ro_RO\" \/>\n<meta property=\"og:type\" content=\"article\" \/>\n<meta property=\"og:title\" content=\"Blog | IMPACT\" \/>\n<meta property=\"og:description\" content=\"[vc_row][vc_column][\/vc_column][\/vc_row]\" \/>\n<meta property=\"og:url\" content=\"https:\/\/impact.ontwikkeladres.nl\/ro\/candidati\/blog\/\" \/>\n<meta property=\"og:site_name\" content=\"IMPACT\" \/>\n<meta property=\"article:publisher\" content=\"https:\/\/www.facebook.com\/jobs.impact\" \/>\n<meta property=\"article:modified_time\" content=\"2026-01-14T16:03:20+00:00\" \/>\n<meta property=\"og:image\" content=\"https:\/\/impact.ontwikkeladres.nl\/wp-content\/uploads\/2025\/11\/Social-share.jpg\" \/>\n\t<meta property=\"og:image:width\" content=\"1200\" \/>\n\t<meta property=\"og:image:height\" content=\"675\" \/>\n\t<meta property=\"og:image:type\" content=\"image\/jpeg\" \/>\n<meta name=\"twitter:card\" content=\"summary_large_image\" \/>\n<meta name=\"twitter:label1\" content=\"Timp estimat pentru citire\" \/>\n\t<meta name=\"twitter:data1\" content=\"1 minut\" \/>\n<script type=\"application\/ld+json\" class=\"yoast-schema-graph\">{\"@context\":\"https:\/\/schema.org\",\"@graph\":[{\"@type\":\"WebPage\",\"@id\":\"https:\/\/impact.ontwikkeladres.nl\/ro\/candidati\/blog\/\",\"url\":\"https:\/\/impact.ontwikkeladres.nl\/ro\/candidati\/blog\/\",\"name\":\"Blog | IMPACT\",\"isPartOf\":{\"@id\":\"https:\/\/impact.ontwikkeladres.nl\/ro\/#website\"},\"datePublished\":\"2025-08-15T12:31:25+00:00\",\"dateModified\":\"2026-01-14T16:03:20+00:00\",\"breadcrumb\":{\"@id\":\"https:\/\/impact.ontwikkeladres.nl\/ro\/candidati\/blog\/#breadcrumb\"},\"inLanguage\":\"ro-RO\",\"potentialAction\":[{\"@type\":\"ReadAction\",\"target\":[\"https:\/\/impact.ontwikkeladres.nl\/ro\/candidati\/blog\/\"]}]},{\"@type\":\"BreadcrumbList\",\"@id\":\"https:\/\/impact.ontwikkeladres.nl\/ro\/candidati\/blog\/#breadcrumb\",\"itemListElement\":[{\"@type\":\"ListItem\",\"position\":1,\"name\":\"Home\",\"item\":\"https:\/\/impact.ontwikkeladres.nl\/ro\/\"},{\"@type\":\"ListItem\",\"position\":2,\"name\":\"Candida\u021bi\",\"item\":\"https:\/\/impact.ontwikkeladres.nl\/ro\/\"},{\"@type\":\"ListItem\",\"position\":3,\"name\":\"Blog\"}]},{\"@type\":\"WebSite\",\"@id\":\"https:\/\/impact.ontwikkeladres.nl\/ro\/#website\",\"url\":\"https:\/\/impact.ontwikkeladres.nl\/ro\/\",\"name\":\"IMPACT\",\"description\":\"Impact website\",\"inLanguage\":\"ro-RO\"}]}<\/script>\n<!-- \/ Yoast SEO plugin. -->","yoast_head_json":{"title":"Blog | IMPACT","robots":{"index":"noindex","follow":"follow","max-snippet":"max-snippet:-1","max-image-preview":"max-image-preview:large","max-video-preview":"max-video-preview:-1"},"og_locale":"ro_RO","og_type":"article","og_title":"Blog | IMPACT","og_description":"[vc_row][vc_column][\/vc_column][\/vc_row]","og_url":"https:\/\/impact.ontwikkeladres.nl\/ro\/candidati\/blog\/","og_site_name":"IMPACT","article_publisher":"https:\/\/www.facebook.com\/jobs.impact","article_modified_time":"2026-01-14T16:03:20+00:00","og_image":[{"width":1200,"height":675,"url":"https:\/\/impact.ontwikkeladres.nl\/wp-content\/uploads\/2025\/11\/Social-share.jpg","type":"image\/jpeg"}],"twitter_card":"summary_large_image","twitter_misc":{"Timp estimat pentru citire":"1 minut"},"schema":{"@context":"https:\/\/schema.org","@graph":[{"@type":"WebPage","@id":"https:\/\/impact.ontwikkeladres.nl\/ro\/candidati\/blog\/","url":"https:\/\/impact.ontwikkeladres.nl\/ro\/candidati\/blog\/","name":"Blog | IMPACT","isPartOf":{"@id":"https:\/\/impact.ontwikkeladres.nl\/ro\/#website"},"datePublished":"2025-08-15T12:31:25+00:00","dateModified":"2026-01-14T16:03:20+00:00","breadcrumb":{"@id":"https:\/\/impact.ontwikkeladres.nl\/ro\/candidati\/blog\/#breadcrumb"},"inLanguage":"ro-RO","potentialAction":[{"@type":"ReadAction","target":["https:\/\/impact.ontwikkeladres.nl\/ro\/candidati\/blog\/"]}]},{"@type":"BreadcrumbList","@id":"https:\/\/impact.ontwikkeladres.nl\/ro\/candidati\/blog\/#breadcrumb","itemListElement":[{"@type":"ListItem","position":1,"name":"Home","item":"https:\/\/impact.ontwikkeladres.nl\/ro\/"},{"@type":"ListItem","position":2,"name":"Candida\u021bi","item":"https:\/\/impact.ontwikkeladres.nl\/ro\/"},{"@type":"ListItem","position":3,"name":"Blog"}]},{"@type":"WebSite","@id":"https:\/\/impact.ontwikkeladres.nl\/ro\/#website","url":"https:\/\/impact.ontwikkeladres.nl\/ro\/","name":"IMPACT","description":"Impact website","inLanguage":"ro-RO"}]}},"_links":{"self":[{"href":"https:\/\/impact.ontwikkeladres.nl\/ro\/wp-json\/wp\/v2\/pages\/9734","targetHints":{"allow":["GET"]}}],"collection":[{"href":"https:\/\/impact.ontwikkeladres.nl\/ro\/wp-json\/wp\/v2\/pages"}],"about":[{"href":"https:\/\/impact.ontwikkeladres.nl\/ro\/wp-json\/wp\/v2\/types\/page"}],"author":[{"embeddable":true,"href":"https:\/\/impact.ontwikkeladres.nl\/ro\/wp-json\/wp\/v2\/users\/1"}],"replies":[{"embeddable":true,"href":"https:\/\/impact.ontwikkeladres.nl\/ro\/wp-json\/wp\/v2\/comments?post=9734"}],"version-history":[{"count":14,"href":"https:\/\/impact.ontwikkeladres.nl\/ro\/wp-json\/wp\/v2\/pages\/9734\/revisions"}],"predecessor-version":[{"id":13235,"href":"https:\/\/impact.ontwikkeladres.nl\/ro\/wp-json\/wp\/v2\/pages\/9734\/revisions\/13235"}],"up":[{"embeddable":true,"href":"https:\/\/impact.ontwikkeladres.nl\/ro\/wp-json\/wp\/v2\/pages\/5190"}],"wp:attachment":[{"href":"https:\/\/impact.ontwikkeladres.nl\/ro\/wp-json\/wp\/v2\/media?parent=9734"}],"curies":[{"name":"wp","href":"https:\/\/api.w.org\/{rel}","templated":true}]}}