{"id":9737,"date":"2025-09-24T11:51:26","date_gmt":"2025-09-24T09:51:26","guid":{"rendered":"https:\/\/impact.ontwikkeladres.nl\/aplicatii\/"},"modified":"2025-11-07T15:22:20","modified_gmt":"2025-11-07T14:22:20","slug":"aplicatii","status":"publish","type":"page","link":"https:\/\/impact.ontwikkeladres.nl\/ro\/candidati\/intrebari-frecvente\/aplicatii\/","title":{"rendered":"Aplica\u021bii"},"content":{"rendered":"<div class=\"wpb-content-wrapper\"><p>[vc_row full_width=&#8221;stretch_row&#8221; content_placement=&#8221;bottom&#8221; row_height=&#8221;row_400px&#8221; bg_color=&#8221;bg_green&#8221; css=&#8221;.vc_custom_1758785714205{background-color: bg_green !important;}&#8221;][vc_column]\n        <div class=\"sd-block-breadcrumb  align-left color-white marginbottom-30px\n        \">\n            <ul id=\"breadcrumbs\" class=\"breadcrumbs\"><\/ul>\n        <\/div>\n        <div class=\"sd-block-title \">\n            <h1 class=\"sd-block-title-htag  marginbottom-0px align-left color-white\n            \">\n\t\t\t\t\n            \tAplica\u021bii\n\t\t\t<\/h1>\n        <\/div>[\/vc_column][\/vc_row][vc_row full_width=&#8221;stretch_row&#8221; bg_color=&#8221;bg_gray&#8221;][vc_column]\r\n            <div class=\"sd-tabs vertical\">\r\n                <div class=\"sd-tabs-title-container\">\r\n                    \r\n                            <div class=\"sd-tabs-title active title-0\">\r\n                                \n        <div class=\"sd-block-title \">\n            <h3 class=\"sd-block-title-htag  marginbottom-0px align-left color-mint font-middle\n            \">\n\t\t\t\t\n            \t&#8221;Locuri\n\t\t\t<\/h3>\n        <\/div>\r\n                            <\/div>\r\n                        \r\n                            <div class=\"sd-tabs-title title-1\">\r\n                                \n        <div class=\"sd-block-title \">\n            <h3 class=\"sd-block-title-htag  marginbottom-0px align-left color-mint font-middle\n            \">\n\t\t\t\t\n            \t&#8221;Instrumente&#8221;\n\t\t\t<\/h3>\n        <\/div>\r\n                            <\/div>\r\n                        \r\n                <\/div>\r\n                <div class=\"sd-tabs-content-container\">\r\n                            <div class=\"sd-tabs-content active content-0\">\r\n                                \n        <div class=\"sd-block-title \">\n            <h2 class=\"sd-block-title-htag  marginbottom-45px align-left color-white font-middle\n            \">\n\t\t\t\t\n            \tLocuri de munc\u0103 \u0219i cereri de locuri de munc\u0103\n\t\t\t<\/h2>\n        <\/div>\r\n        <div class=\"sd-block-faq  marginbottom-30px\">\r\n            <div class=\"faq-inner \">\r\n                <div class=\"faq-title\">\r\n                    \n        <div class=\"sd-block-title \">\n            <h3 class=\"sd-block-title-htag  marginbottom-0px align-left color-black font-mini\n            \">\n\t\t\t\t\n            \tCum este procesul de aplicare la IMPACT?\n\t\t\t<\/h3>\n        <\/div>\r\n                    <div class=\"icon-container\">\r\n                        <svg xmlns=\"http:\/\/www.w3.org\/2000\/svg\" viewBox=\"0 0 14 14\"><path fill=\"currentColor\" d=\"M6,8H0V6h6V0h2v6h6v2H8v6H6V8z\"\/><\/svg>\r\n                    <\/div>\r\n                <\/div>\r\n                <div class=\"faq-content\">\r\n                    \r\n        <div class=\"sd-block-text  marginbottom-0px color-white\r\n        \">\r\n        \t\r\n            <p>Atunci c\u00e2nd <a href=\"https:\/\/impact.ontwikkeladres.nl\/ro\/candidati\/persoana-de-contact\/\" target=\"_blank\" rel=\"noopener\">intra\u021bi spontan \u00een biroul nostru<\/a> sau ajunge\u021bi la noi prin intermediul unui anun\u021b <a href=\"https:\/\/impact.ontwikkeladres.nl\/ro\/candidati\/alle-vacatures\/\" target=\"_blank\" rel=\"noopener\">de angajare <\/a>, v\u0103 analiz\u0103m cu aten\u021bie CV-ul, competen\u021bele \u0219i experien\u021ba. Recrutorii no\u0219tri \u00ee\u0219i fac timp pentru un bun interviu introductiv cu dumneavoastr\u0103. \u00cen acest fel, \u0219tim deja cine sunte\u021bi \u0219i ce c\u0103uta\u021bi: comunicarea clar\u0103 este \u00eenceputul unei cooper\u0103ri perfecte. Apoi, v\u0103 punem \u00een coresponden\u021b\u0103 dorin\u021bele cu cele mai potrivite locuri de munc\u0103 \u0219i companii.     <\/p>\n<p>E\u0219ti curios cu privire la cei 5 pa\u0219i c\u0103tre un nou loc de munc\u0103? Afl\u0103 cum arat\u0103 <a href=\"https:\/\/impact.ontwikkeladres.nl\/ro\/candidati\/procesul-de-aplicare\/\">procesul complet de aplicare<\/a> aici!<\/p>\n\r\n        <\/div>\r\n                <\/div>\r\n            <\/div>\r\n        <\/div>\r\n        <div class=\"sd-block-faq  marginbottom-30px\">\r\n            <div class=\"faq-inner \">\r\n                <div class=\"faq-title\">\r\n                    \n        <div class=\"sd-block-title \">\n            <h3 class=\"sd-block-title-htag  marginbottom-0px align-left color-black font-mini\n            \">\n\t\t\t\t\n            \tPot aplica spontan?\n\t\t\t<\/h3>\n        <\/div>\r\n                    <div class=\"icon-container\">\r\n                        <svg xmlns=\"http:\/\/www.w3.org\/2000\/svg\" viewBox=\"0 0 14 14\"><path fill=\"currentColor\" d=\"M6,8H0V6h6V0h2v6h6v2H8v6H6V8z\"\/><\/svg>\r\n                    <\/div>\r\n                <\/div>\r\n                <div class=\"faq-content\">\r\n                    \r\n        <div class=\"sd-block-text  marginbottom-0px color-white\r\n        \">\r\n        \t\r\n            <p>Desigur. Nu g\u0103si\u021bi imediat provocarea potrivit\u0103 printre posturile noastre vacante? <g id=\"gid_0\">Trimite\u021bi-ne CV-ul dvs. spontan<\/g> \u0219i furniza\u021bi c\u00e2t mai multe informa\u021bii despre postul dorit, domeniul de expertiz\u0103 \u0219i regiunea \u00een care dori\u021bi s\u0103 lucra\u021bi. \u00cen acest fel, \u00eempreun\u0103 putem g\u0103si un loc de munc\u0103 adaptat nevoilor tale.<\/p>\n\r\n        <\/div>\r\n                <\/div>\r\n            <\/div>\r\n        <\/div>\r\n                            <\/div>\r\n                        \r\n                            <div class=\"sd-tabs-content content-1\">\r\n                                \n        <div class=\"sd-block-title \">\n            <h2 class=\"sd-block-title-htag  marginbottom-45px align-left color-white font-middle\n            \">\n\t\t\t\t\n            \tInstrumente\n\t\t\t<\/h2>\n        <\/div>\r\n        <div class=\"sd-block-faq  marginbottom-30px\">\r\n            <div class=\"faq-inner \">\r\n                <div class=\"faq-title\">\r\n                    \n        <div class=\"sd-block-title \">\n            <h3 class=\"sd-block-title-htag  marginbottom-0px align-left color-black font-mini\n            \">\n\t\t\t\t\n            \tCe este IMPACT-ul meu?\n\t\t\t<\/h3>\n        <\/div>\r\n                    <div class=\"icon-container\">\r\n                        <svg xmlns=\"http:\/\/www.w3.org\/2000\/svg\" viewBox=\"0 0 14 14\"><path fill=\"currentColor\" d=\"M6,8H0V6h6V0h2v6h6v2H8v6H6V8z\"\/><\/svg>\r\n                    <\/div>\r\n                <\/div>\r\n                <div class=\"faq-content\">\r\n                    \r\n        <div class=\"sd-block-text  marginbottom-0px color-white\r\n        \">\r\n        \t\r\n            <p><a class=\"use-ajax js-c-popup-trigger\" href=\"https:\/\/portal.impact.be\/kandidatenportal\/registreer?lang=nl\" target=\"_blank\" rel=\"noopener\" data-popup=\"login\" data-once=\"ajax\">My IMPACT<\/a> este instrumentul nostru online care v\u0103 permite s\u0103 v\u0103 crea\u021bi un profil personal. \u00cen acest fel, nu trebuie s\u0103 v\u0103 completa\u021bi datele de fiecare dat\u0103, pute\u021bi aplica pentru un loc de munc\u0103 cu un simplu clic \u0219i pute\u021bi salva cu u\u0219urin\u021b\u0103 locurile de munc\u0103 sau aplica\u021biile favorite. Modifica\u021bi anumite informa\u021bii? V\u0103 pute\u021bi gestiona singur profilul cu u\u0219urin\u021b\u0103.<\/p>\n\r\n        <\/div>\r\n                <\/div>\r\n            <\/div>\r\n        <\/div>\r\n        <div class=\"sd-block-faq  marginbottom-30px\">\r\n            <div class=\"faq-inner \">\r\n                <div class=\"faq-title\">\r\n                    \n        <div class=\"sd-block-title \">\n            <h3 class=\"sd-block-title-htag  marginbottom-0px align-left color-black font-mini\n            \">\n\t\t\t\t\n            \tCe este instrumentul IMPACT CV?\n\t\t\t<\/h3>\n        <\/div>\r\n                    <div class=\"icon-container\">\r\n                        <svg xmlns=\"http:\/\/www.w3.org\/2000\/svg\" viewBox=\"0 0 14 14\"><path fill=\"currentColor\" d=\"M6,8H0V6h6V0h2v6h6v2H8v6H6V8z\"\/><\/svg>\r\n                    <\/div>\r\n                <\/div>\r\n                <div class=\"faq-content\">\r\n                    \r\n        <div class=\"sd-block-text  marginbottom-0px color-white\r\n        \">\r\n        \t\r\n            <p>CV-ul dumneavoastr\u0103 este cartea dumneavoastr\u0103 de vizit\u0103 atunci c\u00e2nd candida\u021bi la o companie. <a href=\"#\">Instrumentul CV IMPACT<\/a> v\u0103 ajut\u0103 s\u0103 v\u0103 \u00eentocmi\u021bi propriul CV: nu numai c\u0103 vi se prezint\u0103 imediat \u00eentreb\u0103rile potrivite, dar v\u0103 \u0219i distribuim r\u0103spunsurile \u00eentr-un aspect atractiv, care v\u0103 face s\u0103 v\u0103 eviden\u021bia\u021bi printre ceilal\u021bi candida\u021bi.<\/p>\n\r\n        <\/div>\r\n                <\/div>\r\n            <\/div>\r\n        <\/div>\r\n                            <\/div>\r\n                        \r\n                <\/div>\r\n            <\/div>\r\n        [vc_row_inner content_placement=&#8221;middle&#8221;][vc_column_inner width=&#8221;1\/12&#8243;][\/vc_column_inner][vc_column_inner width=&#8221;10\/12&#8243;]\r\n        <div class=\"sd-block-text  marginbottom-30px color-white\r\n        \">\r\n        \t\r\n            <p style=\"text-align: center;\">Nu este acesta un r\u0103spuns la \u00eentrebarea dumneavoastr\u0103?  <a class=\"label-16 c-button c-faq-cat__help-link\" href=\"https:\/\/impact.ontwikkeladres.nl\/ro\/candidati\/persoana-de-contact\/\">Contacta\u021bi-ne<\/a><\/p>\n\r\n        <\/div>[\/vc_column_inner][vc_column_inner width=&#8221;1\/12&#8243;][\/vc_column_inner][\/vc_row_inner][\/vc_column][\/vc_row]<\/p>\n<\/div>","protected":false},"excerpt":{"rendered":"<p>[vc_row full_width=&#8221;stretch_row&#8221; content_placement=&#8221;bottom&#8221; row_height=&#8221;row_400px&#8221; bg_color=&#8221;bg_green&#8221; css=&#8221;.vc_custom_1758785714205{background-color: bg_green !important;}&#8221;][vc_column][\/vc_column][\/vc_row][vc_row full_width=&#8221;stretch_row&#8221; bg_color=&#8221;bg_gray&#8221;][vc_column][vc_row_inner content_placement=&#8221;middle&#8221;][vc_column_inner width=&#8221;1\/12&#8243;][\/vc_column_inner][vc_column_inner width=&#8221;10\/12&#8243;][\/vc_column_inner][vc_column_inner width=&#8221;1\/12&#8243;][\/vc_column_inner][\/vc_row_inner][\/vc_column][\/vc_row]<\/p>\n","protected":false},"author":1,"featured_media":0,"parent":9757,"menu_order":0,"comment_status":"closed","ping_status":"closed","template":"","meta":{"_acf_changed":false,"footnotes":""},"class_list":["post-9737","page","type-page","status-publish","hentry"],"acf":[],"yoast_head":"<!-- This site is optimized with the Yoast SEO plugin v26.8 - https:\/\/yoast.com\/product\/yoast-seo-wordpress\/ -->\n<title>Aplica\u021bii | IMPACT<\/title>\n<meta name=\"robots\" content=\"noindex, follow, max-snippet:-1, max-image-preview:large, max-video-preview:-1\" \/>\n<meta property=\"og:locale\" content=\"ro_RO\" \/>\n<meta property=\"og:type\" content=\"article\" \/>\n<meta property=\"og:title\" content=\"Aplica\u021bii | IMPACT\" \/>\n<meta property=\"og:description\" content=\"[vc_row full_width=&#8221;stretch_row&#8221; content_placement=&#8221;bottom&#8221; row_height=&#8221;row_400px&#8221; bg_color=&#8221;bg_green&#8221; css=&#8221;.vc_custom_1758785714205{background-color: bg_green !important;}&#8221;][vc_column][\/vc_column][\/vc_row][vc_row full_width=&#8221;stretch_row&#8221; bg_color=&#8221;bg_gray&#8221;][vc_column][vc_row_inner content_placement=&#8221;middle&#8221;][vc_column_inner width=&#8221;1\/12&#8243;][\/vc_column_inner][vc_column_inner width=&#8221;10\/12&#8243;][\/vc_column_inner][vc_column_inner width=&#8221;1\/12&#8243;][\/vc_column_inner][\/vc_row_inner][\/vc_column][\/vc_row]\" \/>\n<meta property=\"og:url\" content=\"https:\/\/impact.ontwikkeladres.nl\/ro\/candidati\/intrebari-frecvente\/aplicatii\/\" \/>\n<meta property=\"og:site_name\" content=\"IMPACT\" \/>\n<meta property=\"article:publisher\" content=\"https:\/\/www.facebook.com\/jobs.impact\" \/>\n<meta property=\"article:modified_time\" content=\"2025-11-07T14:22:20+00:00\" \/>\n<meta property=\"og:image\" content=\"https:\/\/impact.ontwikkeladres.nl\/wp-content\/uploads\/2025\/11\/Social-share.jpg\" \/>\n\t<meta property=\"og:image:width\" content=\"1200\" \/>\n\t<meta property=\"og:image:height\" content=\"675\" \/>\n\t<meta property=\"og:image:type\" content=\"image\/jpeg\" \/>\n<meta name=\"twitter:card\" content=\"summary_large_image\" \/>\n<meta name=\"twitter:label1\" content=\"Timp estimat pentru citire\" \/>\n\t<meta name=\"twitter:data1\" content=\"3 minute\" \/>\n<script type=\"application\/ld+json\" class=\"yoast-schema-graph\">{\"@context\":\"https:\/\/schema.org\",\"@graph\":[{\"@type\":\"WebPage\",\"@id\":\"https:\/\/impact.ontwikkeladres.nl\/ro\/candidati\/intrebari-frecvente\/aplicatii\/\",\"url\":\"https:\/\/impact.ontwikkeladres.nl\/ro\/candidati\/intrebari-frecvente\/aplicatii\/\",\"name\":\"Aplica\u021bii | IMPACT\",\"isPartOf\":{\"@id\":\"https:\/\/impact.ontwikkeladres.nl\/ro\/#website\"},\"datePublished\":\"2025-09-24T09:51:26+00:00\",\"dateModified\":\"2025-11-07T14:22:20+00:00\",\"breadcrumb\":{\"@id\":\"https:\/\/impact.ontwikkeladres.nl\/ro\/candidati\/intrebari-frecvente\/aplicatii\/#breadcrumb\"},\"inLanguage\":\"ro-RO\",\"potentialAction\":[{\"@type\":\"ReadAction\",\"target\":[\"https:\/\/impact.ontwikkeladres.nl\/ro\/candidati\/intrebari-frecvente\/aplicatii\/\"]}]},{\"@type\":\"BreadcrumbList\",\"@id\":\"https:\/\/impact.ontwikkeladres.nl\/ro\/candidati\/intrebari-frecvente\/aplicatii\/#breadcrumb\",\"itemListElement\":[{\"@type\":\"ListItem\",\"position\":1,\"name\":\"Home\",\"item\":\"https:\/\/impact.ontwikkeladres.nl\/ro\/\"},{\"@type\":\"ListItem\",\"position\":2,\"name\":\"Candida\u021bi\",\"item\":\"https:\/\/impact.ontwikkeladres.nl\/ro\/\"},{\"@type\":\"ListItem\",\"position\":3,\"name\":\"\u00ceNTREB\u0102RI FRECVENTE\",\"item\":\"https:\/\/impact.ontwikkeladres.nl\/ro\/candidati\/intrebari-frecvente\/\"},{\"@type\":\"ListItem\",\"position\":4,\"name\":\"Aplica\u021bii\"}]},{\"@type\":\"WebSite\",\"@id\":\"https:\/\/impact.ontwikkeladres.nl\/ro\/#website\",\"url\":\"https:\/\/impact.ontwikkeladres.nl\/ro\/\",\"name\":\"IMPACT\",\"description\":\"Impact website\",\"inLanguage\":\"ro-RO\"}]}<\/script>\n<!-- \/ Yoast SEO plugin. -->","yoast_head_json":{"title":"Aplica\u021bii | IMPACT","robots":{"index":"noindex","follow":"follow","max-snippet":"max-snippet:-1","max-image-preview":"max-image-preview:large","max-video-preview":"max-video-preview:-1"},"og_locale":"ro_RO","og_type":"article","og_title":"Aplica\u021bii | IMPACT","og_description":"[vc_row full_width=&#8221;stretch_row&#8221; content_placement=&#8221;bottom&#8221; row_height=&#8221;row_400px&#8221; bg_color=&#8221;bg_green&#8221; css=&#8221;.vc_custom_1758785714205{background-color: bg_green !important;}&#8221;][vc_column][\/vc_column][\/vc_row][vc_row full_width=&#8221;stretch_row&#8221; bg_color=&#8221;bg_gray&#8221;][vc_column][vc_row_inner content_placement=&#8221;middle&#8221;][vc_column_inner width=&#8221;1\/12&#8243;][\/vc_column_inner][vc_column_inner width=&#8221;10\/12&#8243;][\/vc_column_inner][vc_column_inner width=&#8221;1\/12&#8243;][\/vc_column_inner][\/vc_row_inner][\/vc_column][\/vc_row]","og_url":"https:\/\/impact.ontwikkeladres.nl\/ro\/candidati\/intrebari-frecvente\/aplicatii\/","og_site_name":"IMPACT","article_publisher":"https:\/\/www.facebook.com\/jobs.impact","article_modified_time":"2025-11-07T14:22:20+00:00","og_image":[{"width":1200,"height":675,"url":"https:\/\/impact.ontwikkeladres.nl\/wp-content\/uploads\/2025\/11\/Social-share.jpg","type":"image\/jpeg"}],"twitter_card":"summary_large_image","twitter_misc":{"Timp estimat pentru citire":"3 minute"},"schema":{"@context":"https:\/\/schema.org","@graph":[{"@type":"WebPage","@id":"https:\/\/impact.ontwikkeladres.nl\/ro\/candidati\/intrebari-frecvente\/aplicatii\/","url":"https:\/\/impact.ontwikkeladres.nl\/ro\/candidati\/intrebari-frecvente\/aplicatii\/","name":"Aplica\u021bii | IMPACT","isPartOf":{"@id":"https:\/\/impact.ontwikkeladres.nl\/ro\/#website"},"datePublished":"2025-09-24T09:51:26+00:00","dateModified":"2025-11-07T14:22:20+00:00","breadcrumb":{"@id":"https:\/\/impact.ontwikkeladres.nl\/ro\/candidati\/intrebari-frecvente\/aplicatii\/#breadcrumb"},"inLanguage":"ro-RO","potentialAction":[{"@type":"ReadAction","target":["https:\/\/impact.ontwikkeladres.nl\/ro\/candidati\/intrebari-frecvente\/aplicatii\/"]}]},{"@type":"BreadcrumbList","@id":"https:\/\/impact.ontwikkeladres.nl\/ro\/candidati\/intrebari-frecvente\/aplicatii\/#breadcrumb","itemListElement":[{"@type":"ListItem","position":1,"name":"Home","item":"https:\/\/impact.ontwikkeladres.nl\/ro\/"},{"@type":"ListItem","position":2,"name":"Candida\u021bi","item":"https:\/\/impact.ontwikkeladres.nl\/ro\/"},{"@type":"ListItem","position":3,"name":"\u00ceNTREB\u0102RI FRECVENTE","item":"https:\/\/impact.ontwikkeladres.nl\/ro\/candidati\/intrebari-frecvente\/"},{"@type":"ListItem","position":4,"name":"Aplica\u021bii"}]},{"@type":"WebSite","@id":"https:\/\/impact.ontwikkeladres.nl\/ro\/#website","url":"https:\/\/impact.ontwikkeladres.nl\/ro\/","name":"IMPACT","description":"Impact website","inLanguage":"ro-RO"}]}},"_links":{"self":[{"href":"https:\/\/impact.ontwikkeladres.nl\/ro\/wp-json\/wp\/v2\/pages\/9737","targetHints":{"allow":["GET"]}}],"collection":[{"href":"https:\/\/impact.ontwikkeladres.nl\/ro\/wp-json\/wp\/v2\/pages"}],"about":[{"href":"https:\/\/impact.ontwikkeladres.nl\/ro\/wp-json\/wp\/v2\/types\/page"}],"author":[{"embeddable":true,"href":"https:\/\/impact.ontwikkeladres.nl\/ro\/wp-json\/wp\/v2\/users\/1"}],"replies":[{"embeddable":true,"href":"https:\/\/impact.ontwikkeladres.nl\/ro\/wp-json\/wp\/v2\/comments?post=9737"}],"version-history":[{"count":1,"href":"https:\/\/impact.ontwikkeladres.nl\/ro\/wp-json\/wp\/v2\/pages\/9737\/revisions"}],"predecessor-version":[{"id":9740,"href":"https:\/\/impact.ontwikkeladres.nl\/ro\/wp-json\/wp\/v2\/pages\/9737\/revisions\/9740"}],"up":[{"embeddable":true,"href":"https:\/\/impact.ontwikkeladres.nl\/ro\/wp-json\/wp\/v2\/pages\/9757"}],"wp:attachment":[{"href":"https:\/\/impact.ontwikkeladres.nl\/ro\/wp-json\/wp\/v2\/media?parent=9737"}],"curies":[{"name":"wp","href":"https:\/\/api.w.org\/{rel}","templated":true}]}}