{"id":9807,"date":"2025-09-22T14:23:45","date_gmt":"2025-09-22T12:23:45","guid":{"rendered":"https:\/\/impact.ontwikkeladres.nl\/candidati\/testimoniale\/"},"modified":"2025-11-11T11:12:52","modified_gmt":"2025-11-11T10:12:52","slug":"testimoniale","status":"publish","type":"page","link":"https:\/\/impact.ontwikkeladres.nl\/ro\/candidati\/testimoniale\/","title":{"rendered":"Testimoniale"},"content":{"rendered":"<div class=\"wpb-content-wrapper\"><p>[vc_row full_width=&#8221;stretch_row&#8221; content_placement=&#8221;bottom&#8221; row_height=&#8221;row_800px&#8221; bg_color=&#8221;bg_green&#8221; css=&#8221;.vc_custom_1759838311028{padding-top: 0px !important;padding-bottom: 0px !important;background-color: bg_gray !important;}&#8221;][vc_column]\r\n            <div class=\"sd-block-testimonial-highlight color-green\">\r\n                <div class=\"content\">\r\n                    \n        <div class=\"sd-block-breadcrumb  align-left color-white marginbottom-0px\n        \">\n            <ul id=\"breadcrumbs\" class=\"breadcrumbs\"><\/ul>\n        <\/div>\r\n                    \n        <div class=\"sd-block-title \">\n            <h1 class=\"sd-block-title-htag  marginbottom-30px align-left color-white font-xlarge\n            \">\n\t\t\t\t\n            \tFace\u021bi cuno\u0219tin\u021b\u0103 cu Marek, vopsitor de mobil\u0103\n\t\t\t<\/h1>\n        <\/div>\r\n                    \r\n        <div class=\"sd-block-text  marginbottom-30px color-white\r\n        \">\r\n        \t\r\n            <p>Descoperi\u021bi cum a optat Marek pentru primul s\u0103u job ca lucr\u0103tor temporar.<\/p>\n\r\n        <\/div>\r\n                    \r\n        <div class=\"sd-block-button  marginbottom-0px align-left button-type-background button-size-large background-color-fluent_yellow\">\r\n            <a class=\"inner-button\"\r\n            href=\"https:\/\/impact.ontwikkeladres.nl\/ro\/candida\u021bi\/testimonials\/marek-trojanowski\/\" title=\"Cite\u0219te povestea\">\r\n                <div class=\"button-content\">\r\n                    <span>Cite\u0219te povestea<\/span>\r\n\t\t\t\t    <svg height=\"15\" width=\"15\" xmlns=\"http:\/\/www.w3.org\/2000\/svg\" viewBox=\"0 0 15 13.56\"><path fill=\"currentColor\" d=\"M0,5.64h11.64L7.56,0h2.64l4.8,6.84-4.8,6.72h-2.64l4.08-5.64H0v-2.28Z\"\/><\/svg>\r\n                <\/div>\r\n            <\/a>\r\n        <\/div>\r\n                <\/div>\r\n                <div class=\"background-image\">\r\n                    <img decoding=\"async\" src=\"https:\/\/impact.ontwikkeladres.nl\/wp-content\/uploads\/2025\/11\/Marek-Trojanowski.jpg\" alt=\"Marek Trojanowski\">\r\n                    <svg height=\"15px\" width=\"8px\" xmlns=\"http:\/\/www.w3.org\/2000\/svg\" viewBox=\"0 0 49.62 90\"><polygon fill=\"currentColor\" points=\"0 90 0 0 49.62 0 0 90\"\/><\/svg>\r\n                <\/div>\r\n            <\/div>[\/vc_column][\/vc_row][vc_row][vc_column]\n        <div class=\"sd-block-title \">\n            <h2 class=\"sd-block-title-htag  marginbottom-30px align-left color-dark_gray\n            \">\n\t\t\t\t\n            \tDescoper\u0103 toate pove\u0219tile\n\t\t\t<\/h2>\n        <\/div>\r\n        <div class=\"sd-block-testimonial-overview\r\n        \t\r\n\t\t\" data-atts=\"{&quot;posts_per_page&quot;:&quot;6&quot;,&quot;pagination&quot;:&quot;no&quot;,&quot;exclude_first&quot;:&quot;no&quot;}\" data-page-id=\"1\">\r\n            <div class=\"testimonial-grid\">\r\n                        <a title=\"Marek Trojanowski\" href=\"https:\/\/impact.ontwikkeladres.nl\/ro\/candida\u021bi\/testimonials\/marek-trojanowski\/\" class=\"testimonial-tile\">\r\n                            <div class=\"author\">\r\n                                \n        <div class=\"sd-block-title \">\n            <h2 class=\"sd-block-title-htag  marginbottom-0px align-left color-white font-small\n            \">\n\t\t\t\t\n            \tFace\u021bi cuno\u0219tin\u021b\u0103 cu Marek\n\t\t\t<\/h2>\n        <\/div>\r\n                                <div class=\"job-description\">vopsitor de mobil\u0103<\/div>\r\n                            <\/div>\r\n                            <img decoding=\"async\" src=\"https:\/\/impact.ontwikkeladres.nl\/wp-content\/uploads\/2025\/11\/Marek-Trojanowski.jpg\" alt=\"Marek Trojanowski\">\r\n                            <div class=\"testimonial-button\">\r\n                                <svg height=\"15\" width=\"15\" xmlns=\"http:\/\/www.w3.org\/2000\/svg\" viewBox=\"0 0 15 13.56\"><path fill=\"currentColor\" d=\"M0,5.64h11.64L7.56,0h2.64l4.8,6.84-4.8,6.72h-2.64l4.08-5.64H0v-2.28Z\"\/><\/svg>\r\n                            <\/div>\r\n                        <\/a>\r\n                        <a title=\"M\u00e9lan Chaspierre\" href=\"https:\/\/impact.ontwikkeladres.nl\/ro\/candida\u021bi\/testimonials\/melan-chaspierre\/\" class=\"testimonial-tile\">\r\n                            <div class=\"author\">\r\n                                \n        <div class=\"sd-block-title \">\n            <h2 class=\"sd-block-title-htag  marginbottom-0px align-left color-white font-small\n            \">\n\t\t\t\t\n            \tFace\u021bi cuno\u0219tin\u021b\u0103 cu M\u00e9lan\n\t\t\t<\/h2>\n        <\/div>\r\n                                <div class=\"job-description\">Electrician<\/div>\r\n                            <\/div>\r\n                            <img decoding=\"async\" src=\"https:\/\/impact.ontwikkeladres.nl\/wp-content\/uploads\/2025\/09\/Melan.jpg\" alt=\"M\u00e9lan Chaspierre\">\r\n                            <div class=\"testimonial-button\">\r\n                                <svg height=\"15\" width=\"15\" xmlns=\"http:\/\/www.w3.org\/2000\/svg\" viewBox=\"0 0 15 13.56\"><path fill=\"currentColor\" d=\"M0,5.64h11.64L7.56,0h2.64l4.8,6.84-4.8,6.72h-2.64l4.08-5.64H0v-2.28Z\"\/><\/svg>\r\n                            <\/div>\r\n                        <\/a>\r\n                        <a title=\"Emilien Catherine\" href=\"https:\/\/impact.ontwikkeladres.nl\/ro\/candida\u021bi\/testimonials\/emilien-catherine\/\" class=\"testimonial-tile\">\r\n                            <div class=\"author\">\r\n                                \n        <div class=\"sd-block-title \">\n            <h2 class=\"sd-block-title-htag  marginbottom-0px align-left color-white font-small\n            \">\n\t\t\t\t\n            \tFace\u021bi cuno\u0219tin\u021b\u0103 cu Emilien\n\t\t\t<\/h2>\n        <\/div>\r\n                                <div class=\"job-description\">Mecanic<\/div>\r\n                            <\/div>\r\n                            <img decoding=\"async\" src=\"https:\/\/impact.ontwikkeladres.nl\/wp-content\/uploads\/2025\/09\/Emilien.jpg\" alt=\"Emilien Catherine\">\r\n                            <div class=\"testimonial-button\">\r\n                                <svg height=\"15\" width=\"15\" xmlns=\"http:\/\/www.w3.org\/2000\/svg\" viewBox=\"0 0 15 13.56\"><path fill=\"currentColor\" d=\"M0,5.64h11.64L7.56,0h2.64l4.8,6.84-4.8,6.72h-2.64l4.08-5.64H0v-2.28Z\"\/><\/svg>\r\n                            <\/div>\r\n                        <\/a>\r\n                        <a title=\"Daan Magnette\" href=\"https:\/\/impact.ontwikkeladres.nl\/ro\/candida\u021bi\/testimonials\/daan-magnette\/\" class=\"testimonial-tile\">\r\n                            <div class=\"author\">\r\n                                \n        <div class=\"sd-block-title \">\n            <h2 class=\"sd-block-title-htag  marginbottom-0px align-left color-white font-small\n            \">\n\t\t\t\t\n            \tFace\u021bi cuno\u0219tin\u021b\u0103 cu Daan\n\t\t\t<\/h2>\n        <\/div>\r\n                                <div class=\"job-description\">Sudor<\/div>\r\n                            <\/div>\r\n                            <img decoding=\"async\" src=\"https:\/\/impact.ontwikkeladres.nl\/wp-content\/uploads\/2025\/09\/Daan.jpg\" alt=\"Daan Magnette\">\r\n                            <div class=\"testimonial-button\">\r\n                                <svg height=\"15\" width=\"15\" xmlns=\"http:\/\/www.w3.org\/2000\/svg\" viewBox=\"0 0 15 13.56\"><path fill=\"currentColor\" d=\"M0,5.64h11.64L7.56,0h2.64l4.8,6.84-4.8,6.72h-2.64l4.08-5.64H0v-2.28Z\"\/><\/svg>\r\n                            <\/div>\r\n                        <\/a>\r\n                        <a title=\"Beniamino Traina\" href=\"https:\/\/impact.ontwikkeladres.nl\/ro\/candida\u021bi\/testimonials\/beniamino-traina\/\" class=\"testimonial-tile\">\r\n                            <div class=\"author\">\r\n                                \n        <div class=\"sd-block-title \">\n            <h2 class=\"sd-block-title-htag  marginbottom-0px align-left color-white font-small\n            \">\n\t\t\t\t\n            \tFace\u021bi cuno\u0219tin\u021b\u0103 cu Beniamino\n\t\t\t<\/h2>\n        <\/div>\r\n                                <div class=\"job-description\">Lucr\u0103tor depozit<\/div>\r\n                            <\/div>\r\n                            <img decoding=\"async\" src=\"https:\/\/impact.ontwikkeladres.nl\/wp-content\/uploads\/2025\/09\/Beniamino.jpg\" alt=\"Beniamino Traina\">\r\n                            <div class=\"testimonial-button\">\r\n                                <svg height=\"15\" width=\"15\" xmlns=\"http:\/\/www.w3.org\/2000\/svg\" viewBox=\"0 0 15 13.56\"><path fill=\"currentColor\" d=\"M0,5.64h11.64L7.56,0h2.64l4.8,6.84-4.8,6.72h-2.64l4.08-5.64H0v-2.28Z\"\/><\/svg>\r\n                            <\/div>\r\n                        <\/a>\r\n                        <a title=\"Anas Ben Ayad\" href=\"https:\/\/impact.ontwikkeladres.nl\/ro\/candida\u021bi\/testimonials\/anas-ben-ayad\/\" class=\"testimonial-tile\">\r\n                            <div class=\"author\">\r\n                                \n        <div class=\"sd-block-title \">\n            <h2 class=\"sd-block-title-htag  marginbottom-0px align-left color-white font-small\n            \">\n\t\t\t\t\n            \tFace\u021bi cuno\u0219tin\u021b\u0103 cu Anas\n\t\t\t<\/h2>\n        <\/div>\r\n                                <div class=\"job-description\">Instalator de ecrane solare<\/div>\r\n                            <\/div>\r\n                            <img decoding=\"async\" src=\"https:\/\/impact.ontwikkeladres.nl\/wp-content\/uploads\/2025\/09\/Anas.jpg\" alt=\"Anas Ben Ayad\">\r\n                            <div class=\"testimonial-button\">\r\n                                <svg height=\"15\" width=\"15\" xmlns=\"http:\/\/www.w3.org\/2000\/svg\" viewBox=\"0 0 15 13.56\"><path fill=\"currentColor\" d=\"M0,5.64h11.64L7.56,0h2.64l4.8,6.84-4.8,6.72h-2.64l4.08-5.64H0v-2.28Z\"\/><\/svg>\r\n                            <\/div>\r\n                        <\/a><\/div><\/div>[\/vc_column][\/vc_row][vc_row full_width=&#8221;stretch_row&#8221; content_placement=&#8221;middle&#8221; bg_color=&#8221;bg_gray&#8221; css=&#8221;.vc_custom_1759404161127{background-color: bg_gray !important;}&#8221;][vc_column width=&#8221;1\/2&#8243;]\r\n        <div class=\"sd-block-image image-count-1  align-Left marginbottom-30px\r\n        \"><img decoding=\"async\" title=\"\" alt=\"\" src=\"https:\/\/impact.ontwikkeladres.nl\/wp-content\/uploads\/2025\/10\/Stefanie.jpg\">\r\n        <\/div>[\/vc_column][vc_column width=&#8221;1\/12&#8243;][\/vc_column][vc_column width=&#8221;5\/12&#8243;]\n        <div class=\"sd-block-title \">\n            <h2 class=\"sd-block-title-htag  marginbottom-30px align-left color-white\n            \">\n\t\t\t\t\n            \tIMPACT, agen\u021bia de ocupare a for\u021bei de munc\u0103 care te cunoa\u0219te cu adev\u0103rat\n\t\t\t<\/h2>\n        <\/div>\r\n        <div class=\"sd-block-text  marginbottom-30px color-white\r\n        \">\r\n        \t\r\n            <p>Talentul t\u0103u este la locul potrivit? Acesta devine un adev\u0103rat succes doar atunci c\u00e2nd ne facem timp s\u0103 te cunoa\u0219tem foarte bine. \u00cen acest fel, v\u0103 putem potrivi personalitatea, a\u0219tept\u0103rile \u0219i ambi\u021biile cu locul de munc\u0103 \u0219i angajatorul potrivit.<\/p>\n\r\n        <\/div>[vc_row_inner][vc_column_inner width=&#8221;1\/2&#8243;]\r\n        <div class=\"sd-block-button  marginbottom-30px align-left button-type-text text-size-normal text-color-white\">\r\n            <a class=\"inner-button\"\r\n            href=\"https:\/\/impact.ontwikkeladres.nl\/ro\/candidati\/lucrul-in-constructii\/\" title=\"Locuri de munc\u0103 \u00een construc\u021bii\">\r\n                <div class=\"button-content\">\r\n                    <span>Locuri de munc\u0103 \u00een construc\u021bii<\/span>\r\n\t\t\t\t    <svg height=\"15\" width=\"15\" xmlns=\"http:\/\/www.w3.org\/2000\/svg\" viewBox=\"0 0 15 13.56\"><path fill=\"currentColor\" d=\"M0,5.64h11.64L7.56,0h2.64l4.8,6.84-4.8,6.72h-2.64l4.08-5.64H0v-2.28Z\"\/><\/svg>\r\n                <\/div>\r\n            <\/a>\r\n        <\/div>\r\n        <div class=\"sd-block-button  marginbottom-30px align-left button-type-text text-size-normal text-color-white\">\r\n            <a class=\"inner-button\"\r\n            href=\"https:\/\/impact.ontwikkeladres.nl\/ro\/candidati\/lucrul-in-productie\/\" title=\"Locuri de munc\u0103 \u00een industria prelucr\u0103toare\">\r\n                <div class=\"button-content\">\r\n                    <span>Locuri de munc\u0103 \u00een industria prelucr\u0103toare<\/span>\r\n\t\t\t\t    <svg height=\"15\" width=\"15\" xmlns=\"http:\/\/www.w3.org\/2000\/svg\" viewBox=\"0 0 15 13.56\"><path fill=\"currentColor\" d=\"M0,5.64h11.64L7.56,0h2.64l4.8,6.84-4.8,6.72h-2.64l4.08-5.64H0v-2.28Z\"\/><\/svg>\r\n                <\/div>\r\n            <\/a>\r\n        <\/div>[\/vc_column_inner][vc_column_inner width=&#8221;1\/2&#8243;]\r\n        <div class=\"sd-block-button  marginbottom-30px align-left button-type-text text-size-normal text-color-white\">\r\n            <a class=\"inner-button\"\r\n            href=\"https:\/\/impact.ontwikkeladres.nl\/ro\/candidati\/lucrul-in-inginerie\/\" title=\"Locuri de munc\u0103 \u00een inginerie\">\r\n                <div class=\"button-content\">\r\n                    <span>Locuri de munc\u0103 \u00een inginerie<\/span>\r\n\t\t\t\t    <svg height=\"15\" width=\"15\" xmlns=\"http:\/\/www.w3.org\/2000\/svg\" viewBox=\"0 0 15 13.56\"><path fill=\"currentColor\" d=\"M0,5.64h11.64L7.56,0h2.64l4.8,6.84-4.8,6.72h-2.64l4.08-5.64H0v-2.28Z\"\/><\/svg>\r\n                <\/div>\r\n            <\/a>\r\n        <\/div>\r\n        <div class=\"sd-block-button  marginbottom-30px align-left button-type-text text-size-normal text-color-white\">\r\n            <a class=\"inner-button\"\r\n            href=\"https:\/\/impact.ontwikkeladres.nl\/ro\/candidati\/lucrul-in-logistica-si-transport\/\" title=\"Locuri de munc\u0103 \u00een logistic\u0103 \u0219i transport\">\r\n                <div class=\"button-content\">\r\n                    <span>Locuri de munc\u0103 \u00een logistic\u0103 \u0219i transport<\/span>\r\n\t\t\t\t    <svg height=\"15\" width=\"15\" xmlns=\"http:\/\/www.w3.org\/2000\/svg\" viewBox=\"0 0 15 13.56\"><path fill=\"currentColor\" d=\"M0,5.64h11.64L7.56,0h2.64l4.8,6.84-4.8,6.72h-2.64l4.08-5.64H0v-2.28Z\"\/><\/svg>\r\n                <\/div>\r\n            <\/a>\r\n        <\/div>[\/vc_column_inner][\/vc_row_inner][\/vc_column][\/vc_row]<\/p>\n<\/div>","protected":false},"excerpt":{"rendered":"<p>[vc_row full_width=&#8221;stretch_row&#8221; content_placement=&#8221;bottom&#8221; row_height=&#8221;row_800px&#8221; bg_color=&#8221;bg_green&#8221; css=&#8221;.vc_custom_1759838311028{padding-top: 0px !important;padding-bottom: 0px !important;background-color: bg_gray !important;}&#8221;][vc_column][\/vc_column][\/vc_row][vc_row][vc_column][\/vc_column][\/vc_row][vc_row full_width=&#8221;stretch_row&#8221; content_placement=&#8221;middle&#8221; bg_color=&#8221;bg_gray&#8221; css=&#8221;.vc_custom_1759404161127{background-color: bg_gray !important;}&#8221;][vc_column width=&#8221;1\/2&#8243;][\/vc_column][vc_column width=&#8221;1\/12&#8243;][\/vc_column][vc_column width=&#8221;5\/12&#8243;][vc_row_inner][vc_column_inner width=&#8221;1\/2&#8243;][\/vc_column_inner][vc_column_inner width=&#8221;1\/2&#8243;][\/vc_column_inner][\/vc_row_inner][\/vc_column][\/vc_row]<\/p>\n","protected":false},"author":1,"featured_media":0,"parent":5190,"menu_order":0,"comment_status":"closed","ping_status":"closed","template":"","meta":{"_acf_changed":false,"footnotes":""},"class_list":["post-9807","page","type-page","status-publish","hentry"],"acf":[],"yoast_head":"<!-- This site is optimized with the Yoast SEO plugin v26.8 - https:\/\/yoast.com\/product\/yoast-seo-wordpress\/ -->\n<title>Testimoniale | IMPACT<\/title>\n<meta name=\"description\" content=\"L\u0103sa\u021bi-v\u0103 inspira\u021bi de m\u0103rturiile lucr\u0103torilor temporari satisf\u0103cu\u021bi care au g\u0103sit un loc de munc\u0103 adaptat nevoilor lor \u00een sectorul tehnic sau al construc\u021biilor prin intermediul IMPACT.\" \/>\n<meta name=\"robots\" content=\"noindex, follow, max-snippet:-1, max-image-preview:large, max-video-preview:-1\" \/>\n<meta property=\"og:locale\" content=\"ro_RO\" \/>\n<meta property=\"og:type\" content=\"article\" \/>\n<meta property=\"og:title\" content=\"Testimoniale | IMPACT\" \/>\n<meta property=\"og:description\" content=\"L\u0103sa\u021bi-v\u0103 inspira\u021bi de m\u0103rturiile lucr\u0103torilor temporari satisf\u0103cu\u021bi care au g\u0103sit un loc de munc\u0103 adaptat nevoilor lor \u00een sectorul tehnic sau al construc\u021biilor prin intermediul IMPACT.\" \/>\n<meta property=\"og:url\" content=\"https:\/\/impact.ontwikkeladres.nl\/ro\/candidati\/testimoniale\/\" \/>\n<meta property=\"og:site_name\" content=\"IMPACT\" \/>\n<meta property=\"article:publisher\" content=\"https:\/\/www.facebook.com\/jobs.impact\" \/>\n<meta property=\"article:modified_time\" content=\"2025-11-11T10:12:52+00:00\" \/>\n<meta property=\"og:image\" content=\"https:\/\/impact.ontwikkeladres.nl\/wp-content\/uploads\/2025\/11\/Social-share.jpg\" \/>\n\t<meta property=\"og:image:width\" content=\"1200\" \/>\n\t<meta property=\"og:image:height\" content=\"675\" \/>\n\t<meta property=\"og:image:type\" content=\"image\/jpeg\" \/>\n<meta name=\"twitter:card\" content=\"summary_large_image\" \/>\n<meta name=\"twitter:label1\" content=\"Timp estimat pentru citire\" \/>\n\t<meta name=\"twitter:data1\" content=\"2 minute\" \/>\n<script type=\"application\/ld+json\" class=\"yoast-schema-graph\">{\"@context\":\"https:\/\/schema.org\",\"@graph\":[{\"@type\":\"WebPage\",\"@id\":\"https:\/\/impact.ontwikkeladres.nl\/ro\/candidati\/testimoniale\/\",\"url\":\"https:\/\/impact.ontwikkeladres.nl\/ro\/candidati\/testimoniale\/\",\"name\":\"Testimoniale | IMPACT\",\"isPartOf\":{\"@id\":\"https:\/\/impact.ontwikkeladres.nl\/ro\/#website\"},\"datePublished\":\"2025-09-22T12:23:45+00:00\",\"dateModified\":\"2025-11-11T10:12:52+00:00\",\"description\":\"L\u0103sa\u021bi-v\u0103 inspira\u021bi de m\u0103rturiile lucr\u0103torilor temporari satisf\u0103cu\u021bi care au g\u0103sit un loc de munc\u0103 adaptat nevoilor lor \u00een sectorul tehnic sau al construc\u021biilor prin intermediul IMPACT.\",\"breadcrumb\":{\"@id\":\"https:\/\/impact.ontwikkeladres.nl\/ro\/candidati\/testimoniale\/#breadcrumb\"},\"inLanguage\":\"ro-RO\",\"potentialAction\":[{\"@type\":\"ReadAction\",\"target\":[\"https:\/\/impact.ontwikkeladres.nl\/ro\/candidati\/testimoniale\/\"]}]},{\"@type\":\"BreadcrumbList\",\"@id\":\"https:\/\/impact.ontwikkeladres.nl\/ro\/candidati\/testimoniale\/#breadcrumb\",\"itemListElement\":[{\"@type\":\"ListItem\",\"position\":1,\"name\":\"Home\",\"item\":\"https:\/\/impact.ontwikkeladres.nl\/ro\/\"},{\"@type\":\"ListItem\",\"position\":2,\"name\":\"Candida\u021bi\",\"item\":\"https:\/\/impact.ontwikkeladres.nl\/ro\/\"},{\"@type\":\"ListItem\",\"position\":3,\"name\":\"Testimoniale\"}]},{\"@type\":\"WebSite\",\"@id\":\"https:\/\/impact.ontwikkeladres.nl\/ro\/#website\",\"url\":\"https:\/\/impact.ontwikkeladres.nl\/ro\/\",\"name\":\"IMPACT\",\"description\":\"Impact website\",\"inLanguage\":\"ro-RO\"}]}<\/script>\n<!-- \/ Yoast SEO plugin. -->","yoast_head_json":{"title":"Testimoniale | IMPACT","description":"L\u0103sa\u021bi-v\u0103 inspira\u021bi de m\u0103rturiile lucr\u0103torilor temporari satisf\u0103cu\u021bi care au g\u0103sit un loc de munc\u0103 adaptat nevoilor lor \u00een sectorul tehnic sau al construc\u021biilor prin intermediul IMPACT.","robots":{"index":"noindex","follow":"follow","max-snippet":"max-snippet:-1","max-image-preview":"max-image-preview:large","max-video-preview":"max-video-preview:-1"},"og_locale":"ro_RO","og_type":"article","og_title":"Testimoniale | IMPACT","og_description":"L\u0103sa\u021bi-v\u0103 inspira\u021bi de m\u0103rturiile lucr\u0103torilor temporari satisf\u0103cu\u021bi care au g\u0103sit un loc de munc\u0103 adaptat nevoilor lor \u00een sectorul tehnic sau al construc\u021biilor prin intermediul IMPACT.","og_url":"https:\/\/impact.ontwikkeladres.nl\/ro\/candidati\/testimoniale\/","og_site_name":"IMPACT","article_publisher":"https:\/\/www.facebook.com\/jobs.impact","article_modified_time":"2025-11-11T10:12:52+00:00","og_image":[{"width":1200,"height":675,"url":"https:\/\/impact.ontwikkeladres.nl\/wp-content\/uploads\/2025\/11\/Social-share.jpg","type":"image\/jpeg"}],"twitter_card":"summary_large_image","twitter_misc":{"Timp estimat pentru citire":"2 minute"},"schema":{"@context":"https:\/\/schema.org","@graph":[{"@type":"WebPage","@id":"https:\/\/impact.ontwikkeladres.nl\/ro\/candidati\/testimoniale\/","url":"https:\/\/impact.ontwikkeladres.nl\/ro\/candidati\/testimoniale\/","name":"Testimoniale | IMPACT","isPartOf":{"@id":"https:\/\/impact.ontwikkeladres.nl\/ro\/#website"},"datePublished":"2025-09-22T12:23:45+00:00","dateModified":"2025-11-11T10:12:52+00:00","description":"L\u0103sa\u021bi-v\u0103 inspira\u021bi de m\u0103rturiile lucr\u0103torilor temporari satisf\u0103cu\u021bi care au g\u0103sit un loc de munc\u0103 adaptat nevoilor lor \u00een sectorul tehnic sau al construc\u021biilor prin intermediul IMPACT.","breadcrumb":{"@id":"https:\/\/impact.ontwikkeladres.nl\/ro\/candidati\/testimoniale\/#breadcrumb"},"inLanguage":"ro-RO","potentialAction":[{"@type":"ReadAction","target":["https:\/\/impact.ontwikkeladres.nl\/ro\/candidati\/testimoniale\/"]}]},{"@type":"BreadcrumbList","@id":"https:\/\/impact.ontwikkeladres.nl\/ro\/candidati\/testimoniale\/#breadcrumb","itemListElement":[{"@type":"ListItem","position":1,"name":"Home","item":"https:\/\/impact.ontwikkeladres.nl\/ro\/"},{"@type":"ListItem","position":2,"name":"Candida\u021bi","item":"https:\/\/impact.ontwikkeladres.nl\/ro\/"},{"@type":"ListItem","position":3,"name":"Testimoniale"}]},{"@type":"WebSite","@id":"https:\/\/impact.ontwikkeladres.nl\/ro\/#website","url":"https:\/\/impact.ontwikkeladres.nl\/ro\/","name":"IMPACT","description":"Impact website","inLanguage":"ro-RO"}]}},"_links":{"self":[{"href":"https:\/\/impact.ontwikkeladres.nl\/ro\/wp-json\/wp\/v2\/pages\/9807","targetHints":{"allow":["GET"]}}],"collection":[{"href":"https:\/\/impact.ontwikkeladres.nl\/ro\/wp-json\/wp\/v2\/pages"}],"about":[{"href":"https:\/\/impact.ontwikkeladres.nl\/ro\/wp-json\/wp\/v2\/types\/page"}],"author":[{"embeddable":true,"href":"https:\/\/impact.ontwikkeladres.nl\/ro\/wp-json\/wp\/v2\/users\/1"}],"replies":[{"embeddable":true,"href":"https:\/\/impact.ontwikkeladres.nl\/ro\/wp-json\/wp\/v2\/comments?post=9807"}],"version-history":[{"count":9,"href":"https:\/\/impact.ontwikkeladres.nl\/ro\/wp-json\/wp\/v2\/pages\/9807\/revisions"}],"predecessor-version":[{"id":12121,"href":"https:\/\/impact.ontwikkeladres.nl\/ro\/wp-json\/wp\/v2\/pages\/9807\/revisions\/12121"}],"up":[{"embeddable":true,"href":"https:\/\/impact.ontwikkeladres.nl\/ro\/wp-json\/wp\/v2\/pages\/5190"}],"wp:attachment":[{"href":"https:\/\/impact.ontwikkeladres.nl\/ro\/wp-json\/wp\/v2\/media?parent=9807"}],"curies":[{"name":"wp","href":"https:\/\/api.w.org\/{rel}","templated":true}]}}