{"id":9848,"date":"2025-09-24T11:48:42","date_gmt":"2025-09-24T09:48:42","guid":{"rendered":"https:\/\/impact.ontwikkeladres.nl\/candidati\/intrebari-frecvente\/vacanta-si-wellness\/"},"modified":"2025-11-07T15:39:17","modified_gmt":"2025-11-07T14:39:17","slug":"vacanta-si-wellness","status":"publish","type":"page","link":"https:\/\/impact.ontwikkeladres.nl\/ro\/candidati\/intrebari-frecvente\/vacanta-si-wellness\/","title":{"rendered":"Vacan\u021b\u0103 \u0219i wellness"},"content":{"rendered":"<div class=\"wpb-content-wrapper\"><p>[vc_row full_width=&#8221;stretch_row&#8221; content_placement=&#8221;bottom&#8221; row_height=&#8221;row_400px&#8221; bg_color=&#8221;bg_green&#8221; css=&#8221;.vc_custom_1758785714205{background-color: bg_green !important;}&#8221;][vc_column]\n        <div class=\"sd-block-breadcrumb  align-left color-white marginbottom-30px\n        \">\n            <ul id=\"breadcrumbs\" class=\"breadcrumbs\"><\/ul>\n        <\/div>\n        <div class=\"sd-block-title \">\n            <h1 class=\"sd-block-title-htag  marginbottom-0px align-left color-white\n            \">\n\t\t\t\t\n            \tVacan\u021b\u0103 \u0219i wellness\n\t\t\t<\/h1>\n        <\/div>[\/vc_column][\/vc_row][vc_row full_width=&#8221;stretch_row&#8221; bg_color=&#8221;bg_gray&#8221;][vc_column]\r\n            <div class=\"sd-tabs vertical\">\r\n                <div class=\"sd-tabs-title-container\">\r\n                    \r\n                            <div class=\"sd-tabs-title active title-0\">\r\n                                \n        <div class=\"sd-block-title \">\n            <h3 class=\"sd-block-title-htag  marginbottom-0px align-left color-mint font-middle\n            \">\n\t\t\t\t\n            \t&#8221;Vacan\u021b\u0103&#8221;\n\t\t\t<\/h3>\n        <\/div>\r\n                            <\/div>\r\n                        \r\n                            <div class=\"sd-tabs-title title-1\">\r\n                                \n        <div class=\"sd-block-title \">\n            <h3 class=\"sd-block-title-htag  marginbottom-0px align-left color-mint font-middle\n            \">\n\t\t\t\t\n            \t&#8221;Asisten\u021b\u0103\n\t\t\t<\/h3>\n        <\/div>\r\n                            <\/div>\r\n                        \r\n                <\/div>\r\n                <div class=\"sd-tabs-content-container\">\r\n                            <div class=\"sd-tabs-content active content-0\">\r\n                                \n        <div class=\"sd-block-title \">\n            <h2 class=\"sd-block-title-htag  marginbottom-45px align-left color-white font-middle\n            \">\n\t\t\t\t\n            \tVacan\u021b\u0103\n\t\t\t<\/h2>\n        <\/div>\r\n        <div class=\"sd-block-faq  marginbottom-30px\">\r\n            <div class=\"faq-inner \">\r\n                <div class=\"faq-title\">\r\n                    \n        <div class=\"sd-block-title \">\n            <h3 class=\"sd-block-title-htag  marginbottom-0px align-left color-black font-mini\n            \">\n\t\t\t\t\n            \tAm dreptul la concedii pl\u0103tite?\n\t\t\t<\/h3>\n        <\/div>\r\n                    <div class=\"icon-container\">\r\n                        <svg xmlns=\"http:\/\/www.w3.org\/2000\/svg\" viewBox=\"0 0 14 14\"><path fill=\"currentColor\" d=\"M6,8H0V6h6V0h2v6h6v2H8v6H6V8z\"\/><\/svg>\r\n                    <\/div>\r\n                <\/div>\r\n                <div class=\"faq-content\">\r\n                    \r\n        <div class=\"sd-block-text  marginbottom-0px color-white\r\n        \">\r\n        \t\r\n            <p>Da! Indiferent dac\u0103 lucra\u021bi cu norm\u0103 \u00eentreag\u0103, cu frac\u021biune de norm\u0103, cu contract de munc\u0103 temporar\u0103 sau cu contract pe durat\u0103 nedeterminat\u0103: toat\u0103 lumea are dreptul, \u00een anumite condi\u021bii, la un num\u0103r de s\u0103rb\u0103tori legale (pl\u0103tite) \u0219i la orice zile de \u00eenlocuire a acestor s\u0103rb\u0103tori.<\/p>\n\r\n        <\/div>\r\n                <\/div>\r\n            <\/div>\r\n        <\/div>\r\n        <div class=\"sd-block-faq  marginbottom-30px\">\r\n            <div class=\"faq-inner \">\r\n                <div class=\"faq-title\">\r\n                    \n        <div class=\"sd-block-title \">\n            <h3 class=\"sd-block-title-htag  marginbottom-0px align-left color-black font-mini\n            \">\n\t\t\t\t\n            \tLa c\u00e2te zile de concediu am dreptul \u00een calitate de lucr\u0103tor temporar?\n\t\t\t<\/h3>\n        <\/div>\r\n                    <div class=\"icon-container\">\r\n                        <svg xmlns=\"http:\/\/www.w3.org\/2000\/svg\" viewBox=\"0 0 14 14\"><path fill=\"currentColor\" d=\"M6,8H0V6h6V0h2v6h6v2H8v6H6V8z\"\/><\/svg>\r\n                    <\/div>\r\n                <\/div>\r\n                <div class=\"faq-content\">\r\n                    \r\n        <div class=\"sd-block-text  marginbottom-0px color-white\r\n        \">\r\n        \t\r\n            <p>\u00cen calitate de lucr\u0103tor temporar, ave\u021bi dreptul la zile de concediu pl\u0103tite. Num\u0103rul depinde de num\u0103rul de zile lucrate \u00een anul precedent: cu c\u00e2t lucra\u021bi mai multe zile, cu at\u00e2t mai multe zile de concediu \u00een anul urm\u0103tor!   <\/p>\n<p>A\u021bi lucrat <strong>un an \u00eentreg \u00eentr-un sistem de 5 zile<\/strong>?<\/p>\n<ul class=\"checks\">\n<li>Ave\u021bi dreptul la un minim de 20 de concedii pl\u0103tite \u00een anul urm\u0103tor<\/li>\n<\/ul>\n<p>Ai lucrat <strong>un an \u00eentreg \u00eentr-un sistem de 6 zile<\/strong>?<\/p>\n<ul class=\"checks\">\n<li>Ave\u021bi dreptul la un minim de 24 de concedii pl\u0103tite \u00een anul urm\u0103tor<\/li>\n<\/ul>\n<p>A\u021bi fost <strong>\u0219omer pentru o perioad\u0103 <\/strong>sau a\u021bi <strong>lucrat cu jum\u0103tate de norm\u0103<\/strong>?<\/p>\n<ul class=\"checks\">\n<li>Din p\u0103cate, ave\u021bi mai pu\u021bine zile de concediu pl\u0103tit. Concret, num\u0103rul este calculat \u00een func\u021bie de &#8211; num\u0103rul de zile lucrate \u00een ultimul an. IMPACT este bucuros s\u0103 v\u0103 ajute \u00een acest sens.    <\/li>\n<\/ul>\n\r\n        <\/div>\r\n                <\/div>\r\n            <\/div>\r\n        <\/div>\r\n        <div class=\"sd-block-faq  marginbottom-30px\">\r\n            <div class=\"faq-inner \">\r\n                <div class=\"faq-title\">\r\n                    \n        <div class=\"sd-block-title \">\n            <h3 class=\"sd-block-title-htag  marginbottom-0px align-left color-black font-mini\n            \">\n\t\t\t\t\n            \tCum pot solicita un certificat de vacan\u021b\u0103 ca lucr\u0103tor temporar?\n\t\t\t<\/h3>\n        <\/div>\r\n                    <div class=\"icon-container\">\r\n                        <svg xmlns=\"http:\/\/www.w3.org\/2000\/svg\" viewBox=\"0 0 14 14\"><path fill=\"currentColor\" d=\"M6,8H0V6h6V0h2v6h6v2H8v6H6V8z\"\/><\/svg>\r\n                    <\/div>\r\n                <\/div>\r\n                <div class=\"faq-content\">\r\n                    \r\n        <div class=\"sd-block-text  marginbottom-0px color-white\r\n        \">\r\n        \t\r\n            <ul>\n<li><strong>Muncitor<\/strong>? <a href=\"https:\/\/www.rjv.fgov.be\/nl\/vakantiegeld\" target=\"_blank\" rel=\"noopener\">RJV<\/a> v\u0103 ofer\u0103 certificatele de vacan\u021b\u0103 necesare.   <\/li>\n<li><strong>Func\u021bionar<\/strong>? Ob\u021bine-\u021bi certificatele de la IMPACT.   <\/li>\n<\/ul>\n\r\n        <\/div>\r\n                <\/div>\r\n            <\/div>\r\n        <\/div>\r\n        <div class=\"sd-block-faq  marginbottom-30px\">\r\n            <div class=\"faq-inner \">\r\n                <div class=\"faq-title\">\r\n                    \n        <div class=\"sd-block-title \">\n            <h3 class=\"sd-block-title-htag  marginbottom-0px align-left color-black font-mini\n            \">\n\t\t\t\t\n            \t\u00cemi pot lua concediu ca angajat temporar?\n\t\t\t<\/h3>\n        <\/div>\r\n                    <div class=\"icon-container\">\r\n                        <svg xmlns=\"http:\/\/www.w3.org\/2000\/svg\" viewBox=\"0 0 14 14\"><path fill=\"currentColor\" d=\"M6,8H0V6h6V0h2v6h6v2H8v6H6V8z\"\/><\/svg>\r\n                    <\/div>\r\n                <\/div>\r\n                <div class=\"faq-content\">\r\n                    \r\n        <div class=\"sd-block-text  marginbottom-0px color-white\r\n        \">\r\n        \t\r\n            <p>Dac\u0103 se \u00eencadreaz\u0103 \u00een programul clientului dvs., \u00een calitate de lucr\u0103tor temporar pute\u021bi solicita oric\u00e2nd o zi de concediu. V\u0103 recomand\u0103m s\u0103 discuta\u021bi mai \u00eent\u00e2i acest lucru de comun acord.   <\/p>\n<p>Aten\u021bie: beneficia\u021bi de indemniza\u021bii de \u0219omaj, asigurare mutual\u0103 sau altele? Atunci asigura\u021bi-v\u0103 c\u0103 informa\u021bi autoritatea competent\u0103 dac\u0103 dori\u021bi s\u0103 v\u0103 lua\u021bi concediu \u00een zilele care nu fac obiectul contractului.<\/p>\n\r\n        <\/div>\r\n                <\/div>\r\n            <\/div>\r\n        <\/div>\r\n        <div class=\"sd-block-faq  marginbottom-30px\">\r\n            <div class=\"faq-inner \">\r\n                <div class=\"faq-title\">\r\n                    \n        <div class=\"sd-block-title \">\n            <h3 class=\"sd-block-title-htag  marginbottom-0px align-left color-black font-mini\n            \">\n\t\t\t\t\n            \tAm dreptul la concediu de maternitate \u00een calitate de lucr\u0103tor temporar?\n\t\t\t<\/h3>\n        <\/div>\r\n                    <div class=\"icon-container\">\r\n                        <svg xmlns=\"http:\/\/www.w3.org\/2000\/svg\" viewBox=\"0 0 14 14\"><path fill=\"currentColor\" d=\"M6,8H0V6h6V0h2v6h6v2H8v6H6V8z\"\/><\/svg>\r\n                    <\/div>\r\n                <\/div>\r\n                <div class=\"faq-content\">\r\n                    \r\n        <div class=\"sd-block-text  marginbottom-0px color-white\r\n        \">\r\n        \t\r\n            <p>Ca mam\u0103, ave\u021bi dreptul la 15 s\u0103pt\u0103m\u00e2ni de concediu de maternitate. Sunte\u021bi obligat\u0103 s\u0103 lua\u021bi o s\u0103pt\u0103m\u00e2n\u0103 de concediu \u00eenainte de data na\u0219terii \u0219i nou\u0103 s\u0103pt\u0103m\u00e2ni de concediu dup\u0103 na\u0219tere. Cele cinci s\u0103pt\u0103m\u00e2ni r\u0103mase le alege\u021bi dumneavoastr\u0103. \u00cen timpul concediului de maternitate, ve\u021bi primi indemniza\u021bii de maternitate de la compania dvs. de asigur\u0103ri de s\u0103n\u0103tate. A\u0219adar, informa\u021bi IMPACT \u0219i compania dvs. de asigur\u0103ri de s\u0103n\u0103tate c\u00e2t mai cur\u00e2nd posibil.<\/p>\n\r\n        <\/div>\r\n                <\/div>\r\n            <\/div>\r\n        <\/div>\r\n        <div class=\"sd-block-faq  marginbottom-30px\">\r\n            <div class=\"faq-inner \">\r\n                <div class=\"faq-title\">\r\n                    \n        <div class=\"sd-block-title \">\n            <h3 class=\"sd-block-title-htag  marginbottom-0px align-left color-black font-mini\n            \">\n\t\t\t\t\n            \tAm dreptul la concediu de paternitate \u00een calitate de lucr\u0103tor temporar?\n\t\t\t<\/h3>\n        <\/div>\r\n                    <div class=\"icon-container\">\r\n                        <svg xmlns=\"http:\/\/www.w3.org\/2000\/svg\" viewBox=\"0 0 14 14\"><path fill=\"currentColor\" d=\"M6,8H0V6h6V0h2v6h6v2H8v6H6V8z\"\/><\/svg>\r\n                    <\/div>\r\n                <\/div>\r\n                <div class=\"faq-content\">\r\n                    \r\n        <div class=\"sd-block-text  marginbottom-0px color-white\r\n        \">\r\n        \t\r\n            <p>Ca tat\u0103 m\u00e2ndru, ave\u021bi dreptul \u0219i la c\u00e2teva zile de concediu! Legisla\u021bia belgian\u0103 actual\u0103 prevede 15 zile de concediu de paternitate. Le pute\u021bi lua dintr-o singur\u0103 dat\u0103 sau \u00een mai multe etape, \u00een termen de 4 luni de la na\u0219tere.    <\/p>\n<p>Primele 3 zile ale concediului de paternitate sunt \u00een \u00eentregime \u00een sarcina angajatorului: v\u0103 p\u0103stra\u021bi salariul integral. Pentru celelalte 12 zile, mutualitatea pl\u0103te\u0219te o indemniza\u021bie care se ridic\u0103 la 82 % din salariul brut plafonat. Solicita\u021bi indemniza\u021bia de paternitate at\u00e2t angajatorului, c\u00e2t \u0219i casei de asigur\u0103ri mutuale de s\u0103n\u0103tate, cu un extras al certificatului de na\u0219tere.<\/p>\n\r\n        <\/div>\r\n                <\/div>\r\n            <\/div>\r\n        <\/div>\r\n                            <\/div>\r\n                        \r\n                            <div class=\"sd-tabs-content content-1\">\r\n                                \n        <div class=\"sd-block-title \">\n            <h2 class=\"sd-block-title-htag  marginbottom-45px align-left color-white font-middle\n            \">\n\t\t\t\t\n            \tAsisten\u021b\u0103 social\u0103\n\t\t\t<\/h2>\n        <\/div>\r\n        <div class=\"sd-block-faq  marginbottom-30px\">\r\n            <div class=\"faq-inner \">\r\n                <div class=\"faq-title\">\r\n                    \n        <div class=\"sd-block-title \">\n            <h3 class=\"sd-block-title-htag  marginbottom-0px align-left color-black font-mini\n            \">\n\t\t\t\t\n            \t\u00cen calitate de lucr\u0103tor temporar, ce trebuie s\u0103 fac dac\u0103 sunt bolnav?\n\t\t\t<\/h3>\n        <\/div>\r\n                    <div class=\"icon-container\">\r\n                        <svg xmlns=\"http:\/\/www.w3.org\/2000\/svg\" viewBox=\"0 0 14 14\"><path fill=\"currentColor\" d=\"M6,8H0V6h6V0h2v6h6v2H8v6H6V8z\"\/><\/svg>\r\n                    <\/div>\r\n                <\/div>\r\n                <div class=\"faq-content\">\r\n                    \r\n        <div class=\"sd-block-text  marginbottom-0px color-white\r\n        \">\r\n        \t\r\n            <p>Atunci sunte\u021bi obligat s\u0103 face\u021bi anumite lucruri, altfel nu ave\u021bi dreptul la un salariu garantat.<\/p>\n<ul class=\"checks\">\n<li>Anun\u021ba\u021bi IMPACT \u00eenainte de \u00eenceperea lucr\u0103rilor. Noi \u00eel notific\u0103m imediat pe clientul nostru &#8211; mandantul dumneavoastr\u0103.   <\/li>\n<li>\u00cen termen de 48 de ore, trimite\u021bi certificatul medical\/factura de boal\u0103 la IMPACT.<\/li>\n<li>Ave\u021bi cel pu\u021bin o lun\u0103 calendaristic\u0103 de vechime \u00een IMPACT. Vechimea dumneavoastr\u0103 legal\u0103 dispare dac\u0103 nu lucra\u021bi pentru noi mai mult de 7 zile.   <\/li>\n<\/ul>\n\r\n        <\/div>\r\n                <\/div>\r\n            <\/div>\r\n        <\/div>\r\n        <div class=\"sd-block-faq  marginbottom-30px\">\r\n            <div class=\"faq-inner \">\r\n                <div class=\"faq-title\">\r\n                    \n        <div class=\"sd-block-title \">\n            <h3 class=\"sd-block-title-htag  marginbottom-0px align-left color-black font-mini\n            \">\n\t\t\t\t\n            \tCe se \u00eent\u00e2mpl\u0103 dac\u0103 am un accident de munc\u0103 sau de circula\u021bie \u00een calitate de lucr\u0103tor temporar?\n\t\t\t<\/h3>\n        <\/div>\r\n                    <div class=\"icon-container\">\r\n                        <svg xmlns=\"http:\/\/www.w3.org\/2000\/svg\" viewBox=\"0 0 14 14\"><path fill=\"currentColor\" d=\"M6,8H0V6h6V0h2v6h6v2H8v6H6V8z\"\/><\/svg>\r\n                    <\/div>\r\n                <\/div>\r\n                <div class=\"faq-content\">\r\n                    \r\n        <div class=\"sd-block-text  marginbottom-0px color-white\r\n        \">\r\n        \t\r\n            <p>Ave\u021bi<strong> un accident la locul de munc\u0103<\/strong>:<\/p>\n<ul>\n<li>Anun\u021ba\u021bi imediat superiorul dvs. direct \u0219i IMPACT.<\/li>\n<li>Ob\u021bine\u021bi asisten\u021b\u0103 medical\u0103 de la departamentul medical al companiei, de la medicul dumneavoastr\u0103 de familie sau de la un spital.<\/li>\n<\/ul>\n<p>Ave\u021bi <strong>un accident rutier \u00een drum spre sau de la serviciu<\/strong>:<\/p>\n<ul>\n<li>Ob\u021bine\u021bi un raport al poli\u021biei \u0219i completa\u021bi un raport de accident.<\/li>\n<li>De asemenea, poate fi util s\u0103 men\u021biona\u021bi \u0219i s\u0103 implica\u021bi martorii la accident.<\/li>\n<\/ul>\n<p>IMPACT este angajatorul dumneavoastr\u0103: trebuie s\u0103 ne informa\u021bi imediat cu privire la accident. Pentru a raporta accidentul companiei de asigur\u0103ri, furniza\u021bi IMPACT c\u00e2t mai cur\u00e2nd posibil cu un certificat medical \u0219i completa\u021bi un &#8222;raport de accident&#8221;. De asemenea, cel mai bine este s\u0103 anun\u021ba\u021bi compania dvs. de asigurare mutual\u0103.<\/p>\n\r\n        <\/div>\r\n                <\/div>\r\n            <\/div>\r\n        <\/div>\r\n                            <\/div>\r\n                        \r\n                <\/div>\r\n            <\/div>\r\n        [vc_row_inner content_placement=&#8221;middle&#8221;][vc_column_inner width=&#8221;1\/12&#8243;][\/vc_column_inner][vc_column_inner width=&#8221;10\/12&#8243;]\r\n        <div class=\"sd-block-text  marginbottom-30px color-white\r\n        \">\r\n        \t\r\n            <p style=\"text-align: center;\">Nu este acesta un r\u0103spuns la \u00eentrebarea dumneavoastr\u0103?  <a class=\"label-16 c-button c-faq-cat__help-link\" href=\"https:\/\/impact.ontwikkeladres.nl\/ro\/candidati\/persoana-de-contact\/\">Contacta\u021bi-ne<\/a><\/p>\n\r\n        <\/div>[\/vc_column_inner][vc_column_inner width=&#8221;1\/12&#8243;][\/vc_column_inner][\/vc_row_inner][\/vc_column][\/vc_row]<\/p>\n<\/div>","protected":false},"excerpt":{"rendered":"<p>[vc_row full_width=&#8221;stretch_row&#8221; content_placement=&#8221;bottom&#8221; row_height=&#8221;row_400px&#8221; bg_color=&#8221;bg_green&#8221; css=&#8221;.vc_custom_1758785714205{background-color: bg_green !important;}&#8221;][vc_column][\/vc_column][\/vc_row][vc_row full_width=&#8221;stretch_row&#8221; bg_color=&#8221;bg_gray&#8221;][vc_column][vc_row_inner content_placement=&#8221;middle&#8221;][vc_column_inner width=&#8221;1\/12&#8243;][\/vc_column_inner][vc_column_inner width=&#8221;10\/12&#8243;][\/vc_column_inner][vc_column_inner width=&#8221;1\/12&#8243;][\/vc_column_inner][\/vc_row_inner][\/vc_column][\/vc_row]<\/p>\n","protected":false},"author":1,"featured_media":0,"parent":9757,"menu_order":0,"comment_status":"closed","ping_status":"closed","template":"","meta":{"_acf_changed":false,"footnotes":""},"class_list":["post-9848","page","type-page","status-publish","hentry"],"acf":[],"yoast_head":"<!-- This site is optimized with the Yoast SEO plugin v26.8 - https:\/\/yoast.com\/product\/yoast-seo-wordpress\/ -->\n<title>Vacan\u021b\u0103 \u0219i wellness | IMPACT<\/title>\n<meta name=\"robots\" content=\"noindex, follow, max-snippet:-1, max-image-preview:large, max-video-preview:-1\" \/>\n<meta property=\"og:locale\" content=\"ro_RO\" \/>\n<meta property=\"og:type\" content=\"article\" \/>\n<meta property=\"og:title\" content=\"Vacan\u021b\u0103 \u0219i wellness | IMPACT\" \/>\n<meta property=\"og:description\" content=\"[vc_row full_width=&#8221;stretch_row&#8221; content_placement=&#8221;bottom&#8221; row_height=&#8221;row_400px&#8221; bg_color=&#8221;bg_green&#8221; css=&#8221;.vc_custom_1758785714205{background-color: bg_green !important;}&#8221;][vc_column][\/vc_column][\/vc_row][vc_row full_width=&#8221;stretch_row&#8221; bg_color=&#8221;bg_gray&#8221;][vc_column][vc_row_inner content_placement=&#8221;middle&#8221;][vc_column_inner width=&#8221;1\/12&#8243;][\/vc_column_inner][vc_column_inner width=&#8221;10\/12&#8243;][\/vc_column_inner][vc_column_inner width=&#8221;1\/12&#8243;][\/vc_column_inner][\/vc_row_inner][\/vc_column][\/vc_row]\" \/>\n<meta property=\"og:url\" content=\"https:\/\/impact.ontwikkeladres.nl\/ro\/candidati\/intrebari-frecvente\/vacanta-si-wellness\/\" \/>\n<meta property=\"og:site_name\" content=\"IMPACT\" \/>\n<meta property=\"article:publisher\" content=\"https:\/\/www.facebook.com\/jobs.impact\" \/>\n<meta property=\"article:modified_time\" content=\"2025-11-07T14:39:17+00:00\" \/>\n<meta property=\"og:image\" content=\"https:\/\/impact.ontwikkeladres.nl\/wp-content\/uploads\/2025\/11\/Social-share.jpg\" \/>\n\t<meta property=\"og:image:width\" content=\"1200\" \/>\n\t<meta property=\"og:image:height\" content=\"675\" \/>\n\t<meta property=\"og:image:type\" content=\"image\/jpeg\" \/>\n<meta name=\"twitter:card\" content=\"summary_large_image\" \/>\n<meta name=\"twitter:label1\" content=\"Timp estimat pentru citire\" \/>\n\t<meta name=\"twitter:data1\" content=\"5 minute\" \/>\n<script type=\"application\/ld+json\" class=\"yoast-schema-graph\">{\"@context\":\"https:\/\/schema.org\",\"@graph\":[{\"@type\":\"WebPage\",\"@id\":\"https:\/\/impact.ontwikkeladres.nl\/ro\/candidati\/intrebari-frecvente\/vacanta-si-wellness\/\",\"url\":\"https:\/\/impact.ontwikkeladres.nl\/ro\/candidati\/intrebari-frecvente\/vacanta-si-wellness\/\",\"name\":\"Vacan\u021b\u0103 \u0219i wellness | IMPACT\",\"isPartOf\":{\"@id\":\"https:\/\/impact.ontwikkeladres.nl\/ro\/#website\"},\"datePublished\":\"2025-09-24T09:48:42+00:00\",\"dateModified\":\"2025-11-07T14:39:17+00:00\",\"breadcrumb\":{\"@id\":\"https:\/\/impact.ontwikkeladres.nl\/ro\/candidati\/intrebari-frecvente\/vacanta-si-wellness\/#breadcrumb\"},\"inLanguage\":\"ro-RO\",\"potentialAction\":[{\"@type\":\"ReadAction\",\"target\":[\"https:\/\/impact.ontwikkeladres.nl\/ro\/candidati\/intrebari-frecvente\/vacanta-si-wellness\/\"]}]},{\"@type\":\"BreadcrumbList\",\"@id\":\"https:\/\/impact.ontwikkeladres.nl\/ro\/candidati\/intrebari-frecvente\/vacanta-si-wellness\/#breadcrumb\",\"itemListElement\":[{\"@type\":\"ListItem\",\"position\":1,\"name\":\"Home\",\"item\":\"https:\/\/impact.ontwikkeladres.nl\/ro\/\"},{\"@type\":\"ListItem\",\"position\":2,\"name\":\"Candida\u021bi\",\"item\":\"https:\/\/impact.ontwikkeladres.nl\/ro\/\"},{\"@type\":\"ListItem\",\"position\":3,\"name\":\"\u00ceNTREB\u0102RI FRECVENTE\",\"item\":\"https:\/\/impact.ontwikkeladres.nl\/ro\/candidati\/intrebari-frecvente\/\"},{\"@type\":\"ListItem\",\"position\":4,\"name\":\"Vacan\u021b\u0103 \u0219i wellness\"}]},{\"@type\":\"WebSite\",\"@id\":\"https:\/\/impact.ontwikkeladres.nl\/ro\/#website\",\"url\":\"https:\/\/impact.ontwikkeladres.nl\/ro\/\",\"name\":\"IMPACT\",\"description\":\"Impact website\",\"inLanguage\":\"ro-RO\"}]}<\/script>\n<!-- \/ Yoast SEO plugin. -->","yoast_head_json":{"title":"Vacan\u021b\u0103 \u0219i wellness | IMPACT","robots":{"index":"noindex","follow":"follow","max-snippet":"max-snippet:-1","max-image-preview":"max-image-preview:large","max-video-preview":"max-video-preview:-1"},"og_locale":"ro_RO","og_type":"article","og_title":"Vacan\u021b\u0103 \u0219i wellness | IMPACT","og_description":"[vc_row full_width=&#8221;stretch_row&#8221; content_placement=&#8221;bottom&#8221; row_height=&#8221;row_400px&#8221; bg_color=&#8221;bg_green&#8221; css=&#8221;.vc_custom_1758785714205{background-color: bg_green !important;}&#8221;][vc_column][\/vc_column][\/vc_row][vc_row full_width=&#8221;stretch_row&#8221; bg_color=&#8221;bg_gray&#8221;][vc_column][vc_row_inner content_placement=&#8221;middle&#8221;][vc_column_inner width=&#8221;1\/12&#8243;][\/vc_column_inner][vc_column_inner width=&#8221;10\/12&#8243;][\/vc_column_inner][vc_column_inner width=&#8221;1\/12&#8243;][\/vc_column_inner][\/vc_row_inner][\/vc_column][\/vc_row]","og_url":"https:\/\/impact.ontwikkeladres.nl\/ro\/candidati\/intrebari-frecvente\/vacanta-si-wellness\/","og_site_name":"IMPACT","article_publisher":"https:\/\/www.facebook.com\/jobs.impact","article_modified_time":"2025-11-07T14:39:17+00:00","og_image":[{"width":1200,"height":675,"url":"https:\/\/impact.ontwikkeladres.nl\/wp-content\/uploads\/2025\/11\/Social-share.jpg","type":"image\/jpeg"}],"twitter_card":"summary_large_image","twitter_misc":{"Timp estimat pentru citire":"5 minute"},"schema":{"@context":"https:\/\/schema.org","@graph":[{"@type":"WebPage","@id":"https:\/\/impact.ontwikkeladres.nl\/ro\/candidati\/intrebari-frecvente\/vacanta-si-wellness\/","url":"https:\/\/impact.ontwikkeladres.nl\/ro\/candidati\/intrebari-frecvente\/vacanta-si-wellness\/","name":"Vacan\u021b\u0103 \u0219i wellness | IMPACT","isPartOf":{"@id":"https:\/\/impact.ontwikkeladres.nl\/ro\/#website"},"datePublished":"2025-09-24T09:48:42+00:00","dateModified":"2025-11-07T14:39:17+00:00","breadcrumb":{"@id":"https:\/\/impact.ontwikkeladres.nl\/ro\/candidati\/intrebari-frecvente\/vacanta-si-wellness\/#breadcrumb"},"inLanguage":"ro-RO","potentialAction":[{"@type":"ReadAction","target":["https:\/\/impact.ontwikkeladres.nl\/ro\/candidati\/intrebari-frecvente\/vacanta-si-wellness\/"]}]},{"@type":"BreadcrumbList","@id":"https:\/\/impact.ontwikkeladres.nl\/ro\/candidati\/intrebari-frecvente\/vacanta-si-wellness\/#breadcrumb","itemListElement":[{"@type":"ListItem","position":1,"name":"Home","item":"https:\/\/impact.ontwikkeladres.nl\/ro\/"},{"@type":"ListItem","position":2,"name":"Candida\u021bi","item":"https:\/\/impact.ontwikkeladres.nl\/ro\/"},{"@type":"ListItem","position":3,"name":"\u00ceNTREB\u0102RI FRECVENTE","item":"https:\/\/impact.ontwikkeladres.nl\/ro\/candidati\/intrebari-frecvente\/"},{"@type":"ListItem","position":4,"name":"Vacan\u021b\u0103 \u0219i wellness"}]},{"@type":"WebSite","@id":"https:\/\/impact.ontwikkeladres.nl\/ro\/#website","url":"https:\/\/impact.ontwikkeladres.nl\/ro\/","name":"IMPACT","description":"Impact website","inLanguage":"ro-RO"}]}},"_links":{"self":[{"href":"https:\/\/impact.ontwikkeladres.nl\/ro\/wp-json\/wp\/v2\/pages\/9848","targetHints":{"allow":["GET"]}}],"collection":[{"href":"https:\/\/impact.ontwikkeladres.nl\/ro\/wp-json\/wp\/v2\/pages"}],"about":[{"href":"https:\/\/impact.ontwikkeladres.nl\/ro\/wp-json\/wp\/v2\/types\/page"}],"author":[{"embeddable":true,"href":"https:\/\/impact.ontwikkeladres.nl\/ro\/wp-json\/wp\/v2\/users\/1"}],"replies":[{"embeddable":true,"href":"https:\/\/impact.ontwikkeladres.nl\/ro\/wp-json\/wp\/v2\/comments?post=9848"}],"version-history":[{"count":1,"href":"https:\/\/impact.ontwikkeladres.nl\/ro\/wp-json\/wp\/v2\/pages\/9848\/revisions"}],"predecessor-version":[{"id":9849,"href":"https:\/\/impact.ontwikkeladres.nl\/ro\/wp-json\/wp\/v2\/pages\/9848\/revisions\/9849"}],"up":[{"embeddable":true,"href":"https:\/\/impact.ontwikkeladres.nl\/ro\/wp-json\/wp\/v2\/pages\/9757"}],"wp:attachment":[{"href":"https:\/\/impact.ontwikkeladres.nl\/ro\/wp-json\/wp\/v2\/media?parent=9848"}],"curies":[{"name":"wp","href":"https:\/\/api.w.org\/{rel}","templated":true}]}}